{"id":101,"date":"2018-04-05T08:48:16","date_gmt":"2018-04-05T06:48:16","guid":{"rendered":"https:\/\/www.iutcolmar.uha.fr\/?page_id=101"},"modified":"2025-10-23T16:12:35","modified_gmt":"2025-10-23T14:12:35","slug":"securite-environnement-prevention","status":"publish","type":"page","link":"https:\/\/www.iutcolmar.uha.fr\/index.php\/formations\/domaines\/securite-environnement-prevention\/","title":{"rendered":"S\u00e9curit\u00e9, environnement, pr\u00e9vention"},"content":{"rendered":"<h1>S\u00e9curit\u00e9, environnement, pr\u00e9vention<\/h1>\n<p><img loading=\"lazy\" decoding=\"async\" class=\" wp-image-3403 alignleft\" src=\"https:\/\/www.iutcolmar.uha.fr\/wp-content\/uploads\/2018\/12\/securite-300x83.jpg\" alt=\"securite\" width=\"1406\" height=\"389\" srcset=\"https:\/\/www.iutcolmar.uha.fr\/wp-content\/uploads\/2018\/12\/securite-300x83.jpg 300w, https:\/\/www.iutcolmar.uha.fr\/wp-content\/uploads\/2018\/12\/securite-768x212.jpg 768w, https:\/\/www.iutcolmar.uha.fr\/wp-content\/uploads\/2018\/12\/securite-1024x283.jpg 1024w\" sizes=\"auto, (max-width: 1406px) 100vw, 1406px\" \/><\/p>\n<p>&nbsp;<\/p>\n<p>La s\u00e9curit\u00e9 et l&rsquo;environnement sont tr\u00e8s pr\u00e9sents au quotidien, mais aussi au c\u0153ur des r\u00e9alit\u00e9s professionnelles. Il s&rsquo;agit de former des sp\u00e9cialistes de la gestion des risques, de la sant\u00e9 et de la s\u00e9curit\u00e9 au travail, de la protection de l&rsquo;environnement.<\/p>\n<div class=\"su-box su-box-style-default\" id=\"\" style=\"border-color:#000000;border-radius:3px;\"><div class=\"su-box-title\" style=\"background-color:#333333;color:#FFFFFF;border-top-left-radius:1px;border-top-right-radius:1px\">Pr\u00e9vention, environnement<\/div><div class=\"su-box-content su-u-clearfix su-u-trim\" style=\"border-bottom-left-radius:1px;border-bottom-right-radius:1px\">\n<ul>\n<li><a href=\"https:\/\/www.iutcolmar.uha.fr\/index.php\/formations\/diplomes\/bachelor-universitaire-de-technologie-b-u-t-bac-3\/b-u-t-hygiene-securite-environnement\/\">B.U.T. Hygi\u00e8ne, S\u00e9curit\u00e9, Environnement<\/a><\/li>\n<li><a href=\"https:\/\/www.iutcolmar.uha.fr\/index.php\/formations\/diplomes\/bac-3-licences-professionnelles\/lp-technico-commercial\/\" target=\"_blank\" rel=\"noopener noreferrer\">LP Technico-commercial<\/a><\/li>\n<\/ul>\n<\/div><\/div>\n","protected":false},"excerpt":{"rendered":"<p>S\u00e9curit\u00e9, environnement, pr\u00e9vention &nbsp; La s\u00e9curit\u00e9 et l&rsquo;environnement sont tr\u00e8s pr\u00e9sents au quotidien, mais aussi au c\u0153ur des r\u00e9alit\u00e9s professionnelles. Il s&rsquo;agit de former des sp\u00e9cialistes de la gestion des risques, de la sant\u00e9 et de la s\u00e9curit\u00e9 au travail, de la protection de l&rsquo;environnement.<\/p>\n","protected":false},"author":1,"featured_media":0,"parent":68,"menu_order":0,"comment_status":"closed","ping_status":"closed","template":"","meta":{"footnotes":""},"class_list":["post-101","page","type-page","status-publish","hentry"],"yoast_head":"<!-- This site is optimized with the Yoast SEO plugin v27.1.1 - https:\/\/yoast.com\/product\/yoast-seo-wordpress\/ -->\n<title>S\u00e9curit\u00e9, environnement, pr\u00e9vention - IUT de Colmar<\/title>\n<meta name=\"robots\" content=\"index, follow, max-snippet:-1, max-image-preview:large, max-video-preview:-1\" \/>\n<link rel=\"canonical\" href=\"https:\/\/www.iutcolmar.uha.fr\/index.php\/formations\/domaines\/securite-environnement-prevention\/\" \/>\n<meta property=\"og:locale\" content=\"fr_FR\" \/>\n<meta property=\"og:type\" content=\"article\" \/>\n<meta property=\"og:title\" content=\"S\u00e9curit\u00e9, environnement, pr\u00e9vention - IUT de Colmar\" \/>\n<meta property=\"og:description\" content=\"S\u00e9curit\u00e9, environnement, pr\u00e9vention &nbsp; La s\u00e9curit\u00e9 et l&rsquo;environnement sont tr\u00e8s pr\u00e9sents au quotidien, mais aussi au c\u0153ur des r\u00e9alit\u00e9s professionnelles. Il s&rsquo;agit de former des sp\u00e9cialistes de la gestion des risques, de la sant\u00e9 et de la s\u00e9curit\u00e9 au travail, de la protection de l&rsquo;environnement.\" \/>\n<meta property=\"og:url\" content=\"https:\/\/www.iutcolmar.uha.fr\/index.php\/formations\/domaines\/securite-environnement-prevention\/\" \/>\n<meta property=\"og:site_name\" content=\"IUT de Colmar\" \/>\n<meta property=\"article:modified_time\" content=\"2025-10-23T14:12:35+00:00\" \/>\n<meta property=\"og:image\" content=\"https:\/\/www.iutcolmar.uha.fr\/wp-content\/uploads\/2018\/12\/securite.jpg\" \/>\n\t<meta property=\"og:image:width\" content=\"5386\" \/>\n\t<meta property=\"og:image:height\" content=\"1488\" \/>\n\t<meta property=\"og:image:type\" content=\"image\/jpeg\" \/>\n<meta name=\"twitter:card\" content=\"summary_large_image\" \/>\n<meta name=\"twitter:label1\" content=\"Dur\u00e9e de lecture estim\u00e9e\" \/>\n\t<meta name=\"twitter:data1\" content=\"1 minute\" \/>\n<script type=\"application\/ld+json\" class=\"yoast-schema-graph\">{\"@context\":\"https:\/\/schema.org\",\"@graph\":[{\"@type\":\"WebPage\",\"@id\":\"https:\/\/www.iutcolmar.uha.fr\/index.php\/formations\/domaines\/securite-environnement-prevention\/\",\"url\":\"https:\/\/www.iutcolmar.uha.fr\/index.php\/formations\/domaines\/securite-environnement-prevention\/\",\"name\":\"S\u00e9curit\u00e9, environnement, pr\u00e9vention - IUT de Colmar\",\"isPartOf\":{\"@id\":\"https:\/\/www.iutcolmar.uha.fr\/#website\"},\"primaryImageOfPage\":{\"@id\":\"https:\/\/www.iutcolmar.uha.fr\/index.php\/formations\/domaines\/securite-environnement-prevention\/#primaryimage\"},\"image\":{\"@id\":\"https:\/\/www.iutcolmar.uha.fr\/index.php\/formations\/domaines\/securite-environnement-prevention\/#primaryimage\"},\"thumbnailUrl\":\"https:\/\/www.iutcolmar.uha.fr\/wp-content\/uploads\/2018\/12\/securite-300x83.jpg\",\"datePublished\":\"2018-04-05T06:48:16+00:00\",\"dateModified\":\"2025-10-23T14:12:35+00:00\",\"breadcrumb\":{\"@id\":\"https:\/\/www.iutcolmar.uha.fr\/index.php\/formations\/domaines\/securite-environnement-prevention\/#breadcrumb\"},\"inLanguage\":\"fr-FR\",\"potentialAction\":[{\"@type\":\"ReadAction\",\"target\":[\"https:\/\/www.iutcolmar.uha.fr\/index.php\/formations\/domaines\/securite-environnement-prevention\/\"]}]},{\"@type\":\"ImageObject\",\"inLanguage\":\"fr-FR\",\"@id\":\"https:\/\/www.iutcolmar.uha.fr\/index.php\/formations\/domaines\/securite-environnement-prevention\/#primaryimage\",\"url\":\"https:\/\/www.iutcolmar.uha.fr\/wp-content\/uploads\/2018\/12\/securite-300x83.jpg\",\"contentUrl\":\"https:\/\/www.iutcolmar.uha.fr\/wp-content\/uploads\/2018\/12\/securite-300x83.jpg\"},{\"@type\":\"BreadcrumbList\",\"@id\":\"https:\/\/www.iutcolmar.uha.fr\/index.php\/formations\/domaines\/securite-environnement-prevention\/#breadcrumb\",\"itemListElement\":[{\"@type\":\"ListItem\",\"position\":1,\"name\":\"Accueil\",\"item\":\"https:\/\/www.iutcolmar.uha.fr\/\"},{\"@type\":\"ListItem\",\"position\":2,\"name\":\"Formations\",\"item\":\"https:\/\/www.iutcolmar.uha.fr\/index.php\/formations\/\"},{\"@type\":\"ListItem\",\"position\":3,\"name\":\"Domaines\",\"item\":\"https:\/\/www.iutcolmar.uha.fr\/index.php\/formations\/domaines\/\"},{\"@type\":\"ListItem\",\"position\":4,\"name\":\"S\u00e9curit\u00e9, environnement, pr\u00e9vention\"}]},{\"@type\":\"WebSite\",\"@id\":\"https:\/\/www.iutcolmar.uha.fr\/#website\",\"url\":\"https:\/\/www.iutcolmar.uha.fr\/\",\"name\":\"IUT de Colmar\",\"description\":\"Universit\u00e9 de Haute-Alsace\",\"potentialAction\":[{\"@type\":\"SearchAction\",\"target\":{\"@type\":\"EntryPoint\",\"urlTemplate\":\"https:\/\/www.iutcolmar.uha.fr\/?s={search_term_string}\"},\"query-input\":{\"@type\":\"PropertyValueSpecification\",\"valueRequired\":true,\"valueName\":\"search_term_string\"}}],\"inLanguage\":\"fr-FR\"}]}<\/script>\n<!-- \/ Yoast SEO plugin. -->","yoast_head_json":{"title":"S\u00e9curit\u00e9, environnement, pr\u00e9vention - IUT de Colmar","robots":{"index":"index","follow":"follow","max-snippet":"max-snippet:-1","max-image-preview":"max-image-preview:large","max-video-preview":"max-video-preview:-1"},"canonical":"https:\/\/www.iutcolmar.uha.fr\/index.php\/formations\/domaines\/securite-environnement-prevention\/","og_locale":"fr_FR","og_type":"article","og_title":"S\u00e9curit\u00e9, environnement, pr\u00e9vention - IUT de Colmar","og_description":"S\u00e9curit\u00e9, environnement, pr\u00e9vention &nbsp; La s\u00e9curit\u00e9 et l&rsquo;environnement sont tr\u00e8s pr\u00e9sents au quotidien, mais aussi au c\u0153ur des r\u00e9alit\u00e9s professionnelles. Il s&rsquo;agit de former des sp\u00e9cialistes de la gestion des risques, de la sant\u00e9 et de la s\u00e9curit\u00e9 au travail, de la protection de l&rsquo;environnement.","og_url":"https:\/\/www.iutcolmar.uha.fr\/index.php\/formations\/domaines\/securite-environnement-prevention\/","og_site_name":"IUT de Colmar","article_modified_time":"2025-10-23T14:12:35+00:00","og_image":[{"width":5386,"height":1488,"url":"https:\/\/www.iutcolmar.uha.fr\/wp-content\/uploads\/2018\/12\/securite.jpg","type":"image\/jpeg"}],"twitter_card":"summary_large_image","twitter_misc":{"Dur\u00e9e de lecture estim\u00e9e":"1 minute"},"schema":{"@context":"https:\/\/schema.org","@graph":[{"@type":"WebPage","@id":"https:\/\/www.iutcolmar.uha.fr\/index.php\/formations\/domaines\/securite-environnement-prevention\/","url":"https:\/\/www.iutcolmar.uha.fr\/index.php\/formations\/domaines\/securite-environnement-prevention\/","name":"S\u00e9curit\u00e9, environnement, pr\u00e9vention - IUT de Colmar","isPartOf":{"@id":"https:\/\/www.iutcolmar.uha.fr\/#website"},"primaryImageOfPage":{"@id":"https:\/\/www.iutcolmar.uha.fr\/index.php\/formations\/domaines\/securite-environnement-prevention\/#primaryimage"},"image":{"@id":"https:\/\/www.iutcolmar.uha.fr\/index.php\/formations\/domaines\/securite-environnement-prevention\/#primaryimage"},"thumbnailUrl":"https:\/\/www.iutcolmar.uha.fr\/wp-content\/uploads\/2018\/12\/securite-300x83.jpg","datePublished":"2018-04-05T06:48:16+00:00","dateModified":"2025-10-23T14:12:35+00:00","breadcrumb":{"@id":"https:\/\/www.iutcolmar.uha.fr\/index.php\/formations\/domaines\/securite-environnement-prevention\/#breadcrumb"},"inLanguage":"fr-FR","potentialAction":[{"@type":"ReadAction","target":["https:\/\/www.iutcolmar.uha.fr\/index.php\/formations\/domaines\/securite-environnement-prevention\/"]}]},{"@type":"ImageObject","inLanguage":"fr-FR","@id":"https:\/\/www.iutcolmar.uha.fr\/index.php\/formations\/domaines\/securite-environnement-prevention\/#primaryimage","url":"https:\/\/www.iutcolmar.uha.fr\/wp-content\/uploads\/2018\/12\/securite-300x83.jpg","contentUrl":"https:\/\/www.iutcolmar.uha.fr\/wp-content\/uploads\/2018\/12\/securite-300x83.jpg"},{"@type":"BreadcrumbList","@id":"https:\/\/www.iutcolmar.uha.fr\/index.php\/formations\/domaines\/securite-environnement-prevention\/#breadcrumb","itemListElement":[{"@type":"ListItem","position":1,"name":"Accueil","item":"https:\/\/www.iutcolmar.uha.fr\/"},{"@type":"ListItem","position":2,"name":"Formations","item":"https:\/\/www.iutcolmar.uha.fr\/index.php\/formations\/"},{"@type":"ListItem","position":3,"name":"Domaines","item":"https:\/\/www.iutcolmar.uha.fr\/index.php\/formations\/domaines\/"},{"@type":"ListItem","position":4,"name":"S\u00e9curit\u00e9, environnement, pr\u00e9vention"}]},{"@type":"WebSite","@id":"https:\/\/www.iutcolmar.uha.fr\/#website","url":"https:\/\/www.iutcolmar.uha.fr\/","name":"IUT de Colmar","description":"Universit\u00e9 de Haute-Alsace","potentialAction":[{"@type":"SearchAction","target":{"@type":"EntryPoint","urlTemplate":"https:\/\/www.iutcolmar.uha.fr\/?s={search_term_string}"},"query-input":{"@type":"PropertyValueSpecification","valueRequired":true,"valueName":"search_term_string"}}],"inLanguage":"fr-FR"}]}},"_links":{"self":[{"href":"https:\/\/www.iutcolmar.uha.fr\/index.php\/wp-json\/wp\/v2\/pages\/101","targetHints":{"allow":["GET"]}}],"collection":[{"href":"https:\/\/www.iutcolmar.uha.fr\/index.php\/wp-json\/wp\/v2\/pages"}],"about":[{"href":"https:\/\/www.iutcolmar.uha.fr\/index.php\/wp-json\/wp\/v2\/types\/page"}],"author":[{"embeddable":true,"href":"https:\/\/www.iutcolmar.uha.fr\/index.php\/wp-json\/wp\/v2\/users\/1"}],"replies":[{"embeddable":true,"href":"https:\/\/www.iutcolmar.uha.fr\/index.php\/wp-json\/wp\/v2\/comments?post=101"}],"version-history":[{"count":10,"href":"https:\/\/www.iutcolmar.uha.fr\/index.php\/wp-json\/wp\/v2\/pages\/101\/revisions"}],"predecessor-version":[{"id":7668,"href":"https:\/\/www.iutcolmar.uha.fr\/index.php\/wp-json\/wp\/v2\/pages\/101\/revisions\/7668"}],"up":[{"embeddable":true,"href":"https:\/\/www.iutcolmar.uha.fr\/index.php\/wp-json\/wp\/v2\/pages\/68"}],"wp:attachment":[{"href":"https:\/\/www.iutcolmar.uha.fr\/index.php\/wp-json\/wp\/v2\/media?parent=101"}],"curies":[{"name":"wp","href":"https:\/\/api.w.org\/{rel}","templated":true}]}}