{"id":1098,"date":"2018-05-17T10:08:56","date_gmt":"2018-05-17T08:08:56","guid":{"rendered":"https:\/\/www.iutcolmar.uha.fr\/?page_id=1098"},"modified":"2024-04-17T15:20:04","modified_gmt":"2024-04-17T13:20:04","slug":"partenariat-iut-entreprise","status":"publish","type":"page","link":"https:\/\/www.iutcolmar.uha.fr\/index.php\/relations-entreprises\/partenariat-iut-entreprise\/","title":{"rendered":"Partenariat IUT Entreprise"},"content":{"rendered":"<h1><span style=\"color: #333333;\">Partenariat IUT Entreprise<\/span><\/h1>\n<p><img loading=\"lazy\" decoding=\"async\" class=\" wp-image-3373 alignleft\" src=\"https:\/\/www.iutcolmar.uha.fr\/wp-content\/uploads\/2018\/11\/HOMME-RESSOURCE-300x83.jpg\" alt=\"HOMME RESSOURCE\" width=\"1214\" height=\"336\" srcset=\"https:\/\/www.iutcolmar.uha.fr\/wp-content\/uploads\/2018\/11\/HOMME-RESSOURCE-300x83.jpg 300w, https:\/\/www.iutcolmar.uha.fr\/wp-content\/uploads\/2018\/11\/HOMME-RESSOURCE-768x212.jpg 768w, https:\/\/www.iutcolmar.uha.fr\/wp-content\/uploads\/2018\/11\/HOMME-RESSOURCE-1024x283.jpg 1024w\" sizes=\"auto, (max-width: 1214px) 100vw, 1214px\" \/>Le partenariat IUT Entreprise permet \u00e0 l&rsquo;IUT d&rsquo;\u00eatre partenaire des entreprises qui font appel \u00e0 ces aides :<br \/>\n<div class=\"su-row\">\n<div class=\"su-column su-column-size-1-2\"><div class=\"su-column-inner su-u-clearfix su-u-trim\">\n<h2>Aide aux entreprises primo innovantes<\/h2>\n<p>Aide de la R\u00e9gion Grand Est, r\u00e9serv\u00e9e uniquement aux entreprises n\u2019ayant jamais b\u00e9n\u00e9fici\u00e9 d\u2019aide \u00e0 l\u2019innovation.<\/p>\n<p>Cette aide soutient le premier projet d\u2019innovation n\u00e9cessitant l\u2019appel \u00e0 des comp\u00e9tences externes (prestataire ext\u00e9rieur ou recrutement d\u2019une personne qualifi\u00e9e).<\/p>\n<p>La subvention est plafonn\u00e9e \u00e0 10 000 \u20ac pour une prestation et 20 000 \u20ac pour un recrutement, correspondant \u00e0 une prise en charge \u00e0 hauteur de 50% du montant des d\u00e9penses r\u00e9alis\u00e9es.<\/p>\n<p>GRAND E-NOV est l\u2019op\u00e9rateur r\u00e9gional unique de ce dispositif. Il assure sa promotion et son instruction.<\/p>\n<div class=\"su-service\"><div class=\"su-service-title\" style=\"padding-left:38px;min-height:24px;line-height:24px\"><i class=\"sui sui-info-circle\" style=\"font-size:24px;color:#009ee3\"><\/i> Descriptif<\/div><div class=\"su-service-content su-u-clearfix su-u-trim\" style=\"padding-left:38px\">\n<a href=\"https:\/\/www.grandenov.fr\/appels-a-projets\/aides-entreprises-primo-innovantes\/\" target=\"_blank\" rel=\"noopener\">Descriptif de l&rsquo;aide<\/a><br \/>\n<\/div><\/div>\n<div class=\"su-service\"><div class=\"su-service-title\" style=\"padding-left:38px;min-height:24px;line-height:24px\"><i class=\"sui sui-newspaper-o\" style=\"font-size:24px;color:#009ee3\"><\/i> Dossier<\/div><div class=\"su-service-content su-u-clearfix su-u-trim\" style=\"padding-left:38px\">\n<a href=\"https:\/\/www.iutcolmar.uha.fr\/wp-content\/uploads\/2018\/12\/AIDE-PRIMO-INNOVANTES-DOSSIER-TYPE.docx\" target=\"_blank\" rel=\"noopener\">Dossier de demande<\/a><br \/>\n<\/div><\/div>\n<p>Les Dossiers sont valid\u00e9s par la Commission Permanente du Conseil R\u00e9gional Grand Est qui se r\u00e9unit en moyenne une fois par mois.<\/p>\n<div class=\"su-service\"><div class=\"su-service-title\" style=\"padding-left:38px;min-height:24px;line-height:24px\"><i class=\"sui sui-envelope-open\" style=\"font-size:24px;color:#009ee3\"><\/i> Contact<\/div><div class=\"su-service-content su-u-clearfix su-u-trim\" style=\"padding-left:38px\">\n<a href=\"mailto:contact@grandenov.fr\" target=\"_blank\" rel=\"noopener\">contact@grandenov.fr<\/a><br \/>\n<\/div><\/div>\n<div class=\"su-service\"><div class=\"su-service-title\" style=\"padding-left:38px;min-height:24px;line-height:24px\"><i class=\"sui sui-phone\" style=\"font-size:24px;color:#009ee3\"><\/i> Joindre le service<\/div><div class=\"su-service-content su-u-clearfix su-u-trim\" style=\"padding-left:38px\">\n<a href=\"tel:+33389366750\" target=\"_blank\" rel=\"noopener\">+33 (0)3 89 36 67 50<\/a><br \/>\n<\/div><\/div>\n<\/div><\/div>\n<div class=\"su-column su-column-size-1-2\"><div class=\"su-column-inner su-u-clearfix su-u-trim\">\n<h2>Diagnostic Innovation<\/h2>\n<p>Dispositif de BPI France Financement qui a pour objectif d\u2019accompagner les PME (n\u2019ayant pas b\u00e9n\u00e9fici\u00e9 d\u2019aide \u00e0 l\u2019innovation depuis au moins 2 ans inclus) dans leur premi\u00e8re d\u00e9marche d\u2019innovation impliquant une prestation de conseil et\/ou technique et d&rsquo;int\u00e9grer cette dimension dans leur strat\u00e9gie de d\u00e9veloppement.<\/p>\n<p>Si vous avez connu le dispositif PTR (Prestation Technologique R\u00e9seau), le Diagnostic Innovation est le dispositif qui le remplace. La philosophie reste inchang\u00e9e.<\/p>\n<p>La subvention est plafonn\u00e9e \u00e0 8 000 \u20ac, correspondant \u00e0 une prise en charge \u00e0 hauteur de 50% du montant HT de la prestation.<\/p>\n<p>GRAND E-NOV est l\u2019op\u00e9rateur r\u00e9gional unique de ce dispositif et assure sa promotion et son instruction.<\/p>\n<div class=\"su-service\"><div class=\"su-service-title\" style=\"padding-left:38px;min-height:24px;line-height:24px\"><i class=\"sui sui-info-circle\" style=\"font-size:24px;color:#009ee3\"><\/i> Descriptif<\/div><div class=\"su-service-content su-u-clearfix su-u-trim\" style=\"padding-left:38px\">\n<a href=\"https:\/\/www.grandenov.fr\/appels-a-projets\/diagnostic-innovation\/\" target=\"_blank\" rel=\"noopener\">Descriptif de l&rsquo;aide<\/a><br \/>\n<\/div><\/div>\n<div class=\"su-service\"><div class=\"su-service-title\" style=\"padding-left:38px;min-height:24px;line-height:24px\"><i class=\"sui sui-newspaper-o\" style=\"font-size:24px;color:#009ee3\"><\/i> Dossier<\/div><div class=\"su-service-content su-u-clearfix su-u-trim\" style=\"padding-left:38px\">\n<a href=\"https:\/\/www.iutcolmar.uha.fr\/wp-content\/uploads\/2018\/12\/MODELE-FICHE-de-DEMANDE-DIAGNOSTIC-INNOVATION.pdf\">Dossier de demande<\/a><br \/>\n<\/div><\/div>\n<p>Les Dossiers sont valid\u00e9s par BPI France Financement au fil de l\u2019eau.<\/p>\n<div class=\"su-service\"><div class=\"su-service-title\" style=\"padding-left:38px;min-height:24px;line-height:24px\"><i class=\"sui sui-envelope-open\" style=\"font-size:24px;color:#009ee3\"><\/i> Contact<\/div><div class=\"su-service-content su-u-clearfix su-u-trim\" style=\"padding-left:38px\">\n<a href=\"mailto:contact@grandenov.fr\" target=\"_blank\" rel=\"noopener\">contact@grandenov.fr<\/a><br \/>\n<\/div><\/div>\n<div class=\"su-service\"><div class=\"su-service-title\" style=\"padding-left:38px;min-height:24px;line-height:24px\"><i class=\"sui sui-phone\" style=\"font-size:24px;color:#009ee3\"><\/i> Joindre le service<\/div><div class=\"su-service-content su-u-clearfix su-u-trim\" style=\"padding-left:38px\">\n<a href=\"tel:+33389366750\" target=\"_blank\" rel=\"noopener\">+33 (0)3 89 36 67 50<\/a><br \/>\n<\/div><\/div>\n<\/div><\/div>\n<\/div>\n","protected":false},"excerpt":{"rendered":"<p>Partenariat IUT Entreprise Le partenariat IUT Entreprise permet \u00e0 l&rsquo;IUT d&rsquo;\u00eatre partenaire des entreprises qui font appel \u00e0 ces aides :<\/p>\n","protected":false},"author":1,"featured_media":3262,"parent":15,"menu_order":3,"comment_status":"closed","ping_status":"closed","template":"","meta":{"footnotes":""},"class_list":["post-1098","page","type-page","status-publish","has-post-thumbnail","hentry"],"yoast_head":"<!-- This site is optimized with the Yoast SEO plugin v27.4 - https:\/\/yoast.com\/product\/yoast-seo-wordpress\/ -->\n<title>Partenariat IUT Entreprise - IUT de Colmar<\/title>\n<meta name=\"description\" content=\"Le partenariat IUT Entreprise : deux type d&#039;aide, une aide aux entreprises primo-innovantes et un daignostic innovation pour des projets nouveaux.\" \/>\n<meta name=\"robots\" content=\"index, follow, max-snippet:-1, max-image-preview:large, max-video-preview:-1\" \/>\n<link rel=\"canonical\" href=\"https:\/\/www.iutcolmar.uha.fr\/index.php\/relations-entreprises\/partenariat-iut-entreprise\/\" \/>\n<meta property=\"og:locale\" content=\"fr_FR\" \/>\n<meta property=\"og:type\" content=\"article\" \/>\n<meta property=\"og:title\" content=\"Partenariat IUT Entreprise - IUT de Colmar\" \/>\n<meta property=\"og:description\" content=\"Le partenariat IUT Entreprise : deux type d&#039;aide, une aide aux entreprises primo-innovantes et un daignostic innovation pour des projets nouveaux.\" \/>\n<meta property=\"og:url\" content=\"https:\/\/www.iutcolmar.uha.fr\/index.php\/relations-entreprises\/partenariat-iut-entreprise\/\" \/>\n<meta property=\"og:site_name\" content=\"IUT de Colmar\" \/>\n<meta property=\"article:modified_time\" content=\"2024-04-17T13:20:04+00:00\" \/>\n<meta property=\"og:image\" content=\"https:\/\/www.iutcolmar.uha.fr\/wp-content\/uploads\/2018\/11\/ENTREPRISE-WEB.jpg\" \/>\n\t<meta property=\"og:image:width\" content=\"5386\" \/>\n\t<meta property=\"og:image:height\" content=\"1488\" \/>\n\t<meta property=\"og:image:type\" content=\"image\/jpeg\" \/>\n<meta name=\"twitter:card\" content=\"summary_large_image\" \/>\n<meta name=\"twitter:label1\" content=\"Dur\u00e9e de lecture estim\u00e9e\" \/>\n\t<meta name=\"twitter:data1\" content=\"3 minutes\" \/>\n<script type=\"application\/ld+json\" class=\"yoast-schema-graph\">{\"@context\":\"https:\\\/\\\/schema.org\",\"@graph\":[{\"@type\":\"WebPage\",\"@id\":\"https:\\\/\\\/www.iutcolmar.uha.fr\\\/index.php\\\/relations-entreprises\\\/partenariat-iut-entreprise\\\/\",\"url\":\"https:\\\/\\\/www.iutcolmar.uha.fr\\\/index.php\\\/relations-entreprises\\\/partenariat-iut-entreprise\\\/\",\"name\":\"Partenariat IUT Entreprise - IUT de Colmar\",\"isPartOf\":{\"@id\":\"https:\\\/\\\/www.iutcolmar.uha.fr\\\/#website\"},\"primaryImageOfPage\":{\"@id\":\"https:\\\/\\\/www.iutcolmar.uha.fr\\\/index.php\\\/relations-entreprises\\\/partenariat-iut-entreprise\\\/#primaryimage\"},\"image\":{\"@id\":\"https:\\\/\\\/www.iutcolmar.uha.fr\\\/index.php\\\/relations-entreprises\\\/partenariat-iut-entreprise\\\/#primaryimage\"},\"thumbnailUrl\":\"https:\\\/\\\/www.iutcolmar.uha.fr\\\/wp-content\\\/uploads\\\/2018\\\/11\\\/ENTREPRISE-WEB.jpg\",\"datePublished\":\"2018-05-17T08:08:56+00:00\",\"dateModified\":\"2024-04-17T13:20:04+00:00\",\"description\":\"Le partenariat IUT Entreprise : deux type d'aide, une aide aux entreprises primo-innovantes et un daignostic innovation pour des projets nouveaux.\",\"breadcrumb\":{\"@id\":\"https:\\\/\\\/www.iutcolmar.uha.fr\\\/index.php\\\/relations-entreprises\\\/partenariat-iut-entreprise\\\/#breadcrumb\"},\"inLanguage\":\"fr-FR\",\"potentialAction\":[{\"@type\":\"ReadAction\",\"target\":[\"https:\\\/\\\/www.iutcolmar.uha.fr\\\/index.php\\\/relations-entreprises\\\/partenariat-iut-entreprise\\\/\"]}]},{\"@type\":\"ImageObject\",\"inLanguage\":\"fr-FR\",\"@id\":\"https:\\\/\\\/www.iutcolmar.uha.fr\\\/index.php\\\/relations-entreprises\\\/partenariat-iut-entreprise\\\/#primaryimage\",\"url\":\"https:\\\/\\\/www.iutcolmar.uha.fr\\\/wp-content\\\/uploads\\\/2018\\\/11\\\/ENTREPRISE-WEB.jpg\",\"contentUrl\":\"https:\\\/\\\/www.iutcolmar.uha.fr\\\/wp-content\\\/uploads\\\/2018\\\/11\\\/ENTREPRISE-WEB.jpg\",\"width\":5386,\"height\":1488,\"caption\":\"ENTREPRISE WEB\"},{\"@type\":\"BreadcrumbList\",\"@id\":\"https:\\\/\\\/www.iutcolmar.uha.fr\\\/index.php\\\/relations-entreprises\\\/partenariat-iut-entreprise\\\/#breadcrumb\",\"itemListElement\":[{\"@type\":\"ListItem\",\"position\":1,\"name\":\"Accueil\",\"item\":\"https:\\\/\\\/www.iutcolmar.uha.fr\\\/\"},{\"@type\":\"ListItem\",\"position\":2,\"name\":\"Entreprises\",\"item\":\"https:\\\/\\\/www.iutcolmar.uha.fr\\\/index.php\\\/relations-entreprises\\\/\"},{\"@type\":\"ListItem\",\"position\":3,\"name\":\"Partenariat IUT Entreprise\"}]},{\"@type\":\"WebSite\",\"@id\":\"https:\\\/\\\/www.iutcolmar.uha.fr\\\/#website\",\"url\":\"https:\\\/\\\/www.iutcolmar.uha.fr\\\/\",\"name\":\"IUT de Colmar\",\"description\":\"Universit\u00e9 de Haute-Alsace\",\"potentialAction\":[{\"@type\":\"SearchAction\",\"target\":{\"@type\":\"EntryPoint\",\"urlTemplate\":\"https:\\\/\\\/www.iutcolmar.uha.fr\\\/?s={search_term_string}\"},\"query-input\":{\"@type\":\"PropertyValueSpecification\",\"valueRequired\":true,\"valueName\":\"search_term_string\"}}],\"inLanguage\":\"fr-FR\"}]}<\/script>\n<!-- \/ Yoast SEO plugin. -->","yoast_head_json":{"title":"Partenariat IUT Entreprise - IUT de Colmar","description":"Le partenariat IUT Entreprise : deux type d'aide, une aide aux entreprises primo-innovantes et un daignostic innovation pour des projets nouveaux.","robots":{"index":"index","follow":"follow","max-snippet":"max-snippet:-1","max-image-preview":"max-image-preview:large","max-video-preview":"max-video-preview:-1"},"canonical":"https:\/\/www.iutcolmar.uha.fr\/index.php\/relations-entreprises\/partenariat-iut-entreprise\/","og_locale":"fr_FR","og_type":"article","og_title":"Partenariat IUT Entreprise - IUT de Colmar","og_description":"Le partenariat IUT Entreprise : deux type d'aide, une aide aux entreprises primo-innovantes et un daignostic innovation pour des projets nouveaux.","og_url":"https:\/\/www.iutcolmar.uha.fr\/index.php\/relations-entreprises\/partenariat-iut-entreprise\/","og_site_name":"IUT de Colmar","article_modified_time":"2024-04-17T13:20:04+00:00","og_image":[{"width":5386,"height":1488,"url":"https:\/\/www.iutcolmar.uha.fr\/wp-content\/uploads\/2018\/11\/ENTREPRISE-WEB.jpg","type":"image\/jpeg"}],"twitter_card":"summary_large_image","twitter_misc":{"Dur\u00e9e de lecture estim\u00e9e":"3 minutes"},"schema":{"@context":"https:\/\/schema.org","@graph":[{"@type":"WebPage","@id":"https:\/\/www.iutcolmar.uha.fr\/index.php\/relations-entreprises\/partenariat-iut-entreprise\/","url":"https:\/\/www.iutcolmar.uha.fr\/index.php\/relations-entreprises\/partenariat-iut-entreprise\/","name":"Partenariat IUT Entreprise - IUT de Colmar","isPartOf":{"@id":"https:\/\/www.iutcolmar.uha.fr\/#website"},"primaryImageOfPage":{"@id":"https:\/\/www.iutcolmar.uha.fr\/index.php\/relations-entreprises\/partenariat-iut-entreprise\/#primaryimage"},"image":{"@id":"https:\/\/www.iutcolmar.uha.fr\/index.php\/relations-entreprises\/partenariat-iut-entreprise\/#primaryimage"},"thumbnailUrl":"https:\/\/www.iutcolmar.uha.fr\/wp-content\/uploads\/2018\/11\/ENTREPRISE-WEB.jpg","datePublished":"2018-05-17T08:08:56+00:00","dateModified":"2024-04-17T13:20:04+00:00","description":"Le partenariat IUT Entreprise : deux type d'aide, une aide aux entreprises primo-innovantes et un daignostic innovation pour des projets nouveaux.","breadcrumb":{"@id":"https:\/\/www.iutcolmar.uha.fr\/index.php\/relations-entreprises\/partenariat-iut-entreprise\/#breadcrumb"},"inLanguage":"fr-FR","potentialAction":[{"@type":"ReadAction","target":["https:\/\/www.iutcolmar.uha.fr\/index.php\/relations-entreprises\/partenariat-iut-entreprise\/"]}]},{"@type":"ImageObject","inLanguage":"fr-FR","@id":"https:\/\/www.iutcolmar.uha.fr\/index.php\/relations-entreprises\/partenariat-iut-entreprise\/#primaryimage","url":"https:\/\/www.iutcolmar.uha.fr\/wp-content\/uploads\/2018\/11\/ENTREPRISE-WEB.jpg","contentUrl":"https:\/\/www.iutcolmar.uha.fr\/wp-content\/uploads\/2018\/11\/ENTREPRISE-WEB.jpg","width":5386,"height":1488,"caption":"ENTREPRISE WEB"},{"@type":"BreadcrumbList","@id":"https:\/\/www.iutcolmar.uha.fr\/index.php\/relations-entreprises\/partenariat-iut-entreprise\/#breadcrumb","itemListElement":[{"@type":"ListItem","position":1,"name":"Accueil","item":"https:\/\/www.iutcolmar.uha.fr\/"},{"@type":"ListItem","position":2,"name":"Entreprises","item":"https:\/\/www.iutcolmar.uha.fr\/index.php\/relations-entreprises\/"},{"@type":"ListItem","position":3,"name":"Partenariat IUT Entreprise"}]},{"@type":"WebSite","@id":"https:\/\/www.iutcolmar.uha.fr\/#website","url":"https:\/\/www.iutcolmar.uha.fr\/","name":"IUT de Colmar","description":"Universit\u00e9 de Haute-Alsace","potentialAction":[{"@type":"SearchAction","target":{"@type":"EntryPoint","urlTemplate":"https:\/\/www.iutcolmar.uha.fr\/?s={search_term_string}"},"query-input":{"@type":"PropertyValueSpecification","valueRequired":true,"valueName":"search_term_string"}}],"inLanguage":"fr-FR"}]}},"_links":{"self":[{"href":"https:\/\/www.iutcolmar.uha.fr\/index.php\/wp-json\/wp\/v2\/pages\/1098","targetHints":{"allow":["GET"]}}],"collection":[{"href":"https:\/\/www.iutcolmar.uha.fr\/index.php\/wp-json\/wp\/v2\/pages"}],"about":[{"href":"https:\/\/www.iutcolmar.uha.fr\/index.php\/wp-json\/wp\/v2\/types\/page"}],"author":[{"embeddable":true,"href":"https:\/\/www.iutcolmar.uha.fr\/index.php\/wp-json\/wp\/v2\/users\/1"}],"replies":[{"embeddable":true,"href":"https:\/\/www.iutcolmar.uha.fr\/index.php\/wp-json\/wp\/v2\/comments?post=1098"}],"version-history":[{"count":27,"href":"https:\/\/www.iutcolmar.uha.fr\/index.php\/wp-json\/wp\/v2\/pages\/1098\/revisions"}],"predecessor-version":[{"id":7013,"href":"https:\/\/www.iutcolmar.uha.fr\/index.php\/wp-json\/wp\/v2\/pages\/1098\/revisions\/7013"}],"up":[{"embeddable":true,"href":"https:\/\/www.iutcolmar.uha.fr\/index.php\/wp-json\/wp\/v2\/pages\/15"}],"wp:featuredmedia":[{"embeddable":true,"href":"https:\/\/www.iutcolmar.uha.fr\/index.php\/wp-json\/wp\/v2\/media\/3262"}],"wp:attachment":[{"href":"https:\/\/www.iutcolmar.uha.fr\/index.php\/wp-json\/wp\/v2\/media?parent=1098"}],"curies":[{"name":"wp","href":"https:\/\/api.w.org\/{rel}","templated":true}]}}