{"id":11,"date":"2018-04-04T13:46:58","date_gmt":"2018-04-04T11:46:58","guid":{"rendered":"https:\/\/www.iutcolmar.uha.fr\/?page_id=11"},"modified":"2021-01-20T15:10:45","modified_gmt":"2021-01-20T14:10:45","slug":"recherche","status":"publish","type":"page","link":"https:\/\/www.iutcolmar.uha.fr\/index.php\/recherche\/","title":{"rendered":"La Recherche"},"content":{"rendered":"<h1><span style=\"color: #333333;\">La Recherche<\/span><\/h1>\n<p><img loading=\"lazy\" decoding=\"async\" class=\"wp-image-3431 aligncenter\" src=\"https:\/\/www.iutcolmar.uha.fr\/wp-content\/uploads\/2018\/12\/neurones-300x83.jpg\" alt=\"neurones\" width=\"1189\" height=\"329\" srcset=\"https:\/\/www.iutcolmar.uha.fr\/wp-content\/uploads\/2018\/12\/neurones-300x83.jpg 300w, https:\/\/www.iutcolmar.uha.fr\/wp-content\/uploads\/2018\/12\/neurones-768x212.jpg 768w, https:\/\/www.iutcolmar.uha.fr\/wp-content\/uploads\/2018\/12\/neurones-1024x283.jpg 1024w\" sizes=\"auto, (max-width: 1189px) 100vw, 1189px\" \/><\/p>\n<p>Les enseignants-chercheurs de l&rsquo;IUT font de la recherche dans diff\u00e9rents laboratoires dans des domaines vari\u00e9s en lien avec leur sp\u00e9cialit\u00e9 d&rsquo;enseignement. Cela permet d&rsquo;enrichir les cours, ce qui apporte des connaissances diversifi\u00e9es aux \u00e9tudiants.<\/p>\n<h1>Site de Colmar<\/h1>\n<div class=\"su-tabs su-tabs-style-default su-tabs-mobile-stack su-tabs-vertical\" data-active=\"1\" data-scroll-offset=\"0\" data-anchor-in-url=\"no\"><div class=\"su-tabs-nav\"><span class=\"\" data-url=\"\" data-target=\"blank\" tabindex=\"0\" role=\"button\">CERDACC<\/span><span class=\"\" data-url=\"\" data-target=\"blank\" tabindex=\"0\" role=\"button\">IRIMAS<\/span><span class=\"\" data-url=\"\" data-target=\"blank\" tabindex=\"0\" role=\"button\">LVBE<\/span><\/div><div class=\"su-tabs-panes\"><div class=\"su-tabs-pane su-u-clearfix su-u-trim\" data-title=\"CERDACC\">\n<h2>Centre Europ\u00e9en de recherche sur le Risque, le Droit des Accidents Collectifs et des Catastrophes |\u00a0CERDACC<\/h2>\n<p><a href=\"http:\/\/www.cerdacc.uha.fr\/\"><img loading=\"lazy\" decoding=\"async\" class=\"aligncenter wp-image-3416\" src=\"https:\/\/www.iutcolmar.uha.fr\/wp-content\/uploads\/2018\/12\/CERDACC_Encar-web-300x107.png\" alt=\"CERDACC\" width=\"499\" height=\"178\" srcset=\"https:\/\/www.iutcolmar.uha.fr\/wp-content\/uploads\/2018\/12\/CERDACC_Encar-web-300x107.png 300w, https:\/\/www.iutcolmar.uha.fr\/wp-content\/uploads\/2018\/12\/CERDACC_Encar-web-768x274.png 768w, https:\/\/www.iutcolmar.uha.fr\/wp-content\/uploads\/2018\/12\/CERDACC_Encar-web-1024x365.png 1024w, https:\/\/www.iutcolmar.uha.fr\/wp-content\/uploads\/2018\/12\/CERDACC_Encar-web.png 1377w\" sizes=\"auto, (max-width: 499px) 100vw, 499px\" \/><\/a><br \/>\n<div class=\"su-row\">\n<div class=\"su-column su-column-size-1-2\"><div class=\"su-column-inner su-u-clearfix su-u-trim\">\n<h3>Th\u00e9matique<\/h3>\n<p>La recherche en droit.<\/p>\n<p>\u00c0 l&rsquo;origine, il avait pour objet initial d\u2019\u00e9tudier les dispositifs de toute nature (juridique, judiciaire, administrative) mis en place apr\u00e8s les catastrophes technologiques ou naturelles et aussi dans le prolongement des accidents collectifs.<\/p>\n<p>Au fil du temps il a \u00e9largi son champ de recherche, pour y int\u00e9grer les th\u00e9matiques du risque.<\/p>\n<\/div><\/div>\n<div class=\"su-column su-column-size-1-2\"><div class=\"su-column-inner su-u-clearfix su-u-trim\">\n<h3>Axes de recherche<\/h3>\n<p>Le Centre Europ\u00e9en de recherche sur le Risque, le Droit des Accidents Collectifs et des Catastrophes (CERDACC) aborde les risques dans leur diversit\u00e9 (technologiques, industriels, naturels, li\u00e9s \u00e0 la sant\u00e9 et aux activit\u00e9s humaines) dans une perspective de pr\u00e9vention.<\/p>\n<p>Il \u00e9tudie la r\u00e9paration des dommages subis, sous l\u2019angle des m\u00e9canismes assurantiels, du recours \u00e0 la solidarit\u00e9 nationale et des actions visant \u00e0 \u00e9tablir les responsabilit\u00e9s administratives, civiles et p\u00e9nales.<\/p>\n<p>Il analyse les situations factuelles sous l\u2019angle de la s\u00e9curit\u00e9.<\/p>\n<\/div><\/div>\n<\/div>\n<div class=\"su-row\">\n<div class=\"su-column su-column-size-1-2\"><div class=\"su-column-inner su-u-clearfix su-u-trim\">\n<div class=\"su-service\"><div class=\"su-service-title\" style=\"padding-left:38px;min-height:24px;line-height:24px\"><i class=\"sui sui-envelope-open\" style=\"font-size:24px;color:#009ee3\"><\/i> Contact<\/div><div class=\"su-service-content su-u-clearfix su-u-trim\" style=\"padding-left:38px\">\nCourriel : <a href=\"mailto:cerdacc@uha.fr\" target=\"_blank\" rel=\"noopener noreferrer\">cerdacc@uha.fr<\/a><br \/>\nSite web : <a href=\"http:\/\/www.cerdacc.uha.fr\/\" target=\"_blank\" rel=\"noopener noreferrer\">www.cerdacc.uha.fr<\/a><br \/>\n<\/div><\/div>\n<\/div><\/div>\n<div class=\"su-column su-column-size-1-2\"><div class=\"su-column-inner su-u-clearfix su-u-trim\">\n<img loading=\"lazy\" decoding=\"async\" class=\"aligncenter wp-image-3417 size-full\" src=\"https:\/\/www.iutcolmar.uha.fr\/wp-content\/uploads\/2018\/12\/inondation-141530.jpg\" alt=\"inondation\" width=\"5472\" height=\"3648\" srcset=\"https:\/\/www.iutcolmar.uha.fr\/wp-content\/uploads\/2018\/12\/inondation-141530.jpg 5472w, https:\/\/www.iutcolmar.uha.fr\/wp-content\/uploads\/2018\/12\/inondation-141530-300x200.jpg 300w, https:\/\/www.iutcolmar.uha.fr\/wp-content\/uploads\/2018\/12\/inondation-141530-768x512.jpg 768w, https:\/\/www.iutcolmar.uha.fr\/wp-content\/uploads\/2018\/12\/inondation-141530-1024x683.jpg 1024w\" sizes=\"auto, (max-width: 5472px) 100vw, 5472px\" \/><br \/>\n<\/div><\/div>\n<\/div>\n<\/div>\n<div class=\"su-tabs-pane su-u-clearfix su-u-trim\" data-title=\"IRIMAS\">\n<h2>Institut de Recherche en Informatique, Math\u00e9matiques et Automatique | IRIMAS<\/h2>\n<p><a href=\"https:\/\/www.irimas.uha.fr\/\"><img loading=\"lazy\" decoding=\"async\" class=\"aligncenter wp-image-3439\" src=\"https:\/\/www.iutcolmar.uha.fr\/wp-content\/uploads\/2018\/12\/logo-encart-IRIMAS-300x115.png\" alt=\"IRIMAS\" width=\"501\" height=\"192\" srcset=\"https:\/\/www.iutcolmar.uha.fr\/wp-content\/uploads\/2018\/12\/logo-encart-IRIMAS-300x115.png 300w, https:\/\/www.iutcolmar.uha.fr\/wp-content\/uploads\/2018\/12\/logo-encart-IRIMAS-768x294.png 768w, https:\/\/www.iutcolmar.uha.fr\/wp-content\/uploads\/2018\/12\/logo-encart-IRIMAS-1024x392.png 1024w, https:\/\/www.iutcolmar.uha.fr\/wp-content\/uploads\/2018\/12\/logo-encart-IRIMAS.png 1443w\" sizes=\"auto, (max-width: 501px) 100vw, 501px\" \/><\/a><br \/>\nL&rsquo;Institut de Recherche en Informatique, Math\u00e9matiques, Automatique et Signal (IRIMAS)<\/p>\n<p>L&rsquo;institut dispose d&rsquo;une \u00e9quipe compl\u00e8te de recherche, en R\u00e9seaux et T\u00e9l\u00e9communications, h\u00e9berg\u00e9e \u00e0 Colmar, anciennement MIPS (Mod\u00e9lisation, Intelligence, Processus et Syst\u00e8mes).<br \/>\n<div class=\"su-row\">\n<div class=\"su-column su-column-size-1-2\"><div class=\"su-column-inner su-u-clearfix su-u-trim\">\n<h3>Th\u00e9matique<\/h3>\n<p>L&rsquo;Institut regroupe l\u2019ensemble des recherches de l\u2019UHA en Math\u00e9matiques, Informatique, Automatique, et Traitement du Signal et de l\u2019Image. Il est organis\u00e9 en trois d\u00e9partements : Math\u00e9matiques, Informatique et Automatique-Signal-Image.<\/p>\n<p>Les travaux de recherche de ce groupe R\u00e9seaux et T\u00e9l\u00e9communications de Colmar se font dans le domaine des r\u00e9seaux hauts d\u00e9bits, des mod\u00e8les de communication et des architectures de t\u00e9l\u00e9communication.<\/p>\n<p>Une attention particuli\u00e8re concerne les aspects de la qualit\u00e9 de service (QoS) et les communications inter v\u00e9hicules.<\/p>\n<p>L\u2019\u00e9quipe travaille aussi au d\u00e9veloppement de nouvelles applications multim\u00e9dia sur les r\u00e9seaux de nouvelle g\u00e9n\u00e9ration.<\/p>\n<\/div><\/div>\n<div class=\"su-column su-column-size-1-2\"><div class=\"su-column-inner su-u-clearfix su-u-trim\">\n<h3>Axes de recherche<\/h3>\n<p>Cette \u00e9quipe de recherche travaille sur le d\u00e9veloppement de nouvelles applications multim\u00e9dia sur les r\u00e9seaux de nouvelle g\u00e9n\u00e9ration.<\/p>\n<p>Elle m\u00e8ne \u00e9galement des \u00e9tudes en t\u00e9l\u00e9communications et r\u00e9seaux fixes ou mobiles.<\/p>\n<p>Elle fait aussi de la recherche fondamentale et appliqu\u00e9e sur les nouvelles architectures de communication utilis\u00e9es pour les futurs r\u00e9seaux \u00e0 tr\u00e8s haut d\u00e9bits.<\/p>\n<\/div><\/div>\n<\/div>\n<div class=\"su-row\">\n<div class=\"su-column su-column-size-1-2\"><div class=\"su-column-inner su-u-clearfix su-u-trim\">\n<div class=\"su-service\"><div class=\"su-service-title\" style=\"padding-left:38px;min-height:24px;line-height:24px\"><i class=\"sui sui-envelope-open\" style=\"font-size:24px;color:#009ee3\"><\/i> Contact<\/div><div class=\"su-service-content su-u-clearfix su-u-trim\" style=\"padding-left:38px\">\nCourriel : <a href=\"mailto:direction.irimas@uha.fr\" target=\"_blank\" rel=\"noopener noreferrer\">direction.irimas@uha.fr<\/a><br \/>\nSite web : <a href=\"http:\/\/www.irimas.uha.fr\/\" target=\"_blank\" rel=\"noopener noreferrer\">www.irimas.uha.fr<\/a><br \/>\n<\/div><\/div>\n<\/div><\/div>\n<div class=\"su-column su-column-size-1-2\"><div class=\"su-column-inner su-u-clearfix su-u-trim\">\n<img loading=\"lazy\" decoding=\"async\" class=\"aligncenter wp-image-3423 size-full\" src=\"https:\/\/www.iutcolmar.uha.fr\/wp-content\/uploads\/2018\/12\/wlan-3075847.jpg\" alt=\"reseau sans fil\" width=\"3200\" height=\"2133\" srcset=\"https:\/\/www.iutcolmar.uha.fr\/wp-content\/uploads\/2018\/12\/wlan-3075847.jpg 3200w, https:\/\/www.iutcolmar.uha.fr\/wp-content\/uploads\/2018\/12\/wlan-3075847-300x200.jpg 300w, https:\/\/www.iutcolmar.uha.fr\/wp-content\/uploads\/2018\/12\/wlan-3075847-768x512.jpg 768w, https:\/\/www.iutcolmar.uha.fr\/wp-content\/uploads\/2018\/12\/wlan-3075847-1024x683.jpg 1024w\" sizes=\"auto, (max-width: 3200px) 100vw, 3200px\" \/><br \/>\n<\/div><\/div>\n<\/div>\n<\/div>\n<div class=\"su-tabs-pane su-u-clearfix su-u-trim\" data-title=\"LVBE\">\n<h2>Laboratoire Vigne, Biotechnologies et Environnement | LVBE<\/h2>\n<p><a href=\"https:\/\/www.lvbe.uha.fr\/\"><img loading=\"lazy\" decoding=\"async\" class=\"aligncenter wp-image-3429 size-full\" src=\"https:\/\/www.iutcolmar.uha.fr\/wp-content\/uploads\/2018\/12\/LVBE-2015.png\" alt=\"LVBE\" width=\"404\" height=\"269\" srcset=\"https:\/\/www.iutcolmar.uha.fr\/wp-content\/uploads\/2018\/12\/LVBE-2015.png 404w, https:\/\/www.iutcolmar.uha.fr\/wp-content\/uploads\/2018\/12\/LVBE-2015-300x200.png 300w\" sizes=\"auto, (max-width: 404px) 100vw, 404px\" \/><\/a><br \/>\n<div class=\"su-row\">\n<div class=\"su-column su-column-size-1-2\"><div class=\"su-column-inner su-u-clearfix su-u-trim\">\n<h3><img loading=\"lazy\" decoding=\"async\" class=\" wp-image-3424 alignleft\" src=\"https:\/\/www.iutcolmar.uha.fr\/wp-content\/uploads\/2018\/12\/grappes-3846684-300x200.jpg\" alt=\"grappes de raisin\" width=\"471\" height=\"314\" srcset=\"https:\/\/www.iutcolmar.uha.fr\/wp-content\/uploads\/2018\/12\/grappes-3846684-300x200.jpg 300w, https:\/\/www.iutcolmar.uha.fr\/wp-content\/uploads\/2018\/12\/grappes-3846684-768x512.jpg 768w, https:\/\/www.iutcolmar.uha.fr\/wp-content\/uploads\/2018\/12\/grappes-3846684-1024x683.jpg 1024w\" sizes=\"auto, (max-width: 471px) 100vw, 471px\" \/>Th\u00e9matique<\/h3>\n<p>Le Laboratoire Vigne Biotechnologies et Environnement (LVBE) EA-3991, de l\u2019Universit\u00e9 de Haute-Alsace, a pour principale orientation l\u2019ing\u00e9nierie agro-environnementale du vignoble.<\/p>\n<p>Le laboratoire f\u00e9d\u00e8re des enseignants-chercheurs dont les comp\u00e9tences sont reconnues dans les interactions Vigne \u2013 pathog\u00e8nes et la d\u00e9pollution biologique des sols.<\/p>\n<p>&nbsp;<\/p>\n<p>&nbsp;<\/p>\n<div class=\"su-service\"><div class=\"su-service-title\" style=\"padding-left:38px;min-height:24px;line-height:24px\"><i class=\"sui sui-envelope-open\" style=\"font-size:24px;color:#009ee3\"><\/i> Contact<\/div><div class=\"su-service-content su-u-clearfix su-u-trim\" style=\"padding-left:38px\">Courriel : <a href=\"mailto:lvbe@uha.fr\" target=\"_blank\" rel=\"noopener noreferrer\">lvbe@uha.fr <\/a><br \/>\nSite web : <a href=\"http:\/\/www.lvbe.uha.fr\" target=\"_blank\" rel=\"noopener noreferrer\">www.lvbe.uha.fr<\/a><\/p>\n<\/div><\/div>\n<\/div><\/div>\n<div class=\"su-column su-column-size-1-2\"><div class=\"su-column-inner su-u-clearfix su-u-trim\">\n<h3>Axes de recherche<\/h3>\n<p>Le LVBE a pour objectifs structuraux de :<\/p>\n<ul>\n<li>contribuer \u00e0 la structuration de l\u2019enseignement sup\u00e9rieur et de la recherche de l\u2019UHA en coh\u00e9rence avec les politiques du site Alsace, de la r\u00e9gion Grand-Est et du Rhin sup\u00e9rieur (ex. Campus europ\u00e9en),<\/li>\n<li>soutenir une dynamique de grands projets structurants de recherche,<\/li>\n<li>d\u00e9velopper les liens avec les laboratoires en Sciences Exactes et Sciences Humaines et Sociales,<\/li>\n<li>concilier l\u2019excellence scientifique et la qualit\u00e9 p\u00e9dagogique de nos formations d\u2019appuis,<\/li>\n<li>d\u00e9finir des domaines d\u2019opportunit\u00e9s strat\u00e9giques avec la contribution active de nos financeurs (SATT Connectus, SEMIA, P\u00f4les de comp\u00e9titivit\u00e9, Fondation Partenariale de Haute-Alsace, etc.),<\/li>\n<li>encourager et renforcer la valorisation des r\u00e9sultats des recherches aupr\u00e8s des acteurs socio-\u00e9conomiques,<\/li>\n<li>renforcer la visibilit\u00e9 du laboratoire \u00e0 diff\u00e9rentes \u00e9chelles (r\u00e9gionale, nationale, mondiale),<\/li>\n<li>d\u00e9velopper davantage les ressources propres du laboratoire.<\/li>\n<\/ul>\n<\/div><\/div>\n<\/div>\n<div class=\"su-row\">\n<div class=\"su-column su-column-size-1-2\"><div class=\"su-column-inner su-u-clearfix su-u-trim\">\n<\/div><\/div>\n<div class=\"su-column su-column-size-1-2\"><div class=\"su-column-inner su-u-clearfix su-u-trim\">\n<\/div><\/div><\/div>\n<\/div><\/div><\/div>\n<h2>Site de Mulhouse<\/h2>\n<ul>\n<li><a href=\"https:\/\/www.uha.fr\/fr\/uha-1\/organisation\/laboratoires.html\">Autres laboratoires UHA<\/a><\/li>\n<\/ul>\n","protected":false},"excerpt":{"rendered":"<p>La Recherche Les enseignants-chercheurs de l&rsquo;IUT font de la recherche dans diff\u00e9rents laboratoires dans des domaines vari\u00e9s en lien avec leur sp\u00e9cialit\u00e9 d&rsquo;enseignement. Cela permet d&rsquo;enrichir les cours, ce qui apporte des connaissances diversifi\u00e9es aux \u00e9tudiants. Site de Colmar Site de Mulhouse Autres laboratoires UHA<\/p>\n","protected":false},"author":1,"featured_media":0,"parent":0,"menu_order":0,"comment_status":"closed","ping_status":"closed","template":"","meta":{"footnotes":""},"class_list":["post-11","page","type-page","status-publish","hentry"],"yoast_head":"<!-- This site is optimized with the Yoast SEO plugin v27.1.1 - https:\/\/yoast.com\/product\/yoast-seo-wordpress\/ -->\n<title>La Recherche - IUT de Colmar<\/title>\n<meta name=\"description\" content=\"Les enseignants chercheurs de l&#039;IUT de Colmar font de la recherche dans diff\u00e9rents laboratoires situ\u00e9s \u00e0 Mulhouse et Colmar.\" \/>\n<meta name=\"robots\" content=\"index, follow, max-snippet:-1, max-image-preview:large, max-video-preview:-1\" \/>\n<link rel=\"canonical\" href=\"https:\/\/www.iutcolmar.uha.fr\/index.php\/recherche\/\" \/>\n<meta property=\"og:locale\" content=\"fr_FR\" \/>\n<meta property=\"og:type\" content=\"article\" \/>\n<meta property=\"og:title\" content=\"La Recherche - IUT de Colmar\" \/>\n<meta property=\"og:description\" content=\"Les enseignants chercheurs de l&#039;IUT de Colmar font de la recherche dans diff\u00e9rents laboratoires situ\u00e9s \u00e0 Mulhouse et Colmar.\" \/>\n<meta property=\"og:url\" content=\"https:\/\/www.iutcolmar.uha.fr\/index.php\/recherche\/\" \/>\n<meta property=\"og:site_name\" content=\"IUT de Colmar\" \/>\n<meta property=\"article:modified_time\" content=\"2021-01-20T14:10:45+00:00\" \/>\n<meta property=\"og:image\" content=\"https:\/\/www.iutcolmar.uha.fr\/wp-content\/uploads\/2018\/12\/neurones-300x83.jpg\" \/>\n<meta name=\"twitter:card\" content=\"summary_large_image\" \/>\n<meta name=\"twitter:label1\" content=\"Dur\u00e9e de lecture estim\u00e9e\" \/>\n\t<meta name=\"twitter:data1\" content=\"4 minutes\" \/>\n<script type=\"application\/ld+json\" class=\"yoast-schema-graph\">{\"@context\":\"https:\/\/schema.org\",\"@graph\":[{\"@type\":\"WebPage\",\"@id\":\"https:\/\/www.iutcolmar.uha.fr\/index.php\/recherche\/\",\"url\":\"https:\/\/www.iutcolmar.uha.fr\/index.php\/recherche\/\",\"name\":\"La Recherche - IUT de Colmar\",\"isPartOf\":{\"@id\":\"https:\/\/www.iutcolmar.uha.fr\/#website\"},\"primaryImageOfPage\":{\"@id\":\"https:\/\/www.iutcolmar.uha.fr\/index.php\/recherche\/#primaryimage\"},\"image\":{\"@id\":\"https:\/\/www.iutcolmar.uha.fr\/index.php\/recherche\/#primaryimage\"},\"thumbnailUrl\":\"https:\/\/www.iutcolmar.uha.fr\/wp-content\/uploads\/2018\/12\/neurones-300x83.jpg\",\"datePublished\":\"2018-04-04T11:46:58+00:00\",\"dateModified\":\"2021-01-20T14:10:45+00:00\",\"description\":\"Les enseignants chercheurs de l'IUT de Colmar font de la recherche dans diff\u00e9rents laboratoires situ\u00e9s \u00e0 Mulhouse et Colmar.\",\"breadcrumb\":{\"@id\":\"https:\/\/www.iutcolmar.uha.fr\/index.php\/recherche\/#breadcrumb\"},\"inLanguage\":\"fr-FR\",\"potentialAction\":[{\"@type\":\"ReadAction\",\"target\":[\"https:\/\/www.iutcolmar.uha.fr\/index.php\/recherche\/\"]}]},{\"@type\":\"ImageObject\",\"inLanguage\":\"fr-FR\",\"@id\":\"https:\/\/www.iutcolmar.uha.fr\/index.php\/recherche\/#primaryimage\",\"url\":\"https:\/\/www.iutcolmar.uha.fr\/wp-content\/uploads\/2018\/12\/neurones-300x83.jpg\",\"contentUrl\":\"https:\/\/www.iutcolmar.uha.fr\/wp-content\/uploads\/2018\/12\/neurones-300x83.jpg\"},{\"@type\":\"BreadcrumbList\",\"@id\":\"https:\/\/www.iutcolmar.uha.fr\/index.php\/recherche\/#breadcrumb\",\"itemListElement\":[{\"@type\":\"ListItem\",\"position\":1,\"name\":\"Accueil\",\"item\":\"https:\/\/www.iutcolmar.uha.fr\/\"},{\"@type\":\"ListItem\",\"position\":2,\"name\":\"La Recherche\"}]},{\"@type\":\"WebSite\",\"@id\":\"https:\/\/www.iutcolmar.uha.fr\/#website\",\"url\":\"https:\/\/www.iutcolmar.uha.fr\/\",\"name\":\"IUT de Colmar\",\"description\":\"Universit\u00e9 de Haute-Alsace\",\"potentialAction\":[{\"@type\":\"SearchAction\",\"target\":{\"@type\":\"EntryPoint\",\"urlTemplate\":\"https:\/\/www.iutcolmar.uha.fr\/?s={search_term_string}\"},\"query-input\":{\"@type\":\"PropertyValueSpecification\",\"valueRequired\":true,\"valueName\":\"search_term_string\"}}],\"inLanguage\":\"fr-FR\"}]}<\/script>\n<!-- \/ Yoast SEO plugin. -->","yoast_head_json":{"title":"La Recherche - IUT de Colmar","description":"Les enseignants chercheurs de l'IUT de Colmar font de la recherche dans diff\u00e9rents laboratoires situ\u00e9s \u00e0 Mulhouse et Colmar.","robots":{"index":"index","follow":"follow","max-snippet":"max-snippet:-1","max-image-preview":"max-image-preview:large","max-video-preview":"max-video-preview:-1"},"canonical":"https:\/\/www.iutcolmar.uha.fr\/index.php\/recherche\/","og_locale":"fr_FR","og_type":"article","og_title":"La Recherche - IUT de Colmar","og_description":"Les enseignants chercheurs de l'IUT de Colmar font de la recherche dans diff\u00e9rents laboratoires situ\u00e9s \u00e0 Mulhouse et Colmar.","og_url":"https:\/\/www.iutcolmar.uha.fr\/index.php\/recherche\/","og_site_name":"IUT de Colmar","article_modified_time":"2021-01-20T14:10:45+00:00","og_image":[{"url":"https:\/\/www.iutcolmar.uha.fr\/wp-content\/uploads\/2018\/12\/neurones-300x83.jpg","type":"","width":"","height":""}],"twitter_card":"summary_large_image","twitter_misc":{"Dur\u00e9e de lecture estim\u00e9e":"4 minutes"},"schema":{"@context":"https:\/\/schema.org","@graph":[{"@type":"WebPage","@id":"https:\/\/www.iutcolmar.uha.fr\/index.php\/recherche\/","url":"https:\/\/www.iutcolmar.uha.fr\/index.php\/recherche\/","name":"La Recherche - IUT de Colmar","isPartOf":{"@id":"https:\/\/www.iutcolmar.uha.fr\/#website"},"primaryImageOfPage":{"@id":"https:\/\/www.iutcolmar.uha.fr\/index.php\/recherche\/#primaryimage"},"image":{"@id":"https:\/\/www.iutcolmar.uha.fr\/index.php\/recherche\/#primaryimage"},"thumbnailUrl":"https:\/\/www.iutcolmar.uha.fr\/wp-content\/uploads\/2018\/12\/neurones-300x83.jpg","datePublished":"2018-04-04T11:46:58+00:00","dateModified":"2021-01-20T14:10:45+00:00","description":"Les enseignants chercheurs de l'IUT de Colmar font de la recherche dans diff\u00e9rents laboratoires situ\u00e9s \u00e0 Mulhouse et Colmar.","breadcrumb":{"@id":"https:\/\/www.iutcolmar.uha.fr\/index.php\/recherche\/#breadcrumb"},"inLanguage":"fr-FR","potentialAction":[{"@type":"ReadAction","target":["https:\/\/www.iutcolmar.uha.fr\/index.php\/recherche\/"]}]},{"@type":"ImageObject","inLanguage":"fr-FR","@id":"https:\/\/www.iutcolmar.uha.fr\/index.php\/recherche\/#primaryimage","url":"https:\/\/www.iutcolmar.uha.fr\/wp-content\/uploads\/2018\/12\/neurones-300x83.jpg","contentUrl":"https:\/\/www.iutcolmar.uha.fr\/wp-content\/uploads\/2018\/12\/neurones-300x83.jpg"},{"@type":"BreadcrumbList","@id":"https:\/\/www.iutcolmar.uha.fr\/index.php\/recherche\/#breadcrumb","itemListElement":[{"@type":"ListItem","position":1,"name":"Accueil","item":"https:\/\/www.iutcolmar.uha.fr\/"},{"@type":"ListItem","position":2,"name":"La Recherche"}]},{"@type":"WebSite","@id":"https:\/\/www.iutcolmar.uha.fr\/#website","url":"https:\/\/www.iutcolmar.uha.fr\/","name":"IUT de Colmar","description":"Universit\u00e9 de Haute-Alsace","potentialAction":[{"@type":"SearchAction","target":{"@type":"EntryPoint","urlTemplate":"https:\/\/www.iutcolmar.uha.fr\/?s={search_term_string}"},"query-input":{"@type":"PropertyValueSpecification","valueRequired":true,"valueName":"search_term_string"}}],"inLanguage":"fr-FR"}]}},"_links":{"self":[{"href":"https:\/\/www.iutcolmar.uha.fr\/index.php\/wp-json\/wp\/v2\/pages\/11","targetHints":{"allow":["GET"]}}],"collection":[{"href":"https:\/\/www.iutcolmar.uha.fr\/index.php\/wp-json\/wp\/v2\/pages"}],"about":[{"href":"https:\/\/www.iutcolmar.uha.fr\/index.php\/wp-json\/wp\/v2\/types\/page"}],"author":[{"embeddable":true,"href":"https:\/\/www.iutcolmar.uha.fr\/index.php\/wp-json\/wp\/v2\/users\/1"}],"replies":[{"embeddable":true,"href":"https:\/\/www.iutcolmar.uha.fr\/index.php\/wp-json\/wp\/v2\/comments?post=11"}],"version-history":[{"count":33,"href":"https:\/\/www.iutcolmar.uha.fr\/index.php\/wp-json\/wp\/v2\/pages\/11\/revisions"}],"predecessor-version":[{"id":4736,"href":"https:\/\/www.iutcolmar.uha.fr\/index.php\/wp-json\/wp\/v2\/pages\/11\/revisions\/4736"}],"wp:attachment":[{"href":"https:\/\/www.iutcolmar.uha.fr\/index.php\/wp-json\/wp\/v2\/media?parent=11"}],"curies":[{"name":"wp","href":"https:\/\/api.w.org\/{rel}","templated":true}]}}