{"id":1100,"date":"2018-05-17T10:09:31","date_gmt":"2018-05-17T08:09:31","guid":{"rendered":"https:\/\/www.iutcolmar.uha.fr\/?page_id=1100"},"modified":"2026-01-27T11:50:06","modified_gmt":"2026-01-27T10:50:06","slug":"jobdating-alternance","status":"publish","type":"page","link":"https:\/\/www.iutcolmar.uha.fr\/index.php\/relations-entreprises\/jobdating-alternance\/","title":{"rendered":"Jobdating Alternance"},"content":{"rendered":"<h1><\/h1>\n<p><img loading=\"lazy\" decoding=\"async\" class=\"aligncenter wp-image-7348 size-large\" src=\"https:\/\/www.iutcolmar.uha.fr\/wp-content\/uploads\/2025\/09\/banniere-web-1024x485.png\" alt=\"banniere web jobdating\" width=\"750\" height=\"355\" srcset=\"https:\/\/www.iutcolmar.uha.fr\/wp-content\/uploads\/2025\/09\/banniere-web-1024x485.png 1024w, https:\/\/www.iutcolmar.uha.fr\/wp-content\/uploads\/2025\/09\/banniere-web-300x142.png 300w, https:\/\/www.iutcolmar.uha.fr\/wp-content\/uploads\/2025\/09\/banniere-web-768x364.png 768w, https:\/\/www.iutcolmar.uha.fr\/wp-content\/uploads\/2025\/09\/banniere-web-1536x728.png 1536w, https:\/\/www.iutcolmar.uha.fr\/wp-content\/uploads\/2025\/09\/banniere-web.png 1900w\" sizes=\"auto, (max-width: 750px) 100vw, 750px\" \/><\/p>\n<h1><b>Jobdating \u00e0 l\u2019IUT de Colmar : Recrutez vos collaborateurs de demain<\/b><\/h1>\n<p>\ud83d\udcc5 <b>Jobdating Alternance 2026 : 7,8,9 avril et 1er juin 2026 de 16h \u00e0 18h<\/b><b><br \/>\n<\/b> \ud83d\udccd Learning Center de Colmar, Biblioth\u00e8que Universitaire &#8211; <b>34 rue Grillenbreit &#8211; BP 50568, 68008 Colmar Cedex\u00a0<\/b><\/p>\n<p>Recrutez vos collaborateurs de demain dans des sp\u00e9cialit\u00e9s vari\u00e9es lors de nos \u00e9v\u00e9nements Jobdating Alternance.<br \/>\nChaque journ\u00e9e est d\u00e9di\u00e9e \u00e0 des domaines sp\u00e9cifiques pour maximiser la pertinence des rencontres entre entreprises et candidats.<br \/>\nD\u00e9couvrez les professionnels de demain parmi nos \u00e9tudiants en Bachelor Universitaire de Technologie (B.U.T.) et candidats \u00e0 nos formations en alternance.<\/p>\n<hr \/>\n<h3><strong>Programme <\/strong><b>du Jobdating<br \/>\n<\/b><\/h3>\n<p>Rendez-vous au <strong>Learning Center<\/strong>, Biblioth\u00e8que Universitaire du Campus du Grillenbreit pour rencontrer nos futurs candidats\u00a0 :<br \/>\n<b>Jobdating<\/b> : 16h &#8211; 18h<br \/>\n<b>Afterwork<\/b> : 18h &#8211; 20h (visite des locaux et moment convivial avec nos responsables d\u2019apprentissage)<\/p>\n<p><strong>Contrats de 12 \u00e0 24 mois en alternance parmi nos \u00e9tudiants de B.U.T. :<br \/>\n<\/strong><strong>7 avril 2026 : M\u00e9tiers de la Transition et de l&rsquo;Efficacit\u00e9 \u00c9nerg\u00e9tiques et Techniques de Commercialisation<br \/>\n<\/strong>Trouver des profils sp\u00e9cialis\u00e9s parmi nos \u00e9tudiants dans les domaines du commerce, du marketing, et de la transition \u00e9nerg\u00e9tique.<br \/>\n<strong>8 avril 2026 : Hygi\u00e8ne S\u00e9curit\u00e9 Environnement et R\u00e9seaux et T\u00e9l\u00e9communications<br \/>\n<\/strong>Recruter des talents parmi nos \u00e9tudiants dans les secteurs des t\u00e9l\u00e9communications, des r\u00e9seaux num\u00e9riques, de la s\u00e9curit\u00e9 et de la pr\u00e9vention des risques en entreprises.<br \/>\n<strong>9 avril 2026 : G\u00e9nie Biologique et Carri\u00e8res Juridiques<br \/>\n<\/strong>Identifier des profils parmi nos \u00e9tudiants avec une expertise en droit dans le domaine de l&rsquo;administration, de l&rsquo;<span id=\"DWT4877\" class=\"ZmSearchResult\"><span id=\"DWT4919\" class=\"ZmSearchResult\">entreprise,<\/span><\/span> du patrimoine et des sciences biologiques.<\/p>\n<p><strong>Contrat de 36 mois en alternance parmi nos futurs \u00e9tudiants en B.U.T. :<br \/>\n1er juin 2026 :<\/strong> <strong>Hygi\u00e8ne S\u00e9curit\u00e9 Environnement, M\u00e9tiers de la Transition et de l&rsquo;Efficacit\u00e9 \u00c9nerg\u00e9tiques et Techniques de Commercialisation<br \/>\n<\/strong>Offrir une opportunit\u00e9 de rencontrer de jeunes talents motiv\u00e9s et pr\u00eats \u00e0 int\u00e9grer vos \u00e9quipes en alternance.<\/p>\n<p><strong>Inscriptions aux Jobdatings Alernance :<br \/>\n<\/strong>Inscrivez-vous au Jobdating de votre choix avant le <strong>28 mars<\/strong> sur ce lien : <a href=\"https:\/\/e-enquete.uha.fr\/index.php\/662971?lang=fr\" class=\"su-button su-button-style-flat\" style=\"color:#FFFFFF;background-color:#004996;border-color:#003b78;border-radius:40px\" target=\"_blank\" rel=\"noopener noreferrer\"><span style=\"color:#FFFFFF;padding:7px 20px;font-size:16px;line-height:24px;border-color:#4d80b6;border-radius:40px;text-shadow:none\"><strong><i class=\"sui sui-check\" style=\"font-size:16px;color:#FFFFFF\"><\/i> Inscription<\/strong><\/span><\/a>\n<hr \/>\n<h3><b>Pourquoi Participer ?<\/b><\/h3>\n<p><b>Ciblage pr\u00e9cis<\/b> : Chaque journ\u00e9e est d\u00e9di\u00e9e \u00e0 des sp\u00e9cialit\u00e9s pr\u00e9cises pour maximiser la pertinence des rencontres.<br \/>\n<b>Un recrutement simplifi\u00e9<\/b> : Identifiez des talents qualifi\u00e9s lors d\u2019entretiens courts et cibl\u00e9s (10-15 minutes).<br \/>\n<b>Networking<\/b> : Poursuivez les \u00e9changes avec les responsables d\u2019apprentissage dans un cadre informel lors de nos afterworks.<br \/>\n<b>Un partenariat sur mesure<\/b> : \u00c9tablissez des relations solides avec l\u2019IUT de Colmar pour r\u00e9pondre \u00e0 vos besoins en comp\u00e9tences.<\/p>\n<hr \/>\n<h3><b>Comment Participer ?<\/b><\/h3>\n<p><b>Entreprises<br \/>\n<\/b>1. Pr\u00e9parez un rapide descriptif de votre entreprise et des profils recherch\u00e9s<br \/>\n2. S\u00e9lectionnez les dates et sp\u00e9cialit\u00e9s pertinentes pour vos besoins.<br \/>\n3. Inscription obligatoire :\u00a0 <a href=\"https:\/\/e-enquete.uha.fr\/index.php\/662971?lang=fr\" class=\"su-button su-button-style-flat\" style=\"color:#FFFFFF;background-color:#004996;border-color:#003b78;border-radius:40px\" target=\"_blank\" rel=\"noopener noreferrer\"><span style=\"color:#FFFFFF;padding:7px 20px;font-size:16px;line-height:24px;border-color:#4d80b6;border-radius:40px;text-shadow:none\"><strong><i class=\"sui sui-check\" style=\"font-size:16px;color:#FFFFFF\"><\/i> Inscription<\/strong><\/span><\/a>\n<p><b>\u00c9tudiants et candidats<br \/>\n<\/b><b>\u00c9tudiants en B.U.T.<\/b> : Inscrivez-vous \u00e0 la journ\u00e9e correspondant \u00e0 votre sp\u00e9cialit\u00e9.<br \/>\n<b>Candidats \u00e0 l\u2019alternance (1 juin)<\/b> : Postulez en amont sur Parcoursup pour \u00eatre pr\u00e9s\u00e9lectionn\u00e9 et participer au Job Dating.<\/p>\n<hr \/>\n<h3><b>D\u00e9roulement de l\u2019\u00c9v\u00e9nement<\/b><\/h3>\n<p><b>1.Inscription de votre entreprise<br \/>\n<\/b><b><\/b>Choisissez la ou les dates qui correspondent \u00e0 vos besoins.<br \/>\nIndiquez vos offres et crit\u00e8res de recrutement via notre formulaire en ligne.<br \/>\n<b>2.Pr\u00e9paration des rencontres<br \/>\n<\/b><b><\/b>Notre \u00e9quipe s\u00e9lectionne les \u00e9tudiants en fonction de vos attentes.<br \/>\nUne liste de profils vous sera communiqu\u00e9e avant l\u2019\u00e9v\u00e9nement.<br \/>\n<b>3.Journ\u00e9e de Job Dating<br \/>\n<\/b><b><\/b>Rencontrez les candidats lors de sessions express (10-15 minutes).<br \/>\nParticipez \u00e0 l\u2019afterwork pour visiter nos locaux et \u00e9changer avec nos \u00e9quipes p\u00e9dagogiques.<br \/>\n<b>4.Suivi personnalis\u00e9<br \/>\n<\/b><b><\/b>Apr\u00e8s l\u2019\u00e9v\u00e9nement, b\u00e9n\u00e9ficiez de notre accompagnement pour finaliser vos recrutements.<\/p>\n<hr \/>\n<h3><strong>Besoin de plus d&rsquo;informations ?<\/strong><\/h3>\n<p>Contactez-nous sur : <a href=\"mailto:martine.atge@uha.fr\">relations-entreprises.iutcolmar@uha.fr<\/a><\/p>\n<a href=\"https:\/\/www.iutcolmar.uha.fr\/wp-content\/uploads\/2024\/04\/Plaquette-entreprises-IUTC-2024_version-web.pdf\" class=\"su-button su-button-style-flat\" style=\"color:#FFFFFF;background-color:#004996;border-color:#003b78;border-radius:40px\" target=\"_blank\" rel=\"noopener noreferrer\"><span style=\"color:#FFFFFF;padding:7px 20px;font-size:16px;line-height:24px;border-color:#4d80b6;border-radius:40px;text-shadow:none\"><i class=\"sui sui-arrow-circle-o-down\" style=\"font-size:16px;color:#FFFFFF\"><\/i> T\u00e9l\u00e9chargez la plaquette pour les entreprises<\/span><\/a>\n","protected":false},"excerpt":{"rendered":"<p>Jobdating \u00e0 l\u2019IUT de Colmar : Recrutez vos collaborateurs de demain \ud83d\udcc5 Jobdating Alternance 2026 : 7,8,9 avril et 1er juin 2026 de 16h \u00e0 18h \ud83d\udccd Learning Center de Colmar, Biblioth\u00e8que Universitaire &#8211; 34 rue Grillenbreit &#8211; BP 50568, 68008 Colmar Cedex\u00a0 Recrutez vos collaborateurs de demain dans des sp\u00e9cialit\u00e9s vari\u00e9es lors de nos [&hellip;]<\/p>\n","protected":false},"author":1,"featured_media":6600,"parent":15,"menu_order":5,"comment_status":"closed","ping_status":"closed","template":"","meta":{"footnotes":""},"class_list":["post-1100","page","type-page","status-publish","has-post-thumbnail","hentry"],"yoast_head":"<!-- This site is optimized with the Yoast SEO plugin v27.4 - https:\/\/yoast.com\/product\/yoast-seo-wordpress\/ -->\n<title>Jobdating Alternance - IUT de Colmar<\/title>\n<meta name=\"description\" content=\"Le Job Dating Alternance est une prise de contact rapide entre un recruteur et un candidat. Recruteurs et candidats encha\u00eenent de brefs entretiens.\" \/>\n<meta name=\"robots\" content=\"index, follow, max-snippet:-1, max-image-preview:large, max-video-preview:-1\" \/>\n<link rel=\"canonical\" href=\"https:\/\/www.iutcolmar.uha.fr\/index.php\/relations-entreprises\/jobdating-alternance\/\" \/>\n<meta property=\"og:locale\" content=\"fr_FR\" \/>\n<meta property=\"og:type\" content=\"article\" \/>\n<meta property=\"og:title\" content=\"Jobdating Alternance - IUT de Colmar\" \/>\n<meta property=\"og:description\" content=\"Le Job Dating Alternance est une prise de contact rapide entre un recruteur et un candidat. Recruteurs et candidats encha\u00eenent de brefs entretiens.\" \/>\n<meta property=\"og:url\" content=\"https:\/\/www.iutcolmar.uha.fr\/index.php\/relations-entreprises\/jobdating-alternance\/\" \/>\n<meta property=\"og:site_name\" content=\"IUT de Colmar\" \/>\n<meta property=\"article:modified_time\" content=\"2026-01-27T10:50:06+00:00\" \/>\n<meta property=\"og:image\" content=\"https:\/\/www.iutcolmar.uha.fr\/wp-content\/uploads\/2024\/04\/Photo-job-dating-alternance-21-BU-mars-24-scaled.jpg\" \/>\n\t<meta property=\"og:image:width\" content=\"2560\" \/>\n\t<meta property=\"og:image:height\" content=\"2148\" \/>\n\t<meta property=\"og:image:type\" content=\"image\/jpeg\" \/>\n<meta name=\"twitter:card\" content=\"summary_large_image\" \/>\n<meta name=\"twitter:label1\" content=\"Dur\u00e9e de lecture estim\u00e9e\" \/>\n\t<meta name=\"twitter:data1\" content=\"4 minutes\" \/>\n<script type=\"application\/ld+json\" class=\"yoast-schema-graph\">{\"@context\":\"https:\\\/\\\/schema.org\",\"@graph\":[{\"@type\":\"WebPage\",\"@id\":\"https:\\\/\\\/www.iutcolmar.uha.fr\\\/index.php\\\/relations-entreprises\\\/jobdating-alternance\\\/\",\"url\":\"https:\\\/\\\/www.iutcolmar.uha.fr\\\/index.php\\\/relations-entreprises\\\/jobdating-alternance\\\/\",\"name\":\"Jobdating Alternance - IUT de Colmar\",\"isPartOf\":{\"@id\":\"https:\\\/\\\/www.iutcolmar.uha.fr\\\/#website\"},\"primaryImageOfPage\":{\"@id\":\"https:\\\/\\\/www.iutcolmar.uha.fr\\\/index.php\\\/relations-entreprises\\\/jobdating-alternance\\\/#primaryimage\"},\"image\":{\"@id\":\"https:\\\/\\\/www.iutcolmar.uha.fr\\\/index.php\\\/relations-entreprises\\\/jobdating-alternance\\\/#primaryimage\"},\"thumbnailUrl\":\"https:\\\/\\\/www.iutcolmar.uha.fr\\\/wp-content\\\/uploads\\\/2024\\\/04\\\/Photo-job-dating-alternance-21-BU-mars-24-scaled.jpg\",\"datePublished\":\"2018-05-17T08:09:31+00:00\",\"dateModified\":\"2026-01-27T10:50:06+00:00\",\"description\":\"Le Job Dating Alternance est une prise de contact rapide entre un recruteur et un candidat. Recruteurs et candidats encha\u00eenent de brefs entretiens.\",\"breadcrumb\":{\"@id\":\"https:\\\/\\\/www.iutcolmar.uha.fr\\\/index.php\\\/relations-entreprises\\\/jobdating-alternance\\\/#breadcrumb\"},\"inLanguage\":\"fr-FR\",\"potentialAction\":[{\"@type\":\"ReadAction\",\"target\":[\"https:\\\/\\\/www.iutcolmar.uha.fr\\\/index.php\\\/relations-entreprises\\\/jobdating-alternance\\\/\"]}]},{\"@type\":\"ImageObject\",\"inLanguage\":\"fr-FR\",\"@id\":\"https:\\\/\\\/www.iutcolmar.uha.fr\\\/index.php\\\/relations-entreprises\\\/jobdating-alternance\\\/#primaryimage\",\"url\":\"https:\\\/\\\/www.iutcolmar.uha.fr\\\/wp-content\\\/uploads\\\/2024\\\/04\\\/Photo-job-dating-alternance-21-BU-mars-24-scaled.jpg\",\"contentUrl\":\"https:\\\/\\\/www.iutcolmar.uha.fr\\\/wp-content\\\/uploads\\\/2024\\\/04\\\/Photo-job-dating-alternance-21-BU-mars-24-scaled.jpg\",\"width\":2560,\"height\":2148,\"caption\":\"Photo job dating alternance 21 BU mars 24 - IUT de Colmar\"},{\"@type\":\"BreadcrumbList\",\"@id\":\"https:\\\/\\\/www.iutcolmar.uha.fr\\\/index.php\\\/relations-entreprises\\\/jobdating-alternance\\\/#breadcrumb\",\"itemListElement\":[{\"@type\":\"ListItem\",\"position\":1,\"name\":\"Accueil\",\"item\":\"https:\\\/\\\/www.iutcolmar.uha.fr\\\/\"},{\"@type\":\"ListItem\",\"position\":2,\"name\":\"Entreprises\",\"item\":\"https:\\\/\\\/www.iutcolmar.uha.fr\\\/index.php\\\/relations-entreprises\\\/\"},{\"@type\":\"ListItem\",\"position\":3,\"name\":\"Jobdating Alternance\"}]},{\"@type\":\"WebSite\",\"@id\":\"https:\\\/\\\/www.iutcolmar.uha.fr\\\/#website\",\"url\":\"https:\\\/\\\/www.iutcolmar.uha.fr\\\/\",\"name\":\"IUT de Colmar\",\"description\":\"Universit\u00e9 de Haute-Alsace\",\"potentialAction\":[{\"@type\":\"SearchAction\",\"target\":{\"@type\":\"EntryPoint\",\"urlTemplate\":\"https:\\\/\\\/www.iutcolmar.uha.fr\\\/?s={search_term_string}\"},\"query-input\":{\"@type\":\"PropertyValueSpecification\",\"valueRequired\":true,\"valueName\":\"search_term_string\"}}],\"inLanguage\":\"fr-FR\"}]}<\/script>\n<!-- \/ Yoast SEO plugin. -->","yoast_head_json":{"title":"Jobdating Alternance - IUT de Colmar","description":"Le Job Dating Alternance est une prise de contact rapide entre un recruteur et un candidat. Recruteurs et candidats encha\u00eenent de brefs entretiens.","robots":{"index":"index","follow":"follow","max-snippet":"max-snippet:-1","max-image-preview":"max-image-preview:large","max-video-preview":"max-video-preview:-1"},"canonical":"https:\/\/www.iutcolmar.uha.fr\/index.php\/relations-entreprises\/jobdating-alternance\/","og_locale":"fr_FR","og_type":"article","og_title":"Jobdating Alternance - IUT de Colmar","og_description":"Le Job Dating Alternance est une prise de contact rapide entre un recruteur et un candidat. Recruteurs et candidats encha\u00eenent de brefs entretiens.","og_url":"https:\/\/www.iutcolmar.uha.fr\/index.php\/relations-entreprises\/jobdating-alternance\/","og_site_name":"IUT de Colmar","article_modified_time":"2026-01-27T10:50:06+00:00","og_image":[{"width":2560,"height":2148,"url":"https:\/\/www.iutcolmar.uha.fr\/wp-content\/uploads\/2024\/04\/Photo-job-dating-alternance-21-BU-mars-24-scaled.jpg","type":"image\/jpeg"}],"twitter_card":"summary_large_image","twitter_misc":{"Dur\u00e9e de lecture estim\u00e9e":"4 minutes"},"schema":{"@context":"https:\/\/schema.org","@graph":[{"@type":"WebPage","@id":"https:\/\/www.iutcolmar.uha.fr\/index.php\/relations-entreprises\/jobdating-alternance\/","url":"https:\/\/www.iutcolmar.uha.fr\/index.php\/relations-entreprises\/jobdating-alternance\/","name":"Jobdating Alternance - IUT de Colmar","isPartOf":{"@id":"https:\/\/www.iutcolmar.uha.fr\/#website"},"primaryImageOfPage":{"@id":"https:\/\/www.iutcolmar.uha.fr\/index.php\/relations-entreprises\/jobdating-alternance\/#primaryimage"},"image":{"@id":"https:\/\/www.iutcolmar.uha.fr\/index.php\/relations-entreprises\/jobdating-alternance\/#primaryimage"},"thumbnailUrl":"https:\/\/www.iutcolmar.uha.fr\/wp-content\/uploads\/2024\/04\/Photo-job-dating-alternance-21-BU-mars-24-scaled.jpg","datePublished":"2018-05-17T08:09:31+00:00","dateModified":"2026-01-27T10:50:06+00:00","description":"Le Job Dating Alternance est une prise de contact rapide entre un recruteur et un candidat. Recruteurs et candidats encha\u00eenent de brefs entretiens.","breadcrumb":{"@id":"https:\/\/www.iutcolmar.uha.fr\/index.php\/relations-entreprises\/jobdating-alternance\/#breadcrumb"},"inLanguage":"fr-FR","potentialAction":[{"@type":"ReadAction","target":["https:\/\/www.iutcolmar.uha.fr\/index.php\/relations-entreprises\/jobdating-alternance\/"]}]},{"@type":"ImageObject","inLanguage":"fr-FR","@id":"https:\/\/www.iutcolmar.uha.fr\/index.php\/relations-entreprises\/jobdating-alternance\/#primaryimage","url":"https:\/\/www.iutcolmar.uha.fr\/wp-content\/uploads\/2024\/04\/Photo-job-dating-alternance-21-BU-mars-24-scaled.jpg","contentUrl":"https:\/\/www.iutcolmar.uha.fr\/wp-content\/uploads\/2024\/04\/Photo-job-dating-alternance-21-BU-mars-24-scaled.jpg","width":2560,"height":2148,"caption":"Photo job dating alternance 21 BU mars 24 - IUT de Colmar"},{"@type":"BreadcrumbList","@id":"https:\/\/www.iutcolmar.uha.fr\/index.php\/relations-entreprises\/jobdating-alternance\/#breadcrumb","itemListElement":[{"@type":"ListItem","position":1,"name":"Accueil","item":"https:\/\/www.iutcolmar.uha.fr\/"},{"@type":"ListItem","position":2,"name":"Entreprises","item":"https:\/\/www.iutcolmar.uha.fr\/index.php\/relations-entreprises\/"},{"@type":"ListItem","position":3,"name":"Jobdating Alternance"}]},{"@type":"WebSite","@id":"https:\/\/www.iutcolmar.uha.fr\/#website","url":"https:\/\/www.iutcolmar.uha.fr\/","name":"IUT de Colmar","description":"Universit\u00e9 de Haute-Alsace","potentialAction":[{"@type":"SearchAction","target":{"@type":"EntryPoint","urlTemplate":"https:\/\/www.iutcolmar.uha.fr\/?s={search_term_string}"},"query-input":{"@type":"PropertyValueSpecification","valueRequired":true,"valueName":"search_term_string"}}],"inLanguage":"fr-FR"}]}},"_links":{"self":[{"href":"https:\/\/www.iutcolmar.uha.fr\/index.php\/wp-json\/wp\/v2\/pages\/1100","targetHints":{"allow":["GET"]}}],"collection":[{"href":"https:\/\/www.iutcolmar.uha.fr\/index.php\/wp-json\/wp\/v2\/pages"}],"about":[{"href":"https:\/\/www.iutcolmar.uha.fr\/index.php\/wp-json\/wp\/v2\/types\/page"}],"author":[{"embeddable":true,"href":"https:\/\/www.iutcolmar.uha.fr\/index.php\/wp-json\/wp\/v2\/users\/1"}],"replies":[{"embeddable":true,"href":"https:\/\/www.iutcolmar.uha.fr\/index.php\/wp-json\/wp\/v2\/comments?post=1100"}],"version-history":[{"count":81,"href":"https:\/\/www.iutcolmar.uha.fr\/index.php\/wp-json\/wp\/v2\/pages\/1100\/revisions"}],"predecessor-version":[{"id":8055,"href":"https:\/\/www.iutcolmar.uha.fr\/index.php\/wp-json\/wp\/v2\/pages\/1100\/revisions\/8055"}],"up":[{"embeddable":true,"href":"https:\/\/www.iutcolmar.uha.fr\/index.php\/wp-json\/wp\/v2\/pages\/15"}],"wp:featuredmedia":[{"embeddable":true,"href":"https:\/\/www.iutcolmar.uha.fr\/index.php\/wp-json\/wp\/v2\/media\/6600"}],"wp:attachment":[{"href":"https:\/\/www.iutcolmar.uha.fr\/index.php\/wp-json\/wp\/v2\/media?parent=1100"}],"curies":[{"name":"wp","href":"https:\/\/api.w.org\/{rel}","templated":true}]}}