{"id":1102,"date":"2023-09-08T10:09:52","date_gmt":"2023-09-08T08:09:52","guid":{"rendered":"https:\/\/www.iutcolmar.uha.fr\/?page_id=1102"},"modified":"2026-01-15T16:41:17","modified_gmt":"2026-01-15T15:41:17","slug":"soutenir-liut","status":"publish","type":"page","link":"https:\/\/www.iutcolmar.uha.fr\/index.php\/relations-entreprises\/soutenir-liut\/","title":{"rendered":"Soutenir l&rsquo;IUT"},"content":{"rendered":"<h1><strong>Soutenir l\u2019IUT, c\u2019est investir dans votre territoire<\/strong><\/h1>\n<p><img loading=\"lazy\" decoding=\"async\" class=\"aligncenter wp-image-7524 size-full\" src=\"https:\/\/www.iutcolmar.uha.fr\/wp-content\/uploads\/2025\/10\/BANNIERE4.png\" alt=\"\" width=\"1175\" height=\"325\" srcset=\"https:\/\/www.iutcolmar.uha.fr\/wp-content\/uploads\/2025\/10\/BANNIERE4.png 1175w, https:\/\/www.iutcolmar.uha.fr\/wp-content\/uploads\/2025\/10\/BANNIERE4-300x83.png 300w, https:\/\/www.iutcolmar.uha.fr\/wp-content\/uploads\/2025\/10\/BANNIERE4-1024x283.png 1024w, https:\/\/www.iutcolmar.uha.fr\/wp-content\/uploads\/2025\/10\/BANNIERE4-768x212.png 768w\" sizes=\"auto, (max-width: 1175px) 100vw, 1175px\" \/><\/p>\n<p>Gr\u00e2ce \u00e0 la taxe d\u2019apprentissage et au m\u00e9c\u00e9nat, vous pouvez contribuer activement \u00e0 la qualit\u00e9 des formations et \u00e0 l\u2019innovation p\u00e9dagogique au sein de l\u2019IUT de Colmar.<\/p>\n<hr \/>\n<h2><strong>M\u00e9c\u00e9nat &amp; partenariats<\/strong><\/h2>\n<p>Associez votre entreprise \u00e0 la formation publique et au d\u00e9veloppement des comp\u00e9tences de demain.<br \/>\nLe m\u00e9c\u00e9nat de comp\u00e9tences permet \u00e0 vos collaborateurs de mettre leur expertise au service de notre IUT : interventions en cours, accompagnement de projets, mentorat, ou participation \u00e0 des actions de d\u00e9veloppement.<\/p>\n<p><strong>Un engagement \u00e0 forte valeur ajout\u00e9e<\/strong><br \/>\n\u2022 Pour l\u2019IUT : un lien direct avec le monde professionnel et des formations nourries par l\u2019exp\u00e9rience terrain.<br \/>\n\u2022 Pour vos collaborateurs : une exp\u00e9rience humaine et formatrice, porteuse de sens.<br \/>\n\u2022 Pour votre entreprise : une action concr\u00e8te de responsabilit\u00e9 soci\u00e9tale (RSE), valorisable dans votre reporting extra-financier et \u00e9ligible au dispositif fiscal du m\u00e9c\u00e9nat.<\/p>\n<a href=\"mailto:relations-entreprises.iutcolmar@uha.fr\" class=\"su-button su-button-style-flat\" style=\"color:#FFFFFF;background-color:#004996;border-color:#003b78;border-radius:40px\" target=\"_blank\" rel=\"noopener noreferrer\"><span style=\"color:#FFFFFF;padding:7px 20px;font-size:16px;line-height:24px;border-color:#4d80b6;border-radius:40px;text-shadow:none\"><i class=\"sui sui-telegram\" style=\"font-size:16px;color:#FFFFFF\"><\/i> Devenir m\u00e9c\u00e8ne ou partenaire<\/span><\/a>\n<hr \/>\n<h2><strong>Taxe d\u2019apprentissage<\/strong><\/h2>\n<p>La professionnalisation de nos \u00e9tudiants est au c\u0153ur de nos pr\u00e9occupations pour former des experts en mesure de r\u00e9pondre \u00e0 vos besoins professionnels. Pour atteindre cet objectif, la taxe d\u2019apprentissage constitue une ressource indispensable pour mener \u00e0 bien nos actions de professionnalisation. La <a href=\"https:\/\/www.soltea.education.gouv.fr\/espace-public\/\">plateforme SOLT\u00e9A<\/a>, vous permet de contribuer directement \u00e0 la formation des professionnels de demain et participer au d\u00e9veloppement d\u2019un enseignement de qualit\u00e9, en phase avec les besoins du monde \u00e9conomique. Toutes les formations dispens\u00e9es par l&rsquo;IUT de Colmar sont habilit\u00e9es \u00e0 percevoir le solde de la taxe d\u2019apprentissage.<\/p>\n<p><strong>En soutenant l\u2019IUT de Colmar, vous pourrez contribuer :<\/strong><br \/>\n\u25b6\ufe0f Au d\u00e9veloppement des contrats d&rsquo;alternance<br \/>\n\u25b6\ufe0f Au soutien des actions de professionnalisation de nos \u00e9tudiants<br \/>\n\u25b6\ufe0f Au d\u00e9veloppement de formations de qualit\u00e9 r\u00e9pondant au mieux \u00e0 vos besoins<br \/>\n\u25b6\ufe0f \u00c0 l&rsquo;investissement dans l\u2019\u00e9quipement et le mat\u00e9riel indispensable aux formations<br \/>\n\u25b6\ufe0f \u00c0 la promotion de vos m\u00e9tiers par nos formations<\/p>\n<div class=\"su-note\"  style=\"border-color:#002f7c;border-radius:3px;-moz-border-radius:3px;-webkit-border-radius:3px;\"><div class=\"su-note-inner su-u-clearfix su-u-trim\" style=\"background-color:#004996;border-color:#ccffff;color:#FFFFFF;border-radius:3px;-moz-border-radius:3px;-webkit-border-radius:3px;\">\n<strong>\u00a0Pour nous soutenir, rendez-vous sur SOLT\u00e9A :<br \/>\n<\/strong><strong>\u25b6\ufe0f plateforme SOLT\u00e9A : <\/strong><a href=\"https:\/\/www.soltea.education.gouv.fr\/espace-public\/\"><strong>cliquez ici<\/strong><\/a><br \/>\n<strong>\u25b6\ufe0f code UAI : 0680053N<\/strong><\/p>\n<\/div><\/div>\n<div class=\"\">\n<div class=\"su-box su-box-style-default\" id=\"\" style=\"border-color:#000000;border-radius:3px;\"><div class=\"su-box-title\" style=\"background-color:#333333;color:#FFFFFF;border-top-left-radius:1px;border-top-right-radius:1px\">Calendrier de la campagne 2025<\/div><div class=\"su-box-content su-u-clearfix su-u-trim\" style=\"border-bottom-left-radius:1px;border-bottom-right-radius:1px\">\n<div class=\"su-list\" style=\"margin-left:0px\">\n<\/div>\n<h3><strong>1\u00e8re p\u00e9riode de r\u00e9partition <\/strong><\/h3>\n<p>&#8211; <strong>26 mai<\/strong> : D\u00e9but de la 1\u00e8re p\u00e9riode de r\u00e9partition et ouverture de SOLT\u00e9A pour les employeurs<br \/>\n<strong>&#8211; 27 juin\u00a0 :<\/strong> Cl\u00f4ture de la 1\u00e8re p\u00e9riode de r\u00e9partition<br \/>\n<strong>&#8211; 11 juillet\u00a0 :<\/strong> 1er virement des fonds r\u00e9partis aux \u00e9tablissements par les employeurs<\/p>\n<h3><strong>2\u00e8me p\u00e9riode de r\u00e9partition<\/strong><\/h3>\n<p>&#8211; <strong>14 juillet<\/strong> : D\u00e9but de la 2\u00e8me p\u00e9riode de r\u00e9partition<br \/>\n<strong>&#8211; 24 octobre<\/strong> : Cl\u00f4ture de la campagne de r\u00e9partition sur SOLT\u00e9A<br \/>\n<strong>&#8211; 7 novembre<\/strong> : 2\u00e8me virement des fonds r\u00e9partis aux \u00e9tablissements par les employeurs<\/p>\n<h3><strong>Fonds non r\u00e9partis<br \/>\n<\/strong><\/h3>\n<p><strong>27 novembre :<\/strong> Versement des fonds non r\u00e9partis par voie r\u00e9glementaire.<\/p>\n<p><iframe loading=\"lazy\" title=\"Employeurs : la campagne de r\u00e9partition 2025 est ouverte !\" width=\"750\" height=\"422\" src=\"https:\/\/www.youtube.com\/embed\/SyQfhelmpPU?feature=oembed\" frameborder=\"0\" allow=\"accelerometer; autoplay; clipboard-write; encrypted-media; gyroscope; picture-in-picture; web-share\" referrerpolicy=\"strict-origin-when-cross-origin\" allowfullscreen><\/iframe><\/p>\n<\/div><\/div>\n<\/div>\n","protected":false},"excerpt":{"rendered":"<p>Soutenir l\u2019IUT, c\u2019est investir dans votre territoire Gr\u00e2ce \u00e0 la taxe d\u2019apprentissage et au m\u00e9c\u00e9nat, vous pouvez contribuer activement \u00e0 la qualit\u00e9 des formations et \u00e0 l\u2019innovation p\u00e9dagogique au sein de l\u2019IUT de Colmar. M\u00e9c\u00e9nat &amp; partenariats Associez votre entreprise \u00e0 la formation publique et au d\u00e9veloppement des comp\u00e9tences de demain. Le m\u00e9c\u00e9nat de comp\u00e9tences [&hellip;]<\/p>\n","protected":false},"author":1,"featured_media":6169,"parent":15,"menu_order":6,"comment_status":"closed","ping_status":"closed","template":"","meta":{"footnotes":""},"class_list":["post-1102","page","type-page","status-publish","has-post-thumbnail","hentry"],"yoast_head":"<!-- This site is optimized with the Yoast SEO plugin v27.1.1 - https:\/\/yoast.com\/product\/yoast-seo-wordpress\/ -->\n<title>Soutenir l&#039;IUT - IUT de Colmar<\/title>\n<meta name=\"description\" content=\"La taxe d&#039;apprentissage permet aux entreprises de financer les d\u00e9penses n\u00e9cessaires au d\u00e9veloppement de l\u2019apprentissage et de l&#039;enseignement.\" \/>\n<meta name=\"robots\" content=\"index, follow, max-snippet:-1, max-image-preview:large, max-video-preview:-1\" \/>\n<link rel=\"canonical\" href=\"https:\/\/www.iutcolmar.uha.fr\/index.php\/relations-entreprises\/soutenir-liut\/\" \/>\n<meta property=\"og:locale\" content=\"fr_FR\" \/>\n<meta property=\"og:type\" content=\"article\" \/>\n<meta property=\"og:title\" content=\"Soutenir l&#039;IUT - IUT de Colmar\" \/>\n<meta property=\"og:description\" content=\"La taxe d&#039;apprentissage permet aux entreprises de financer les d\u00e9penses n\u00e9cessaires au d\u00e9veloppement de l\u2019apprentissage et de l&#039;enseignement.\" \/>\n<meta property=\"og:url\" content=\"https:\/\/www.iutcolmar.uha.fr\/index.php\/relations-entreprises\/soutenir-liut\/\" \/>\n<meta property=\"og:site_name\" content=\"IUT de Colmar\" \/>\n<meta property=\"article:modified_time\" content=\"2026-01-15T15:41:17+00:00\" \/>\n<meta property=\"og:image\" content=\"https:\/\/www.iutcolmar.uha.fr\/wp-content\/uploads\/2023\/09\/business-3167295_edited-scaled.jpg\" \/>\n\t<meta property=\"og:image:width\" content=\"2560\" \/>\n\t<meta property=\"og:image:height\" content=\"1086\" \/>\n\t<meta property=\"og:image:type\" content=\"image\/jpeg\" \/>\n<meta name=\"twitter:card\" content=\"summary_large_image\" \/>\n<meta name=\"twitter:label1\" content=\"Dur\u00e9e de lecture estim\u00e9e\" \/>\n\t<meta name=\"twitter:data1\" content=\"3 minutes\" \/>\n<script type=\"application\/ld+json\" class=\"yoast-schema-graph\">{\"@context\":\"https:\/\/schema.org\",\"@graph\":[{\"@type\":\"WebPage\",\"@id\":\"https:\/\/www.iutcolmar.uha.fr\/index.php\/relations-entreprises\/soutenir-liut\/\",\"url\":\"https:\/\/www.iutcolmar.uha.fr\/index.php\/relations-entreprises\/soutenir-liut\/\",\"name\":\"Soutenir l'IUT - IUT de Colmar\",\"isPartOf\":{\"@id\":\"https:\/\/www.iutcolmar.uha.fr\/#website\"},\"primaryImageOfPage\":{\"@id\":\"https:\/\/www.iutcolmar.uha.fr\/index.php\/relations-entreprises\/soutenir-liut\/#primaryimage\"},\"image\":{\"@id\":\"https:\/\/www.iutcolmar.uha.fr\/index.php\/relations-entreprises\/soutenir-liut\/#primaryimage\"},\"thumbnailUrl\":\"https:\/\/www.iutcolmar.uha.fr\/wp-content\/uploads\/2023\/09\/business-3167295_edited-scaled.jpg\",\"datePublished\":\"2023-09-08T08:09:52+00:00\",\"dateModified\":\"2026-01-15T15:41:17+00:00\",\"description\":\"La taxe d'apprentissage permet aux entreprises de financer les d\u00e9penses n\u00e9cessaires au d\u00e9veloppement de l\u2019apprentissage et de l'enseignement.\",\"breadcrumb\":{\"@id\":\"https:\/\/www.iutcolmar.uha.fr\/index.php\/relations-entreprises\/soutenir-liut\/#breadcrumb\"},\"inLanguage\":\"fr-FR\",\"potentialAction\":[{\"@type\":\"ReadAction\",\"target\":[\"https:\/\/www.iutcolmar.uha.fr\/index.php\/relations-entreprises\/soutenir-liut\/\"]}]},{\"@type\":\"ImageObject\",\"inLanguage\":\"fr-FR\",\"@id\":\"https:\/\/www.iutcolmar.uha.fr\/index.php\/relations-entreprises\/soutenir-liut\/#primaryimage\",\"url\":\"https:\/\/www.iutcolmar.uha.fr\/wp-content\/uploads\/2023\/09\/business-3167295_edited-scaled.jpg\",\"contentUrl\":\"https:\/\/www.iutcolmar.uha.fr\/wp-content\/uploads\/2023\/09\/business-3167295_edited-scaled.jpg\",\"width\":2560,\"height\":1086,\"caption\":\"Taxe apprentissage IUT Colmar 2023\"},{\"@type\":\"BreadcrumbList\",\"@id\":\"https:\/\/www.iutcolmar.uha.fr\/index.php\/relations-entreprises\/soutenir-liut\/#breadcrumb\",\"itemListElement\":[{\"@type\":\"ListItem\",\"position\":1,\"name\":\"Accueil\",\"item\":\"https:\/\/www.iutcolmar.uha.fr\/\"},{\"@type\":\"ListItem\",\"position\":2,\"name\":\"Entreprises\",\"item\":\"https:\/\/www.iutcolmar.uha.fr\/index.php\/relations-entreprises\/\"},{\"@type\":\"ListItem\",\"position\":3,\"name\":\"Soutenir l&rsquo;IUT\"}]},{\"@type\":\"WebSite\",\"@id\":\"https:\/\/www.iutcolmar.uha.fr\/#website\",\"url\":\"https:\/\/www.iutcolmar.uha.fr\/\",\"name\":\"IUT de Colmar\",\"description\":\"Universit\u00e9 de Haute-Alsace\",\"potentialAction\":[{\"@type\":\"SearchAction\",\"target\":{\"@type\":\"EntryPoint\",\"urlTemplate\":\"https:\/\/www.iutcolmar.uha.fr\/?s={search_term_string}\"},\"query-input\":{\"@type\":\"PropertyValueSpecification\",\"valueRequired\":true,\"valueName\":\"search_term_string\"}}],\"inLanguage\":\"fr-FR\"}]}<\/script>\n<!-- \/ Yoast SEO plugin. -->","yoast_head_json":{"title":"Soutenir l'IUT - IUT de Colmar","description":"La taxe d'apprentissage permet aux entreprises de financer les d\u00e9penses n\u00e9cessaires au d\u00e9veloppement de l\u2019apprentissage et de l'enseignement.","robots":{"index":"index","follow":"follow","max-snippet":"max-snippet:-1","max-image-preview":"max-image-preview:large","max-video-preview":"max-video-preview:-1"},"canonical":"https:\/\/www.iutcolmar.uha.fr\/index.php\/relations-entreprises\/soutenir-liut\/","og_locale":"fr_FR","og_type":"article","og_title":"Soutenir l'IUT - IUT de Colmar","og_description":"La taxe d'apprentissage permet aux entreprises de financer les d\u00e9penses n\u00e9cessaires au d\u00e9veloppement de l\u2019apprentissage et de l'enseignement.","og_url":"https:\/\/www.iutcolmar.uha.fr\/index.php\/relations-entreprises\/soutenir-liut\/","og_site_name":"IUT de Colmar","article_modified_time":"2026-01-15T15:41:17+00:00","og_image":[{"width":2560,"height":1086,"url":"https:\/\/www.iutcolmar.uha.fr\/wp-content\/uploads\/2023\/09\/business-3167295_edited-scaled.jpg","type":"image\/jpeg"}],"twitter_card":"summary_large_image","twitter_misc":{"Dur\u00e9e de lecture estim\u00e9e":"3 minutes"},"schema":{"@context":"https:\/\/schema.org","@graph":[{"@type":"WebPage","@id":"https:\/\/www.iutcolmar.uha.fr\/index.php\/relations-entreprises\/soutenir-liut\/","url":"https:\/\/www.iutcolmar.uha.fr\/index.php\/relations-entreprises\/soutenir-liut\/","name":"Soutenir l'IUT - IUT de Colmar","isPartOf":{"@id":"https:\/\/www.iutcolmar.uha.fr\/#website"},"primaryImageOfPage":{"@id":"https:\/\/www.iutcolmar.uha.fr\/index.php\/relations-entreprises\/soutenir-liut\/#primaryimage"},"image":{"@id":"https:\/\/www.iutcolmar.uha.fr\/index.php\/relations-entreprises\/soutenir-liut\/#primaryimage"},"thumbnailUrl":"https:\/\/www.iutcolmar.uha.fr\/wp-content\/uploads\/2023\/09\/business-3167295_edited-scaled.jpg","datePublished":"2023-09-08T08:09:52+00:00","dateModified":"2026-01-15T15:41:17+00:00","description":"La taxe d'apprentissage permet aux entreprises de financer les d\u00e9penses n\u00e9cessaires au d\u00e9veloppement de l\u2019apprentissage et de l'enseignement.","breadcrumb":{"@id":"https:\/\/www.iutcolmar.uha.fr\/index.php\/relations-entreprises\/soutenir-liut\/#breadcrumb"},"inLanguage":"fr-FR","potentialAction":[{"@type":"ReadAction","target":["https:\/\/www.iutcolmar.uha.fr\/index.php\/relations-entreprises\/soutenir-liut\/"]}]},{"@type":"ImageObject","inLanguage":"fr-FR","@id":"https:\/\/www.iutcolmar.uha.fr\/index.php\/relations-entreprises\/soutenir-liut\/#primaryimage","url":"https:\/\/www.iutcolmar.uha.fr\/wp-content\/uploads\/2023\/09\/business-3167295_edited-scaled.jpg","contentUrl":"https:\/\/www.iutcolmar.uha.fr\/wp-content\/uploads\/2023\/09\/business-3167295_edited-scaled.jpg","width":2560,"height":1086,"caption":"Taxe apprentissage IUT Colmar 2023"},{"@type":"BreadcrumbList","@id":"https:\/\/www.iutcolmar.uha.fr\/index.php\/relations-entreprises\/soutenir-liut\/#breadcrumb","itemListElement":[{"@type":"ListItem","position":1,"name":"Accueil","item":"https:\/\/www.iutcolmar.uha.fr\/"},{"@type":"ListItem","position":2,"name":"Entreprises","item":"https:\/\/www.iutcolmar.uha.fr\/index.php\/relations-entreprises\/"},{"@type":"ListItem","position":3,"name":"Soutenir l&rsquo;IUT"}]},{"@type":"WebSite","@id":"https:\/\/www.iutcolmar.uha.fr\/#website","url":"https:\/\/www.iutcolmar.uha.fr\/","name":"IUT de Colmar","description":"Universit\u00e9 de Haute-Alsace","potentialAction":[{"@type":"SearchAction","target":{"@type":"EntryPoint","urlTemplate":"https:\/\/www.iutcolmar.uha.fr\/?s={search_term_string}"},"query-input":{"@type":"PropertyValueSpecification","valueRequired":true,"valueName":"search_term_string"}}],"inLanguage":"fr-FR"}]}},"_links":{"self":[{"href":"https:\/\/www.iutcolmar.uha.fr\/index.php\/wp-json\/wp\/v2\/pages\/1102","targetHints":{"allow":["GET"]}}],"collection":[{"href":"https:\/\/www.iutcolmar.uha.fr\/index.php\/wp-json\/wp\/v2\/pages"}],"about":[{"href":"https:\/\/www.iutcolmar.uha.fr\/index.php\/wp-json\/wp\/v2\/types\/page"}],"author":[{"embeddable":true,"href":"https:\/\/www.iutcolmar.uha.fr\/index.php\/wp-json\/wp\/v2\/users\/1"}],"replies":[{"embeddable":true,"href":"https:\/\/www.iutcolmar.uha.fr\/index.php\/wp-json\/wp\/v2\/comments?post=1102"}],"version-history":[{"count":52,"href":"https:\/\/www.iutcolmar.uha.fr\/index.php\/wp-json\/wp\/v2\/pages\/1102\/revisions"}],"predecessor-version":[{"id":7246,"href":"https:\/\/www.iutcolmar.uha.fr\/index.php\/wp-json\/wp\/v2\/pages\/1102\/revisions\/7246"}],"up":[{"embeddable":true,"href":"https:\/\/www.iutcolmar.uha.fr\/index.php\/wp-json\/wp\/v2\/pages\/15"}],"wp:featuredmedia":[{"embeddable":true,"href":"https:\/\/www.iutcolmar.uha.fr\/index.php\/wp-json\/wp\/v2\/media\/6169"}],"wp:attachment":[{"href":"https:\/\/www.iutcolmar.uha.fr\/index.php\/wp-json\/wp\/v2\/media?parent=1102"}],"curies":[{"name":"wp","href":"https:\/\/api.w.org\/{rel}","templated":true}]}}