{"id":1135,"date":"2018-05-18T10:06:08","date_gmt":"2018-05-18T08:06:08","guid":{"rendered":"https:\/\/www.iutcolmar.uha.fr\/?page_id=1135"},"modified":"2023-12-20T11:00:46","modified_gmt":"2023-12-20T10:00:46","slug":"diplomes-en-alternance","status":"publish","type":"page","link":"https:\/\/www.iutcolmar.uha.fr\/index.php\/formations\/alternance\/diplomes-en-alternance\/","title":{"rendered":"Dipl\u00f4mes en alternance"},"content":{"rendered":"<h1><span style=\"color: #333333;\">Dipl\u00f4mes en alternance<\/span><\/h1>\n<p>L&rsquo;IUT de Colmar propose les 6 BUT en alternance en 1<sup>\u00e8re <\/sup>et 2<sup>\u00e8me<\/sup> ann\u00e9e \u00e0 l&rsquo;exception de G\u00e9nie Biologique qui propose seulement la 2\u00e8me ann\u00e9e \u00e0 la rentr\u00e9e 2023.<\/p>\n<div class=\"su-box su-box-style-default\" id=\"\" style=\"border-color:#000000;border-radius:3px;\"><div class=\"su-box-title\" style=\"background-color:#333333;color:#FFFFFF;border-top-left-radius:1px;border-top-right-radius:1px\">Bachelor Universitaire de Technologie (BUT) - Bac + 3<\/div><div class=\"su-box-content su-u-clearfix su-u-trim\" style=\"border-bottom-left-radius:1px;border-bottom-right-radius:1px\">\n<ul>\n<li><a href=\"https:\/\/www.iutcolmar.uha.fr\/index.php\/formations\/diplomes\/bachelor-universitaire-de-technologie-b-u-t-bac-3\/b-u-t-carrieres-juridiques\/\">B.U.T. Carri\u00e8res Juridiques<\/a><\/li>\n<li><a href=\"https:\/\/www.iutcolmar.uha.fr\/index.php\/formations\/diplomes\/bachelor-universitaire-de-technologie-b-u-t-bac-3\/b-u-t-genie-biologique-parcours-agronomie\/\">B.U.T. G\u00e9nie Biologique parcours agronomie<\/a><\/li>\n<li><a href=\"https:\/\/www.iutcolmar.uha.fr\/index.php\/formations\/diplomes\/bachelor-universitaire-de-technologie-b-u-t-bac-3\/b-u-t-hygiene-securite-environnement\/\">B.U.T. Hygi\u00e8ne S\u00e9curit\u00e9 Environnement<\/a><\/li>\n<li><a href=\"https:\/\/www.iutcolmar.uha.fr\/index.php\/formations\/diplomes\/bachelor-universitaire-de-technologie-b-u-t-bac-3\/b-u-t-metiers-de-la-transition-et-de-lefficacite-energetiques\/\">B.U.T. M\u00e9tiers de la Transition et de l&rsquo;Efficacit\u00e9 \u00c9nerg\u00e9tiques<\/a><\/li>\n<li><a href=\"https:\/\/www.iutcolmar.uha.fr\/index.php\/formations\/diplomes\/bachelor-universitaire-de-technologie-b-u-t-bac-3\/b-u-t-reseaux-et-telecommunications\/\">B.U.T. R\u00e9seaux et T\u00e9l\u00e9communications<\/a><\/li>\n<li><a href=\"https:\/\/www.iutcolmar.uha.fr\/index.php\/formations\/diplomes\/bachelor-universitaire-de-technologie-b-u-t-bac-3\/b-u-t-techniques-de-commercialisation\/\">B.U.T. Techniques de Commercialisation<\/a><\/li>\n<\/ul>\n<\/div><\/div>\n<p>Il propose \u00e9galement 2 Licences Professionnelles.<\/p>\n<div class=\"su-box su-box-style-default\" id=\"\" style=\"border-color:#000000;border-radius:3px;\"><div class=\"su-box-title\" style=\"background-color:#333333;color:#FFFFFF;border-top-left-radius:1px;border-top-right-radius:1px\">Licences Professionnelles (Bac + 3)<\/div><div class=\"su-box-content su-u-clearfix su-u-trim\" style=\"border-bottom-left-radius:1px;border-bottom-right-radius:1px\">\n<ul>\n<li><a href=\"https:\/\/www.iutcolmar.uha.fr\/index.php\/formations\/diplomes\/bac-3-licences-professionnelles\/lp-bio-industries-et-biotechnologies\/\" target=\"_blank\" rel=\"noopener noreferrer\">LP Biotechnologies<\/a><\/li>\n<li><a href=\"https:\/\/www.iutcolmar.uha.fr\/index.php\/formations\/diplomes\/bac-3-licences-professionnelles\/lp-technico-commercial\/\" target=\"_blank\" rel=\"noopener noreferrer\">LP Technico-commercial<\/a><\/li>\n<\/ul>\n<\/div><\/div>\n","protected":false},"excerpt":{"rendered":"<p>Dipl\u00f4mes en alternance L&rsquo;IUT de Colmar propose les 6 BUT en alternance en 1\u00e8re et 2\u00e8me ann\u00e9e \u00e0 l&rsquo;exception de G\u00e9nie Biologique qui propose seulement la 2\u00e8me ann\u00e9e \u00e0 la rentr\u00e9e 2023. Il propose \u00e9galement 2 Licences Professionnelles.<\/p>\n","protected":false},"author":1,"featured_media":0,"parent":70,"menu_order":2,"comment_status":"closed","ping_status":"closed","template":"","meta":{"footnotes":""},"class_list":["post-1135","page","type-page","status-publish","hentry"],"yoast_head":"<!-- This site is optimized with the Yoast SEO plugin v27.1.1 - https:\/\/yoast.com\/product\/yoast-seo-wordpress\/ -->\n<title>Dipl\u00f4mes en alternance - IUT de Colmar<\/title>\n<meta name=\"description\" content=\"A l&#039;IUT de Colmar vous avez l&#039;opportunit\u00e9 de faire vos \u00e9tudes en alternance. Pour cela, l&#039;IUT vous propose plusieurs dipl\u00f4mes en alternance.\" \/>\n<meta name=\"robots\" content=\"index, follow, max-snippet:-1, max-image-preview:large, max-video-preview:-1\" \/>\n<link rel=\"canonical\" href=\"https:\/\/www.iutcolmar.uha.fr\/index.php\/formations\/alternance\/diplomes-en-alternance\/\" \/>\n<meta property=\"og:locale\" content=\"fr_FR\" \/>\n<meta property=\"og:type\" content=\"article\" \/>\n<meta property=\"og:title\" content=\"Dipl\u00f4mes en alternance - IUT de Colmar\" \/>\n<meta property=\"og:description\" content=\"A l&#039;IUT de Colmar vous avez l&#039;opportunit\u00e9 de faire vos \u00e9tudes en alternance. Pour cela, l&#039;IUT vous propose plusieurs dipl\u00f4mes en alternance.\" \/>\n<meta property=\"og:url\" content=\"https:\/\/www.iutcolmar.uha.fr\/index.php\/formations\/alternance\/diplomes-en-alternance\/\" \/>\n<meta property=\"og:site_name\" content=\"IUT de Colmar\" \/>\n<meta property=\"article:modified_time\" content=\"2023-12-20T10:00:46+00:00\" \/>\n<meta name=\"twitter:card\" content=\"summary_large_image\" \/>\n<meta name=\"twitter:label1\" content=\"Dur\u00e9e de lecture estim\u00e9e\" \/>\n\t<meta name=\"twitter:data1\" content=\"1 minute\" \/>\n<script type=\"application\/ld+json\" class=\"yoast-schema-graph\">{\"@context\":\"https:\/\/schema.org\",\"@graph\":[{\"@type\":\"WebPage\",\"@id\":\"https:\/\/www.iutcolmar.uha.fr\/index.php\/formations\/alternance\/diplomes-en-alternance\/\",\"url\":\"https:\/\/www.iutcolmar.uha.fr\/index.php\/formations\/alternance\/diplomes-en-alternance\/\",\"name\":\"Dipl\u00f4mes en alternance - IUT de Colmar\",\"isPartOf\":{\"@id\":\"https:\/\/www.iutcolmar.uha.fr\/#website\"},\"datePublished\":\"2018-05-18T08:06:08+00:00\",\"dateModified\":\"2023-12-20T10:00:46+00:00\",\"description\":\"A l'IUT de Colmar vous avez l'opportunit\u00e9 de faire vos \u00e9tudes en alternance. Pour cela, l'IUT vous propose plusieurs dipl\u00f4mes en alternance.\",\"breadcrumb\":{\"@id\":\"https:\/\/www.iutcolmar.uha.fr\/index.php\/formations\/alternance\/diplomes-en-alternance\/#breadcrumb\"},\"inLanguage\":\"fr-FR\",\"potentialAction\":[{\"@type\":\"ReadAction\",\"target\":[\"https:\/\/www.iutcolmar.uha.fr\/index.php\/formations\/alternance\/diplomes-en-alternance\/\"]}]},{\"@type\":\"BreadcrumbList\",\"@id\":\"https:\/\/www.iutcolmar.uha.fr\/index.php\/formations\/alternance\/diplomes-en-alternance\/#breadcrumb\",\"itemListElement\":[{\"@type\":\"ListItem\",\"position\":1,\"name\":\"Accueil\",\"item\":\"https:\/\/www.iutcolmar.uha.fr\/\"},{\"@type\":\"ListItem\",\"position\":2,\"name\":\"Formations\",\"item\":\"https:\/\/www.iutcolmar.uha.fr\/index.php\/formations\/\"},{\"@type\":\"ListItem\",\"position\":3,\"name\":\"Alternance\",\"item\":\"https:\/\/www.iutcolmar.uha.fr\/index.php\/formations\/alternance\/\"},{\"@type\":\"ListItem\",\"position\":4,\"name\":\"Dipl\u00f4mes en alternance\"}]},{\"@type\":\"WebSite\",\"@id\":\"https:\/\/www.iutcolmar.uha.fr\/#website\",\"url\":\"https:\/\/www.iutcolmar.uha.fr\/\",\"name\":\"IUT de Colmar\",\"description\":\"Universit\u00e9 de Haute-Alsace\",\"potentialAction\":[{\"@type\":\"SearchAction\",\"target\":{\"@type\":\"EntryPoint\",\"urlTemplate\":\"https:\/\/www.iutcolmar.uha.fr\/?s={search_term_string}\"},\"query-input\":{\"@type\":\"PropertyValueSpecification\",\"valueRequired\":true,\"valueName\":\"search_term_string\"}}],\"inLanguage\":\"fr-FR\"}]}<\/script>\n<!-- \/ Yoast SEO plugin. -->","yoast_head_json":{"title":"Dipl\u00f4mes en alternance - IUT de Colmar","description":"A l'IUT de Colmar vous avez l'opportunit\u00e9 de faire vos \u00e9tudes en alternance. Pour cela, l'IUT vous propose plusieurs dipl\u00f4mes en alternance.","robots":{"index":"index","follow":"follow","max-snippet":"max-snippet:-1","max-image-preview":"max-image-preview:large","max-video-preview":"max-video-preview:-1"},"canonical":"https:\/\/www.iutcolmar.uha.fr\/index.php\/formations\/alternance\/diplomes-en-alternance\/","og_locale":"fr_FR","og_type":"article","og_title":"Dipl\u00f4mes en alternance - IUT de Colmar","og_description":"A l'IUT de Colmar vous avez l'opportunit\u00e9 de faire vos \u00e9tudes en alternance. Pour cela, l'IUT vous propose plusieurs dipl\u00f4mes en alternance.","og_url":"https:\/\/www.iutcolmar.uha.fr\/index.php\/formations\/alternance\/diplomes-en-alternance\/","og_site_name":"IUT de Colmar","article_modified_time":"2023-12-20T10:00:46+00:00","twitter_card":"summary_large_image","twitter_misc":{"Dur\u00e9e de lecture estim\u00e9e":"1 minute"},"schema":{"@context":"https:\/\/schema.org","@graph":[{"@type":"WebPage","@id":"https:\/\/www.iutcolmar.uha.fr\/index.php\/formations\/alternance\/diplomes-en-alternance\/","url":"https:\/\/www.iutcolmar.uha.fr\/index.php\/formations\/alternance\/diplomes-en-alternance\/","name":"Dipl\u00f4mes en alternance - IUT de Colmar","isPartOf":{"@id":"https:\/\/www.iutcolmar.uha.fr\/#website"},"datePublished":"2018-05-18T08:06:08+00:00","dateModified":"2023-12-20T10:00:46+00:00","description":"A l'IUT de Colmar vous avez l'opportunit\u00e9 de faire vos \u00e9tudes en alternance. Pour cela, l'IUT vous propose plusieurs dipl\u00f4mes en alternance.","breadcrumb":{"@id":"https:\/\/www.iutcolmar.uha.fr\/index.php\/formations\/alternance\/diplomes-en-alternance\/#breadcrumb"},"inLanguage":"fr-FR","potentialAction":[{"@type":"ReadAction","target":["https:\/\/www.iutcolmar.uha.fr\/index.php\/formations\/alternance\/diplomes-en-alternance\/"]}]},{"@type":"BreadcrumbList","@id":"https:\/\/www.iutcolmar.uha.fr\/index.php\/formations\/alternance\/diplomes-en-alternance\/#breadcrumb","itemListElement":[{"@type":"ListItem","position":1,"name":"Accueil","item":"https:\/\/www.iutcolmar.uha.fr\/"},{"@type":"ListItem","position":2,"name":"Formations","item":"https:\/\/www.iutcolmar.uha.fr\/index.php\/formations\/"},{"@type":"ListItem","position":3,"name":"Alternance","item":"https:\/\/www.iutcolmar.uha.fr\/index.php\/formations\/alternance\/"},{"@type":"ListItem","position":4,"name":"Dipl\u00f4mes en alternance"}]},{"@type":"WebSite","@id":"https:\/\/www.iutcolmar.uha.fr\/#website","url":"https:\/\/www.iutcolmar.uha.fr\/","name":"IUT de Colmar","description":"Universit\u00e9 de Haute-Alsace","potentialAction":[{"@type":"SearchAction","target":{"@type":"EntryPoint","urlTemplate":"https:\/\/www.iutcolmar.uha.fr\/?s={search_term_string}"},"query-input":{"@type":"PropertyValueSpecification","valueRequired":true,"valueName":"search_term_string"}}],"inLanguage":"fr-FR"}]}},"_links":{"self":[{"href":"https:\/\/www.iutcolmar.uha.fr\/index.php\/wp-json\/wp\/v2\/pages\/1135","targetHints":{"allow":["GET"]}}],"collection":[{"href":"https:\/\/www.iutcolmar.uha.fr\/index.php\/wp-json\/wp\/v2\/pages"}],"about":[{"href":"https:\/\/www.iutcolmar.uha.fr\/index.php\/wp-json\/wp\/v2\/types\/page"}],"author":[{"embeddable":true,"href":"https:\/\/www.iutcolmar.uha.fr\/index.php\/wp-json\/wp\/v2\/users\/1"}],"replies":[{"embeddable":true,"href":"https:\/\/www.iutcolmar.uha.fr\/index.php\/wp-json\/wp\/v2\/comments?post=1135"}],"version-history":[{"count":16,"href":"https:\/\/www.iutcolmar.uha.fr\/index.php\/wp-json\/wp\/v2\/pages\/1135\/revisions"}],"predecessor-version":[{"id":6403,"href":"https:\/\/www.iutcolmar.uha.fr\/index.php\/wp-json\/wp\/v2\/pages\/1135\/revisions\/6403"}],"up":[{"embeddable":true,"href":"https:\/\/www.iutcolmar.uha.fr\/index.php\/wp-json\/wp\/v2\/pages\/70"}],"wp:attachment":[{"href":"https:\/\/www.iutcolmar.uha.fr\/index.php\/wp-json\/wp\/v2\/media?parent=1135"}],"curies":[{"name":"wp","href":"https:\/\/api.w.org\/{rel}","templated":true}]}}