{"id":127,"date":"2018-04-05T09:06:19","date_gmt":"2018-04-05T07:06:19","guid":{"rendered":"https:\/\/www.iutcolmar.uha.fr\/?page_id=127"},"modified":"2025-10-21T14:33:31","modified_gmt":"2025-10-21T12:33:31","slug":"collaborer-avec-nous","status":"publish","type":"page","link":"https:\/\/www.iutcolmar.uha.fr\/index.php\/relations-entreprises\/collaborer-avec-nous\/","title":{"rendered":"Recrutement : stage ou alternance"},"content":{"rendered":"<h1><strong>Des partenariats concrets et flexibles<\/strong><\/h1>\n<p><img loading=\"lazy\" decoding=\"async\" class=\"aligncenter wp-image-7479 size-full\" src=\"https:\/\/www.iutcolmar.uha.fr\/wp-content\/uploads\/2025\/10\/BANNIERE3.png\" alt=\"\" width=\"1175\" height=\"325\" srcset=\"https:\/\/www.iutcolmar.uha.fr\/wp-content\/uploads\/2025\/10\/BANNIERE3.png 1175w, https:\/\/www.iutcolmar.uha.fr\/wp-content\/uploads\/2025\/10\/BANNIERE3-300x83.png 300w, https:\/\/www.iutcolmar.uha.fr\/wp-content\/uploads\/2025\/10\/BANNIERE3-1024x283.png 1024w, https:\/\/www.iutcolmar.uha.fr\/wp-content\/uploads\/2025\/10\/BANNIERE3-768x212.png 768w\" sizes=\"auto, (max-width: 1175px) 100vw, 1175px\" \/><\/p>\n<p>Accueillir un <a href=\"#section2\">stagiaire<\/a>, recruter un <a href=\"#section1\">apprenti<\/a>, confier une mission ou participer \u00e0 la formation : il existe de nombreuses mani\u00e8res d\u2019imaginer une collaboration sur-mesure avec l\u2019IUT de Colmar.<\/p>\n<hr \/>\n<h2 id=\"section1\"><strong>Alternance<br \/>\n<\/strong><\/h2>\n<p>L\u2019alternance permet aux \u00e9tudiants de se former \u00e0 un m\u00e9tier en combinant un enseignement vari\u00e9 et de qualit\u00e9 au sein d\u2019un \u00e9tablissement universitaire avec une exp\u00e9rience professionnelle enrichissante en entreprise. Selon les formations, il est possible de r\u00e9aliser un contrat\u00a0 sur 1, 2 ou 3 ans \u00e0 un rythme variable.<\/p>\n<p><strong>D\u00e9couvrez nos calendriers d&rsquo;alternance 2025-2026 :<br \/>\n<\/strong>Les calendriers pr\u00e9sent\u00e9s ici peuvent varier selon le parcours suivi par l&rsquo;apprenti.<\/p>\n<div class=\"su-spoiler su-spoiler-style-fancy su-spoiler-icon-plus-circle su-spoiler-closed\" data-scroll-offset=\"0\" data-anchor-in-url=\"no\"><div class=\"su-spoiler-title\" tabindex=\"0\" role=\"button\"><span class=\"su-spoiler-icon\"><\/span><strong>B.U.T. Carri\u00e8res Juridiques<\/strong><\/div><div class=\"su-spoiler-content su-u-clearfix su-u-trim\">\n<p><a href=\"https:\/\/www.iutcolmar.uha.fr\/wp-content\/uploads\/2025\/10\/BUT_CJ_AJ_2_2025_-_2026.pdf\">Calendrier 2\u00e8me ann\u00e9e<\/a><br \/>\n<a href=\"https:\/\/www.iutcolmar.uha.fr\/wp-content\/uploads\/2025\/10\/BUT_CJ_AJ_3_2025_-_2026.pdf\">Calendrier 3\u00e8me ann\u00e9e<\/a><\/div><\/div>\n<div class=\"su-spoiler su-spoiler-style-fancy su-spoiler-icon-plus-circle su-spoiler-closed\" data-scroll-offset=\"0\" data-anchor-in-url=\"no\"><div class=\"su-spoiler-title\" tabindex=\"0\" role=\"button\"><span class=\"su-spoiler-icon\"><\/span><strong>B.U.T. G\u00e9nie Biologique <\/strong><\/div><div class=\"su-spoiler-content su-u-clearfix su-u-trim\">\n<p><a href=\"https:\/\/www.iutcolmar.uha.fr\/wp-content\/uploads\/2025\/10\/BUT_GB_A_2_2025_-_2026.pdf\">Calendrier 2\u00e8me ann\u00e9e<\/a><br \/>\n<a href=\"https:\/\/www.iutcolmar.uha.fr\/wp-content\/uploads\/2025\/10\/BUT_GB_A_3_2025_-_2026.pdf\">Calendrier 3\u00e8me ann\u00e9e<\/a><\/div><\/div>\n<div class=\"su-spoiler su-spoiler-style-fancy su-spoiler-icon-plus-circle su-spoiler-closed\" data-scroll-offset=\"0\" data-anchor-in-url=\"no\"><div class=\"su-spoiler-title\" tabindex=\"0\" role=\"button\"><span class=\"su-spoiler-icon\"><\/span><strong>B.U.T. Hygi\u00e8ne S\u00e9curit\u00e9 Environnement<\/strong><\/div><div class=\"su-spoiler-content su-u-clearfix su-u-trim\">\n<p><a href=\"https:\/\/www.iutcolmar.uha.fr\/wp-content\/uploads\/2025\/10\/BUT_HSE_1_2025_-_2026.pdf\">Calendrier 1\u00e8re ann\u00e9e<\/a><br \/>\n<a href=\"https:\/\/www.iutcolmar.uha.fr\/wp-content\/uploads\/2025\/10\/BUT_HSE_2_2025_-_2026.pdf\">Calendrier 2\u00e8me ann\u00e9e<\/a><br \/>\n<a href=\"https:\/\/www.iutcolmar.uha.fr\/wp-content\/uploads\/2025\/10\/BUT_HSE_3_2025_-_2026.pdf\">Calendrier 3\u00e8me ann\u00e9e<\/a><\/div><\/div>\n<div class=\"su-spoiler su-spoiler-style-fancy su-spoiler-icon-plus-circle su-spoiler-closed\" data-scroll-offset=\"0\" data-anchor-in-url=\"no\"><div class=\"su-spoiler-title\" tabindex=\"0\" role=\"button\"><span class=\"su-spoiler-icon\"><\/span><strong>B.U.T. M\u00e9tiers de la Transition et de l'Efficacit\u00e9 \u00c9nerg\u00e9tiques<\/strong><\/div><div class=\"su-spoiler-content su-u-clearfix su-u-trim\">\n<a href=\"https:\/\/www.iutcolmar.uha.fr\/wp-content\/uploads\/2025\/10\/BUT_MT2E_MANE_1_2025_-_2026.pdf\">Calendrier 1\u00e8re ann\u00e9e<\/a><br \/>\n<a href=\"https:\/\/www.iutcolmar.uha.fr\/wp-content\/uploads\/2025\/10\/BUT_MT2E_MANE_2_2025_-_2026.pdf\">Calendrier 2\u00e8me ann\u00e9e<\/a><br \/>\n<a href=\"https:\/\/www.iutcolmar.uha.fr\/wp-content\/uploads\/2025\/10\/BUT_MT2E_MANE_3_2025_-_2026.pdf\">Calendrier 3\u00e8me ann\u00e9e<\/a><br \/>\n<\/div><\/div>\n<div class=\"su-spoiler su-spoiler-style-fancy su-spoiler-icon-plus-circle su-spoiler-closed\" data-scroll-offset=\"0\" data-anchor-in-url=\"no\"><div class=\"su-spoiler-title\" tabindex=\"0\" role=\"button\"><span class=\"su-spoiler-icon\"><\/span><strong>Double dipl\u00f4me B.U.T. M\u00e9tiers de la Transition et de l'Efficacit\u00e9 \u00c9nerg\u00e9tiques et LP Technico-commercial<\/strong><\/div><div class=\"su-spoiler-content su-u-clearfix su-u-trim\">\n<a href=\"https:\/\/www.iutcolmar.uha.fr\/wp-content\/uploads\/2025\/10\/BUT_MT2E_MANE_DD_3_2025_-_2026.pdf\">Calendrier d&rsquo;alternance<\/a><br \/>\n<\/div><\/div>\n<div class=\"su-spoiler su-spoiler-style-fancy su-spoiler-icon-plus-circle su-spoiler-closed\" data-scroll-offset=\"0\" data-anchor-in-url=\"no\"><div class=\"su-spoiler-title\" tabindex=\"0\" role=\"button\"><span class=\"su-spoiler-icon\"><\/span><strong>B.U.T. R\u00e9seaux &amp; T\u00e9l\u00e9communications<\/strong><\/div><div class=\"su-spoiler-content su-u-clearfix su-u-trim\">\n<p><a href=\"https:\/\/www.iutcolmar.uha.fr\/wp-content\/uploads\/2025\/10\/BUT_RT_CS_2_2025_-_2026.pdf\">Calendrier 2\u00e8me ann\u00e9e<\/a><br \/>\n<a href=\"https:\/\/www.iutcolmar.uha.fr\/wp-content\/uploads\/2025\/10\/BUT_RT_CS_3_2025_-_2026.pdf\">Calendrier 3\u00e8me ann\u00e9e<\/a><\/div><\/div>\n<div class=\"su-spoiler su-spoiler-style-fancy su-spoiler-icon-plus-circle su-spoiler-closed\" data-scroll-offset=\"0\" data-anchor-in-url=\"no\"><div class=\"su-spoiler-title\" tabindex=\"0\" role=\"button\"><span class=\"su-spoiler-icon\"><\/span><strong>B.U.T. Techniques de Commercialisation<\/strong><\/div><div class=\"su-spoiler-content su-u-clearfix su-u-trim\">\n<p><a href=\"https:\/\/www.iutcolmar.uha.fr\/wp-content\/uploads\/2025\/10\/BUT_TC_BDMRC_C_1_2025_-_2026-1.pdf\">Calendrier 1\u00e8re ann\u00e9e<\/a><br \/>\n<a href=\"https:\/\/www.iutcolmar.uha.fr\/wp-content\/uploads\/2025\/10\/Calendrier-alternance-TC-Colmar-BUT2-2025-2026.pdf\">Calendrier 2\u00e8me ann\u00e9e<\/a><br \/>\n<a href=\"https:\/\/www.iutcolmar.uha.fr\/wp-content\/uploads\/2025\/10\/Calendrier-alternance-TC-Colmar-BUT3-2025-2026.pdf\">Calendrier 3\u00e8me ann\u00e9e<\/a><\/div><\/div>\n<div class=\"su-spoiler su-spoiler-style-fancy su-spoiler-icon-plus-circle su-spoiler-closed\" data-scroll-offset=\"0\" data-anchor-in-url=\"no\"><div class=\"su-spoiler-title\" tabindex=\"0\" role=\"button\"><span class=\"su-spoiler-icon\"><\/span><strong>LP Technico-commercial <\/strong><\/div><div class=\"su-spoiler-content su-u-clearfix su-u-trim\"><a href=\"https:\/\/www.iutcolmar.uha.fr\/wp-content\/uploads\/2025\/10\/Calendrier-2025.2026-LPTC.pdf\">Calendrier d&rsquo;alternance<\/a><br \/>\n<\/div><\/div>\n<div class=\"su-spoiler su-spoiler-style-fancy su-spoiler-icon-plus-circle su-spoiler-closed\" data-scroll-offset=\"0\" data-anchor-in-url=\"no\"><div class=\"su-spoiler-title\" tabindex=\"0\" role=\"button\"><span class=\"su-spoiler-icon\"><\/span><strong>LP Bio-industries et Bio-technologies<\/strong><\/div><div class=\"su-spoiler-content su-u-clearfix su-u-trim\"><a href=\"https:\/\/www.iutcolmar.uha.fr\/wp-content\/uploads\/2025\/10\/LP_BMC_2025_-_2026.pdf\">Calendrier d&rsquo;alternance<\/a><br \/>\n<\/div><\/div>\n<a href=\"mailto:relations-entreprises.iutcolmar@uha.fr\" class=\"su-button su-button-style-flat\" style=\"color:#FFFFFF;background-color:#004996;border-color:#003b78;border-radius:40px\" target=\"_blank\" rel=\"noopener noreferrer\"><span style=\"color:#FFFFFF;padding:7px 20px;font-size:16px;line-height:24px;border-color:#4d80b6;border-radius:40px;text-shadow:none\"><i class=\"sui sui-telegram\" style=\"font-size:16px;color:#FFFFFF\"><\/i> Proposer une offre en alternance <\/span><\/a>\n<p>&nbsp;<\/p>\n<hr \/>\n<h2 id=\"section2\"><strong>Stages<\/strong><\/h2>\n<p>Le stage en entreprise permet \u00e0 un \u00e9tudiant de compl\u00e9ter sa formation par une immersion dans le milieu professionnel. Encadr\u00e9 par un ma\u00eetre de stage, l\u2019\u00e9tudiant stagiaire r\u00e9alise une ou des missions en rapport avec le dipl\u00f4me pr\u00e9par\u00e9. D\u2019une dur\u00e9e variable selon la formation en pr\u00e9paration, la p\u00e9riode de stage est n\u00e9cessaire \u00e0 l\u2019obtention du dipl\u00f4me.<\/p>\n<table border=\"1\" cellspacing=\"0\" cellpadding=\"8\">\n<thead>\n<tr>\n<th>Formation<\/th>\n<th>1\u00e8re ann\u00e9e<\/th>\n<th>2\u00e8me ann\u00e9e<\/th>\n<th>3\u00e8me ann\u00e9e<\/th>\n<\/tr>\n<\/thead>\n<tbody>\n<tr>\n<td>B.U.T. Carri\u00e8res Juridiques<\/td>\n<td>Pas de stage<\/td>\n<td>7 avril au 27 juin<\/td>\n<td>23 mars au 27 juin<\/td>\n<\/tr>\n<tr>\n<td>B.U.T. G\u00e9nie Biologique<\/td>\n<td>27 avril au 22 mai<\/td>\n<td>7 avril au 29 mai<\/td>\n<td>2 mars au 5 juin<\/td>\n<\/tr>\n<tr>\n<td>B.U.T. Hygi\u00e8ne S\u00e9curit\u00e9 Environnement<\/td>\n<td>16 au 27 f\u00e9vrier<\/td>\n<td>7 avril au 12 juin<\/td>\n<td>Pas de stage<\/td>\n<\/tr>\n<tr>\n<td>B.U.T. M\u00e9tiers de la Transition et de l&rsquo;Efficacit\u00e9 \u00c9nerg\u00e9tiques<\/td>\n<td>16 au 28 mars<\/td>\n<td>9 f\u00e9vrier au 7 mars &#8211; 30 mars au 18 avril &#8211; 18 mai au 30 mai<\/td>\n<td>5 au 10 janvier &#8211; 9 f\u00e9vrier au 7 mars &#8211; 23 mars au 16 mai &#8211; 8 au 27 juin<\/td>\n<\/tr>\n<tr>\n<td>B.U.T. R\u00e9seaux &amp; T\u00e9l\u00e9communications<\/td>\n<td>Pas de stage<\/td>\n<td>13 avril au 12 juin<\/td>\n<td>2 Mars au 19 juin<\/td>\n<\/tr>\n<tr>\n<td>B.U.T. Techniques de Commercialisation<\/td>\n<td>9 f\u00e9vrier au 7 mars<\/td>\n<td>6 avril au 29 mai<\/td>\n<td>16 mars au 5 juin<\/td>\n<\/tr>\n<\/tbody>\n<\/table>\n<a href=\"mailto:relations-entreprises.iutcolmar@uha.fr\" class=\"su-button su-button-style-flat\" style=\"color:#FFFFFF;background-color:#004996;border-color:#003b78;border-radius:40px\" target=\"_blank\" rel=\"noopener noreferrer\"><span style=\"color:#FFFFFF;padding:7px 20px;font-size:16px;line-height:24px;border-color:#4d80b6;border-radius:40px;text-shadow:none\"><i class=\"sui sui-telegram\" style=\"font-size:16px;color:#FFFFFF\"><\/i> Proposer une offre <\/span><\/a>\n<p>&nbsp;<\/p>\n<hr \/>\n<h2><strong>M\u00e9c\u00e9nat de comp\u00e9tences<\/strong><\/h2>\n<p>Associez votre entreprise \u00e0 la formation publique et au d\u00e9veloppement des comp\u00e9tences de demain.<br \/>\nLe m\u00e9c\u00e9nat de comp\u00e9tences permet \u00e0 vos collaborateurs de mettre leur expertise au service de notre IUT : interventions en cours, accompagnement de projets, mentorat, ou participation \u00e0 des actions de d\u00e9veloppement.<\/p>\n<p><strong>Un engagement \u00e0 forte valeur ajout\u00e9e :<\/strong><br \/>\n\u2022 Pour l\u2019IUT : un lien direct avec le monde professionnel et des formations nourries par l\u2019exp\u00e9rience terrain.<br \/>\n\u2022 Pour vos collaborateurs : une exp\u00e9rience humaine et formatrice, porteuse de sens.<br \/>\n\u2022 Pour votre entreprise : une action concr\u00e8te de responsabilit\u00e9 soci\u00e9tale (RSE), valorisable dans votre reporting extra-financier et \u00e9ligible au dispositif fiscal du m\u00e9c\u00e9nat.<\/p>\n<a href=\"mailto:relations-entreprises.iutcolmar@uha.fr\" class=\"su-button su-button-style-flat\" style=\"color:#FFFFFF;background-color:#004996;border-color:#003b78;border-radius:40px\" target=\"_blank\" rel=\"noopener noreferrer\"><span style=\"color:#FFFFFF;padding:7px 20px;font-size:16px;line-height:24px;border-color:#4d80b6;border-radius:40px;text-shadow:none\"><i class=\"sui sui-telegram\" style=\"font-size:16px;color:#FFFFFF\"><\/i> D\u00e9velopper un partenariat <\/span><\/a>\n<p>&nbsp;<\/p>\n","protected":false},"excerpt":{"rendered":"<p>Des partenariats concrets et flexibles Accueillir un stagiaire, recruter un apprenti, confier une mission ou participer \u00e0 la formation : il existe de nombreuses mani\u00e8res d\u2019imaginer une collaboration sur-mesure avec l\u2019IUT de Colmar. Alternance L\u2019alternance permet aux \u00e9tudiants de se former \u00e0 un m\u00e9tier en combinant un enseignement vari\u00e9 et de qualit\u00e9 au sein d\u2019un [&hellip;]<\/p>\n","protected":false},"author":1,"featured_media":0,"parent":15,"menu_order":1,"comment_status":"closed","ping_status":"closed","template":"","meta":{"footnotes":""},"class_list":["post-127","page","type-page","status-publish","hentry"],"yoast_head":"<!-- This site is optimized with the Yoast SEO plugin v27.4 - https:\/\/yoast.com\/product\/yoast-seo-wordpress\/ -->\n<title>Recrutement : stage ou alternance - IUT de Colmar<\/title>\n<meta name=\"description\" content=\"Les contrats en alternance ont pour but d\u2019obtenir un dipl\u00f4me d&#039;\u00c9tat ou un titre \u00e0 finalit\u00e9 professionnelle inscrit au r\u00e9pertoire national.\" \/>\n<meta name=\"robots\" content=\"index, follow, max-snippet:-1, max-image-preview:large, max-video-preview:-1\" \/>\n<link rel=\"canonical\" href=\"https:\/\/www.iutcolmar.uha.fr\/index.php\/relations-entreprises\/collaborer-avec-nous\/\" \/>\n<meta property=\"og:locale\" content=\"fr_FR\" \/>\n<meta property=\"og:type\" content=\"article\" \/>\n<meta property=\"og:title\" content=\"Recrutement : stage ou alternance - IUT de Colmar\" \/>\n<meta property=\"og:description\" content=\"Les contrats en alternance ont pour but d\u2019obtenir un dipl\u00f4me d&#039;\u00c9tat ou un titre \u00e0 finalit\u00e9 professionnelle inscrit au r\u00e9pertoire national.\" \/>\n<meta property=\"og:url\" content=\"https:\/\/www.iutcolmar.uha.fr\/index.php\/relations-entreprises\/collaborer-avec-nous\/\" \/>\n<meta property=\"og:site_name\" content=\"IUT de Colmar\" \/>\n<meta property=\"article:modified_time\" content=\"2025-10-21T12:33:31+00:00\" \/>\n<meta property=\"og:image\" content=\"https:\/\/www.iutcolmar.uha.fr\/wp-content\/uploads\/2025\/10\/BANNIERE3.png\" \/>\n\t<meta property=\"og:image:width\" content=\"1175\" \/>\n\t<meta property=\"og:image:height\" content=\"325\" \/>\n\t<meta property=\"og:image:type\" content=\"image\/png\" \/>\n<meta name=\"twitter:card\" content=\"summary_large_image\" \/>\n<meta name=\"twitter:label1\" content=\"Dur\u00e9e de lecture estim\u00e9e\" \/>\n\t<meta name=\"twitter:data1\" content=\"4 minutes\" \/>\n<script type=\"application\/ld+json\" class=\"yoast-schema-graph\">{\"@context\":\"https:\\\/\\\/schema.org\",\"@graph\":[{\"@type\":\"WebPage\",\"@id\":\"https:\\\/\\\/www.iutcolmar.uha.fr\\\/index.php\\\/relations-entreprises\\\/collaborer-avec-nous\\\/\",\"url\":\"https:\\\/\\\/www.iutcolmar.uha.fr\\\/index.php\\\/relations-entreprises\\\/collaborer-avec-nous\\\/\",\"name\":\"Recrutement : stage ou alternance - IUT de Colmar\",\"isPartOf\":{\"@id\":\"https:\\\/\\\/www.iutcolmar.uha.fr\\\/#website\"},\"primaryImageOfPage\":{\"@id\":\"https:\\\/\\\/www.iutcolmar.uha.fr\\\/index.php\\\/relations-entreprises\\\/collaborer-avec-nous\\\/#primaryimage\"},\"image\":{\"@id\":\"https:\\\/\\\/www.iutcolmar.uha.fr\\\/index.php\\\/relations-entreprises\\\/collaborer-avec-nous\\\/#primaryimage\"},\"thumbnailUrl\":\"https:\\\/\\\/www.iutcolmar.uha.fr\\\/wp-content\\\/uploads\\\/2025\\\/10\\\/BANNIERE3.png\",\"datePublished\":\"2018-04-05T07:06:19+00:00\",\"dateModified\":\"2025-10-21T12:33:31+00:00\",\"description\":\"Les contrats en alternance ont pour but d\u2019obtenir un dipl\u00f4me d'\u00c9tat ou un titre \u00e0 finalit\u00e9 professionnelle inscrit au r\u00e9pertoire national.\",\"breadcrumb\":{\"@id\":\"https:\\\/\\\/www.iutcolmar.uha.fr\\\/index.php\\\/relations-entreprises\\\/collaborer-avec-nous\\\/#breadcrumb\"},\"inLanguage\":\"fr-FR\",\"potentialAction\":[{\"@type\":\"ReadAction\",\"target\":[\"https:\\\/\\\/www.iutcolmar.uha.fr\\\/index.php\\\/relations-entreprises\\\/collaborer-avec-nous\\\/\"]}]},{\"@type\":\"ImageObject\",\"inLanguage\":\"fr-FR\",\"@id\":\"https:\\\/\\\/www.iutcolmar.uha.fr\\\/index.php\\\/relations-entreprises\\\/collaborer-avec-nous\\\/#primaryimage\",\"url\":\"https:\\\/\\\/www.iutcolmar.uha.fr\\\/wp-content\\\/uploads\\\/2025\\\/10\\\/BANNIERE3.png\",\"contentUrl\":\"https:\\\/\\\/www.iutcolmar.uha.fr\\\/wp-content\\\/uploads\\\/2025\\\/10\\\/BANNIERE3.png\",\"width\":1175,\"height\":325},{\"@type\":\"BreadcrumbList\",\"@id\":\"https:\\\/\\\/www.iutcolmar.uha.fr\\\/index.php\\\/relations-entreprises\\\/collaborer-avec-nous\\\/#breadcrumb\",\"itemListElement\":[{\"@type\":\"ListItem\",\"position\":1,\"name\":\"Accueil\",\"item\":\"https:\\\/\\\/www.iutcolmar.uha.fr\\\/\"},{\"@type\":\"ListItem\",\"position\":2,\"name\":\"Entreprises\",\"item\":\"https:\\\/\\\/www.iutcolmar.uha.fr\\\/index.php\\\/relations-entreprises\\\/\"},{\"@type\":\"ListItem\",\"position\":3,\"name\":\"Recrutement : stage ou alternance\"}]},{\"@type\":\"WebSite\",\"@id\":\"https:\\\/\\\/www.iutcolmar.uha.fr\\\/#website\",\"url\":\"https:\\\/\\\/www.iutcolmar.uha.fr\\\/\",\"name\":\"IUT de Colmar\",\"description\":\"Universit\u00e9 de Haute-Alsace\",\"potentialAction\":[{\"@type\":\"SearchAction\",\"target\":{\"@type\":\"EntryPoint\",\"urlTemplate\":\"https:\\\/\\\/www.iutcolmar.uha.fr\\\/?s={search_term_string}\"},\"query-input\":{\"@type\":\"PropertyValueSpecification\",\"valueRequired\":true,\"valueName\":\"search_term_string\"}}],\"inLanguage\":\"fr-FR\"}]}<\/script>\n<!-- \/ Yoast SEO plugin. -->","yoast_head_json":{"title":"Recrutement : stage ou alternance - IUT de Colmar","description":"Les contrats en alternance ont pour but d\u2019obtenir un dipl\u00f4me d'\u00c9tat ou un titre \u00e0 finalit\u00e9 professionnelle inscrit au r\u00e9pertoire national.","robots":{"index":"index","follow":"follow","max-snippet":"max-snippet:-1","max-image-preview":"max-image-preview:large","max-video-preview":"max-video-preview:-1"},"canonical":"https:\/\/www.iutcolmar.uha.fr\/index.php\/relations-entreprises\/collaborer-avec-nous\/","og_locale":"fr_FR","og_type":"article","og_title":"Recrutement : stage ou alternance - IUT de Colmar","og_description":"Les contrats en alternance ont pour but d\u2019obtenir un dipl\u00f4me d'\u00c9tat ou un titre \u00e0 finalit\u00e9 professionnelle inscrit au r\u00e9pertoire national.","og_url":"https:\/\/www.iutcolmar.uha.fr\/index.php\/relations-entreprises\/collaborer-avec-nous\/","og_site_name":"IUT de Colmar","article_modified_time":"2025-10-21T12:33:31+00:00","og_image":[{"width":1175,"height":325,"url":"https:\/\/www.iutcolmar.uha.fr\/wp-content\/uploads\/2025\/10\/BANNIERE3.png","type":"image\/png"}],"twitter_card":"summary_large_image","twitter_misc":{"Dur\u00e9e de lecture estim\u00e9e":"4 minutes"},"schema":{"@context":"https:\/\/schema.org","@graph":[{"@type":"WebPage","@id":"https:\/\/www.iutcolmar.uha.fr\/index.php\/relations-entreprises\/collaborer-avec-nous\/","url":"https:\/\/www.iutcolmar.uha.fr\/index.php\/relations-entreprises\/collaborer-avec-nous\/","name":"Recrutement : stage ou alternance - IUT de Colmar","isPartOf":{"@id":"https:\/\/www.iutcolmar.uha.fr\/#website"},"primaryImageOfPage":{"@id":"https:\/\/www.iutcolmar.uha.fr\/index.php\/relations-entreprises\/collaborer-avec-nous\/#primaryimage"},"image":{"@id":"https:\/\/www.iutcolmar.uha.fr\/index.php\/relations-entreprises\/collaborer-avec-nous\/#primaryimage"},"thumbnailUrl":"https:\/\/www.iutcolmar.uha.fr\/wp-content\/uploads\/2025\/10\/BANNIERE3.png","datePublished":"2018-04-05T07:06:19+00:00","dateModified":"2025-10-21T12:33:31+00:00","description":"Les contrats en alternance ont pour but d\u2019obtenir un dipl\u00f4me d'\u00c9tat ou un titre \u00e0 finalit\u00e9 professionnelle inscrit au r\u00e9pertoire national.","breadcrumb":{"@id":"https:\/\/www.iutcolmar.uha.fr\/index.php\/relations-entreprises\/collaborer-avec-nous\/#breadcrumb"},"inLanguage":"fr-FR","potentialAction":[{"@type":"ReadAction","target":["https:\/\/www.iutcolmar.uha.fr\/index.php\/relations-entreprises\/collaborer-avec-nous\/"]}]},{"@type":"ImageObject","inLanguage":"fr-FR","@id":"https:\/\/www.iutcolmar.uha.fr\/index.php\/relations-entreprises\/collaborer-avec-nous\/#primaryimage","url":"https:\/\/www.iutcolmar.uha.fr\/wp-content\/uploads\/2025\/10\/BANNIERE3.png","contentUrl":"https:\/\/www.iutcolmar.uha.fr\/wp-content\/uploads\/2025\/10\/BANNIERE3.png","width":1175,"height":325},{"@type":"BreadcrumbList","@id":"https:\/\/www.iutcolmar.uha.fr\/index.php\/relations-entreprises\/collaborer-avec-nous\/#breadcrumb","itemListElement":[{"@type":"ListItem","position":1,"name":"Accueil","item":"https:\/\/www.iutcolmar.uha.fr\/"},{"@type":"ListItem","position":2,"name":"Entreprises","item":"https:\/\/www.iutcolmar.uha.fr\/index.php\/relations-entreprises\/"},{"@type":"ListItem","position":3,"name":"Recrutement : stage ou alternance"}]},{"@type":"WebSite","@id":"https:\/\/www.iutcolmar.uha.fr\/#website","url":"https:\/\/www.iutcolmar.uha.fr\/","name":"IUT de Colmar","description":"Universit\u00e9 de Haute-Alsace","potentialAction":[{"@type":"SearchAction","target":{"@type":"EntryPoint","urlTemplate":"https:\/\/www.iutcolmar.uha.fr\/?s={search_term_string}"},"query-input":{"@type":"PropertyValueSpecification","valueRequired":true,"valueName":"search_term_string"}}],"inLanguage":"fr-FR"}]}},"_links":{"self":[{"href":"https:\/\/www.iutcolmar.uha.fr\/index.php\/wp-json\/wp\/v2\/pages\/127","targetHints":{"allow":["GET"]}}],"collection":[{"href":"https:\/\/www.iutcolmar.uha.fr\/index.php\/wp-json\/wp\/v2\/pages"}],"about":[{"href":"https:\/\/www.iutcolmar.uha.fr\/index.php\/wp-json\/wp\/v2\/types\/page"}],"author":[{"embeddable":true,"href":"https:\/\/www.iutcolmar.uha.fr\/index.php\/wp-json\/wp\/v2\/users\/1"}],"replies":[{"embeddable":true,"href":"https:\/\/www.iutcolmar.uha.fr\/index.php\/wp-json\/wp\/v2\/comments?post=127"}],"version-history":[{"count":60,"href":"https:\/\/www.iutcolmar.uha.fr\/index.php\/wp-json\/wp\/v2\/pages\/127\/revisions"}],"predecessor-version":[{"id":7650,"href":"https:\/\/www.iutcolmar.uha.fr\/index.php\/wp-json\/wp\/v2\/pages\/127\/revisions\/7650"}],"up":[{"embeddable":true,"href":"https:\/\/www.iutcolmar.uha.fr\/index.php\/wp-json\/wp\/v2\/pages\/15"}],"wp:attachment":[{"href":"https:\/\/www.iutcolmar.uha.fr\/index.php\/wp-json\/wp\/v2\/media?parent=127"}],"curies":[{"name":"wp","href":"https:\/\/api.w.org\/{rel}","templated":true}]}}