{"id":13,"date":"2018-04-04T13:47:10","date_gmt":"2018-04-04T11:47:10","guid":{"rendered":"https:\/\/www.iutcolmar.uha.fr\/?page_id=13"},"modified":"2023-09-08T11:17:50","modified_gmt":"2023-09-08T09:17:50","slug":"vie-etudiante","status":"publish","type":"page","link":"https:\/\/www.iutcolmar.uha.fr\/index.php\/vie-etudiante\/","title":{"rendered":"Vie \u00e9tudiante"},"content":{"rendered":"<p><img loading=\"lazy\" decoding=\"async\" class=\" wp-image-3264 alignleft\" src=\"https:\/\/www.iutcolmar.uha.fr\/wp-content\/uploads\/2018\/11\/group-609640web-300x83.jpg\" alt=\"Vie \u00e9tudiante\" width=\"1147\" height=\"317\" srcset=\"https:\/\/www.iutcolmar.uha.fr\/wp-content\/uploads\/2018\/11\/group-609640web-300x83.jpg 300w, https:\/\/www.iutcolmar.uha.fr\/wp-content\/uploads\/2018\/11\/group-609640web-768x212.jpg 768w, https:\/\/www.iutcolmar.uha.fr\/wp-content\/uploads\/2018\/11\/group-609640web-1024x283.jpg 1024w\" sizes=\"auto, (max-width: 1147px) 100vw, 1147px\" \/><\/p>\n<p>&nbsp;<\/p>\n<p>L&rsquo;<a href=\"https:\/\/www.iutcolmar.uha.fr\/index.php\/vie-etudiante\/\" target=\"_blank\" rel=\"noopener\">Universit\u00e9 de Haute-Alsace<\/a> propose des services de qualit\u00e9 aux \u00e9tudiants.<\/p>\n<p>La vie \u00e9tudiante \u00e0 l&rsquo;IUT de Colmar est active par le biais d&rsquo;associations \u00e9tudiantes. Cela permet aux \u00e9tudiants de monter des projets, d&rsquo;organiser des \u00e9v\u00e8nements et ainsi participer \u00e0 la vie de l&rsquo;\u00e9tablissement.<\/p>\n<p>L&rsquo;IUT a la chance d&rsquo;\u00eatre situ\u00e9 dans un environnement dynamique qu&rsquo;apporte la ville de Colmar avec ses \u00e9quipements, ainsi que son environnement g\u00e9ographique proche de l&rsquo;Allemagne et de la Suisse.<\/p>\n<div class=\"su-box su-box-style-default\" id=\"\" style=\"border-color:#000000;border-radius:3px;max-width:none\"><div class=\"su-box-title\" style=\"background-color:#333333;color:#FFFFFF;border-top-left-radius:1px;border-top-right-radius:1px\"><strong>Pour en savoir plus<\/strong><\/div><div class=\"su-box-content su-u-clearfix su-u-trim\" style=\"border-bottom-left-radius:1px;border-bottom-right-radius:1px\">\n<ul>\n<li><a href=\"https:\/\/www.iutcolmar.uha.fr\/index.php\/associations-etudiantes\/\" rel=\"noopener\">Associations \u00e9tudiantes<\/a><\/li>\n<li><a href=\"https:\/\/www.iutcolmar.uha.fr\/index.php\/services-aux-etudiants\/\" rel=\"noopener\">Services aux \u00e9tudiants<\/a><\/li>\n<li><a href=\"https:\/\/www.iutcolmar.uha.fr\/index.php\/vie-etudiante\/jobs-etudiants\/\" target=\"_blank\" rel=\"noopener\">Jobs \u00e9tudiants<\/a><\/li>\n<li><a href=\"https:\/\/www.iutcolmar.uha.fr\/index.php\/environnement-dynamique\/\" rel=\"noopener\">Environnement dynamique<\/a><\/li>\n<\/ul>\n<\/div><\/div>\n","protected":false},"excerpt":{"rendered":"<p>&nbsp; L&rsquo;Universit\u00e9 de Haute-Alsace propose des services de qualit\u00e9 aux \u00e9tudiants. La vie \u00e9tudiante \u00e0 l&rsquo;IUT de Colmar est active par le biais d&rsquo;associations \u00e9tudiantes. Cela permet aux \u00e9tudiants de monter des projets, d&rsquo;organiser des \u00e9v\u00e8nements et ainsi participer \u00e0 la vie de l&rsquo;\u00e9tablissement. L&rsquo;IUT a la chance d&rsquo;\u00eatre situ\u00e9 dans un environnement dynamique qu&rsquo;apporte [&hellip;]<\/p>\n","protected":false},"author":1,"featured_media":763,"parent":0,"menu_order":0,"comment_status":"closed","ping_status":"closed","template":"","meta":{"footnotes":""},"class_list":["post-13","page","type-page","status-publish","has-post-thumbnail","hentry"],"yoast_head":"<!-- This site is optimized with the Yoast SEO plugin v27.4 - https:\/\/yoast.com\/product\/yoast-seo-wordpress\/ -->\n<title>Vie \u00e9tudiante - IUT de Colmar<\/title>\n<meta name=\"description\" content=\"La vie \u00e9tudiante \u00e0 l&#039;IUT est active par le biais d&#039;associations \u00e9tudiantes. L&#039;Universit\u00e9 de Haute-Alsace propose des services aux \u00e9tudiants de qualit\u00e9.\" \/>\n<meta name=\"robots\" content=\"index, follow, max-snippet:-1, max-image-preview:large, max-video-preview:-1\" \/>\n<link rel=\"canonical\" href=\"https:\/\/www.iutcolmar.uha.fr\/index.php\/vie-etudiante\/\" \/>\n<meta property=\"og:locale\" content=\"fr_FR\" \/>\n<meta property=\"og:type\" content=\"article\" \/>\n<meta property=\"og:title\" content=\"Vie \u00e9tudiante - IUT de Colmar\" \/>\n<meta property=\"og:description\" content=\"La vie \u00e9tudiante \u00e0 l&#039;IUT est active par le biais d&#039;associations \u00e9tudiantes. L&#039;Universit\u00e9 de Haute-Alsace propose des services aux \u00e9tudiants de qualit\u00e9.\" \/>\n<meta property=\"og:url\" content=\"https:\/\/www.iutcolmar.uha.fr\/index.php\/vie-etudiante\/\" \/>\n<meta property=\"og:site_name\" content=\"IUT de Colmar\" \/>\n<meta property=\"article:modified_time\" content=\"2023-09-08T09:17:50+00:00\" \/>\n<meta property=\"og:image\" content=\"https:\/\/www.iutcolmar.uha.fr\/wp-content\/uploads\/2018\/04\/IUT-010.png\" \/>\n\t<meta property=\"og:image:width\" content=\"800\" \/>\n\t<meta property=\"og:image:height\" content=\"1213\" \/>\n\t<meta property=\"og:image:type\" content=\"image\/png\" \/>\n<meta name=\"twitter:card\" content=\"summary_large_image\" \/>\n<meta name=\"twitter:label1\" content=\"Dur\u00e9e de lecture estim\u00e9e\" \/>\n\t<meta name=\"twitter:data1\" content=\"1 minute\" \/>\n<script type=\"application\/ld+json\" class=\"yoast-schema-graph\">{\"@context\":\"https:\\\/\\\/schema.org\",\"@graph\":[{\"@type\":\"WebPage\",\"@id\":\"https:\\\/\\\/www.iutcolmar.uha.fr\\\/index.php\\\/vie-etudiante\\\/\",\"url\":\"https:\\\/\\\/www.iutcolmar.uha.fr\\\/index.php\\\/vie-etudiante\\\/\",\"name\":\"Vie \u00e9tudiante - IUT de Colmar\",\"isPartOf\":{\"@id\":\"https:\\\/\\\/www.iutcolmar.uha.fr\\\/#website\"},\"primaryImageOfPage\":{\"@id\":\"https:\\\/\\\/www.iutcolmar.uha.fr\\\/index.php\\\/vie-etudiante\\\/#primaryimage\"},\"image\":{\"@id\":\"https:\\\/\\\/www.iutcolmar.uha.fr\\\/index.php\\\/vie-etudiante\\\/#primaryimage\"},\"thumbnailUrl\":\"https:\\\/\\\/www.iutcolmar.uha.fr\\\/wp-content\\\/uploads\\\/2018\\\/04\\\/IUT-010.png\",\"datePublished\":\"2018-04-04T11:47:10+00:00\",\"dateModified\":\"2023-09-08T09:17:50+00:00\",\"description\":\"La vie \u00e9tudiante \u00e0 l'IUT est active par le biais d'associations \u00e9tudiantes. L'Universit\u00e9 de Haute-Alsace propose des services aux \u00e9tudiants de qualit\u00e9.\",\"breadcrumb\":{\"@id\":\"https:\\\/\\\/www.iutcolmar.uha.fr\\\/index.php\\\/vie-etudiante\\\/#breadcrumb\"},\"inLanguage\":\"fr-FR\",\"potentialAction\":[{\"@type\":\"ReadAction\",\"target\":[\"https:\\\/\\\/www.iutcolmar.uha.fr\\\/index.php\\\/vie-etudiante\\\/\"]}]},{\"@type\":\"ImageObject\",\"inLanguage\":\"fr-FR\",\"@id\":\"https:\\\/\\\/www.iutcolmar.uha.fr\\\/index.php\\\/vie-etudiante\\\/#primaryimage\",\"url\":\"https:\\\/\\\/www.iutcolmar.uha.fr\\\/wp-content\\\/uploads\\\/2018\\\/04\\\/IUT-010.png\",\"contentUrl\":\"https:\\\/\\\/www.iutcolmar.uha.fr\\\/wp-content\\\/uploads\\\/2018\\\/04\\\/IUT-010.png\",\"width\":800,\"height\":1213,\"caption\":\"B\u00e2timent G - IUT de Colmar\"},{\"@type\":\"BreadcrumbList\",\"@id\":\"https:\\\/\\\/www.iutcolmar.uha.fr\\\/index.php\\\/vie-etudiante\\\/#breadcrumb\",\"itemListElement\":[{\"@type\":\"ListItem\",\"position\":1,\"name\":\"Accueil\",\"item\":\"https:\\\/\\\/www.iutcolmar.uha.fr\\\/\"},{\"@type\":\"ListItem\",\"position\":2,\"name\":\"Vie \u00e9tudiante\"}]},{\"@type\":\"WebSite\",\"@id\":\"https:\\\/\\\/www.iutcolmar.uha.fr\\\/#website\",\"url\":\"https:\\\/\\\/www.iutcolmar.uha.fr\\\/\",\"name\":\"IUT de Colmar\",\"description\":\"Universit\u00e9 de Haute-Alsace\",\"potentialAction\":[{\"@type\":\"SearchAction\",\"target\":{\"@type\":\"EntryPoint\",\"urlTemplate\":\"https:\\\/\\\/www.iutcolmar.uha.fr\\\/?s={search_term_string}\"},\"query-input\":{\"@type\":\"PropertyValueSpecification\",\"valueRequired\":true,\"valueName\":\"search_term_string\"}}],\"inLanguage\":\"fr-FR\"}]}<\/script>\n<!-- \/ Yoast SEO plugin. -->","yoast_head_json":{"title":"Vie \u00e9tudiante - IUT de Colmar","description":"La vie \u00e9tudiante \u00e0 l'IUT est active par le biais d'associations \u00e9tudiantes. L'Universit\u00e9 de Haute-Alsace propose des services aux \u00e9tudiants de qualit\u00e9.","robots":{"index":"index","follow":"follow","max-snippet":"max-snippet:-1","max-image-preview":"max-image-preview:large","max-video-preview":"max-video-preview:-1"},"canonical":"https:\/\/www.iutcolmar.uha.fr\/index.php\/vie-etudiante\/","og_locale":"fr_FR","og_type":"article","og_title":"Vie \u00e9tudiante - IUT de Colmar","og_description":"La vie \u00e9tudiante \u00e0 l'IUT est active par le biais d'associations \u00e9tudiantes. L'Universit\u00e9 de Haute-Alsace propose des services aux \u00e9tudiants de qualit\u00e9.","og_url":"https:\/\/www.iutcolmar.uha.fr\/index.php\/vie-etudiante\/","og_site_name":"IUT de Colmar","article_modified_time":"2023-09-08T09:17:50+00:00","og_image":[{"width":800,"height":1213,"url":"https:\/\/www.iutcolmar.uha.fr\/wp-content\/uploads\/2018\/04\/IUT-010.png","type":"image\/png"}],"twitter_card":"summary_large_image","twitter_misc":{"Dur\u00e9e de lecture estim\u00e9e":"1 minute"},"schema":{"@context":"https:\/\/schema.org","@graph":[{"@type":"WebPage","@id":"https:\/\/www.iutcolmar.uha.fr\/index.php\/vie-etudiante\/","url":"https:\/\/www.iutcolmar.uha.fr\/index.php\/vie-etudiante\/","name":"Vie \u00e9tudiante - IUT de Colmar","isPartOf":{"@id":"https:\/\/www.iutcolmar.uha.fr\/#website"},"primaryImageOfPage":{"@id":"https:\/\/www.iutcolmar.uha.fr\/index.php\/vie-etudiante\/#primaryimage"},"image":{"@id":"https:\/\/www.iutcolmar.uha.fr\/index.php\/vie-etudiante\/#primaryimage"},"thumbnailUrl":"https:\/\/www.iutcolmar.uha.fr\/wp-content\/uploads\/2018\/04\/IUT-010.png","datePublished":"2018-04-04T11:47:10+00:00","dateModified":"2023-09-08T09:17:50+00:00","description":"La vie \u00e9tudiante \u00e0 l'IUT est active par le biais d'associations \u00e9tudiantes. L'Universit\u00e9 de Haute-Alsace propose des services aux \u00e9tudiants de qualit\u00e9.","breadcrumb":{"@id":"https:\/\/www.iutcolmar.uha.fr\/index.php\/vie-etudiante\/#breadcrumb"},"inLanguage":"fr-FR","potentialAction":[{"@type":"ReadAction","target":["https:\/\/www.iutcolmar.uha.fr\/index.php\/vie-etudiante\/"]}]},{"@type":"ImageObject","inLanguage":"fr-FR","@id":"https:\/\/www.iutcolmar.uha.fr\/index.php\/vie-etudiante\/#primaryimage","url":"https:\/\/www.iutcolmar.uha.fr\/wp-content\/uploads\/2018\/04\/IUT-010.png","contentUrl":"https:\/\/www.iutcolmar.uha.fr\/wp-content\/uploads\/2018\/04\/IUT-010.png","width":800,"height":1213,"caption":"B\u00e2timent G - IUT de Colmar"},{"@type":"BreadcrumbList","@id":"https:\/\/www.iutcolmar.uha.fr\/index.php\/vie-etudiante\/#breadcrumb","itemListElement":[{"@type":"ListItem","position":1,"name":"Accueil","item":"https:\/\/www.iutcolmar.uha.fr\/"},{"@type":"ListItem","position":2,"name":"Vie \u00e9tudiante"}]},{"@type":"WebSite","@id":"https:\/\/www.iutcolmar.uha.fr\/#website","url":"https:\/\/www.iutcolmar.uha.fr\/","name":"IUT de Colmar","description":"Universit\u00e9 de Haute-Alsace","potentialAction":[{"@type":"SearchAction","target":{"@type":"EntryPoint","urlTemplate":"https:\/\/www.iutcolmar.uha.fr\/?s={search_term_string}"},"query-input":{"@type":"PropertyValueSpecification","valueRequired":true,"valueName":"search_term_string"}}],"inLanguage":"fr-FR"}]}},"_links":{"self":[{"href":"https:\/\/www.iutcolmar.uha.fr\/index.php\/wp-json\/wp\/v2\/pages\/13","targetHints":{"allow":["GET"]}}],"collection":[{"href":"https:\/\/www.iutcolmar.uha.fr\/index.php\/wp-json\/wp\/v2\/pages"}],"about":[{"href":"https:\/\/www.iutcolmar.uha.fr\/index.php\/wp-json\/wp\/v2\/types\/page"}],"author":[{"embeddable":true,"href":"https:\/\/www.iutcolmar.uha.fr\/index.php\/wp-json\/wp\/v2\/users\/1"}],"replies":[{"embeddable":true,"href":"https:\/\/www.iutcolmar.uha.fr\/index.php\/wp-json\/wp\/v2\/comments?post=13"}],"version-history":[{"count":18,"href":"https:\/\/www.iutcolmar.uha.fr\/index.php\/wp-json\/wp\/v2\/pages\/13\/revisions"}],"predecessor-version":[{"id":6163,"href":"https:\/\/www.iutcolmar.uha.fr\/index.php\/wp-json\/wp\/v2\/pages\/13\/revisions\/6163"}],"wp:featuredmedia":[{"embeddable":true,"href":"https:\/\/www.iutcolmar.uha.fr\/index.php\/wp-json\/wp\/v2\/media\/763"}],"wp:attachment":[{"href":"https:\/\/www.iutcolmar.uha.fr\/index.php\/wp-json\/wp\/v2\/media?parent=13"}],"curies":[{"name":"wp","href":"https:\/\/api.w.org\/{rel}","templated":true}]}}