{"id":1483,"date":"2018-06-05T14:10:02","date_gmt":"2018-06-05T12:10:02","guid":{"rendered":"https:\/\/www.iutcolmar.uha.fr\/?page_id=1483"},"modified":"2025-02-27T15:24:52","modified_gmt":"2025-02-27T14:24:52","slug":"venir-a-liut","status":"publish","type":"page","link":"https:\/\/www.iutcolmar.uha.fr\/index.php\/international\/venir-a-liut\/","title":{"rendered":"Venir \u00e0 l&rsquo;IUT"},"content":{"rendered":"<h1><span style=\"color: #333333;\">Venir \u00e0 l&rsquo;IUT<\/span><\/h1>\n<p>L&rsquo;IUT de Colmar offre la possibilit\u00e9 aux \u00e9tudiants \u00e9trangers de venir \u00e9tudier en programme ou hors programme d&rsquo;\u00e9change.<\/p>\n<div class=\"su-row\"><div class=\"su-column su-column-size-1-2\"><div class=\"su-column-inner su-u-clearfix su-u-trim\">\n<p>&nbsp;<\/p>\n<div class=\"su-service\"><div class=\"su-service-title\" style=\"padding-left:38px;min-height:24px;line-height:24px\"><i class=\"sui sui-university\" style=\"font-size:24px;color:#009ee3\"><\/i>  En programe d'\u00e9change<\/div><div class=\"su-service-content su-u-clearfix su-u-trim\" style=\"padding-left:38px\"><\/div><\/div>\n<p><a href=\"https:\/\/www.uha.fr\/fr\/international\/venir-etudier-a-l-uha-en-mobilite-encadree.html\" target=\"_blank\" rel=\"noopener\">En programme d&rsquo;\u00e9change<\/a><\/p>\n<p>&nbsp;<\/p>\n<div class=\"su-service\"><div class=\"su-service-title\" style=\"padding-left:38px;min-height:24px;line-height:24px\"><i class=\"sui sui-university\" style=\"font-size:24px;color:#009ee3\"><\/i> Hors programme d'\u00e9change<\/div><div class=\"su-service-content su-u-clearfix su-u-trim\" style=\"padding-left:38px\"><\/div><\/div>\n<p><a href=\"https:\/\/www.uha.fr\/fr\/international\/accueil-des-etudiants-internationaux.html\">Hors programme d&rsquo;\u00e9change<\/a><\/p>\n<\/div><\/div> <div class=\"su-column su-column-size-1-2\"><div class=\"su-column-inner su-u-clearfix su-u-trim\"><img loading=\"lazy\" decoding=\"async\" class=\" wp-image-3283 alignnone\" src=\"https:\/\/www.iutcolmar.uha.fr\/wp-content\/uploads\/2018\/11\/P1000184-300x200.jpg\" alt=\"IUT COLMAR\" width=\"510\" height=\"340\" srcset=\"https:\/\/www.iutcolmar.uha.fr\/wp-content\/uploads\/2018\/11\/P1000184-300x200.jpg 300w, https:\/\/www.iutcolmar.uha.fr\/wp-content\/uploads\/2018\/11\/P1000184-768x512.jpg 768w, https:\/\/www.iutcolmar.uha.fr\/wp-content\/uploads\/2018\/11\/P1000184-1024x683.jpg 1024w\" sizes=\"auto, (max-width: 510px) 100vw, 510px\" \/><\/div><\/div><\/div>\n<p>&nbsp;<\/p>\n","protected":false},"excerpt":{"rendered":"<p>Venir \u00e0 l&rsquo;IUT L&rsquo;IUT de Colmar offre la possibilit\u00e9 aux \u00e9tudiants \u00e9trangers de venir \u00e9tudier en programme ou hors programme d&rsquo;\u00e9change. &nbsp;<\/p>\n","protected":false},"author":1,"featured_media":0,"parent":661,"menu_order":1,"comment_status":"closed","ping_status":"closed","template":"","meta":{"footnotes":""},"class_list":["post-1483","page","type-page","status-publish","hentry"],"yoast_head":"<!-- This site is optimized with the Yoast SEO plugin v27.4 - https:\/\/yoast.com\/product\/yoast-seo-wordpress\/ -->\n<title>Venir \u00e0 l&#039;IUT - IUT de Colmar<\/title>\n<meta name=\"robots\" content=\"index, follow, max-snippet:-1, max-image-preview:large, max-video-preview:-1\" \/>\n<link rel=\"canonical\" href=\"https:\/\/www.iutcolmar.uha.fr\/index.php\/international\/venir-a-liut\/\" \/>\n<meta property=\"og:locale\" content=\"fr_FR\" \/>\n<meta property=\"og:type\" content=\"article\" \/>\n<meta property=\"og:title\" content=\"Venir \u00e0 l&#039;IUT - IUT de Colmar\" \/>\n<meta property=\"og:description\" content=\"Venir \u00e0 l&rsquo;IUT L&rsquo;IUT de Colmar offre la possibilit\u00e9 aux \u00e9tudiants \u00e9trangers de venir \u00e9tudier en programme ou hors programme d&rsquo;\u00e9change. &nbsp;\" \/>\n<meta property=\"og:url\" content=\"https:\/\/www.iutcolmar.uha.fr\/index.php\/international\/venir-a-liut\/\" \/>\n<meta property=\"og:site_name\" content=\"IUT de Colmar\" \/>\n<meta property=\"article:modified_time\" content=\"2025-02-27T14:24:52+00:00\" \/>\n<meta property=\"og:image\" content=\"https:\/\/www.iutcolmar.uha.fr\/wp-content\/uploads\/2018\/11\/P1000184-1024x683.jpg\" \/>\n\t<meta property=\"og:image:width\" content=\"1024\" \/>\n\t<meta property=\"og:image:height\" content=\"683\" \/>\n\t<meta property=\"og:image:type\" content=\"image\/jpeg\" \/>\n<meta name=\"twitter:card\" content=\"summary_large_image\" \/>\n<meta name=\"twitter:label1\" content=\"Dur\u00e9e de lecture estim\u00e9e\" \/>\n\t<meta name=\"twitter:data1\" content=\"1 minute\" \/>\n<script type=\"application\/ld+json\" class=\"yoast-schema-graph\">{\"@context\":\"https:\\\/\\\/schema.org\",\"@graph\":[{\"@type\":\"WebPage\",\"@id\":\"https:\\\/\\\/www.iutcolmar.uha.fr\\\/index.php\\\/international\\\/venir-a-liut\\\/\",\"url\":\"https:\\\/\\\/www.iutcolmar.uha.fr\\\/index.php\\\/international\\\/venir-a-liut\\\/\",\"name\":\"Venir \u00e0 l'IUT - IUT de Colmar\",\"isPartOf\":{\"@id\":\"https:\\\/\\\/www.iutcolmar.uha.fr\\\/#website\"},\"primaryImageOfPage\":{\"@id\":\"https:\\\/\\\/www.iutcolmar.uha.fr\\\/index.php\\\/international\\\/venir-a-liut\\\/#primaryimage\"},\"image\":{\"@id\":\"https:\\\/\\\/www.iutcolmar.uha.fr\\\/index.php\\\/international\\\/venir-a-liut\\\/#primaryimage\"},\"thumbnailUrl\":\"https:\\\/\\\/www.iutcolmar.uha.fr\\\/wp-content\\\/uploads\\\/2018\\\/11\\\/P1000184-300x200.jpg\",\"datePublished\":\"2018-06-05T12:10:02+00:00\",\"dateModified\":\"2025-02-27T14:24:52+00:00\",\"breadcrumb\":{\"@id\":\"https:\\\/\\\/www.iutcolmar.uha.fr\\\/index.php\\\/international\\\/venir-a-liut\\\/#breadcrumb\"},\"inLanguage\":\"fr-FR\",\"potentialAction\":[{\"@type\":\"ReadAction\",\"target\":[\"https:\\\/\\\/www.iutcolmar.uha.fr\\\/index.php\\\/international\\\/venir-a-liut\\\/\"]}]},{\"@type\":\"ImageObject\",\"inLanguage\":\"fr-FR\",\"@id\":\"https:\\\/\\\/www.iutcolmar.uha.fr\\\/index.php\\\/international\\\/venir-a-liut\\\/#primaryimage\",\"url\":\"https:\\\/\\\/www.iutcolmar.uha.fr\\\/wp-content\\\/uploads\\\/2018\\\/11\\\/P1000184-300x200.jpg\",\"contentUrl\":\"https:\\\/\\\/www.iutcolmar.uha.fr\\\/wp-content\\\/uploads\\\/2018\\\/11\\\/P1000184-300x200.jpg\"},{\"@type\":\"BreadcrumbList\",\"@id\":\"https:\\\/\\\/www.iutcolmar.uha.fr\\\/index.php\\\/international\\\/venir-a-liut\\\/#breadcrumb\",\"itemListElement\":[{\"@type\":\"ListItem\",\"position\":1,\"name\":\"Accueil\",\"item\":\"https:\\\/\\\/www.iutcolmar.uha.fr\\\/\"},{\"@type\":\"ListItem\",\"position\":2,\"name\":\"International\",\"item\":\"https:\\\/\\\/www.iutcolmar.uha.fr\\\/index.php\\\/international\\\/\"},{\"@type\":\"ListItem\",\"position\":3,\"name\":\"Venir \u00e0 l&rsquo;IUT\"}]},{\"@type\":\"WebSite\",\"@id\":\"https:\\\/\\\/www.iutcolmar.uha.fr\\\/#website\",\"url\":\"https:\\\/\\\/www.iutcolmar.uha.fr\\\/\",\"name\":\"IUT de Colmar\",\"description\":\"Universit\u00e9 de Haute-Alsace\",\"potentialAction\":[{\"@type\":\"SearchAction\",\"target\":{\"@type\":\"EntryPoint\",\"urlTemplate\":\"https:\\\/\\\/www.iutcolmar.uha.fr\\\/?s={search_term_string}\"},\"query-input\":{\"@type\":\"PropertyValueSpecification\",\"valueRequired\":true,\"valueName\":\"search_term_string\"}}],\"inLanguage\":\"fr-FR\"}]}<\/script>\n<!-- \/ Yoast SEO plugin. -->","yoast_head_json":{"title":"Venir \u00e0 l'IUT - IUT de Colmar","robots":{"index":"index","follow":"follow","max-snippet":"max-snippet:-1","max-image-preview":"max-image-preview:large","max-video-preview":"max-video-preview:-1"},"canonical":"https:\/\/www.iutcolmar.uha.fr\/index.php\/international\/venir-a-liut\/","og_locale":"fr_FR","og_type":"article","og_title":"Venir \u00e0 l'IUT - IUT de Colmar","og_description":"Venir \u00e0 l&rsquo;IUT L&rsquo;IUT de Colmar offre la possibilit\u00e9 aux \u00e9tudiants \u00e9trangers de venir \u00e9tudier en programme ou hors programme d&rsquo;\u00e9change. &nbsp;","og_url":"https:\/\/www.iutcolmar.uha.fr\/index.php\/international\/venir-a-liut\/","og_site_name":"IUT de Colmar","article_modified_time":"2025-02-27T14:24:52+00:00","og_image":[{"width":1024,"height":683,"url":"https:\/\/www.iutcolmar.uha.fr\/wp-content\/uploads\/2018\/11\/P1000184-1024x683.jpg","type":"image\/jpeg"}],"twitter_card":"summary_large_image","twitter_misc":{"Dur\u00e9e de lecture estim\u00e9e":"1 minute"},"schema":{"@context":"https:\/\/schema.org","@graph":[{"@type":"WebPage","@id":"https:\/\/www.iutcolmar.uha.fr\/index.php\/international\/venir-a-liut\/","url":"https:\/\/www.iutcolmar.uha.fr\/index.php\/international\/venir-a-liut\/","name":"Venir \u00e0 l'IUT - IUT de Colmar","isPartOf":{"@id":"https:\/\/www.iutcolmar.uha.fr\/#website"},"primaryImageOfPage":{"@id":"https:\/\/www.iutcolmar.uha.fr\/index.php\/international\/venir-a-liut\/#primaryimage"},"image":{"@id":"https:\/\/www.iutcolmar.uha.fr\/index.php\/international\/venir-a-liut\/#primaryimage"},"thumbnailUrl":"https:\/\/www.iutcolmar.uha.fr\/wp-content\/uploads\/2018\/11\/P1000184-300x200.jpg","datePublished":"2018-06-05T12:10:02+00:00","dateModified":"2025-02-27T14:24:52+00:00","breadcrumb":{"@id":"https:\/\/www.iutcolmar.uha.fr\/index.php\/international\/venir-a-liut\/#breadcrumb"},"inLanguage":"fr-FR","potentialAction":[{"@type":"ReadAction","target":["https:\/\/www.iutcolmar.uha.fr\/index.php\/international\/venir-a-liut\/"]}]},{"@type":"ImageObject","inLanguage":"fr-FR","@id":"https:\/\/www.iutcolmar.uha.fr\/index.php\/international\/venir-a-liut\/#primaryimage","url":"https:\/\/www.iutcolmar.uha.fr\/wp-content\/uploads\/2018\/11\/P1000184-300x200.jpg","contentUrl":"https:\/\/www.iutcolmar.uha.fr\/wp-content\/uploads\/2018\/11\/P1000184-300x200.jpg"},{"@type":"BreadcrumbList","@id":"https:\/\/www.iutcolmar.uha.fr\/index.php\/international\/venir-a-liut\/#breadcrumb","itemListElement":[{"@type":"ListItem","position":1,"name":"Accueil","item":"https:\/\/www.iutcolmar.uha.fr\/"},{"@type":"ListItem","position":2,"name":"International","item":"https:\/\/www.iutcolmar.uha.fr\/index.php\/international\/"},{"@type":"ListItem","position":3,"name":"Venir \u00e0 l&rsquo;IUT"}]},{"@type":"WebSite","@id":"https:\/\/www.iutcolmar.uha.fr\/#website","url":"https:\/\/www.iutcolmar.uha.fr\/","name":"IUT de Colmar","description":"Universit\u00e9 de Haute-Alsace","potentialAction":[{"@type":"SearchAction","target":{"@type":"EntryPoint","urlTemplate":"https:\/\/www.iutcolmar.uha.fr\/?s={search_term_string}"},"query-input":{"@type":"PropertyValueSpecification","valueRequired":true,"valueName":"search_term_string"}}],"inLanguage":"fr-FR"}]}},"_links":{"self":[{"href":"https:\/\/www.iutcolmar.uha.fr\/index.php\/wp-json\/wp\/v2\/pages\/1483","targetHints":{"allow":["GET"]}}],"collection":[{"href":"https:\/\/www.iutcolmar.uha.fr\/index.php\/wp-json\/wp\/v2\/pages"}],"about":[{"href":"https:\/\/www.iutcolmar.uha.fr\/index.php\/wp-json\/wp\/v2\/types\/page"}],"author":[{"embeddable":true,"href":"https:\/\/www.iutcolmar.uha.fr\/index.php\/wp-json\/wp\/v2\/users\/1"}],"replies":[{"embeddable":true,"href":"https:\/\/www.iutcolmar.uha.fr\/index.php\/wp-json\/wp\/v2\/comments?post=1483"}],"version-history":[{"count":16,"href":"https:\/\/www.iutcolmar.uha.fr\/index.php\/wp-json\/wp\/v2\/pages\/1483\/revisions"}],"predecessor-version":[{"id":7071,"href":"https:\/\/www.iutcolmar.uha.fr\/index.php\/wp-json\/wp\/v2\/pages\/1483\/revisions\/7071"}],"up":[{"embeddable":true,"href":"https:\/\/www.iutcolmar.uha.fr\/index.php\/wp-json\/wp\/v2\/pages\/661"}],"wp:attachment":[{"href":"https:\/\/www.iutcolmar.uha.fr\/index.php\/wp-json\/wp\/v2\/media?parent=1483"}],"curies":[{"name":"wp","href":"https:\/\/api.w.org\/{rel}","templated":true}]}}