{"id":29,"date":"2018-04-04T13:49:23","date_gmt":"2018-04-04T11:49:23","guid":{"rendered":"https:\/\/www.iutcolmar.uha.fr\/?page_id=29"},"modified":"2021-07-15T15:22:44","modified_gmt":"2021-07-15T13:22:44","slug":"plan-du-site","status":"publish","type":"page","link":"https:\/\/www.iutcolmar.uha.fr\/index.php\/plan-du-site\/","title":{"rendered":"Plan du site"},"content":{"rendered":"<div class=\"menu-menu-principal-container\"><ul id=\"menu-menu-principal\" class=\"menu\"><li id=\"menu-item-37\" class=\"menu-item menu-item-type-post_type menu-item-object-page menu-item-has-children menu-item-37\"><a href=\"https:\/\/www.iutcolmar.uha.fr\/index.php\/iut-de-colmar\/\">L\u2019IUT<\/a>\n<ul class=\"sub-menu\">\n\t<li id=\"menu-item-582\" class=\"menu-item menu-item-type-post_type menu-item-object-page menu-item-582\"><a href=\"https:\/\/www.iutcolmar.uha.fr\/index.php\/iut-de-colmar\/organisation\/\">Organisation<\/a><\/li>\n\t<li id=\"menu-item-59\" class=\"menu-item menu-item-type-post_type menu-item-object-page menu-item-59\"><a href=\"https:\/\/www.iutcolmar.uha.fr\/index.php\/iut-de-colmar\/developpement-durable\/\">D\u00e9veloppement Durable<\/a><\/li>\n\t<li id=\"menu-item-738\" class=\"menu-item menu-item-type-taxonomy menu-item-object-category menu-item-738\"><a href=\"https:\/\/www.iutcolmar.uha.fr\/index.php\/category\/actualites\/\">Actualit\u00e9s<\/a><\/li>\n\t<li id=\"menu-item-65\" class=\"menu-item menu-item-type-post_type menu-item-object-page menu-item-65\"><a href=\"https:\/\/www.iutcolmar.uha.fr\/index.php\/iut-de-colmar\/historique\/\">Historique<\/a><\/li>\n\t<li id=\"menu-item-586\" class=\"menu-item menu-item-type-post_type menu-item-object-page menu-item-586\"><a href=\"https:\/\/www.iutcolmar.uha.fr\/index.php\/iut-de-colmar\/reseaux-des-iut\/\">R\u00e9seaux des IUT<\/a><\/li>\n<\/ul>\n<\/li>\n<li id=\"menu-item-35\" class=\"menu-item menu-item-type-post_type menu-item-object-page menu-item-has-children menu-item-35\"><a href=\"https:\/\/www.iutcolmar.uha.fr\/index.php\/formations\/\">Formations<\/a>\n<ul class=\"sub-menu\">\n\t<li id=\"menu-item-77\" class=\"menu-item menu-item-type-post_type menu-item-object-page menu-item-has-children menu-item-77\"><a href=\"https:\/\/www.iutcolmar.uha.fr\/index.php\/formations\/diplomes\/\">Dipl\u00f4mes<\/a>\n\t<ul class=\"sub-menu\">\n\t\t<li id=\"menu-item-89\" class=\"menu-item menu-item-type-post_type menu-item-object-page menu-item-has-children menu-item-89\"><a href=\"https:\/\/www.iutcolmar.uha.fr\/index.php\/formations\/diplomes\/bachelor-universitaire-de-technologie-b-u-t-bac-3\/\">Bachelor Universitaire de Technologie &#8211; Bac + 3<\/a>\n\t\t<ul class=\"sub-menu\">\n\t\t\t<li id=\"menu-item-280\" class=\"menu-item menu-item-type-post_type menu-item-object-page menu-item-280\"><a href=\"https:\/\/www.iutcolmar.uha.fr\/index.php\/formations\/diplomes\/bachelor-universitaire-de-technologie-b-u-t-bac-3\/b-u-t-carrieres-juridiques\/\">B.U.T. Carri\u00e8res Juridiques<\/a><\/li>\n\t\t\t<li id=\"menu-item-279\" class=\"menu-item menu-item-type-post_type menu-item-object-page menu-item-279\"><a href=\"https:\/\/www.iutcolmar.uha.fr\/index.php\/formations\/diplomes\/bachelor-universitaire-de-technologie-b-u-t-bac-3\/b-u-t-genie-biologique-parcours-agronomie\/\">B.U.T. G\u00e9nie Biologique parcours Agronomie<\/a><\/li>\n\t\t\t<li id=\"menu-item-277\" class=\"menu-item menu-item-type-post_type menu-item-object-page menu-item-277\"><a href=\"https:\/\/www.iutcolmar.uha.fr\/index.php\/formations\/diplomes\/bachelor-universitaire-de-technologie-b-u-t-bac-3\/b-u-t-hygiene-securite-environnement\/\">B.U.T. Hygi\u00e8ne S\u00e9curit\u00e9 Environnement<\/a><\/li>\n\t\t\t<li id=\"menu-item-278\" class=\"menu-item menu-item-type-post_type menu-item-object-page menu-item-278\"><a href=\"https:\/\/www.iutcolmar.uha.fr\/index.php\/b-u-t-metiers-de-la-transition-et-de-lefficacite-energetiques\/\">B.U.T. M\u00e9tiers de la Transition et de l\u2019Efficacit\u00e9 Energ\u00e9tiques<\/a><\/li>\n\t\t\t<li id=\"menu-item-276\" class=\"menu-item menu-item-type-post_type menu-item-object-page menu-item-276\"><a href=\"https:\/\/www.iutcolmar.uha.fr\/index.php\/formations\/diplomes\/bachelor-universitaire-de-technologie-b-u-t-bac-3\/b-u-t-reseaux-et-telecommunications\/\">B.U.T. R\u00e9seaux et T\u00e9l\u00e9communications<\/a><\/li>\n\t\t\t<li id=\"menu-item-275\" class=\"menu-item menu-item-type-post_type menu-item-object-page menu-item-275\"><a href=\"https:\/\/www.iutcolmar.uha.fr\/index.php\/formations\/diplomes\/bachelor-universitaire-de-technologie-b-u-t-bac-3\/b-u-t-techniques-de-commercialisation\/\">B.U.T. Techniques de Commercialisation<\/a><\/li>\n\t\t<\/ul>\n<\/li>\n\t\t<li id=\"menu-item-87\" class=\"menu-item menu-item-type-post_type menu-item-object-page menu-item-has-children menu-item-87\"><a href=\"https:\/\/www.iutcolmar.uha.fr\/index.php\/formations\/diplomes\/bac-3-licences-professionnelles\/\">Licences professionnelles \u2013 Bac + 3<\/a>\n\t\t<ul class=\"sub-menu\">\n\t\t\t<li id=\"menu-item-309\" class=\"menu-item menu-item-type-post_type menu-item-object-page menu-item-309\"><a href=\"https:\/\/www.iutcolmar.uha.fr\/index.php\/formations\/diplomes\/bac-3-licences-professionnelles\/lp-bio-industries-et-biotechnologies\/\">LP Bio-industries et bio-technologies<\/a><\/li>\n\t\t\t<li id=\"menu-item-301\" class=\"menu-item menu-item-type-post_type menu-item-object-page menu-item-301\"><a href=\"https:\/\/www.iutcolmar.uha.fr\/index.php\/formations\/diplomes\/bac-3-licences-professionnelles\/lp-technico-commercial\/\">LP Technico-commercial<\/a><\/li>\n\t\t<\/ul>\n<\/li>\n\t\t<li id=\"menu-item-6058\" class=\"menu-item menu-item-type-post_type menu-item-object-page menu-item-6058\"><a href=\"https:\/\/www.iutcolmar.uha.fr\/index.php\/formations\/diplomes\/double-diplome-lp-technico-commercial-b-u-t-mt2e\/\">Double dipl\u00f4me : LP Technico-commercial &#038; B.U.T. MT2E<\/a><\/li>\n\t\t<li id=\"menu-item-86\" class=\"menu-item menu-item-type-post_type menu-item-object-page menu-item-has-children menu-item-86\"><a href=\"https:\/\/www.iutcolmar.uha.fr\/index.php\/formations\/diplomes\/diplomes-multiples-formations-transfrontalieres\/\">Dipl\u00f4mes Multiples \u2013 Formations Transfrontali\u00e8res<\/a>\n\t\t<ul class=\"sub-menu\">\n\t\t\t<li id=\"menu-item-2948\" class=\"menu-item menu-item-type-post_type menu-item-object-page menu-item-2948\"><a href=\"https:\/\/www.iutcolmar.uha.fr\/index.php\/formations\/diplomes\/bachelor-universitaire-de-technologie-b-u-t-bac-3\/b-u-t-reseaux-et-telecommunications\/\">Formation Trinationale \u2013 Information Communication Systems \/ R\u00e9seaux et T\u00e9l\u00e9communications<\/a><\/li>\n\t\t\t<li id=\"menu-item-319\" class=\"menu-item menu-item-type-post_type menu-item-object-page menu-item-319\"><a href=\"https:\/\/www.iutcolmar.uha.fr\/index.php\/formations\/formations-transfrontalieres\/international-business-management\/\">Formation Trinationale \u2013 International Business Management<\/a><\/li>\n\t\t<\/ul>\n<\/li>\n\t<\/ul>\n<\/li>\n\t<li id=\"menu-item-400\" class=\"menu-item menu-item-type-post_type menu-item-object-page menu-item-has-children menu-item-400\"><a href=\"https:\/\/www.iutcolmar.uha.fr\/index.php\/formations\/domaines\/\">Domaines<\/a>\n\t<ul class=\"sub-menu\">\n\t\t<li id=\"menu-item-108\" class=\"menu-item menu-item-type-post_type menu-item-object-page menu-item-has-children menu-item-108\"><a href=\"https:\/\/www.iutcolmar.uha.fr\/index.php\/formations\/domaines\/biologie-agronomie-biotechnologies\/\">Biologie, agronomie, biotechnologies<\/a>\n\t\t<ul class=\"sub-menu\">\n\t\t\t<li id=\"menu-item-343\" class=\"menu-item menu-item-type-post_type menu-item-object-page menu-item-343\"><a href=\"https:\/\/www.iutcolmar.uha.fr\/index.php\/formations\/diplomes\/bachelor-universitaire-de-technologie-b-u-t-bac-3\/b-u-t-genie-biologique-parcours-agronomie\/\">B.U.T. G\u00e9nie Biologique option agronomie<\/a><\/li>\n\t\t\t<li id=\"menu-item-344\" class=\"menu-item menu-item-type-post_type menu-item-object-page menu-item-344\"><a href=\"https:\/\/www.iutcolmar.uha.fr\/index.php\/formations\/diplomes\/bac-3-licences-professionnelles\/lp-bio-industries-et-biotechnologies\/\">LP Bio-technologies<\/a><\/li>\n\t\t\t<li id=\"menu-item-345\" class=\"menu-item menu-item-type-post_type menu-item-object-page menu-item-345\"><a href=\"https:\/\/www.iutcolmar.uha.fr\/index.php\/formations\/diplomes\/bac-3-licences-professionnelles\/lp-technico-commercial\/\">LP Technico-commercial<\/a><\/li>\n\t\t<\/ul>\n<\/li>\n\t\t<li id=\"menu-item-107\" class=\"menu-item menu-item-type-post_type menu-item-object-page menu-item-has-children menu-item-107\"><a href=\"https:\/\/www.iutcolmar.uha.fr\/index.php\/formations\/domaines\/commerce-marketing-relation-client-business-international\/\">Commerce, marketing, relation client, business international<\/a>\n\t\t<ul class=\"sub-menu\">\n\t\t\t<li id=\"menu-item-338\" class=\"menu-item menu-item-type-post_type menu-item-object-page menu-item-338\"><a href=\"https:\/\/www.iutcolmar.uha.fr\/index.php\/formations\/diplomes\/bachelor-universitaire-de-technologie-b-u-t-bac-3\/b-u-t-techniques-de-commercialisation\/\">B.U.T. Techniques de Commercialisation<\/a><\/li>\n\t\t\t<li id=\"menu-item-337\" class=\"menu-item menu-item-type-post_type menu-item-object-page menu-item-337\"><a href=\"https:\/\/www.iutcolmar.uha.fr\/index.php\/formations\/formations-transfrontalieres\/international-business-management\/\">Formation Trinationale \u2013 International Business Management<\/a><\/li>\n\t\t<\/ul>\n<\/li>\n\t\t<li id=\"menu-item-106\" class=\"menu-item menu-item-type-post_type menu-item-object-page menu-item-has-children menu-item-106\"><a href=\"https:\/\/www.iutcolmar.uha.fr\/index.php\/formations\/domaines\/droit\/\">Droit<\/a>\n\t\t<ul class=\"sub-menu\">\n\t\t\t<li id=\"menu-item-346\" class=\"menu-item menu-item-type-post_type menu-item-object-page menu-item-346\"><a href=\"https:\/\/www.iutcolmar.uha.fr\/index.php\/formations\/diplomes\/bachelor-universitaire-de-technologie-b-u-t-bac-3\/b-u-t-carrieres-juridiques\/\">B.U.T. Carri\u00e8res Juridiques<\/a><\/li>\n\t\t<\/ul>\n<\/li>\n\t\t<li id=\"menu-item-105\" class=\"menu-item menu-item-type-post_type menu-item-object-page menu-item-has-children menu-item-105\"><a href=\"https:\/\/www.iutcolmar.uha.fr\/index.php\/formations\/domaines\/energies-thermique\/\">\u00c9nergies, thermique<\/a>\n\t\t<ul class=\"sub-menu\">\n\t\t\t<li id=\"menu-item-349\" class=\"menu-item menu-item-type-post_type menu-item-object-page menu-item-349\"><a href=\"https:\/\/www.iutcolmar.uha.fr\/index.php\/b-u-t-metiers-de-la-transition-et-de-lefficacite-energetiques\/\">B.U.T. M\u00e9tiers de la Transition et de l\u2019Efficacit\u00e9 Energ\u00e9tiques<\/a><\/li>\n\t\t\t<li id=\"menu-item-351\" class=\"menu-item menu-item-type-post_type menu-item-object-page menu-item-351\"><a href=\"https:\/\/www.iutcolmar.uha.fr\/index.php\/formations\/diplomes\/bac-3-licences-professionnelles\/lp-technico-commercial\/\">LP Technico-commercial<\/a><\/li>\n\t\t<\/ul>\n<\/li>\n\t\t<li id=\"menu-item-104\" class=\"menu-item menu-item-type-post_type menu-item-object-page menu-item-has-children menu-item-104\"><a href=\"https:\/\/www.iutcolmar.uha.fr\/index.php\/formations\/domaines\/informatique-reseaux-et-telecommunications\/\">Informatique, r\u00e9seaux et t\u00e9l\u00e9communications<\/a>\n\t\t<ul class=\"sub-menu\">\n\t\t\t<li id=\"menu-item-352\" class=\"menu-item menu-item-type-post_type menu-item-object-page menu-item-352\"><a href=\"https:\/\/www.iutcolmar.uha.fr\/index.php\/formations\/diplomes\/bachelor-universitaire-de-technologie-b-u-t-bac-3\/b-u-t-reseaux-et-telecommunications\/\">B.U.T. R\u00e9seaux et T\u00e9l\u00e9communications<\/a><\/li>\n\t\t\t<li id=\"menu-item-355\" class=\"menu-item menu-item-type-post_type menu-item-object-page menu-item-355\"><a href=\"https:\/\/www.iutcolmar.uha.fr\/index.php\/formations\/diplomes\/bac-3-licences-professionnelles\/lp-technico-commercial\/\">LP Technico-commercial<\/a><\/li>\n\t\t<\/ul>\n<\/li>\n\t\t<li id=\"menu-item-103\" class=\"menu-item menu-item-type-post_type menu-item-object-page menu-item-has-children menu-item-103\"><a href=\"https:\/\/www.iutcolmar.uha.fr\/index.php\/formations\/domaines\/securite-environnement-prevention\/\">S\u00e9curit\u00e9, environnement, pr\u00e9vention<\/a>\n\t\t<ul class=\"sub-menu\">\n\t\t\t<li id=\"menu-item-356\" class=\"menu-item menu-item-type-post_type menu-item-object-page menu-item-356\"><a href=\"https:\/\/www.iutcolmar.uha.fr\/index.php\/formations\/diplomes\/bachelor-universitaire-de-technologie-b-u-t-bac-3\/b-u-t-hygiene-securite-environnement\/\">B.U.T. Hygi\u00e8ne S\u00e9curit\u00e9 Environnement<\/a><\/li>\n\t\t\t<li id=\"menu-item-358\" class=\"menu-item menu-item-type-post_type menu-item-object-page menu-item-358\"><a href=\"https:\/\/www.iutcolmar.uha.fr\/index.php\/formations\/diplomes\/bac-3-licences-professionnelles\/lp-technico-commercial\/\">LP Technico-commercial<\/a><\/li>\n\t\t<\/ul>\n<\/li>\n\t<\/ul>\n<\/li>\n\t<li id=\"menu-item-75\" class=\"menu-item menu-item-type-post_type menu-item-object-page menu-item-has-children menu-item-75\"><a href=\"https:\/\/www.iutcolmar.uha.fr\/index.php\/formations\/alternance\/\">Alternance<\/a>\n\t<ul class=\"sub-menu\">\n\t\t<li id=\"menu-item-117\" class=\"menu-item menu-item-type-post_type menu-item-object-page menu-item-117\"><a href=\"https:\/\/www.iutcolmar.uha.fr\/index.php\/formations\/alternance\/devenir-apprenti\/\">Devenir alternant<\/a><\/li>\n\t\t<li id=\"menu-item-1137\" class=\"menu-item menu-item-type-post_type menu-item-object-page menu-item-1137\"><a href=\"https:\/\/www.iutcolmar.uha.fr\/index.php\/formations\/alternance\/diplomes-en-alternance\/\">Dipl\u00f4mes en alternance<\/a><\/li>\n\t<\/ul>\n<\/li>\n\t<li id=\"menu-item-74\" class=\"menu-item menu-item-type-post_type menu-item-object-page menu-item-74\"><a href=\"https:\/\/www.iutcolmar.uha.fr\/index.php\/formations\/formations-transfrontalieres\/\">Formations transfrontali\u00e8res<\/a><\/li>\n\t<li id=\"menu-item-516\" class=\"menu-item menu-item-type-post_type menu-item-object-page menu-item-516\"><a href=\"https:\/\/www.iutcolmar.uha.fr\/index.php\/formations\/formations-delocalisees-a-letranger\/\">Formation d\u00e9localis\u00e9e \u00e0 l\u2019\u00e9tranger<\/a><\/li>\n\t<li id=\"menu-item-323\" class=\"menu-item menu-item-type-post_type menu-item-object-page menu-item-has-children menu-item-323\"><a href=\"https:\/\/www.iutcolmar.uha.fr\/index.php\/candidatures-inscriptions\/\">Candidatures, Inscriptions, Dates de rentr\u00e9e<\/a>\n\t<ul class=\"sub-menu\">\n\t\t<li id=\"menu-item-981\" class=\"menu-item menu-item-type-post_type menu-item-object-page menu-item-981\"><a href=\"https:\/\/www.iutcolmar.uha.fr\/index.php\/candidatures\/\">Candidatures<\/a><\/li>\n\t\t<li id=\"menu-item-984\" class=\"menu-item menu-item-type-post_type menu-item-object-page menu-item-984\"><a href=\"https:\/\/www.iutcolmar.uha.fr\/index.php\/inscription\/\">Inscriptions &#038; Dates de rentr\u00e9e universitaire<\/a><\/li>\n\t<\/ul>\n<\/li>\n<\/ul>\n<\/li>\n<li id=\"menu-item-663\" class=\"menu-item menu-item-type-post_type menu-item-object-page menu-item-has-children menu-item-663\"><a href=\"https:\/\/www.iutcolmar.uha.fr\/index.php\/international\/\">International<\/a>\n<ul class=\"sub-menu\">\n\t<li id=\"menu-item-1488\" class=\"menu-item menu-item-type-post_type menu-item-object-page menu-item-1488\"><a href=\"https:\/\/www.iutcolmar.uha.fr\/index.php\/international\/venir-a-liut\/\">Venir \u00e0 l\u2019IUT<\/a><\/li>\n\t<li id=\"menu-item-1482\" class=\"menu-item menu-item-type-post_type menu-item-object-page menu-item-1482\"><a href=\"https:\/\/www.iutcolmar.uha.fr\/index.php\/international\/partir-a-letranger\/\">Partir \u00e0 l\u2019\u00e9tranger<\/a><\/li>\n\t<li id=\"menu-item-1510\" class=\"menu-item menu-item-type-post_type menu-item-object-page menu-item-1510\"><a href=\"https:\/\/www.iutcolmar.uha.fr\/index.php\/international\/formations-transfrontalieres-et-a-linternational\/\">Formations transfrontali\u00e8res et \u00e0 l\u2019international<\/a><\/li>\n<\/ul>\n<\/li>\n<li id=\"menu-item-44\" class=\"menu-item menu-item-type-post_type menu-item-object-page menu-item-has-children menu-item-44\"><a href=\"https:\/\/www.iutcolmar.uha.fr\/index.php\/vie-etudiante\/\">Vie \u00e9tudiante<\/a>\n<ul class=\"sub-menu\">\n\t<li id=\"menu-item-126\" class=\"menu-item menu-item-type-post_type menu-item-object-page menu-item-126\"><a href=\"https:\/\/www.iutcolmar.uha.fr\/index.php\/vie-etudiante\/associations-etudiantes\/\">Associations \u00e9tudiantes<\/a><\/li>\n\t<li id=\"menu-item-125\" class=\"menu-item menu-item-type-post_type menu-item-object-page menu-item-125\"><a href=\"https:\/\/www.iutcolmar.uha.fr\/index.php\/vie-etudiante\/services-aux-etudiants\/\">Services aux \u00e9tudiants<\/a><\/li>\n\t<li id=\"menu-item-5405\" class=\"menu-item menu-item-type-post_type menu-item-object-page menu-item-5405\"><a href=\"https:\/\/www.iutcolmar.uha.fr\/index.php\/vie-etudiante\/jobs-etudiants\/\">Jobs \u00e9tudiants<\/a><\/li>\n\t<li id=\"menu-item-124\" class=\"menu-item menu-item-type-post_type menu-item-object-page menu-item-124\"><a href=\"https:\/\/www.iutcolmar.uha.fr\/index.php\/vie-etudiante\/environnement-dynamique\/\">Environnement dynamique<\/a><\/li>\n<\/ul>\n<\/li>\n<li id=\"menu-item-42\" class=\"menu-item menu-item-type-post_type menu-item-object-page menu-item-42\"><a href=\"https:\/\/www.iutcolmar.uha.fr\/index.php\/recherche\/\">La Recherche<\/a><\/li>\n<li id=\"menu-item-43\" class=\"menu-item menu-item-type-post_type menu-item-object-page menu-item-has-children menu-item-43\"><a href=\"https:\/\/www.iutcolmar.uha.fr\/index.php\/relations-entreprises\/\">Entreprises<\/a>\n<ul class=\"sub-menu\">\n\t<li id=\"menu-item-7043\" class=\"menu-item menu-item-type-post_type menu-item-object-page menu-item-7043\"><a href=\"https:\/\/www.iutcolmar.uha.fr\/index.php\/relations-entreprises\/decouvrir-nos-services\/\">Formations et expertises<\/a><\/li>\n\t<li id=\"menu-item-135\" class=\"menu-item menu-item-type-post_type menu-item-object-page menu-item-135\"><a href=\"https:\/\/www.iutcolmar.uha.fr\/index.php\/relations-entreprises\/collaborer-avec-nous\/\">Recrutement : stage ou alternance<\/a><\/li>\n\t<li id=\"menu-item-5974\" class=\"menu-item menu-item-type-post_type menu-item-object-page menu-item-5974\"><a href=\"https:\/\/www.iutcolmar.uha.fr\/index.php\/relations-entreprises\/jobdating-alternance\/\">Jobdating Alternance<\/a><\/li>\n\t<li id=\"menu-item-1104\" class=\"menu-item menu-item-type-post_type menu-item-object-page menu-item-1104\"><a href=\"https:\/\/www.iutcolmar.uha.fr\/index.php\/relations-entreprises\/soutenir-liut\/\">Soutenir l&rsquo;IUT<\/a><\/li>\n<\/ul>\n<\/li>\n<li id=\"menu-item-34\" class=\"menu-item menu-item-type-post_type menu-item-object-page menu-item-34\"><a href=\"https:\/\/www.iutcolmar.uha.fr\/index.php\/contacts-acces\/\">Contacts &#038; acc\u00e8s<\/a><\/li>\n<\/ul><\/div>\n<div class=\"menu-menu-pied-de-page-container\"><ul id=\"menu-menu-pied-de-page\" class=\"menu\"><li id=\"menu-item-50\" class=\"menu-item menu-item-type-post_type menu-item-object-page menu-item-50\"><a href=\"https:\/\/www.iutcolmar.uha.fr\/index.php\/contacts-acces\/\">Contacts &#038; acc\u00e8s<\/a><\/li>\n<li id=\"menu-item-136\" class=\"menu-item menu-item-type-post_type menu-item-object-page menu-item-136\"><a href=\"https:\/\/www.iutcolmar.uha.fr\/index.php\/candidatures-inscriptions\/\">Candidatures, Inscriptions, Dates de rentr\u00e9e<\/a><\/li>\n<li id=\"menu-item-4898\" class=\"menu-item menu-item-type-post_type menu-item-object-page menu-item-privacy-policy menu-item-4898\"><a rel=\"privacy-policy\" href=\"https:\/\/www.iutcolmar.uha.fr\/index.php\/protection-des-donnees\/\">Protection des donn\u00e9es<\/a><\/li>\n<li id=\"menu-item-47\" class=\"menu-item menu-item-type-post_type menu-item-object-page menu-item-47\"><a href=\"https:\/\/www.iutcolmar.uha.fr\/index.php\/mentions-legales\/\">Mentions l\u00e9gales<\/a><\/li>\n<li id=\"menu-item-46\" class=\"menu-item menu-item-type-post_type menu-item-object-page menu-item-46\"><a href=\"https:\/\/www.iutcolmar.uha.fr\/index.php\/accessibilite\/\">Accessibilit\u00e9<\/a><\/li>\n<li id=\"menu-item-45\" class=\"menu-item menu-item-type-post_type menu-item-object-page menu-item-45\"><a href=\"https:\/\/www.iutcolmar.uha.fr\/index.php\/plan-du-site\/\">Plan du site<\/a><\/li>\n<\/ul><\/div>\n","protected":false},"excerpt":{"rendered":"","protected":false},"author":1,"featured_media":0,"parent":0,"menu_order":0,"comment_status":"closed","ping_status":"closed","template":"","meta":{"footnotes":""},"class_list":["post-29","page","type-page","status-publish","hentry"],"yoast_head":"<!-- This site is optimized with the Yoast SEO plugin v27.4 - https:\/\/yoast.com\/product\/yoast-seo-wordpress\/ -->\n<title>Plan du site - IUT de Colmar<\/title>\n<meta name=\"description\" content=\"D\u00e9couvrez le plan entier du site de l&#039;IUT de Colmar. Ce plan vous permet de visualiser toutes les pages du site interne.\" \/>\n<meta name=\"robots\" content=\"index, follow, max-snippet:-1, max-image-preview:large, max-video-preview:-1\" \/>\n<link rel=\"canonical\" href=\"https:\/\/www.iutcolmar.uha.fr\/index.php\/plan-du-site\/\" \/>\n<meta property=\"og:locale\" content=\"fr_FR\" \/>\n<meta property=\"og:type\" content=\"article\" \/>\n<meta property=\"og:title\" content=\"Plan du site - IUT de Colmar\" \/>\n<meta property=\"og:description\" content=\"D\u00e9couvrez le plan entier du site de l&#039;IUT de Colmar. Ce plan vous permet de visualiser toutes les pages du site interne.\" \/>\n<meta property=\"og:url\" content=\"https:\/\/www.iutcolmar.uha.fr\/index.php\/plan-du-site\/\" \/>\n<meta property=\"og:site_name\" content=\"IUT de Colmar\" \/>\n<meta property=\"article:modified_time\" content=\"2021-07-15T13:22:44+00:00\" \/>\n<meta name=\"twitter:card\" content=\"summary_large_image\" \/>\n<meta name=\"twitter:label1\" content=\"Dur\u00e9e de lecture estim\u00e9e\" \/>\n\t<meta name=\"twitter:data1\" content=\"1 minute\" \/>\n<script type=\"application\/ld+json\" class=\"yoast-schema-graph\">{\"@context\":\"https:\\\/\\\/schema.org\",\"@graph\":[{\"@type\":\"WebPage\",\"@id\":\"https:\\\/\\\/www.iutcolmar.uha.fr\\\/index.php\\\/plan-du-site\\\/\",\"url\":\"https:\\\/\\\/www.iutcolmar.uha.fr\\\/index.php\\\/plan-du-site\\\/\",\"name\":\"Plan du site - IUT de Colmar\",\"isPartOf\":{\"@id\":\"https:\\\/\\\/www.iutcolmar.uha.fr\\\/#website\"},\"datePublished\":\"2018-04-04T11:49:23+00:00\",\"dateModified\":\"2021-07-15T13:22:44+00:00\",\"description\":\"D\u00e9couvrez le plan entier du site de l'IUT de Colmar. Ce plan vous permet de visualiser toutes les pages du site interne.\",\"breadcrumb\":{\"@id\":\"https:\\\/\\\/www.iutcolmar.uha.fr\\\/index.php\\\/plan-du-site\\\/#breadcrumb\"},\"inLanguage\":\"fr-FR\",\"potentialAction\":[{\"@type\":\"ReadAction\",\"target\":[\"https:\\\/\\\/www.iutcolmar.uha.fr\\\/index.php\\\/plan-du-site\\\/\"]}]},{\"@type\":\"BreadcrumbList\",\"@id\":\"https:\\\/\\\/www.iutcolmar.uha.fr\\\/index.php\\\/plan-du-site\\\/#breadcrumb\",\"itemListElement\":[{\"@type\":\"ListItem\",\"position\":1,\"name\":\"Accueil\",\"item\":\"https:\\\/\\\/www.iutcolmar.uha.fr\\\/\"},{\"@type\":\"ListItem\",\"position\":2,\"name\":\"Plan du site\"}]},{\"@type\":\"WebSite\",\"@id\":\"https:\\\/\\\/www.iutcolmar.uha.fr\\\/#website\",\"url\":\"https:\\\/\\\/www.iutcolmar.uha.fr\\\/\",\"name\":\"IUT de Colmar\",\"description\":\"Universit\u00e9 de Haute-Alsace\",\"potentialAction\":[{\"@type\":\"SearchAction\",\"target\":{\"@type\":\"EntryPoint\",\"urlTemplate\":\"https:\\\/\\\/www.iutcolmar.uha.fr\\\/?s={search_term_string}\"},\"query-input\":{\"@type\":\"PropertyValueSpecification\",\"valueRequired\":true,\"valueName\":\"search_term_string\"}}],\"inLanguage\":\"fr-FR\"}]}<\/script>\n<!-- \/ Yoast SEO plugin. -->","yoast_head_json":{"title":"Plan du site - IUT de Colmar","description":"D\u00e9couvrez le plan entier du site de l'IUT de Colmar. Ce plan vous permet de visualiser toutes les pages du site interne.","robots":{"index":"index","follow":"follow","max-snippet":"max-snippet:-1","max-image-preview":"max-image-preview:large","max-video-preview":"max-video-preview:-1"},"canonical":"https:\/\/www.iutcolmar.uha.fr\/index.php\/plan-du-site\/","og_locale":"fr_FR","og_type":"article","og_title":"Plan du site - IUT de Colmar","og_description":"D\u00e9couvrez le plan entier du site de l'IUT de Colmar. Ce plan vous permet de visualiser toutes les pages du site interne.","og_url":"https:\/\/www.iutcolmar.uha.fr\/index.php\/plan-du-site\/","og_site_name":"IUT de Colmar","article_modified_time":"2021-07-15T13:22:44+00:00","twitter_card":"summary_large_image","twitter_misc":{"Dur\u00e9e de lecture estim\u00e9e":"1 minute"},"schema":{"@context":"https:\/\/schema.org","@graph":[{"@type":"WebPage","@id":"https:\/\/www.iutcolmar.uha.fr\/index.php\/plan-du-site\/","url":"https:\/\/www.iutcolmar.uha.fr\/index.php\/plan-du-site\/","name":"Plan du site - IUT de Colmar","isPartOf":{"@id":"https:\/\/www.iutcolmar.uha.fr\/#website"},"datePublished":"2018-04-04T11:49:23+00:00","dateModified":"2021-07-15T13:22:44+00:00","description":"D\u00e9couvrez le plan entier du site de l'IUT de Colmar. Ce plan vous permet de visualiser toutes les pages du site interne.","breadcrumb":{"@id":"https:\/\/www.iutcolmar.uha.fr\/index.php\/plan-du-site\/#breadcrumb"},"inLanguage":"fr-FR","potentialAction":[{"@type":"ReadAction","target":["https:\/\/www.iutcolmar.uha.fr\/index.php\/plan-du-site\/"]}]},{"@type":"BreadcrumbList","@id":"https:\/\/www.iutcolmar.uha.fr\/index.php\/plan-du-site\/#breadcrumb","itemListElement":[{"@type":"ListItem","position":1,"name":"Accueil","item":"https:\/\/www.iutcolmar.uha.fr\/"},{"@type":"ListItem","position":2,"name":"Plan du site"}]},{"@type":"WebSite","@id":"https:\/\/www.iutcolmar.uha.fr\/#website","url":"https:\/\/www.iutcolmar.uha.fr\/","name":"IUT de Colmar","description":"Universit\u00e9 de Haute-Alsace","potentialAction":[{"@type":"SearchAction","target":{"@type":"EntryPoint","urlTemplate":"https:\/\/www.iutcolmar.uha.fr\/?s={search_term_string}"},"query-input":{"@type":"PropertyValueSpecification","valueRequired":true,"valueName":"search_term_string"}}],"inLanguage":"fr-FR"}]}},"_links":{"self":[{"href":"https:\/\/www.iutcolmar.uha.fr\/index.php\/wp-json\/wp\/v2\/pages\/29","targetHints":{"allow":["GET"]}}],"collection":[{"href":"https:\/\/www.iutcolmar.uha.fr\/index.php\/wp-json\/wp\/v2\/pages"}],"about":[{"href":"https:\/\/www.iutcolmar.uha.fr\/index.php\/wp-json\/wp\/v2\/types\/page"}],"author":[{"embeddable":true,"href":"https:\/\/www.iutcolmar.uha.fr\/index.php\/wp-json\/wp\/v2\/users\/1"}],"replies":[{"embeddable":true,"href":"https:\/\/www.iutcolmar.uha.fr\/index.php\/wp-json\/wp\/v2\/comments?post=29"}],"version-history":[{"count":5,"href":"https:\/\/www.iutcolmar.uha.fr\/index.php\/wp-json\/wp\/v2\/pages\/29\/revisions"}],"predecessor-version":[{"id":5199,"href":"https:\/\/www.iutcolmar.uha.fr\/index.php\/wp-json\/wp\/v2\/pages\/29\/revisions\/5199"}],"wp:attachment":[{"href":"https:\/\/www.iutcolmar.uha.fr\/index.php\/wp-json\/wp\/v2\/media?parent=29"}],"curies":[{"name":"wp","href":"https:\/\/api.w.org\/{rel}","templated":true}]}}