{"id":514,"date":"2018-04-19T09:44:21","date_gmt":"2018-04-19T07:44:21","guid":{"rendered":"https:\/\/www.iutcolmar.uha.fr\/?page_id=514"},"modified":"2023-01-30T11:52:50","modified_gmt":"2023-01-30T10:52:50","slug":"formations-delocalisees-a-letranger","status":"publish","type":"page","link":"https:\/\/www.iutcolmar.uha.fr\/index.php\/formations\/formations-delocalisees-a-letranger\/","title":{"rendered":"Formations d\u00e9localis\u00e9es \u00e0 l&rsquo;\u00e9tranger"},"content":{"rendered":"<h1><span style=\"color: #333333;\">Formation d\u00e9localis\u00e9e \u00e0 l&rsquo;\u00e9tranger<\/span><\/h1>\n<p>L&rsquo;IUT propose 1 formation d\u00e9localis\u00e9e \u00e0 l&rsquo;\u00e9tranger :<\/p>\n<h4><strong>1 \u00e0 Douala au Cameroun<\/strong><\/h4>\n<ul>\n<li><a href=\"https:\/\/www.iutcolmar.uha.fr\/index.php\/lp-metiers-des-reseaux-informatiques-et-telecommunications-parcours-administration-des-reseaux-multimedia-cameroun\/\" rel=\"noopener\">LP Administration des r\u00e9seaux multim\u00e9dia \u2013 CAMEROUN<\/a><\/li>\n<\/ul>\n<p><img loading=\"lazy\" decoding=\"async\" class=\"wp-image-3276 alignleft\" src=\"https:\/\/www.iutcolmar.uha.fr\/wp-content\/uploads\/2018\/11\/cameroon-1758941_1280-200x300.png\" alt=\"Cameroon\" width=\"135\" height=\"203\" srcset=\"https:\/\/www.iutcolmar.uha.fr\/wp-content\/uploads\/2018\/11\/cameroon-1758941_1280-200x300.png 200w, https:\/\/www.iutcolmar.uha.fr\/wp-content\/uploads\/2018\/11\/cameroon-1758941_1280-768x1152.png 768w, https:\/\/www.iutcolmar.uha.fr\/wp-content\/uploads\/2018\/11\/cameroon-1758941_1280-682x1024.png 682w, https:\/\/www.iutcolmar.uha.fr\/wp-content\/uploads\/2018\/11\/cameroon-1758941_1280.png 853w\" sizes=\"auto, (max-width: 135px) 100vw, 135px\" \/><\/p>\n<p>&nbsp;<\/p>\n<p>&nbsp;<\/p>\n<p>&nbsp;<\/p>\n<p>&nbsp;<\/p>\n<p>&nbsp;<\/p>\n<p>&nbsp;<\/p>\n<p>&nbsp;<\/p>\n","protected":false},"excerpt":{"rendered":"<p>Formation d\u00e9localis\u00e9e \u00e0 l&rsquo;\u00e9tranger L&rsquo;IUT propose 1 formation d\u00e9localis\u00e9e \u00e0 l&rsquo;\u00e9tranger : 1 \u00e0 Douala au Cameroun LP Administration des r\u00e9seaux multim\u00e9dia \u2013 CAMEROUN &nbsp; &nbsp; &nbsp; &nbsp; &nbsp; &nbsp; &nbsp;<\/p>\n","protected":false},"author":1,"featured_media":0,"parent":7,"menu_order":6,"comment_status":"closed","ping_status":"closed","template":"","meta":{"footnotes":""},"class_list":["post-514","page","type-page","status-publish","hentry"],"yoast_head":"<!-- This site is optimized with the Yoast SEO plugin v27.1.1 - https:\/\/yoast.com\/product\/yoast-seo-wordpress\/ -->\n<title>Formations d\u00e9localis\u00e9es \u00e0 l&#039;\u00e9tranger - IUT de Colmar<\/title>\n<meta name=\"description\" content=\"L&#039;IUT propose 3 formations d\u00e9localis\u00e9es \u00e0 l&#039;\u00e9tranger (licences professionnelles) : 2 \u00e0 Douala au Cameroun et 1 \u00e0 Casablanca au Maroc.\" \/>\n<meta name=\"robots\" content=\"index, follow, max-snippet:-1, max-image-preview:large, max-video-preview:-1\" \/>\n<link rel=\"canonical\" href=\"https:\/\/www.iutcolmar.uha.fr\/index.php\/formations\/formations-delocalisees-a-letranger\/\" \/>\n<meta property=\"og:locale\" content=\"fr_FR\" \/>\n<meta property=\"og:type\" content=\"article\" \/>\n<meta property=\"og:title\" content=\"Formations d\u00e9localis\u00e9es \u00e0 l&#039;\u00e9tranger - IUT de Colmar\" \/>\n<meta property=\"og:description\" content=\"L&#039;IUT propose 3 formations d\u00e9localis\u00e9es \u00e0 l&#039;\u00e9tranger (licences professionnelles) : 2 \u00e0 Douala au Cameroun et 1 \u00e0 Casablanca au Maroc.\" \/>\n<meta property=\"og:url\" content=\"https:\/\/www.iutcolmar.uha.fr\/index.php\/formations\/formations-delocalisees-a-letranger\/\" \/>\n<meta property=\"og:site_name\" content=\"IUT de Colmar\" \/>\n<meta property=\"article:modified_time\" content=\"2023-01-30T10:52:50+00:00\" \/>\n<meta property=\"og:image\" content=\"https:\/\/www.iutcolmar.uha.fr\/wp-content\/uploads\/2018\/11\/cameroon-1758941_1280-200x300.png\" \/>\n<meta name=\"twitter:card\" content=\"summary_large_image\" \/>\n<meta name=\"twitter:label1\" content=\"Dur\u00e9e de lecture estim\u00e9e\" \/>\n\t<meta name=\"twitter:data1\" content=\"1 minute\" \/>\n<script type=\"application\/ld+json\" class=\"yoast-schema-graph\">{\"@context\":\"https:\/\/schema.org\",\"@graph\":[{\"@type\":\"WebPage\",\"@id\":\"https:\/\/www.iutcolmar.uha.fr\/index.php\/formations\/formations-delocalisees-a-letranger\/\",\"url\":\"https:\/\/www.iutcolmar.uha.fr\/index.php\/formations\/formations-delocalisees-a-letranger\/\",\"name\":\"Formations d\u00e9localis\u00e9es \u00e0 l'\u00e9tranger - IUT de Colmar\",\"isPartOf\":{\"@id\":\"https:\/\/www.iutcolmar.uha.fr\/#website\"},\"primaryImageOfPage\":{\"@id\":\"https:\/\/www.iutcolmar.uha.fr\/index.php\/formations\/formations-delocalisees-a-letranger\/#primaryimage\"},\"image\":{\"@id\":\"https:\/\/www.iutcolmar.uha.fr\/index.php\/formations\/formations-delocalisees-a-letranger\/#primaryimage\"},\"thumbnailUrl\":\"https:\/\/www.iutcolmar.uha.fr\/wp-content\/uploads\/2018\/11\/cameroon-1758941_1280-200x300.png\",\"datePublished\":\"2018-04-19T07:44:21+00:00\",\"dateModified\":\"2023-01-30T10:52:50+00:00\",\"description\":\"L'IUT propose 3 formations d\u00e9localis\u00e9es \u00e0 l'\u00e9tranger (licences professionnelles) : 2 \u00e0 Douala au Cameroun et 1 \u00e0 Casablanca au Maroc.\",\"breadcrumb\":{\"@id\":\"https:\/\/www.iutcolmar.uha.fr\/index.php\/formations\/formations-delocalisees-a-letranger\/#breadcrumb\"},\"inLanguage\":\"fr-FR\",\"potentialAction\":[{\"@type\":\"ReadAction\",\"target\":[\"https:\/\/www.iutcolmar.uha.fr\/index.php\/formations\/formations-delocalisees-a-letranger\/\"]}]},{\"@type\":\"ImageObject\",\"inLanguage\":\"fr-FR\",\"@id\":\"https:\/\/www.iutcolmar.uha.fr\/index.php\/formations\/formations-delocalisees-a-letranger\/#primaryimage\",\"url\":\"https:\/\/www.iutcolmar.uha.fr\/wp-content\/uploads\/2018\/11\/cameroon-1758941_1280-200x300.png\",\"contentUrl\":\"https:\/\/www.iutcolmar.uha.fr\/wp-content\/uploads\/2018\/11\/cameroon-1758941_1280-200x300.png\"},{\"@type\":\"BreadcrumbList\",\"@id\":\"https:\/\/www.iutcolmar.uha.fr\/index.php\/formations\/formations-delocalisees-a-letranger\/#breadcrumb\",\"itemListElement\":[{\"@type\":\"ListItem\",\"position\":1,\"name\":\"Accueil\",\"item\":\"https:\/\/www.iutcolmar.uha.fr\/\"},{\"@type\":\"ListItem\",\"position\":2,\"name\":\"Formations\",\"item\":\"https:\/\/www.iutcolmar.uha.fr\/index.php\/formations\/\"},{\"@type\":\"ListItem\",\"position\":3,\"name\":\"Formations d\u00e9localis\u00e9es \u00e0 l&#8217;\u00e9tranger\"}]},{\"@type\":\"WebSite\",\"@id\":\"https:\/\/www.iutcolmar.uha.fr\/#website\",\"url\":\"https:\/\/www.iutcolmar.uha.fr\/\",\"name\":\"IUT de Colmar\",\"description\":\"Universit\u00e9 de Haute-Alsace\",\"potentialAction\":[{\"@type\":\"SearchAction\",\"target\":{\"@type\":\"EntryPoint\",\"urlTemplate\":\"https:\/\/www.iutcolmar.uha.fr\/?s={search_term_string}\"},\"query-input\":{\"@type\":\"PropertyValueSpecification\",\"valueRequired\":true,\"valueName\":\"search_term_string\"}}],\"inLanguage\":\"fr-FR\"}]}<\/script>\n<!-- \/ Yoast SEO plugin. -->","yoast_head_json":{"title":"Formations d\u00e9localis\u00e9es \u00e0 l'\u00e9tranger - IUT de Colmar","description":"L'IUT propose 3 formations d\u00e9localis\u00e9es \u00e0 l'\u00e9tranger (licences professionnelles) : 2 \u00e0 Douala au Cameroun et 1 \u00e0 Casablanca au Maroc.","robots":{"index":"index","follow":"follow","max-snippet":"max-snippet:-1","max-image-preview":"max-image-preview:large","max-video-preview":"max-video-preview:-1"},"canonical":"https:\/\/www.iutcolmar.uha.fr\/index.php\/formations\/formations-delocalisees-a-letranger\/","og_locale":"fr_FR","og_type":"article","og_title":"Formations d\u00e9localis\u00e9es \u00e0 l'\u00e9tranger - IUT de Colmar","og_description":"L'IUT propose 3 formations d\u00e9localis\u00e9es \u00e0 l'\u00e9tranger (licences professionnelles) : 2 \u00e0 Douala au Cameroun et 1 \u00e0 Casablanca au Maroc.","og_url":"https:\/\/www.iutcolmar.uha.fr\/index.php\/formations\/formations-delocalisees-a-letranger\/","og_site_name":"IUT de Colmar","article_modified_time":"2023-01-30T10:52:50+00:00","og_image":[{"url":"https:\/\/www.iutcolmar.uha.fr\/wp-content\/uploads\/2018\/11\/cameroon-1758941_1280-200x300.png","type":"","width":"","height":""}],"twitter_card":"summary_large_image","twitter_misc":{"Dur\u00e9e de lecture estim\u00e9e":"1 minute"},"schema":{"@context":"https:\/\/schema.org","@graph":[{"@type":"WebPage","@id":"https:\/\/www.iutcolmar.uha.fr\/index.php\/formations\/formations-delocalisees-a-letranger\/","url":"https:\/\/www.iutcolmar.uha.fr\/index.php\/formations\/formations-delocalisees-a-letranger\/","name":"Formations d\u00e9localis\u00e9es \u00e0 l'\u00e9tranger - IUT de Colmar","isPartOf":{"@id":"https:\/\/www.iutcolmar.uha.fr\/#website"},"primaryImageOfPage":{"@id":"https:\/\/www.iutcolmar.uha.fr\/index.php\/formations\/formations-delocalisees-a-letranger\/#primaryimage"},"image":{"@id":"https:\/\/www.iutcolmar.uha.fr\/index.php\/formations\/formations-delocalisees-a-letranger\/#primaryimage"},"thumbnailUrl":"https:\/\/www.iutcolmar.uha.fr\/wp-content\/uploads\/2018\/11\/cameroon-1758941_1280-200x300.png","datePublished":"2018-04-19T07:44:21+00:00","dateModified":"2023-01-30T10:52:50+00:00","description":"L'IUT propose 3 formations d\u00e9localis\u00e9es \u00e0 l'\u00e9tranger (licences professionnelles) : 2 \u00e0 Douala au Cameroun et 1 \u00e0 Casablanca au Maroc.","breadcrumb":{"@id":"https:\/\/www.iutcolmar.uha.fr\/index.php\/formations\/formations-delocalisees-a-letranger\/#breadcrumb"},"inLanguage":"fr-FR","potentialAction":[{"@type":"ReadAction","target":["https:\/\/www.iutcolmar.uha.fr\/index.php\/formations\/formations-delocalisees-a-letranger\/"]}]},{"@type":"ImageObject","inLanguage":"fr-FR","@id":"https:\/\/www.iutcolmar.uha.fr\/index.php\/formations\/formations-delocalisees-a-letranger\/#primaryimage","url":"https:\/\/www.iutcolmar.uha.fr\/wp-content\/uploads\/2018\/11\/cameroon-1758941_1280-200x300.png","contentUrl":"https:\/\/www.iutcolmar.uha.fr\/wp-content\/uploads\/2018\/11\/cameroon-1758941_1280-200x300.png"},{"@type":"BreadcrumbList","@id":"https:\/\/www.iutcolmar.uha.fr\/index.php\/formations\/formations-delocalisees-a-letranger\/#breadcrumb","itemListElement":[{"@type":"ListItem","position":1,"name":"Accueil","item":"https:\/\/www.iutcolmar.uha.fr\/"},{"@type":"ListItem","position":2,"name":"Formations","item":"https:\/\/www.iutcolmar.uha.fr\/index.php\/formations\/"},{"@type":"ListItem","position":3,"name":"Formations d\u00e9localis\u00e9es \u00e0 l&#8217;\u00e9tranger"}]},{"@type":"WebSite","@id":"https:\/\/www.iutcolmar.uha.fr\/#website","url":"https:\/\/www.iutcolmar.uha.fr\/","name":"IUT de Colmar","description":"Universit\u00e9 de Haute-Alsace","potentialAction":[{"@type":"SearchAction","target":{"@type":"EntryPoint","urlTemplate":"https:\/\/www.iutcolmar.uha.fr\/?s={search_term_string}"},"query-input":{"@type":"PropertyValueSpecification","valueRequired":true,"valueName":"search_term_string"}}],"inLanguage":"fr-FR"}]}},"_links":{"self":[{"href":"https:\/\/www.iutcolmar.uha.fr\/index.php\/wp-json\/wp\/v2\/pages\/514","targetHints":{"allow":["GET"]}}],"collection":[{"href":"https:\/\/www.iutcolmar.uha.fr\/index.php\/wp-json\/wp\/v2\/pages"}],"about":[{"href":"https:\/\/www.iutcolmar.uha.fr\/index.php\/wp-json\/wp\/v2\/types\/page"}],"author":[{"embeddable":true,"href":"https:\/\/www.iutcolmar.uha.fr\/index.php\/wp-json\/wp\/v2\/users\/1"}],"replies":[{"embeddable":true,"href":"https:\/\/www.iutcolmar.uha.fr\/index.php\/wp-json\/wp\/v2\/comments?post=514"}],"version-history":[{"count":11,"href":"https:\/\/www.iutcolmar.uha.fr\/index.php\/wp-json\/wp\/v2\/pages\/514\/revisions"}],"predecessor-version":[{"id":5906,"href":"https:\/\/www.iutcolmar.uha.fr\/index.php\/wp-json\/wp\/v2\/pages\/514\/revisions\/5906"}],"up":[{"embeddable":true,"href":"https:\/\/www.iutcolmar.uha.fr\/index.php\/wp-json\/wp\/v2\/pages\/7"}],"wp:attachment":[{"href":"https:\/\/www.iutcolmar.uha.fr\/index.php\/wp-json\/wp\/v2\/media?parent=514"}],"curies":[{"name":"wp","href":"https:\/\/api.w.org\/{rel}","templated":true}]}}