{"id":5395,"date":"2021-11-29T14:06:19","date_gmt":"2021-11-29T13:06:19","guid":{"rendered":"https:\/\/www.iutcolmar.uha.fr\/?page_id=5395"},"modified":"2023-03-07T16:21:37","modified_gmt":"2023-03-07T15:21:37","slug":"jobs-etudiants","status":"publish","type":"page","link":"https:\/\/www.iutcolmar.uha.fr\/index.php\/vie-etudiante\/jobs-etudiants\/","title":{"rendered":"Jobs \u00e9tudiants"},"content":{"rendered":"<h1>Jobs \u00e9tudiants<\/h1>\n<p><img loading=\"lazy\" decoding=\"async\" class=\"alignnone wp-image-5408\" src=\"https:\/\/www.iutcolmar.uha.fr\/wp-content\/uploads\/2021\/11\/PHOTO-WEB-JOBS-ETUDIANTS-300x83.jpg\" alt=\"Jobs \u00e9tudiants\" width=\"1211\" height=\"335\" srcset=\"https:\/\/www.iutcolmar.uha.fr\/wp-content\/uploads\/2021\/11\/PHOTO-WEB-JOBS-ETUDIANTS-300x83.jpg 300w, https:\/\/www.iutcolmar.uha.fr\/wp-content\/uploads\/2021\/11\/PHOTO-WEB-JOBS-ETUDIANTS-1024x283.jpg 1024w, https:\/\/www.iutcolmar.uha.fr\/wp-content\/uploads\/2021\/11\/PHOTO-WEB-JOBS-ETUDIANTS-768x213.jpg 768w, https:\/\/www.iutcolmar.uha.fr\/wp-content\/uploads\/2021\/11\/PHOTO-WEB-JOBS-ETUDIANTS-1536x425.jpg 1536w, https:\/\/www.iutcolmar.uha.fr\/wp-content\/uploads\/2021\/11\/PHOTO-WEB-JOBS-ETUDIANTS-2048x567.jpg 2048w\" sizes=\"auto, (max-width: 1211px) 100vw, 1211px\" \/><\/p>\n<h2>Yoopies : 1\u00e8re plateforme de services \u00e0 domicile<\/h2>\n<p>Afin de concilier \u00e9tudes et emploi, Yoopies, propose des jobs flexibles, pouvant s\u2019adapter aux besoins et aux horaires des \u00e9tudiants :<\/p>\n<ul>\n<li>garde d&rsquo;enfants (sorties d&rsquo;\u00e9cole, baby-sitting),<\/li>\n<li>cours particuliers \u00e0 domicile ou par webcam,<\/li>\n<li>soutien scolaire dans plus de 20 mati\u00e8res,<\/li>\n<li>aide aux personnes d\u00e9pendantes,<\/li>\n<li>garde d&rsquo;animaux&#8230;<\/li>\n<\/ul>\n<p>Gr\u00e2ce au filtre de g\u00e9olocalisation, vous avez la possibilit\u00e9 de trouver un employeur tout pr\u00e8s de l&rsquo;Universit\u00e9 ou de votre domicile. Ce\u00a0 qui permet de gagner en temps de d\u00e9placements et se rendre disponible plus rapidement.<\/p>\n<p>Sur Yoopies, les \u00e9tudiants peuvent publier gratuitement une annonce d\u00e9taillant le type de job qu\u2019ils recherchent. De plus, afin d\u2019optimiser leur recherche et faciliter l\u2019embauche, nous offrons \u00e0 tous les \u00e9tudiants provenant de votre \u00e9tablissement la v\u00e9rification gratuite de leur profil (contr\u00f4le de la pi\u00e8ce d&rsquo;identit\u00e9, des dipl\u00f4mes et certifications), gage de s\u00e9curit\u00e9 pour les familles \u00e0 la recherche d\u2019intervenant.<\/p>\n<p>Si cela vous int\u00e9resse : <a href=\"https:\/\/yoopies.fr\/\" target=\"_blank\" rel=\"noopener\">https:\/\/yoopies.fr\/<\/a><\/p>\n","protected":false},"excerpt":{"rendered":"<p>Jobs \u00e9tudiants Yoopies : 1\u00e8re plateforme de services \u00e0 domicile Afin de concilier \u00e9tudes et emploi, Yoopies, propose des jobs flexibles, pouvant s\u2019adapter aux besoins et aux horaires des \u00e9tudiants : garde d&rsquo;enfants (sorties d&rsquo;\u00e9cole, baby-sitting), cours particuliers \u00e0 domicile ou par webcam, soutien scolaire dans plus de 20 mati\u00e8res, aide aux personnes d\u00e9pendantes, garde [&hellip;]<\/p>\n","protected":false},"author":1,"featured_media":0,"parent":13,"menu_order":3,"comment_status":"closed","ping_status":"closed","template":"","meta":{"footnotes":""},"class_list":["post-5395","page","type-page","status-publish","hentry"],"yoast_head":"<!-- This site is optimized with the Yoast SEO plugin v27.4 - https:\/\/yoast.com\/product\/yoast-seo-wordpress\/ -->\n<title>Jobs \u00e9tudiants - IUT de Colmar<\/title>\n<meta name=\"robots\" content=\"index, follow, max-snippet:-1, max-image-preview:large, max-video-preview:-1\" \/>\n<link rel=\"canonical\" href=\"https:\/\/www.iutcolmar.uha.fr\/index.php\/vie-etudiante\/jobs-etudiants\/\" \/>\n<meta property=\"og:locale\" content=\"fr_FR\" \/>\n<meta property=\"og:type\" content=\"article\" \/>\n<meta property=\"og:title\" content=\"Jobs \u00e9tudiants - IUT de Colmar\" \/>\n<meta property=\"og:description\" content=\"Jobs \u00e9tudiants Yoopies : 1\u00e8re plateforme de services \u00e0 domicile Afin de concilier \u00e9tudes et emploi, Yoopies, propose des jobs flexibles, pouvant s\u2019adapter aux besoins et aux horaires des \u00e9tudiants : garde d&rsquo;enfants (sorties d&rsquo;\u00e9cole, baby-sitting), cours particuliers \u00e0 domicile ou par webcam, soutien scolaire dans plus de 20 mati\u00e8res, aide aux personnes d\u00e9pendantes, garde [&hellip;]\" \/>\n<meta property=\"og:url\" content=\"https:\/\/www.iutcolmar.uha.fr\/index.php\/vie-etudiante\/jobs-etudiants\/\" \/>\n<meta property=\"og:site_name\" content=\"IUT de Colmar\" \/>\n<meta property=\"article:modified_time\" content=\"2023-03-07T15:21:37+00:00\" \/>\n<meta property=\"og:image\" content=\"https:\/\/www.iutcolmar.uha.fr\/wp-content\/uploads\/2021\/11\/PHOTO-WEB-JOBS-ETUDIANTS-300x83.jpg\" \/>\n<meta name=\"twitter:card\" content=\"summary_large_image\" \/>\n<meta name=\"twitter:label1\" content=\"Dur\u00e9e de lecture estim\u00e9e\" \/>\n\t<meta name=\"twitter:data1\" content=\"1 minute\" \/>\n<script type=\"application\/ld+json\" class=\"yoast-schema-graph\">{\"@context\":\"https:\\\/\\\/schema.org\",\"@graph\":[{\"@type\":\"WebPage\",\"@id\":\"https:\\\/\\\/www.iutcolmar.uha.fr\\\/index.php\\\/vie-etudiante\\\/jobs-etudiants\\\/\",\"url\":\"https:\\\/\\\/www.iutcolmar.uha.fr\\\/index.php\\\/vie-etudiante\\\/jobs-etudiants\\\/\",\"name\":\"Jobs \u00e9tudiants - IUT de Colmar\",\"isPartOf\":{\"@id\":\"https:\\\/\\\/www.iutcolmar.uha.fr\\\/#website\"},\"primaryImageOfPage\":{\"@id\":\"https:\\\/\\\/www.iutcolmar.uha.fr\\\/index.php\\\/vie-etudiante\\\/jobs-etudiants\\\/#primaryimage\"},\"image\":{\"@id\":\"https:\\\/\\\/www.iutcolmar.uha.fr\\\/index.php\\\/vie-etudiante\\\/jobs-etudiants\\\/#primaryimage\"},\"thumbnailUrl\":\"https:\\\/\\\/www.iutcolmar.uha.fr\\\/wp-content\\\/uploads\\\/2021\\\/11\\\/PHOTO-WEB-JOBS-ETUDIANTS-300x83.jpg\",\"datePublished\":\"2021-11-29T13:06:19+00:00\",\"dateModified\":\"2023-03-07T15:21:37+00:00\",\"breadcrumb\":{\"@id\":\"https:\\\/\\\/www.iutcolmar.uha.fr\\\/index.php\\\/vie-etudiante\\\/jobs-etudiants\\\/#breadcrumb\"},\"inLanguage\":\"fr-FR\",\"potentialAction\":[{\"@type\":\"ReadAction\",\"target\":[\"https:\\\/\\\/www.iutcolmar.uha.fr\\\/index.php\\\/vie-etudiante\\\/jobs-etudiants\\\/\"]}]},{\"@type\":\"ImageObject\",\"inLanguage\":\"fr-FR\",\"@id\":\"https:\\\/\\\/www.iutcolmar.uha.fr\\\/index.php\\\/vie-etudiante\\\/jobs-etudiants\\\/#primaryimage\",\"url\":\"https:\\\/\\\/www.iutcolmar.uha.fr\\\/wp-content\\\/uploads\\\/2021\\\/11\\\/PHOTO-WEB-JOBS-ETUDIANTS-300x83.jpg\",\"contentUrl\":\"https:\\\/\\\/www.iutcolmar.uha.fr\\\/wp-content\\\/uploads\\\/2021\\\/11\\\/PHOTO-WEB-JOBS-ETUDIANTS-300x83.jpg\"},{\"@type\":\"BreadcrumbList\",\"@id\":\"https:\\\/\\\/www.iutcolmar.uha.fr\\\/index.php\\\/vie-etudiante\\\/jobs-etudiants\\\/#breadcrumb\",\"itemListElement\":[{\"@type\":\"ListItem\",\"position\":1,\"name\":\"Accueil\",\"item\":\"https:\\\/\\\/www.iutcolmar.uha.fr\\\/\"},{\"@type\":\"ListItem\",\"position\":2,\"name\":\"Vie \u00e9tudiante\",\"item\":\"https:\\\/\\\/www.iutcolmar.uha.fr\\\/index.php\\\/vie-etudiante\\\/\"},{\"@type\":\"ListItem\",\"position\":3,\"name\":\"Jobs \u00e9tudiants\"}]},{\"@type\":\"WebSite\",\"@id\":\"https:\\\/\\\/www.iutcolmar.uha.fr\\\/#website\",\"url\":\"https:\\\/\\\/www.iutcolmar.uha.fr\\\/\",\"name\":\"IUT de Colmar\",\"description\":\"Universit\u00e9 de Haute-Alsace\",\"potentialAction\":[{\"@type\":\"SearchAction\",\"target\":{\"@type\":\"EntryPoint\",\"urlTemplate\":\"https:\\\/\\\/www.iutcolmar.uha.fr\\\/?s={search_term_string}\"},\"query-input\":{\"@type\":\"PropertyValueSpecification\",\"valueRequired\":true,\"valueName\":\"search_term_string\"}}],\"inLanguage\":\"fr-FR\"}]}<\/script>\n<!-- \/ Yoast SEO plugin. -->","yoast_head_json":{"title":"Jobs \u00e9tudiants - IUT de Colmar","robots":{"index":"index","follow":"follow","max-snippet":"max-snippet:-1","max-image-preview":"max-image-preview:large","max-video-preview":"max-video-preview:-1"},"canonical":"https:\/\/www.iutcolmar.uha.fr\/index.php\/vie-etudiante\/jobs-etudiants\/","og_locale":"fr_FR","og_type":"article","og_title":"Jobs \u00e9tudiants - IUT de Colmar","og_description":"Jobs \u00e9tudiants Yoopies : 1\u00e8re plateforme de services \u00e0 domicile Afin de concilier \u00e9tudes et emploi, Yoopies, propose des jobs flexibles, pouvant s\u2019adapter aux besoins et aux horaires des \u00e9tudiants : garde d&rsquo;enfants (sorties d&rsquo;\u00e9cole, baby-sitting), cours particuliers \u00e0 domicile ou par webcam, soutien scolaire dans plus de 20 mati\u00e8res, aide aux personnes d\u00e9pendantes, garde [&hellip;]","og_url":"https:\/\/www.iutcolmar.uha.fr\/index.php\/vie-etudiante\/jobs-etudiants\/","og_site_name":"IUT de Colmar","article_modified_time":"2023-03-07T15:21:37+00:00","og_image":[{"url":"https:\/\/www.iutcolmar.uha.fr\/wp-content\/uploads\/2021\/11\/PHOTO-WEB-JOBS-ETUDIANTS-300x83.jpg","type":"","width":"","height":""}],"twitter_card":"summary_large_image","twitter_misc":{"Dur\u00e9e de lecture estim\u00e9e":"1 minute"},"schema":{"@context":"https:\/\/schema.org","@graph":[{"@type":"WebPage","@id":"https:\/\/www.iutcolmar.uha.fr\/index.php\/vie-etudiante\/jobs-etudiants\/","url":"https:\/\/www.iutcolmar.uha.fr\/index.php\/vie-etudiante\/jobs-etudiants\/","name":"Jobs \u00e9tudiants - IUT de Colmar","isPartOf":{"@id":"https:\/\/www.iutcolmar.uha.fr\/#website"},"primaryImageOfPage":{"@id":"https:\/\/www.iutcolmar.uha.fr\/index.php\/vie-etudiante\/jobs-etudiants\/#primaryimage"},"image":{"@id":"https:\/\/www.iutcolmar.uha.fr\/index.php\/vie-etudiante\/jobs-etudiants\/#primaryimage"},"thumbnailUrl":"https:\/\/www.iutcolmar.uha.fr\/wp-content\/uploads\/2021\/11\/PHOTO-WEB-JOBS-ETUDIANTS-300x83.jpg","datePublished":"2021-11-29T13:06:19+00:00","dateModified":"2023-03-07T15:21:37+00:00","breadcrumb":{"@id":"https:\/\/www.iutcolmar.uha.fr\/index.php\/vie-etudiante\/jobs-etudiants\/#breadcrumb"},"inLanguage":"fr-FR","potentialAction":[{"@type":"ReadAction","target":["https:\/\/www.iutcolmar.uha.fr\/index.php\/vie-etudiante\/jobs-etudiants\/"]}]},{"@type":"ImageObject","inLanguage":"fr-FR","@id":"https:\/\/www.iutcolmar.uha.fr\/index.php\/vie-etudiante\/jobs-etudiants\/#primaryimage","url":"https:\/\/www.iutcolmar.uha.fr\/wp-content\/uploads\/2021\/11\/PHOTO-WEB-JOBS-ETUDIANTS-300x83.jpg","contentUrl":"https:\/\/www.iutcolmar.uha.fr\/wp-content\/uploads\/2021\/11\/PHOTO-WEB-JOBS-ETUDIANTS-300x83.jpg"},{"@type":"BreadcrumbList","@id":"https:\/\/www.iutcolmar.uha.fr\/index.php\/vie-etudiante\/jobs-etudiants\/#breadcrumb","itemListElement":[{"@type":"ListItem","position":1,"name":"Accueil","item":"https:\/\/www.iutcolmar.uha.fr\/"},{"@type":"ListItem","position":2,"name":"Vie \u00e9tudiante","item":"https:\/\/www.iutcolmar.uha.fr\/index.php\/vie-etudiante\/"},{"@type":"ListItem","position":3,"name":"Jobs \u00e9tudiants"}]},{"@type":"WebSite","@id":"https:\/\/www.iutcolmar.uha.fr\/#website","url":"https:\/\/www.iutcolmar.uha.fr\/","name":"IUT de Colmar","description":"Universit\u00e9 de Haute-Alsace","potentialAction":[{"@type":"SearchAction","target":{"@type":"EntryPoint","urlTemplate":"https:\/\/www.iutcolmar.uha.fr\/?s={search_term_string}"},"query-input":{"@type":"PropertyValueSpecification","valueRequired":true,"valueName":"search_term_string"}}],"inLanguage":"fr-FR"}]}},"_links":{"self":[{"href":"https:\/\/www.iutcolmar.uha.fr\/index.php\/wp-json\/wp\/v2\/pages\/5395","targetHints":{"allow":["GET"]}}],"collection":[{"href":"https:\/\/www.iutcolmar.uha.fr\/index.php\/wp-json\/wp\/v2\/pages"}],"about":[{"href":"https:\/\/www.iutcolmar.uha.fr\/index.php\/wp-json\/wp\/v2\/types\/page"}],"author":[{"embeddable":true,"href":"https:\/\/www.iutcolmar.uha.fr\/index.php\/wp-json\/wp\/v2\/users\/1"}],"replies":[{"embeddable":true,"href":"https:\/\/www.iutcolmar.uha.fr\/index.php\/wp-json\/wp\/v2\/comments?post=5395"}],"version-history":[{"count":7,"href":"https:\/\/www.iutcolmar.uha.fr\/index.php\/wp-json\/wp\/v2\/pages\/5395\/revisions"}],"predecessor-version":[{"id":6004,"href":"https:\/\/www.iutcolmar.uha.fr\/index.php\/wp-json\/wp\/v2\/pages\/5395\/revisions\/6004"}],"up":[{"embeddable":true,"href":"https:\/\/www.iutcolmar.uha.fr\/index.php\/wp-json\/wp\/v2\/pages\/13"}],"wp:attachment":[{"href":"https:\/\/www.iutcolmar.uha.fr\/index.php\/wp-json\/wp\/v2\/media?parent=5395"}],"curies":[{"name":"wp","href":"https:\/\/api.w.org\/{rel}","templated":true}]}}