{"id":563,"date":"2018-04-19T15:09:36","date_gmt":"2018-04-19T13:09:36","guid":{"rendered":"https:\/\/www.iutcolmar.uha.fr\/?page_id=563"},"modified":"2024-02-29T12:32:26","modified_gmt":"2024-02-29T11:32:26","slug":"reseaux-des-iut","status":"publish","type":"page","link":"https:\/\/www.iutcolmar.uha.fr\/index.php\/iut-de-colmar\/reseaux-des-iut\/","title":{"rendered":"R\u00e9seaux des IUT"},"content":{"rendered":"<h1><span style=\"color: #333333;\">R\u00e9seaux des IUT<\/span><\/h1>\n<h2>Au niveau r\u00e9gional<\/h2>\n<div class=\"su-row\">\n<div class=\"su-column su-column-size-1-2\"><div class=\"su-column-inner su-u-clearfix su-u-trim\">\n<h3>L&rsquo;ARIUT (Association R\u00e9gionale des IUT) Alsace<\/h3>\n<div>\n<p>Le r\u00f4le de l&rsquo;ARIUT Alsace est d&rsquo;harmoniser l&rsquo;offre de formation sur un territoire commun, d&rsquo;assurer la promotion des IUT de la r\u00e9gion et la concertation entre les \u00e9tablissements et leur d\u00e9veloppement, d&rsquo;offrir aux partenaires institutionnels et \u00e9conomiques un guichet unique sur le plan r\u00e9gional et de partager des exp\u00e9riences, de mutualiser la communication et les relations internationales.<\/p>\n<\/div>\n<div class=\"su-service\"><div class=\"su-service-title\" style=\"padding-left:38px;min-height:24px;line-height:24px\"><i class=\"sui sui-envelope-open\" style=\"font-size:24px;color:#009ee3\"><\/i> Contact<\/div><div class=\"su-service-content su-u-clearfix su-u-trim\" style=\"padding-left:38px\"><strong>ARIUT<\/strong><br \/>\n<a href=\"http:\/\/www.iut-alsace.fr\/\" target=\"_blank\" rel=\"noopener\">www.iut-alsace.fr<\/a><\/p>\n<p><a href=\"http:\/\/www.iut-alsace.fr\/\" target=\"_blank\" rel=\"noopener\"><img loading=\"lazy\" decoding=\"async\" class=\"wp-image-1461 alignnone\" src=\"https:\/\/www.iutcolmar.uha.fr\/wp-content\/uploads\/2018\/06\/Logo_Ariut_Marque_Alsace_rouge-300x65.jpg\" alt=\"\" width=\"134\" height=\"29\" srcset=\"https:\/\/www.iutcolmar.uha.fr\/wp-content\/uploads\/2018\/06\/Logo_Ariut_Marque_Alsace_rouge-300x65.jpg 300w, https:\/\/www.iutcolmar.uha.fr\/wp-content\/uploads\/2018\/06\/Logo_Ariut_Marque_Alsace_rouge-768x167.jpg 768w, https:\/\/www.iutcolmar.uha.fr\/wp-content\/uploads\/2018\/06\/Logo_Ariut_Marque_Alsace_rouge-1024x223.jpg 1024w, https:\/\/www.iutcolmar.uha.fr\/wp-content\/uploads\/2018\/06\/Logo_Ariut_Marque_Alsace_rouge.jpg 1626w\" sizes=\"auto, (max-width: 134px) 100vw, 134px\" \/><\/a><br \/>\n<\/div><\/div>\n<\/div><\/div>\n<div class=\"su-column su-column-size-1-2\"><div class=\"su-column-inner su-u-clearfix su-u-trim\">\n<a href=\"http:\/\/www.youtube.com\/watch?v=vW20iUwIIlQ\" target=\"_blank\" rel=\"noopener\"><img loading=\"lazy\" decoding=\"async\" class=\"aligncenter wp-image-4905 size-large\" src=\"https:\/\/www.iutcolmar.uha.fr\/wp-content\/uploads\/2021\/03\/iut-dalsace-1024x539.jpg\" alt=\"Les IUT d'Alsace\" width=\"750\" height=\"395\" srcset=\"https:\/\/www.iutcolmar.uha.fr\/wp-content\/uploads\/2021\/03\/iut-dalsace-1024x539.jpg 1024w, https:\/\/www.iutcolmar.uha.fr\/wp-content\/uploads\/2021\/03\/iut-dalsace-300x158.jpg 300w, https:\/\/www.iutcolmar.uha.fr\/wp-content\/uploads\/2021\/03\/iut-dalsace-768x404.jpg 768w, https:\/\/www.iutcolmar.uha.fr\/wp-content\/uploads\/2021\/03\/iut-dalsace.jpg 1278w\" sizes=\"auto, (max-width: 750px) 100vw, 750px\" \/><\/a><br \/>\n<\/div><\/div>\n<\/div>\n<h2>Au niveau national<\/h2>\n<div class=\"su-row\">\n<div class=\"su-column su-column-size-1-2\"><div class=\"su-column-inner su-u-clearfix su-u-trim\">\n<h3>L&rsquo;ADIUT (Assembl\u00e9e des Directeurs d&rsquo;IUT)<\/h3>\n<p>L&rsquo;Assembl\u00e9e des Directeurs d&rsquo;IUT regroupe l&rsquo;ensemble des Directeurs d&rsquo;IUT. Elle est un <strong>interlocuteur privil\u00e9gi\u00e9<\/strong> du <a href=\"http:\/\/www.enseignementsup-recherche.gouv.fr\/\" target=\"_blank\" rel=\"noopener\">Minist\u00e8re de l&rsquo;Enseignement Sup\u00e9rieur, de la Recherche et de l&rsquo;Innovation<\/a>, de la <a href=\"http:\/\/www.cpu.fr\/\" target=\"_blank\" rel=\"noopener\">Conf\u00e9rence des Pr\u00e9sidents d&rsquo;Universit\u00e9 (CPU)<\/a>, des organisations professionnelles et syndicales.<\/p>\n<p>L&rsquo;ADIUT compte 9 commissions qui permettent de mobiliser toutes les comp\u00e9tences du r\u00e9seau des IUT pour d\u00e9velopper des projets en coh\u00e9rence avec la strat\u00e9gie du r\u00e9seau.<\/p>\n<p>Le <strong>Conseil de l&rsquo;ADIUT<\/strong> pr\u00e9pare et coordonne les travaux des assembl\u00e9es g\u00e9n\u00e9rales. Il repr\u00e9sente l&rsquo;assembl\u00e9e au sein des instances auxquelles l&rsquo;ADIUT est r\u00e9guli\u00e8rement invit\u00e9e.<\/p>\n<div class=\"su-service\"><div class=\"su-service-title\" style=\"padding-left:38px;min-height:24px;line-height:24px\"><i class=\"sui sui-info-circle\" style=\"font-size:24px;color:#009ee3\"><\/i> Les IUT<\/div><div class=\"su-service-content su-u-clearfix su-u-trim\" style=\"padding-left:38px\">\n<a href=\"http:\/\/www.iut.fr\/\" target=\"_blank\" rel=\"noopener\">Portail des IUT<\/a><br \/>\n<\/div><\/div>\n<div class=\"su-service\"><div class=\"su-service-title\" style=\"padding-left:38px;min-height:24px;line-height:24px\"><i class=\"sui sui-envelope-open\" style=\"font-size:24px;color:#009ee3\"><\/i> Contact<\/div><div class=\"su-service-content su-u-clearfix su-u-trim\" style=\"padding-left:38px\">\n<strong>ADIUT<br \/>\n<\/strong>\u00a010 bis boulevard de Bonne Nouvelle \u2013 75010 Paris<br \/>\n<\/div><\/div>\n<div class=\"su-service\"><div class=\"su-service-title\" style=\"padding-left:38px;min-height:24px;line-height:24px\"><i class=\"sui sui-phone\" style=\"font-size:24px;color:#009ee3\"><\/i> Pour joindre L'ADIUT<\/div><div class=\"su-service-content su-u-clearfix su-u-trim\" style=\"padding-left:38px\"><a href=\"tel:+33157279470\">+33 (0)1 57 27 94 70<\/a><br \/>\n<a href=\"https:\/\/www.iut.fr\/\"><img loading=\"lazy\" decoding=\"async\" class=\"alignnone wp-image-5440\" src=\"https:\/\/www.iutcolmar.uha.fr\/wp-content\/uploads\/2021\/12\/Logo_ADIUT_Couleurs_CMJN-300x163.jpg\" alt=\"\" width=\"150\" height=\"81\" srcset=\"https:\/\/www.iutcolmar.uha.fr\/wp-content\/uploads\/2021\/12\/Logo_ADIUT_Couleurs_CMJN-300x163.jpg 300w, https:\/\/www.iutcolmar.uha.fr\/wp-content\/uploads\/2021\/12\/Logo_ADIUT_Couleurs_CMJN-1024x555.jpg 1024w, https:\/\/www.iutcolmar.uha.fr\/wp-content\/uploads\/2021\/12\/Logo_ADIUT_Couleurs_CMJN-768x416.jpg 768w, https:\/\/www.iutcolmar.uha.fr\/wp-content\/uploads\/2021\/12\/Logo_ADIUT_Couleurs_CMJN.jpg 1418w\" sizes=\"auto, (max-width: 150px) 100vw, 150px\" \/><\/a><br \/>\n<\/div><\/div>\n<\/div><\/div>\n<div class=\"su-column su-column-size-1-2\"><div class=\"su-column-inner su-u-clearfix su-u-trim\">\n<h3>L&rsquo;UNPIUT (Union Nationale des Pr\u00e9sidents d&rsquo;IUT)<\/h3>\n<p>Association r\u00e9gie par la loi du 1<sup>er<\/sup> juillet 1901, elle a \u00e9t\u00e9 cr\u00e9\u00e9e le 26 septembre 1974.<\/p>\n<p>Elle a pour objet de :<\/p>\n<ul>\n<li>permettre la confrontation des exp\u00e9riences entre pr\u00e9sidents d&rsquo;IUT,<\/li>\n<li>favoriser, dans le cadre de la l\u00e9gislation en vigueur sur les IUT, une meilleure administration de ces \u00e9tablissements,<\/li>\n<li>d\u00e9velopper l&rsquo;efficacit\u00e9 et le rayonnement des IUT gr\u00e2ce \u00e0 une coop\u00e9ration loyale avec les directeurs d&rsquo;IUT, les Universit\u00e9s et leurs repr\u00e9sentants, les pouvoirs publics, les entreprises industrielles et commerciales, les autres \u00e9tablissements d&rsquo;enseignement fran\u00e7ais et \u00e9trangers et, d&rsquo;une fa\u00e7on g\u00e9n\u00e9rale, tous les organismes susceptibles d&rsquo;\u00eatre int\u00e9ress\u00e9s par cette forme d&rsquo;enseignement.<\/li>\n<\/ul>\n<div class=\"su-service\"><div class=\"su-service-title\" style=\"padding-left:38px;min-height:24px;line-height:24px\"><i class=\"sui sui-info-circle\" style=\"font-size:24px;color:#009ee3\"><\/i> L'UNPIUT<\/div><div class=\"su-service-content su-u-clearfix su-u-trim\" style=\"padding-left:38px\">\n<a href=\"http:\/\/unpiut.net\/\" target=\"_blank\" rel=\"noopener\">D\u00e9couvrir l&rsquo;UNPIUT<\/a><br \/>\n<\/div><\/div>\n<div class=\"su-service\"><div class=\"su-service-title\" style=\"padding-left:38px;min-height:24px;line-height:24px\"><i class=\"sui sui-envelope-open\" style=\"font-size:24px;color:#009ee3\"><\/i> Contact<\/div><div class=\"su-service-content su-u-clearfix su-u-trim\" style=\"padding-left:38px\">\n<strong>UNPIUT<\/strong><br \/>\n4 Place Saint Germain-des-Pr\u00e9s<br \/>\n75006 Paris<br \/>\n<a href=\"mailto:contact@unpiut.net\">contact@unpiut.net<\/a><br \/>\n<a href=\"http:\/\/unpiut.net\/\" target=\"_blank\" rel=\"noopener\"><img loading=\"lazy\" decoding=\"async\" class=\"size-full wp-image-1468 alignleft\" src=\"https:\/\/www.iutcolmar.uha.fr\/wp-content\/uploads\/2018\/06\/unpiut.png\" alt=\"\" width=\"40\" height=\"59\" \/><\/a><br \/>\n<\/div><\/div>\n<\/div><\/div>\n<\/div>\n","protected":false},"excerpt":{"rendered":"<p>R\u00e9seaux des IUT Au niveau r\u00e9gional Au niveau national<\/p>\n","protected":false},"author":1,"featured_media":0,"parent":5,"menu_order":8,"comment_status":"closed","ping_status":"closed","template":"","meta":{"footnotes":""},"class_list":["post-563","page","type-page","status-publish","hentry"],"yoast_head":"<!-- This site is optimized with the Yoast SEO plugin v27.1.1 - https:\/\/yoast.com\/product\/yoast-seo-wordpress\/ -->\n<title>R\u00e9seaux des IUT - IUT de Colmar<\/title>\n<meta name=\"description\" content=\"L&#039;IUT de Colmar fait partie des r\u00e9seaux des IUT : l&#039;Association R\u00e9gionale des IUT, Assembl\u00e9e des Directeurs d&#039;IUT et l&#039;Union Nationale des Pr\u00e9sidents d&#039;IUT\" \/>\n<meta name=\"robots\" content=\"index, follow, max-snippet:-1, max-image-preview:large, max-video-preview:-1\" \/>\n<link rel=\"canonical\" href=\"https:\/\/www.iutcolmar.uha.fr\/index.php\/iut-de-colmar\/reseaux-des-iut\/\" \/>\n<meta property=\"og:locale\" content=\"fr_FR\" \/>\n<meta property=\"og:type\" content=\"article\" \/>\n<meta property=\"og:title\" content=\"R\u00e9seaux des IUT - IUT de Colmar\" \/>\n<meta property=\"og:description\" content=\"L&#039;IUT de Colmar fait partie des r\u00e9seaux des IUT : l&#039;Association R\u00e9gionale des IUT, Assembl\u00e9e des Directeurs d&#039;IUT et l&#039;Union Nationale des Pr\u00e9sidents d&#039;IUT\" \/>\n<meta property=\"og:url\" content=\"https:\/\/www.iutcolmar.uha.fr\/index.php\/iut-de-colmar\/reseaux-des-iut\/\" \/>\n<meta property=\"og:site_name\" content=\"IUT de Colmar\" \/>\n<meta property=\"article:modified_time\" content=\"2024-02-29T11:32:26+00:00\" \/>\n<meta property=\"og:image\" content=\"https:\/\/www.iutcolmar.uha.fr\/wp-content\/uploads\/2018\/06\/Logo_Ariut_Marque_Alsace_rouge-300x65.jpg\" \/>\n<meta name=\"twitter:card\" content=\"summary_large_image\" \/>\n<meta name=\"twitter:label1\" content=\"Dur\u00e9e de lecture estim\u00e9e\" \/>\n\t<meta name=\"twitter:data1\" content=\"3 minutes\" \/>\n<script type=\"application\/ld+json\" class=\"yoast-schema-graph\">{\"@context\":\"https:\/\/schema.org\",\"@graph\":[{\"@type\":\"WebPage\",\"@id\":\"https:\/\/www.iutcolmar.uha.fr\/index.php\/iut-de-colmar\/reseaux-des-iut\/\",\"url\":\"https:\/\/www.iutcolmar.uha.fr\/index.php\/iut-de-colmar\/reseaux-des-iut\/\",\"name\":\"R\u00e9seaux des IUT - IUT de Colmar\",\"isPartOf\":{\"@id\":\"https:\/\/www.iutcolmar.uha.fr\/#website\"},\"primaryImageOfPage\":{\"@id\":\"https:\/\/www.iutcolmar.uha.fr\/index.php\/iut-de-colmar\/reseaux-des-iut\/#primaryimage\"},\"image\":{\"@id\":\"https:\/\/www.iutcolmar.uha.fr\/index.php\/iut-de-colmar\/reseaux-des-iut\/#primaryimage\"},\"thumbnailUrl\":\"https:\/\/www.iutcolmar.uha.fr\/wp-content\/uploads\/2018\/06\/Logo_Ariut_Marque_Alsace_rouge-300x65.jpg\",\"datePublished\":\"2018-04-19T13:09:36+00:00\",\"dateModified\":\"2024-02-29T11:32:26+00:00\",\"description\":\"L'IUT de Colmar fait partie des r\u00e9seaux des IUT : l'Association R\u00e9gionale des IUT, Assembl\u00e9e des Directeurs d'IUT et l'Union Nationale des Pr\u00e9sidents d'IUT\",\"breadcrumb\":{\"@id\":\"https:\/\/www.iutcolmar.uha.fr\/index.php\/iut-de-colmar\/reseaux-des-iut\/#breadcrumb\"},\"inLanguage\":\"fr-FR\",\"potentialAction\":[{\"@type\":\"ReadAction\",\"target\":[\"https:\/\/www.iutcolmar.uha.fr\/index.php\/iut-de-colmar\/reseaux-des-iut\/\"]}]},{\"@type\":\"ImageObject\",\"inLanguage\":\"fr-FR\",\"@id\":\"https:\/\/www.iutcolmar.uha.fr\/index.php\/iut-de-colmar\/reseaux-des-iut\/#primaryimage\",\"url\":\"https:\/\/www.iutcolmar.uha.fr\/wp-content\/uploads\/2018\/06\/Logo_Ariut_Marque_Alsace_rouge-300x65.jpg\",\"contentUrl\":\"https:\/\/www.iutcolmar.uha.fr\/wp-content\/uploads\/2018\/06\/Logo_Ariut_Marque_Alsace_rouge-300x65.jpg\"},{\"@type\":\"BreadcrumbList\",\"@id\":\"https:\/\/www.iutcolmar.uha.fr\/index.php\/iut-de-colmar\/reseaux-des-iut\/#breadcrumb\",\"itemListElement\":[{\"@type\":\"ListItem\",\"position\":1,\"name\":\"Accueil\",\"item\":\"https:\/\/www.iutcolmar.uha.fr\/\"},{\"@type\":\"ListItem\",\"position\":2,\"name\":\"L&#8217;IUT\",\"item\":\"https:\/\/www.iutcolmar.uha.fr\/index.php\/iut-de-colmar\/\"},{\"@type\":\"ListItem\",\"position\":3,\"name\":\"R\u00e9seaux des IUT\"}]},{\"@type\":\"WebSite\",\"@id\":\"https:\/\/www.iutcolmar.uha.fr\/#website\",\"url\":\"https:\/\/www.iutcolmar.uha.fr\/\",\"name\":\"IUT de Colmar\",\"description\":\"Universit\u00e9 de Haute-Alsace\",\"potentialAction\":[{\"@type\":\"SearchAction\",\"target\":{\"@type\":\"EntryPoint\",\"urlTemplate\":\"https:\/\/www.iutcolmar.uha.fr\/?s={search_term_string}\"},\"query-input\":{\"@type\":\"PropertyValueSpecification\",\"valueRequired\":true,\"valueName\":\"search_term_string\"}}],\"inLanguage\":\"fr-FR\"}]}<\/script>\n<!-- \/ Yoast SEO plugin. -->","yoast_head_json":{"title":"R\u00e9seaux des IUT - IUT de Colmar","description":"L'IUT de Colmar fait partie des r\u00e9seaux des IUT : l'Association R\u00e9gionale des IUT, Assembl\u00e9e des Directeurs d'IUT et l'Union Nationale des Pr\u00e9sidents d'IUT","robots":{"index":"index","follow":"follow","max-snippet":"max-snippet:-1","max-image-preview":"max-image-preview:large","max-video-preview":"max-video-preview:-1"},"canonical":"https:\/\/www.iutcolmar.uha.fr\/index.php\/iut-de-colmar\/reseaux-des-iut\/","og_locale":"fr_FR","og_type":"article","og_title":"R\u00e9seaux des IUT - IUT de Colmar","og_description":"L'IUT de Colmar fait partie des r\u00e9seaux des IUT : l'Association R\u00e9gionale des IUT, Assembl\u00e9e des Directeurs d'IUT et l'Union Nationale des Pr\u00e9sidents d'IUT","og_url":"https:\/\/www.iutcolmar.uha.fr\/index.php\/iut-de-colmar\/reseaux-des-iut\/","og_site_name":"IUT de Colmar","article_modified_time":"2024-02-29T11:32:26+00:00","og_image":[{"url":"https:\/\/www.iutcolmar.uha.fr\/wp-content\/uploads\/2018\/06\/Logo_Ariut_Marque_Alsace_rouge-300x65.jpg","type":"","width":"","height":""}],"twitter_card":"summary_large_image","twitter_misc":{"Dur\u00e9e de lecture estim\u00e9e":"3 minutes"},"schema":{"@context":"https:\/\/schema.org","@graph":[{"@type":"WebPage","@id":"https:\/\/www.iutcolmar.uha.fr\/index.php\/iut-de-colmar\/reseaux-des-iut\/","url":"https:\/\/www.iutcolmar.uha.fr\/index.php\/iut-de-colmar\/reseaux-des-iut\/","name":"R\u00e9seaux des IUT - IUT de Colmar","isPartOf":{"@id":"https:\/\/www.iutcolmar.uha.fr\/#website"},"primaryImageOfPage":{"@id":"https:\/\/www.iutcolmar.uha.fr\/index.php\/iut-de-colmar\/reseaux-des-iut\/#primaryimage"},"image":{"@id":"https:\/\/www.iutcolmar.uha.fr\/index.php\/iut-de-colmar\/reseaux-des-iut\/#primaryimage"},"thumbnailUrl":"https:\/\/www.iutcolmar.uha.fr\/wp-content\/uploads\/2018\/06\/Logo_Ariut_Marque_Alsace_rouge-300x65.jpg","datePublished":"2018-04-19T13:09:36+00:00","dateModified":"2024-02-29T11:32:26+00:00","description":"L'IUT de Colmar fait partie des r\u00e9seaux des IUT : l'Association R\u00e9gionale des IUT, Assembl\u00e9e des Directeurs d'IUT et l'Union Nationale des Pr\u00e9sidents d'IUT","breadcrumb":{"@id":"https:\/\/www.iutcolmar.uha.fr\/index.php\/iut-de-colmar\/reseaux-des-iut\/#breadcrumb"},"inLanguage":"fr-FR","potentialAction":[{"@type":"ReadAction","target":["https:\/\/www.iutcolmar.uha.fr\/index.php\/iut-de-colmar\/reseaux-des-iut\/"]}]},{"@type":"ImageObject","inLanguage":"fr-FR","@id":"https:\/\/www.iutcolmar.uha.fr\/index.php\/iut-de-colmar\/reseaux-des-iut\/#primaryimage","url":"https:\/\/www.iutcolmar.uha.fr\/wp-content\/uploads\/2018\/06\/Logo_Ariut_Marque_Alsace_rouge-300x65.jpg","contentUrl":"https:\/\/www.iutcolmar.uha.fr\/wp-content\/uploads\/2018\/06\/Logo_Ariut_Marque_Alsace_rouge-300x65.jpg"},{"@type":"BreadcrumbList","@id":"https:\/\/www.iutcolmar.uha.fr\/index.php\/iut-de-colmar\/reseaux-des-iut\/#breadcrumb","itemListElement":[{"@type":"ListItem","position":1,"name":"Accueil","item":"https:\/\/www.iutcolmar.uha.fr\/"},{"@type":"ListItem","position":2,"name":"L&#8217;IUT","item":"https:\/\/www.iutcolmar.uha.fr\/index.php\/iut-de-colmar\/"},{"@type":"ListItem","position":3,"name":"R\u00e9seaux des IUT"}]},{"@type":"WebSite","@id":"https:\/\/www.iutcolmar.uha.fr\/#website","url":"https:\/\/www.iutcolmar.uha.fr\/","name":"IUT de Colmar","description":"Universit\u00e9 de Haute-Alsace","potentialAction":[{"@type":"SearchAction","target":{"@type":"EntryPoint","urlTemplate":"https:\/\/www.iutcolmar.uha.fr\/?s={search_term_string}"},"query-input":{"@type":"PropertyValueSpecification","valueRequired":true,"valueName":"search_term_string"}}],"inLanguage":"fr-FR"}]}},"_links":{"self":[{"href":"https:\/\/www.iutcolmar.uha.fr\/index.php\/wp-json\/wp\/v2\/pages\/563","targetHints":{"allow":["GET"]}}],"collection":[{"href":"https:\/\/www.iutcolmar.uha.fr\/index.php\/wp-json\/wp\/v2\/pages"}],"about":[{"href":"https:\/\/www.iutcolmar.uha.fr\/index.php\/wp-json\/wp\/v2\/types\/page"}],"author":[{"embeddable":true,"href":"https:\/\/www.iutcolmar.uha.fr\/index.php\/wp-json\/wp\/v2\/users\/1"}],"replies":[{"embeddable":true,"href":"https:\/\/www.iutcolmar.uha.fr\/index.php\/wp-json\/wp\/v2\/comments?post=563"}],"version-history":[{"count":33,"href":"https:\/\/www.iutcolmar.uha.fr\/index.php\/wp-json\/wp\/v2\/pages\/563\/revisions"}],"predecessor-version":[{"id":6572,"href":"https:\/\/www.iutcolmar.uha.fr\/index.php\/wp-json\/wp\/v2\/pages\/563\/revisions\/6572"}],"up":[{"embeddable":true,"href":"https:\/\/www.iutcolmar.uha.fr\/index.php\/wp-json\/wp\/v2\/pages\/5"}],"wp:attachment":[{"href":"https:\/\/www.iutcolmar.uha.fr\/index.php\/wp-json\/wp\/v2\/media?parent=563"}],"curies":[{"name":"wp","href":"https:\/\/api.w.org\/{rel}","templated":true}]}}