{"id":571,"date":"2018-04-19T15:11:08","date_gmt":"2018-04-19T13:11:08","guid":{"rendered":"https:\/\/www.iutcolmar.uha.fr\/?page_id=571"},"modified":"2025-11-24T08:37:26","modified_gmt":"2025-11-24T07:37:26","slug":"organisation","status":"publish","type":"page","link":"https:\/\/www.iutcolmar.uha.fr\/index.php\/iut-de-colmar\/organisation\/","title":{"rendered":"Organisation"},"content":{"rendered":"<h1><span style=\"color: #333333;\">Organisation<\/span><\/h1>\n<h2><img loading=\"lazy\" decoding=\"async\" class=\" wp-image-3345 alignleft\" src=\"https:\/\/www.iutcolmar.uha.fr\/wp-content\/uploads\/2018\/11\/IUT-BATIMENT-GENERAL-300x83.jpg\" alt=\"IUT BATIMENT GENERAL\" width=\"1189\" height=\"329\" srcset=\"https:\/\/www.iutcolmar.uha.fr\/wp-content\/uploads\/2018\/11\/IUT-BATIMENT-GENERAL-300x83.jpg 300w, https:\/\/www.iutcolmar.uha.fr\/wp-content\/uploads\/2018\/11\/IUT-BATIMENT-GENERAL-768x212.jpg 768w, https:\/\/www.iutcolmar.uha.fr\/wp-content\/uploads\/2018\/11\/IUT-BATIMENT-GENERAL-1024x283.jpg 1024w\" sizes=\"auto, (max-width: 1189px) 100vw, 1189px\" \/><\/h2>\n<h2><\/h2>\n<h2><\/h2>\n<h2><\/h2>\n<h2>L&rsquo;IUT de Colmar<\/h2>\n<p>L&rsquo;Institut Universitaire et Technologique (IUT) de Colmar est une composante de l\u2019<a href=\"http:\/\/www.uha.fr\/\" target=\"_blank\" rel=\"noopener noreferrer\">Universit\u00e9 de Haute-Alsace (UHA)<\/a>, une universit\u00e9 fortement professionnalisante qui a fait de son environnement transfrontalier (Suisse et Allemagne) un atout majeur. Elle place l\u2019innovation au c\u0153ur de ses priorit\u00e9s r\u00e9pondant ainsi aux exigences du monde professionnel et institutionnel.<\/p>\n<p>Devenu un institut \u00e0 part enti\u00e8re en 1993, il \u0153uvre depuis sa cr\u00e9ation \u00e0 la <strong>formation de techniciens sup\u00e9rieurs<\/strong> dans divers domaines.<\/p>\n<p>L\u2019IUT de Colmar forme chaque ann\u00e9e pr\u00e8s de 1300 \u00e9tudiants \u00e0 Bac+3\u00a0 au Bachelor Universitaire de Technologie et en licences professionnelles. Ces formations se font \u00e0 temps plein et en alternance.<\/p>\n<p>Les formations professionnalisantes de l&rsquo;IUT de Colmar sont assur\u00e9es par des enseignants-chercheurs, des enseignants et des intervenants professionnels qui viennent partager leurs exp\u00e9riences avec les \u00e9tudiants.<div class=\"su-pullquote su-pullquote-align-right\">\n<p><img loading=\"lazy\" decoding=\"async\" class=\"alignnone wp-image-2136\" title=\"IUT de Colmar - B\u00e2timent A au Biop\u00f4le\" src=\"https:\/\/www.iutcolmar.uha.fr\/wp-content\/uploads\/2018\/07\/P1000172-300x200.jpg\" alt=\"IUT de Colmar - B\u00e2timent A au Biop\u00f4le\" width=\"216\" height=\"144\" srcset=\"https:\/\/www.iutcolmar.uha.fr\/wp-content\/uploads\/2018\/07\/P1000172-300x200.jpg 300w, https:\/\/www.iutcolmar.uha.fr\/wp-content\/uploads\/2018\/07\/P1000172-768x512.jpg 768w, https:\/\/www.iutcolmar.uha.fr\/wp-content\/uploads\/2018\/07\/P1000172-1024x683.jpg 1024w\" sizes=\"auto, (max-width: 216px) 100vw, 216px\" \/><\/p>\n<\/div>Chaque ann\u00e9e, l\u2019IUT de Colmar compte au total<strong> 1300 \u00e9tudiants dans ses six d\u00e9partements<\/strong> :<\/p>\n<ul>\n<li><a href=\"https:\/\/www.iutcolmar.uha.fr\/index.php\/formations\/diplomes\/bachelor-universitaire-de-technologie-b-u-t-bac-3\/b-u-t-carrieres-juridiques\/\">Carri\u00e8res Juridiques<\/a>,<\/li>\n<li><a href=\"https:\/\/www.iutcolmar.uha.fr\/index.php\/formations\/diplomes\/bachelor-universitaire-de-technologie-b-u-t-bac-3\/b-u-t-genie-biologique-parcours-agronomie\/\">G\u00e9nie Biologique<\/a>,<\/li>\n<li><a href=\"https:\/\/www.iutcolmar.uha.fr\/index.php\/formations\/diplomes\/bachelor-universitaire-de-technologie-b-u-t-bac-3\/b-u-t-hygiene-securite-environnement\/\">Hygi\u00e8ne S\u00e9curit\u00e9 Environnement<\/a>,<\/li>\n<li><a href=\"https:\/\/www.iutcolmar.uha.fr\/index.php\/formations\/diplomes\/bachelor-universitaire-de-technologie-b-u-t-bac-3\/b-u-t-metiers-de-la-transition-et-de-lefficacite-energetiques\/\" target=\"_blank\" rel=\"noopener\">M\u00e9tiers de la Transition et de l&rsquo;Efficacit\u00e9 \u00c9nerg\u00e9tiques<\/a><\/li>\n<li><a href=\"https:\/\/www.iutcolmar.uha.fr\/index.php\/formations\/diplomes\/bachelor-universitaire-de-technologie-b-u-t-bac-3\/b-u-t-reseaux-et-telecommunications\/\">R\u00e9seaux et T\u00e9l\u00e9communications<\/a>,<\/li>\n<li><a href=\"https:\/\/www.iutcolmar.uha.fr\/index.php\/formations\/diplomes\/bachelor-universitaire-de-technologie-b-u-t-bac-3\/b-u-t-techniques-de-commercialisation\/\">Techniques de Commercialisation<\/a>.<\/li>\n<\/ul>\n<p>Le d\u00e9partement G\u00e9nie Biologique se situe sur le Campus Biop\u00f4le et les cinq autres d\u00e9partements se trouvent sur Campus Grillenbreit : consultez les <a href=\"https:\/\/www.iutcolmar.uha.fr\/index.php\/contacts\/\">plans d&rsquo;acc\u00e8s aux campus<\/a>.<\/p>\n<p>Les relations internationales font partie int\u00e9grante de l\u2019IUT de Colmar. Il dispense plusieurs formations transfrontali\u00e8res :<\/p>\n<div class=\"su-row\">\n<div class=\"su-column su-column-size-1-2\"><div class=\"su-column-inner su-u-clearfix su-u-trim\">\n<div class=\"su-service\"><div class=\"su-service-title\" style=\"padding-left:38px;min-height:24px;line-height:24px\"><i class=\"sui sui-graduation-cap\" style=\"font-size:24px;color:#009ee3\"><\/i> D\u00e9partement Techniques de commercialisation<\/div><div class=\"su-service-content su-u-clearfix su-u-trim\" style=\"padding-left:38px\">&gt; <a href=\"https:\/\/www.iutcolmar.uha.fr\/index.php\/international-business-management\/\" target=\"_blank\" rel=\"noopener noreferrer\">Formation trinationale International Business Management (France-Allemagne-Suisse)<\/a><\/div><\/div>\n<\/div><\/div>\n<div class=\"su-column su-column-size-1-2\"><div class=\"su-column-inner su-u-clearfix su-u-trim\">\n<div class=\"su-service\"><div class=\"su-service-title\" style=\"padding-left:38px;min-height:24px;line-height:24px\"><i class=\"sui sui-graduation-cap\" style=\"font-size:24px;color:#009ee3\"><\/i> D\u00e9partement R\u00e9seaux et t\u00e9l\u00e9communications<\/div><div class=\"su-service-content su-u-clearfix su-u-trim\" style=\"padding-left:38px\">La formation <a href=\"https:\/\/www.iutcolmar.uha.fr\/index.php\/bac-2-dut\/dut-reseaux-et-telecommunications\/\" target=\"_blank\" rel=\"noopener noreferrer\">\u00ab Information Communication Systems \u00bb (ICS)<\/a> propose un parcours trinational (France-Allemagne-Suisse)<\/div><\/div>\n<\/div><\/div>\n<\/div>\n<p>L\u2019IUT de Colmar permet \u00e9galement \u00e0 ses \u00e9tudiants de<strong> faire un stage \u00e0 l\u2019\u00e9tranger<\/strong> ou de poursuivre leurs \u00e9tudes dans un grand nombre de pays : Allemagne, Canada, Espagne, Gr\u00e8ce, Pologne, Portugal, Royaume-Uni, Suisse, Tch\u00e9quie&#8230;<\/p>\n<h2>Statut<\/h2>\n<p>L\u2019IUT de Colmar, composante de l&rsquo;<a href=\"http:\/\/www.uha.fr\/\" target=\"_blank\" rel=\"noopener noreferrer\">Universit\u00e9 de Haute-Alsace<\/a>, assure les missions du service public de l&rsquo;enseignement sup\u00e9rieur.<\/p>\n<p>L&rsquo;IUT de Colmar est constitu\u00e9 :<\/p>\n<ul>\n<li>de l&rsquo;<strong>administration g\u00e9n\u00e9rale<\/strong> qui assure les fonctions support dans les domaines des institutions, de la qualit\u00e9, de la scolarit\u00e9, de la gestion de proximit\u00e9 des personnels enseignants, administratifs et techniques, de la gestion financi\u00e8re et de la communication interne et externe,<\/li>\n<li>des <strong>d\u00e9partements<\/strong> qui assurent les fonctions d\u2019enseignement dans les dipl\u00f4mes de DUT et de licences professionnelles dispens\u00e9s \u00e0 l&rsquo;IUT de Colmar.<\/li>\n<\/ul>\n<p>En France, un conseil administre chaque IUT, compos\u00e9 de repr\u00e9sentants des personnels et des \u00e9tudiants, et de personnalit\u00e9s ext\u00e9rieures. Le pr\u00e9sident du conseil d&rsquo;IUT est \u00e9lu parmi les personnalit\u00e9s ext\u00e9rieures pour une dur\u00e9e de trois ans, renouvelable; il est issu du monde socio-\u00e9conomique.<\/p>\n<p>Au sein de l&rsquo;IUT, le <strong>pr\u00e9sident<\/strong> <strong>assure le bon fonctionnement du conseil<\/strong> avec le directeur qui dirige l&rsquo;institut, il participe \u00e0 sa bonne marche. Sa position peut lui permettre de jouer un r\u00f4le de m\u00e9diateur. \u00c0 l&rsquo;ext\u00e9rieur, il est un trait-d&rsquo;union entre l&rsquo;IUT et le monde socio-\u00e9conomique avec, en premier lieu, le milieu professionnel et les entreprises.<\/p>\n<div class=\"su-service\"><div class=\"su-service-title\" style=\"padding-left:38px;min-height:24px;line-height:24px\"><i class=\"sui sui-download\" style=\"font-size:24px;color:#009ee3\"><\/i> Statuts de l'IUT<\/div><div class=\"su-service-content su-u-clearfix su-u-trim\" style=\"padding-left:38px\">\nT\u00e9l\u00e9charger <a href=\"https:\/\/www.iutcolmar.uha.fr\/wp-content\/uploads\/2021\/12\/IUT-COLMAR-STATUTS-VALIDES-CA-UHA-2021-10-04.pdf\" target=\"_blank\" rel=\"noopener\">les statuts<\/a><br \/>\n<\/div><\/div>\n<div class=\"su-service\"><div class=\"su-service-title\" style=\"padding-left:38px;min-height:24px;line-height:24px\"><i class=\"sui sui-download\" style=\"font-size:24px;color:#009ee3\"><\/i> Organigramme de l'IUT<\/div><div class=\"su-service-content su-u-clearfix su-u-trim\" style=\"padding-left:38px\">\nOrganigramme \u00e0 venir<br \/>\n<\/div><\/div>\n","protected":false},"excerpt":{"rendered":"<p>Organisation L&rsquo;IUT de Colmar L&rsquo;Institut Universitaire et Technologique (IUT) de Colmar est une composante de l\u2019Universit\u00e9 de Haute-Alsace (UHA), une universit\u00e9 fortement professionnalisante qui a fait de son environnement transfrontalier (Suisse et Allemagne) un atout majeur. Elle place l\u2019innovation au c\u0153ur de ses priorit\u00e9s r\u00e9pondant ainsi aux exigences du monde professionnel et institutionnel. Devenu un [&hellip;]<\/p>\n","protected":false},"author":1,"featured_media":0,"parent":5,"menu_order":1,"comment_status":"closed","ping_status":"closed","template":"","meta":{"footnotes":""},"class_list":["post-571","page","type-page","status-publish","hentry"],"yoast_head":"<!-- This site is optimized with the Yoast SEO plugin v27.1.1 - https:\/\/yoast.com\/product\/yoast-seo-wordpress\/ -->\n<title>Organisation - IUT de Colmar<\/title>\n<meta name=\"description\" content=\"L&#039;IUT de Colmar forme chaque ann\u00e9e \u00e0 BAC+2 avec ses dipl\u00f4mes universitaires de technologie et \u00e0 BAC+3 avec ses licences professionnelles.\" \/>\n<meta name=\"robots\" content=\"index, follow, max-snippet:-1, max-image-preview:large, max-video-preview:-1\" \/>\n<link rel=\"canonical\" href=\"https:\/\/www.iutcolmar.uha.fr\/index.php\/iut-de-colmar\/organisation\/\" \/>\n<meta property=\"og:locale\" content=\"fr_FR\" \/>\n<meta property=\"og:type\" content=\"article\" \/>\n<meta property=\"og:title\" content=\"Organisation - IUT de Colmar\" \/>\n<meta property=\"og:description\" content=\"L&#039;IUT de Colmar forme chaque ann\u00e9e \u00e0 BAC+2 avec ses dipl\u00f4mes universitaires de technologie et \u00e0 BAC+3 avec ses licences professionnelles.\" \/>\n<meta property=\"og:url\" content=\"https:\/\/www.iutcolmar.uha.fr\/index.php\/iut-de-colmar\/organisation\/\" \/>\n<meta property=\"og:site_name\" content=\"IUT de Colmar\" \/>\n<meta property=\"article:modified_time\" content=\"2025-11-24T07:37:26+00:00\" \/>\n<meta property=\"og:image\" content=\"https:\/\/www.iutcolmar.uha.fr\/wp-content\/uploads\/2018\/11\/IUT-BATIMENT-GENERAL.jpg\" \/>\n\t<meta property=\"og:image:width\" content=\"7181\" \/>\n\t<meta property=\"og:image:height\" content=\"1984\" \/>\n\t<meta property=\"og:image:type\" content=\"image\/jpeg\" \/>\n<meta name=\"twitter:card\" content=\"summary_large_image\" \/>\n<meta name=\"twitter:label1\" content=\"Dur\u00e9e de lecture estim\u00e9e\" \/>\n\t<meta name=\"twitter:data1\" content=\"3 minutes\" \/>\n<script type=\"application\/ld+json\" class=\"yoast-schema-graph\">{\"@context\":\"https:\/\/schema.org\",\"@graph\":[{\"@type\":\"WebPage\",\"@id\":\"https:\/\/www.iutcolmar.uha.fr\/index.php\/iut-de-colmar\/organisation\/\",\"url\":\"https:\/\/www.iutcolmar.uha.fr\/index.php\/iut-de-colmar\/organisation\/\",\"name\":\"Organisation - IUT de Colmar\",\"isPartOf\":{\"@id\":\"https:\/\/www.iutcolmar.uha.fr\/#website\"},\"primaryImageOfPage\":{\"@id\":\"https:\/\/www.iutcolmar.uha.fr\/index.php\/iut-de-colmar\/organisation\/#primaryimage\"},\"image\":{\"@id\":\"https:\/\/www.iutcolmar.uha.fr\/index.php\/iut-de-colmar\/organisation\/#primaryimage\"},\"thumbnailUrl\":\"https:\/\/www.iutcolmar.uha.fr\/wp-content\/uploads\/2018\/11\/IUT-BATIMENT-GENERAL-300x83.jpg\",\"datePublished\":\"2018-04-19T13:11:08+00:00\",\"dateModified\":\"2025-11-24T07:37:26+00:00\",\"description\":\"L'IUT de Colmar forme chaque ann\u00e9e \u00e0 BAC+2 avec ses dipl\u00f4mes universitaires de technologie et \u00e0 BAC+3 avec ses licences professionnelles.\",\"breadcrumb\":{\"@id\":\"https:\/\/www.iutcolmar.uha.fr\/index.php\/iut-de-colmar\/organisation\/#breadcrumb\"},\"inLanguage\":\"fr-FR\",\"potentialAction\":[{\"@type\":\"ReadAction\",\"target\":[\"https:\/\/www.iutcolmar.uha.fr\/index.php\/iut-de-colmar\/organisation\/\"]}]},{\"@type\":\"ImageObject\",\"inLanguage\":\"fr-FR\",\"@id\":\"https:\/\/www.iutcolmar.uha.fr\/index.php\/iut-de-colmar\/organisation\/#primaryimage\",\"url\":\"https:\/\/www.iutcolmar.uha.fr\/wp-content\/uploads\/2018\/11\/IUT-BATIMENT-GENERAL-300x83.jpg\",\"contentUrl\":\"https:\/\/www.iutcolmar.uha.fr\/wp-content\/uploads\/2018\/11\/IUT-BATIMENT-GENERAL-300x83.jpg\"},{\"@type\":\"BreadcrumbList\",\"@id\":\"https:\/\/www.iutcolmar.uha.fr\/index.php\/iut-de-colmar\/organisation\/#breadcrumb\",\"itemListElement\":[{\"@type\":\"ListItem\",\"position\":1,\"name\":\"Accueil\",\"item\":\"https:\/\/www.iutcolmar.uha.fr\/\"},{\"@type\":\"ListItem\",\"position\":2,\"name\":\"L&#8217;IUT\",\"item\":\"https:\/\/www.iutcolmar.uha.fr\/index.php\/iut-de-colmar\/\"},{\"@type\":\"ListItem\",\"position\":3,\"name\":\"Organisation\"}]},{\"@type\":\"WebSite\",\"@id\":\"https:\/\/www.iutcolmar.uha.fr\/#website\",\"url\":\"https:\/\/www.iutcolmar.uha.fr\/\",\"name\":\"IUT de Colmar\",\"description\":\"Universit\u00e9 de Haute-Alsace\",\"potentialAction\":[{\"@type\":\"SearchAction\",\"target\":{\"@type\":\"EntryPoint\",\"urlTemplate\":\"https:\/\/www.iutcolmar.uha.fr\/?s={search_term_string}\"},\"query-input\":{\"@type\":\"PropertyValueSpecification\",\"valueRequired\":true,\"valueName\":\"search_term_string\"}}],\"inLanguage\":\"fr-FR\"}]}<\/script>\n<!-- \/ Yoast SEO plugin. -->","yoast_head_json":{"title":"Organisation - IUT de Colmar","description":"L'IUT de Colmar forme chaque ann\u00e9e \u00e0 BAC+2 avec ses dipl\u00f4mes universitaires de technologie et \u00e0 BAC+3 avec ses licences professionnelles.","robots":{"index":"index","follow":"follow","max-snippet":"max-snippet:-1","max-image-preview":"max-image-preview:large","max-video-preview":"max-video-preview:-1"},"canonical":"https:\/\/www.iutcolmar.uha.fr\/index.php\/iut-de-colmar\/organisation\/","og_locale":"fr_FR","og_type":"article","og_title":"Organisation - IUT de Colmar","og_description":"L'IUT de Colmar forme chaque ann\u00e9e \u00e0 BAC+2 avec ses dipl\u00f4mes universitaires de technologie et \u00e0 BAC+3 avec ses licences professionnelles.","og_url":"https:\/\/www.iutcolmar.uha.fr\/index.php\/iut-de-colmar\/organisation\/","og_site_name":"IUT de Colmar","article_modified_time":"2025-11-24T07:37:26+00:00","og_image":[{"width":7181,"height":1984,"url":"https:\/\/www.iutcolmar.uha.fr\/wp-content\/uploads\/2018\/11\/IUT-BATIMENT-GENERAL.jpg","type":"image\/jpeg"}],"twitter_card":"summary_large_image","twitter_misc":{"Dur\u00e9e de lecture estim\u00e9e":"3 minutes"},"schema":{"@context":"https:\/\/schema.org","@graph":[{"@type":"WebPage","@id":"https:\/\/www.iutcolmar.uha.fr\/index.php\/iut-de-colmar\/organisation\/","url":"https:\/\/www.iutcolmar.uha.fr\/index.php\/iut-de-colmar\/organisation\/","name":"Organisation - IUT de Colmar","isPartOf":{"@id":"https:\/\/www.iutcolmar.uha.fr\/#website"},"primaryImageOfPage":{"@id":"https:\/\/www.iutcolmar.uha.fr\/index.php\/iut-de-colmar\/organisation\/#primaryimage"},"image":{"@id":"https:\/\/www.iutcolmar.uha.fr\/index.php\/iut-de-colmar\/organisation\/#primaryimage"},"thumbnailUrl":"https:\/\/www.iutcolmar.uha.fr\/wp-content\/uploads\/2018\/11\/IUT-BATIMENT-GENERAL-300x83.jpg","datePublished":"2018-04-19T13:11:08+00:00","dateModified":"2025-11-24T07:37:26+00:00","description":"L'IUT de Colmar forme chaque ann\u00e9e \u00e0 BAC+2 avec ses dipl\u00f4mes universitaires de technologie et \u00e0 BAC+3 avec ses licences professionnelles.","breadcrumb":{"@id":"https:\/\/www.iutcolmar.uha.fr\/index.php\/iut-de-colmar\/organisation\/#breadcrumb"},"inLanguage":"fr-FR","potentialAction":[{"@type":"ReadAction","target":["https:\/\/www.iutcolmar.uha.fr\/index.php\/iut-de-colmar\/organisation\/"]}]},{"@type":"ImageObject","inLanguage":"fr-FR","@id":"https:\/\/www.iutcolmar.uha.fr\/index.php\/iut-de-colmar\/organisation\/#primaryimage","url":"https:\/\/www.iutcolmar.uha.fr\/wp-content\/uploads\/2018\/11\/IUT-BATIMENT-GENERAL-300x83.jpg","contentUrl":"https:\/\/www.iutcolmar.uha.fr\/wp-content\/uploads\/2018\/11\/IUT-BATIMENT-GENERAL-300x83.jpg"},{"@type":"BreadcrumbList","@id":"https:\/\/www.iutcolmar.uha.fr\/index.php\/iut-de-colmar\/organisation\/#breadcrumb","itemListElement":[{"@type":"ListItem","position":1,"name":"Accueil","item":"https:\/\/www.iutcolmar.uha.fr\/"},{"@type":"ListItem","position":2,"name":"L&#8217;IUT","item":"https:\/\/www.iutcolmar.uha.fr\/index.php\/iut-de-colmar\/"},{"@type":"ListItem","position":3,"name":"Organisation"}]},{"@type":"WebSite","@id":"https:\/\/www.iutcolmar.uha.fr\/#website","url":"https:\/\/www.iutcolmar.uha.fr\/","name":"IUT de Colmar","description":"Universit\u00e9 de Haute-Alsace","potentialAction":[{"@type":"SearchAction","target":{"@type":"EntryPoint","urlTemplate":"https:\/\/www.iutcolmar.uha.fr\/?s={search_term_string}"},"query-input":{"@type":"PropertyValueSpecification","valueRequired":true,"valueName":"search_term_string"}}],"inLanguage":"fr-FR"}]}},"_links":{"self":[{"href":"https:\/\/www.iutcolmar.uha.fr\/index.php\/wp-json\/wp\/v2\/pages\/571","targetHints":{"allow":["GET"]}}],"collection":[{"href":"https:\/\/www.iutcolmar.uha.fr\/index.php\/wp-json\/wp\/v2\/pages"}],"about":[{"href":"https:\/\/www.iutcolmar.uha.fr\/index.php\/wp-json\/wp\/v2\/types\/page"}],"author":[{"embeddable":true,"href":"https:\/\/www.iutcolmar.uha.fr\/index.php\/wp-json\/wp\/v2\/users\/1"}],"replies":[{"embeddable":true,"href":"https:\/\/www.iutcolmar.uha.fr\/index.php\/wp-json\/wp\/v2\/comments?post=571"}],"version-history":[{"count":64,"href":"https:\/\/www.iutcolmar.uha.fr\/index.php\/wp-json\/wp\/v2\/pages\/571\/revisions"}],"predecessor-version":[{"id":8820,"href":"https:\/\/www.iutcolmar.uha.fr\/index.php\/wp-json\/wp\/v2\/pages\/571\/revisions\/8820"}],"up":[{"embeddable":true,"href":"https:\/\/www.iutcolmar.uha.fr\/index.php\/wp-json\/wp\/v2\/pages\/5"}],"wp:attachment":[{"href":"https:\/\/www.iutcolmar.uha.fr\/index.php\/wp-json\/wp\/v2\/media?parent=571"}],"curies":[{"name":"wp","href":"https:\/\/api.w.org\/{rel}","templated":true}]}}