{"id":6035,"date":"2023-04-18T11:52:30","date_gmt":"2023-04-18T09:52:30","guid":{"rendered":"https:\/\/www.iutcolmar.uha.fr\/?page_id=6035"},"modified":"2025-12-16T15:37:53","modified_gmt":"2025-12-16T14:37:53","slug":"double-diplome-lp-technico-commercial-b-u-t-mt2e","status":"publish","type":"page","link":"https:\/\/www.iutcolmar.uha.fr\/index.php\/formations\/diplomes\/double-diplome-lp-technico-commercial-b-u-t-mt2e\/","title":{"rendered":"Double dipl\u00f4me : LP Technico-commercial &#038; B.U.T. MT2E"},"content":{"rendered":"<h1>Double dipl\u00f4me : LP technico-commercial &amp; B.U.T. MT2E<\/h1>\n<p><img loading=\"lazy\" decoding=\"async\" class=\"alignnone wp-image-6039\" src=\"https:\/\/www.iutcolmar.uha.fr\/wp-content\/uploads\/2023\/04\/photo-web-double-diplome-300x83.jpg\" alt=\"\" width=\"1178\" height=\"326\" srcset=\"https:\/\/www.iutcolmar.uha.fr\/wp-content\/uploads\/2023\/04\/photo-web-double-diplome-300x83.jpg 300w, https:\/\/www.iutcolmar.uha.fr\/wp-content\/uploads\/2023\/04\/photo-web-double-diplome-1024x283.jpg 1024w, https:\/\/www.iutcolmar.uha.fr\/wp-content\/uploads\/2023\/04\/photo-web-double-diplome-768x212.jpg 768w, https:\/\/www.iutcolmar.uha.fr\/wp-content\/uploads\/2023\/04\/photo-web-double-diplome-1536x425.jpg 1536w, https:\/\/www.iutcolmar.uha.fr\/wp-content\/uploads\/2023\/04\/photo-web-double-diplome-2048x567.jpg 2048w\" sizes=\"auto, (max-width: 1178px) 100vw, 1178px\" \/><\/p>\n<div id=\"lipsum\">\n<div class=\"su-row\"><div class=\"su-column su-column-size-3-4\"><div class=\"su-column-inner su-u-clearfix su-u-trim\">\n<h2>Objectif<\/h2>\n<p>Le double dipl\u00f4me LP Technico-commercial (TC) \/ B.U.T. M\u00e9tiers de la Transition et de l&rsquo;Efficacit\u00e9 \u00c9nerg\u00e9tiques (MT2E) forme des cadres interm\u00e9diaires pr\u00eats \u00e0 contribuer techniquement \u00e0 la transition \u00e9nerg\u00e9tique et \u00e0 participer au d\u00e9veloppement commercial des entreprises du secteur \u00e9nerg\u00e9tique. La double comp\u00e9tence commerciale et technique constitue un atout pour l\u2019insertion professionnelle des dipl\u00f4m\u00e9s.<\/p>\n<h2>Comp\u00e9tences vis\u00e9es<\/h2>\n<p>Le double dipl\u00f4me vise \u00e0 offrir aux apprentis des comp\u00e9tences commerciales et techniques. Les comp\u00e9tences techniques d\u00e9pendent du parcours choisis :<\/p>\n<div class=\"su-pullquote su-pullquote-align-left\"><img loading=\"lazy\" decoding=\"async\" class=\"alignnone wp-image-2929\" src=\"https:\/\/www.iutcolmar.uha.fr\/wp-content\/uploads\/2018\/10\/DSC00494-LP-GTE-300x169.jpg\" alt=\"Etudiants MT2E\" width=\"344\" height=\"194\" srcset=\"https:\/\/www.iutcolmar.uha.fr\/wp-content\/uploads\/2018\/10\/DSC00494-LP-GTE-300x169.jpg 300w, https:\/\/www.iutcolmar.uha.fr\/wp-content\/uploads\/2018\/10\/DSC00494-LP-GTE-768x433.jpg 768w, https:\/\/www.iutcolmar.uha.fr\/wp-content\/uploads\/2018\/10\/DSC00494-LP-GTE-1024x577.jpg 1024w\" sizes=\"auto, (max-width: 344px) 100vw, 344px\" \/><\/div>\n<ul>\n<li><strong>Parcours OPTIM<\/strong> : les apprentis sont form\u00e9s pour dresser un bilan \u00e9nerg\u00e9tique d\u2019un site ou d\u2019une installation et pour proposer des solutions permettant d\u2019accro\u00eetre l\u2019efficacit\u00e9 \u00e9nerg\u00e9tique, tout en diminuant l\u2019empreinte carbone.<\/li>\n<li><strong>Parcours MAN\u00c9<\/strong> : les apprentis apprennent \u00e0 piloter efficacement les installations \u00e9nerg\u00e9tiques et \u00e0 ma\u00eetriser leurs d\u00e9penses \u00e9nerg\u00e9tiques. Ils accompagnent les entreprises dans le choix de solutions \u00e9nerg\u00e9tiques plus \u00e9conomes et respectueuses de l\u2019environnement.<\/li>\n<\/ul>\n<div class=\"su-pullquote su-pullquote-align-right\"><img loading=\"lazy\" decoding=\"async\" class=\"size-medium wp-image-6067 alignright\" src=\"https:\/\/www.iutcolmar.uha.fr\/wp-content\/uploads\/2023\/04\/AdobeStock_91323006-300x200.jpeg\" alt=\"LP TC\" width=\"300\" height=\"200\" srcset=\"https:\/\/www.iutcolmar.uha.fr\/wp-content\/uploads\/2023\/04\/AdobeStock_91323006-300x200.jpeg 300w, https:\/\/www.iutcolmar.uha.fr\/wp-content\/uploads\/2023\/04\/AdobeStock_91323006-1024x683.jpeg 1024w, https:\/\/www.iutcolmar.uha.fr\/wp-content\/uploads\/2023\/04\/AdobeStock_91323006-768x512.jpeg 768w, https:\/\/www.iutcolmar.uha.fr\/wp-content\/uploads\/2023\/04\/AdobeStock_91323006-1536x1024.jpeg 1536w, https:\/\/www.iutcolmar.uha.fr\/wp-content\/uploads\/2023\/04\/AdobeStock_91323006-2048x1365.jpeg 2048w\" sizes=\"auto, (max-width: 300px) 100vw, 300px\" \/><\/div>\n<p>En mati\u00e8re commerciale, les apprentis d\u00e9veloppent des comp\u00e9tences en communication commerciale, en marketing et en vente. Des comp\u00e9tences linguistiques leur permettent d\u2019\u00eatre op\u00e9rationnels dans un environnement international.<\/p>\n<\/div>\n<p><strong>Les m\u00e9tiers<\/strong><br \/>\n<b><\/b>Les d\u00e9bouch\u00e9s possibles sont \u00e0 la fois ceux du B.U.T. MT2E (parcours MAN\u00c9 ou OPTIM) et de la LP TC.<br \/>\nQuelques exemples clefs :<\/p>\n<ul>\n<li>Technico-Commercial en \u00e9nerg\u00e9tique,<\/li>\n<li>Charg\u00e9 d\u2019affaires, acheteur industriel, charg\u00e9 de marketing op\u00e9rationnel, manager de rayon sp\u00e9cialis\u00e9,<\/li>\n<li>Energy manager ou Charg\u00e9 de mission efficacit\u00e9 \u00e9nerg\u00e9tique (pour le parcours MAN\u00c9),<\/li>\n<li>Charg\u00e9 d\u2019\u00e9tudes en thermique, en fluidique, en \u00e9nergies renouvelables ou Auditeur \u00e9nerg\u00e9tique (pour le parcours OPTIM).<\/li>\n<\/ul>\n<div id=\"lipsum\">\n<h2>Organisation de la formation<\/h2>\n<p>La formation est dispens\u00e9e uniquement en alternance (contrat d\u2019apprentissage ou de professionnalisation), avec un rythme d\u2019alternance d\u2019environ 3 semaines en entreprise, 3 semaines en formation. L\u2019enseignement repose sur l\u2019approche par comp\u00e9tences. Il comprend des travaux dirig\u00e9s, des travaux pratiques, des visites d\u2019installations \u00e9nerg\u00e9tiques, des projets \u00e0 r\u00e9aliser individuellement ou en groupe, ainsi qu\u2019une SA\u00e9 unique (Situation d\u2019Apprentissage et d\u2019\u00c9valuation) conciliant les dimensions technique et commerciale de la formation.<\/p>\n<div class=\"su-spoiler su-spoiler-style-default su-spoiler-icon-plus su-spoiler-closed\" data-scroll-offset=\"0\" data-anchor-in-url=\"no\"><div class=\"su-spoiler-title\" tabindex=\"0\" role=\"button\"><span class=\"su-spoiler-icon\"><\/span>Le plus colmarien<\/div><div class=\"su-spoiler-content su-u-clearfix su-u-trim\">Le plus colmarien L\u2019enseignement technique a lieu dans un b\u00e2timent d\u00e9di\u00e9 aux m\u00e9tiers de l\u2019\u00e9nerg\u00e9tique. Ce b\u00e2timent r\u00e9cent est \u00e9quip\u00e9 d\u2019installations p\u00e9dagogiques et professionnelles, \u00e0 la pointe de la technologie, sur lesquelles les \u00e9tudiants apprendront \u00e0 travailler.<br \/>\n\u2022 Des enseignements auront lieu \u00e9galement sur les plateformes de nos partenaires industriels.<br \/>\n\u2022 La proximit\u00e9 avec les fronti\u00e8res permet une ouverture \u00e0 l\u2019international qui sera exploit\u00e9e. <\/div><\/div>\n<h2>Apr\u00e8s le double dipl\u00f4me<\/h2>\n<p>Le B.U.T. comme la L.P. pr\u00e9parent les apprentis \u00e0 l\u2019insertion professionnelle. N\u00e9anmoins, ceux qui le d\u00e9sirent pourront poursuivre leurs \u00e9tudes en Master.<\/p>\n<h2>Conditions d&rsquo;admission<\/h2>\n<p>La formation s\u2019adresse aux \u00e9tudiants ayant valid\u00e9 leur 2\u00e8me ann\u00e9e de B.U.T. MT2E (quel que soit le parcours). Le recrutement se fait sur dossier et entretien. Des connaissances en langue anglaise sont requises.<\/p>\n<\/div><\/div> <div class=\"su-column su-column-size-1-4\"><div class=\"su-column-inner su-u-clearfix su-u-trim\">\n<div class=\"su-service\"><div class=\"su-service-title\" style=\"padding-left:38px;min-height:24px;line-height:24px\"><i class=\"sui sui-info-circle\" style=\"font-size:24px;color:#009ee3\"><\/i> Candidatures et inscriptions <\/div><div class=\"su-service-content su-u-clearfix su-u-trim\" style=\"padding-left:38px\">\n<p>Pour en savoir plus<\/p>\n<\/div><\/div>\n<div class=\"su-button-center\"><a href=\"https:\/\/my.web-visite.com\/F1wZsyd4fe\" class=\"su-button su-button-style-flat su-button-wide\" style=\"color:#FFFFFF;background-color:#004996;border-color:#003b78;border-radius:0px\" target=\"_self\"><span style=\"color:#FFFFFF;padding:6px 18px;font-size:14px;line-height:21px;border-color:#4d80b6;border-radius:0px;text-shadow:none\"><i class=\"sui sui-link\" style=\"font-size:14px;color:#FFFFFF\"><\/i> Visite virtuelle<\/span><\/a><\/div>\n<div class=\"su-service\"><div class=\"su-service-title\" style=\"padding-left:38px;min-height:24px;line-height:24px\"><i class=\"sui sui-envelope-open\" style=\"font-size:24px;color:#009ee3\"><\/i> Contact<\/div><div class=\"su-service-content su-u-clearfix su-u-trim\" style=\"padding-left:38px\">\n<p>tcmt2e.iutcolmar@uha.fr<\/p>\n<p>B\u00e2timent H<br \/>\n34 rue du Grillenbreit<br \/>\nBP 50568 &#8211; 68008 Colmar cedex<\/div><\/div>\n<div class=\"su-service\"><div class=\"su-service-title\" style=\"padding-left:38px;min-height:24px;line-height:24px\"><i class=\"sui sui-phone\" style=\"font-size:24px;color:#009ee3\"><\/i> Pour nous joindre <\/div><div class=\"su-service-content su-u-clearfix su-u-trim\" style=\"padding-left:38px\">+33 (0)3 89 20 61 86 <\/div><\/div> <div class=\"su-divider su-divider-style-default 1px dotted gray\" style=\"margin:15px 0;border-width:3px;border-color:#999999\"><\/div>\n<h2>Documents<a href=\"https:\/\/www.iutcolmar.uha.fr\/wp-content\/uploads\/2025\/11\/MT2E-LP-DOUBLE-DIPLOME-NOV-2024_WEB2.pdf\"><img loading=\"lazy\" decoding=\"async\" class=\"aligncenter wp-image-7823\" src=\"https:\/\/www.iutcolmar.uha.fr\/wp-content\/uploads\/2025\/11\/Capture-decran-2025-11-28-083458-150x150.png\" alt=\"\" width=\"110\" height=\"141\" srcset=\"https:\/\/www.iutcolmar.uha.fr\/wp-content\/uploads\/2025\/11\/Capture-decran-2025-11-28-083458-233x300.png 233w, https:\/\/www.iutcolmar.uha.fr\/wp-content\/uploads\/2025\/11\/Capture-decran-2025-11-28-083458.png 637w\" sizes=\"auto, (max-width: 110px) 100vw, 110px\" \/><\/a><\/h2>\n<\/div>\n<div id=\"lipsum\">\n<p>T\u00e9l\u00e9charger <a href=\"https:\/\/www.iutcolmar.uha.fr\/wp-content\/uploads\/2025\/11\/MT2E-LP-DOUBLE-DIPLOME-NOV-2024_WEB2.pdf\" target=\"_blank\" rel=\"noopener\">la plaquette <\/a><br \/>\n<div class=\"su-divider su-divider-style-default 1px dotted gray\" style=\"margin:15px 0;border-width:3px;border-color:#999999\"><\/div>\n<div id=\"lipsum\">\n<div class=\"su-service\"><div class=\"su-service-title\" style=\"padding-left:38px;min-height:24px;line-height:24px\"><i class=\"sui sui-info-circle\" style=\"font-size:24px;color:#009ee3\"><\/i> L'alternance <\/div><div class=\"su-service-content su-u-clearfix su-u-trim\" style=\"padding-left:38px\">\n<p>Pour plus d&rsquo;information sur l&rsquo;alternance contactez le <a href=\"http:\/\/www.cfau.fr\/\" target=\"_blank\" rel=\"noopener noreferrer\">CFAU<\/a><\/p>\n<p><a href=\"mailto:cfau@uha.fr\">cfau@uha.fr<\/a><\/p>\n<\/div>\n<\/div><\/div>\n<div class=\"su-service\"><div class=\"su-service-title\" style=\"padding-left:38px;min-height:24px;line-height:24px\"><i class=\"sui sui-phone\" style=\"font-size:24px;color:#009ee3\"><\/i> Pour joindre le CFAU<\/div><div class=\"su-service-content su-u-clearfix su-u-trim\" style=\"padding-left:38px\"><a href=\"tel:+33389336590\"><span id=\"OBJ_PREFIX_DWT56_com_zimbra_phone\" class=\"Object\" role=\"link\">+33 (0)3 89 33 65 90<\/span><\/a><\/div><\/div>\n<p><a href=\"http:\/\/www.cfau.fr\/\" target=\"_blank\" rel=\"noopener noreferrer\"><img loading=\"lazy\" decoding=\"async\" class=\"size-full wp-image-250 aligncenter\" src=\"https:\/\/www.iutcolmar.uha.fr\/wp-content\/uploads\/2018\/04\/CFAU-PNG-1-2.png\" alt=\"\" width=\"136\" height=\"68\" srcset=\"https:\/\/www.iutcolmar.uha.fr\/wp-content\/uploads\/2018\/04\/CFAU-PNG-1-2.png 136w, https:\/\/www.iutcolmar.uha.fr\/wp-content\/uploads\/2018\/04\/CFAU-PNG-1-2-135x68.png 135w\" sizes=\"auto, (max-width: 136px) 100vw, 136px\" \/><\/a><\/p>\n<div class=\"su-divider su-divider-style-default 1px dotted gray\" style=\"margin:15px 0;border-width:3px;border-color:#999999\"><\/div>\n<\/div><\/div><\/div>\n<\/div>\n","protected":false},"excerpt":{"rendered":"<p>Double dipl\u00f4me : LP technico-commercial &amp; B.U.T. MT2E<\/p>\n","protected":false},"author":1,"featured_media":0,"parent":66,"menu_order":3,"comment_status":"closed","ping_status":"closed","template":"","meta":{"footnotes":""},"class_list":["post-6035","page","type-page","status-publish","hentry"],"yoast_head":"<!-- This site is optimized with the Yoast SEO plugin v27.1.1 - https:\/\/yoast.com\/product\/yoast-seo-wordpress\/ -->\n<title>Double dipl\u00f4me : LP Technico-commercial &amp; B.U.T. MT2E - IUT de Colmar<\/title>\n<meta name=\"robots\" content=\"index, follow, max-snippet:-1, max-image-preview:large, max-video-preview:-1\" \/>\n<link rel=\"canonical\" href=\"https:\/\/www.iutcolmar.uha.fr\/index.php\/formations\/diplomes\/double-diplome-lp-technico-commercial-b-u-t-mt2e\/\" \/>\n<meta property=\"og:locale\" content=\"fr_FR\" \/>\n<meta property=\"og:type\" content=\"article\" \/>\n<meta property=\"og:title\" content=\"Double dipl\u00f4me : LP Technico-commercial &amp; B.U.T. MT2E - IUT de Colmar\" \/>\n<meta property=\"og:description\" content=\"Double dipl\u00f4me : LP technico-commercial &amp; B.U.T. MT2E\" \/>\n<meta property=\"og:url\" content=\"https:\/\/www.iutcolmar.uha.fr\/index.php\/formations\/diplomes\/double-diplome-lp-technico-commercial-b-u-t-mt2e\/\" \/>\n<meta property=\"og:site_name\" content=\"IUT de Colmar\" \/>\n<meta property=\"article:modified_time\" content=\"2025-12-16T14:37:53+00:00\" \/>\n<meta property=\"og:image\" content=\"https:\/\/www.iutcolmar.uha.fr\/wp-content\/uploads\/2023\/04\/photo-web-double-diplome-scaled.jpg\" \/>\n\t<meta property=\"og:image:width\" content=\"2560\" \/>\n\t<meta property=\"og:image:height\" content=\"708\" \/>\n\t<meta property=\"og:image:type\" content=\"image\/jpeg\" \/>\n<meta name=\"twitter:card\" content=\"summary_large_image\" \/>\n<meta name=\"twitter:label1\" content=\"Dur\u00e9e de lecture estim\u00e9e\" \/>\n\t<meta name=\"twitter:data1\" content=\"4 minutes\" \/>\n<script type=\"application\/ld+json\" class=\"yoast-schema-graph\">{\"@context\":\"https:\/\/schema.org\",\"@graph\":[{\"@type\":\"WebPage\",\"@id\":\"https:\/\/www.iutcolmar.uha.fr\/index.php\/formations\/diplomes\/double-diplome-lp-technico-commercial-b-u-t-mt2e\/\",\"url\":\"https:\/\/www.iutcolmar.uha.fr\/index.php\/formations\/diplomes\/double-diplome-lp-technico-commercial-b-u-t-mt2e\/\",\"name\":\"Double dipl\u00f4me : LP Technico-commercial & B.U.T. MT2E - IUT de Colmar\",\"isPartOf\":{\"@id\":\"https:\/\/www.iutcolmar.uha.fr\/#website\"},\"primaryImageOfPage\":{\"@id\":\"https:\/\/www.iutcolmar.uha.fr\/index.php\/formations\/diplomes\/double-diplome-lp-technico-commercial-b-u-t-mt2e\/#primaryimage\"},\"image\":{\"@id\":\"https:\/\/www.iutcolmar.uha.fr\/index.php\/formations\/diplomes\/double-diplome-lp-technico-commercial-b-u-t-mt2e\/#primaryimage\"},\"thumbnailUrl\":\"https:\/\/www.iutcolmar.uha.fr\/wp-content\/uploads\/2023\/04\/photo-web-double-diplome-300x83.jpg\",\"datePublished\":\"2023-04-18T09:52:30+00:00\",\"dateModified\":\"2025-12-16T14:37:53+00:00\",\"breadcrumb\":{\"@id\":\"https:\/\/www.iutcolmar.uha.fr\/index.php\/formations\/diplomes\/double-diplome-lp-technico-commercial-b-u-t-mt2e\/#breadcrumb\"},\"inLanguage\":\"fr-FR\",\"potentialAction\":[{\"@type\":\"ReadAction\",\"target\":[\"https:\/\/www.iutcolmar.uha.fr\/index.php\/formations\/diplomes\/double-diplome-lp-technico-commercial-b-u-t-mt2e\/\"]}]},{\"@type\":\"ImageObject\",\"inLanguage\":\"fr-FR\",\"@id\":\"https:\/\/www.iutcolmar.uha.fr\/index.php\/formations\/diplomes\/double-diplome-lp-technico-commercial-b-u-t-mt2e\/#primaryimage\",\"url\":\"https:\/\/www.iutcolmar.uha.fr\/wp-content\/uploads\/2023\/04\/photo-web-double-diplome-scaled.jpg\",\"contentUrl\":\"https:\/\/www.iutcolmar.uha.fr\/wp-content\/uploads\/2023\/04\/photo-web-double-diplome-scaled.jpg\",\"width\":2560,\"height\":708},{\"@type\":\"BreadcrumbList\",\"@id\":\"https:\/\/www.iutcolmar.uha.fr\/index.php\/formations\/diplomes\/double-diplome-lp-technico-commercial-b-u-t-mt2e\/#breadcrumb\",\"itemListElement\":[{\"@type\":\"ListItem\",\"position\":1,\"name\":\"Accueil\",\"item\":\"https:\/\/www.iutcolmar.uha.fr\/\"},{\"@type\":\"ListItem\",\"position\":2,\"name\":\"Formations\",\"item\":\"https:\/\/www.iutcolmar.uha.fr\/index.php\/formations\/\"},{\"@type\":\"ListItem\",\"position\":3,\"name\":\"Dipl\u00f4mes\",\"item\":\"https:\/\/www.iutcolmar.uha.fr\/index.php\/formations\/diplomes\/\"},{\"@type\":\"ListItem\",\"position\":4,\"name\":\"Double dipl\u00f4me : LP Technico-commercial &#038; B.U.T. MT2E\"}]},{\"@type\":\"WebSite\",\"@id\":\"https:\/\/www.iutcolmar.uha.fr\/#website\",\"url\":\"https:\/\/www.iutcolmar.uha.fr\/\",\"name\":\"IUT de Colmar\",\"description\":\"Universit\u00e9 de Haute-Alsace\",\"potentialAction\":[{\"@type\":\"SearchAction\",\"target\":{\"@type\":\"EntryPoint\",\"urlTemplate\":\"https:\/\/www.iutcolmar.uha.fr\/?s={search_term_string}\"},\"query-input\":{\"@type\":\"PropertyValueSpecification\",\"valueRequired\":true,\"valueName\":\"search_term_string\"}}],\"inLanguage\":\"fr-FR\"}]}<\/script>\n<!-- \/ Yoast SEO plugin. -->","yoast_head_json":{"title":"Double dipl\u00f4me : LP Technico-commercial & B.U.T. MT2E - IUT de Colmar","robots":{"index":"index","follow":"follow","max-snippet":"max-snippet:-1","max-image-preview":"max-image-preview:large","max-video-preview":"max-video-preview:-1"},"canonical":"https:\/\/www.iutcolmar.uha.fr\/index.php\/formations\/diplomes\/double-diplome-lp-technico-commercial-b-u-t-mt2e\/","og_locale":"fr_FR","og_type":"article","og_title":"Double dipl\u00f4me : LP Technico-commercial & B.U.T. MT2E - IUT de Colmar","og_description":"Double dipl\u00f4me : LP technico-commercial &amp; B.U.T. MT2E","og_url":"https:\/\/www.iutcolmar.uha.fr\/index.php\/formations\/diplomes\/double-diplome-lp-technico-commercial-b-u-t-mt2e\/","og_site_name":"IUT de Colmar","article_modified_time":"2025-12-16T14:37:53+00:00","og_image":[{"width":2560,"height":708,"url":"https:\/\/www.iutcolmar.uha.fr\/wp-content\/uploads\/2023\/04\/photo-web-double-diplome-scaled.jpg","type":"image\/jpeg"}],"twitter_card":"summary_large_image","twitter_misc":{"Dur\u00e9e de lecture estim\u00e9e":"4 minutes"},"schema":{"@context":"https:\/\/schema.org","@graph":[{"@type":"WebPage","@id":"https:\/\/www.iutcolmar.uha.fr\/index.php\/formations\/diplomes\/double-diplome-lp-technico-commercial-b-u-t-mt2e\/","url":"https:\/\/www.iutcolmar.uha.fr\/index.php\/formations\/diplomes\/double-diplome-lp-technico-commercial-b-u-t-mt2e\/","name":"Double dipl\u00f4me : LP Technico-commercial & B.U.T. MT2E - IUT de Colmar","isPartOf":{"@id":"https:\/\/www.iutcolmar.uha.fr\/#website"},"primaryImageOfPage":{"@id":"https:\/\/www.iutcolmar.uha.fr\/index.php\/formations\/diplomes\/double-diplome-lp-technico-commercial-b-u-t-mt2e\/#primaryimage"},"image":{"@id":"https:\/\/www.iutcolmar.uha.fr\/index.php\/formations\/diplomes\/double-diplome-lp-technico-commercial-b-u-t-mt2e\/#primaryimage"},"thumbnailUrl":"https:\/\/www.iutcolmar.uha.fr\/wp-content\/uploads\/2023\/04\/photo-web-double-diplome-300x83.jpg","datePublished":"2023-04-18T09:52:30+00:00","dateModified":"2025-12-16T14:37:53+00:00","breadcrumb":{"@id":"https:\/\/www.iutcolmar.uha.fr\/index.php\/formations\/diplomes\/double-diplome-lp-technico-commercial-b-u-t-mt2e\/#breadcrumb"},"inLanguage":"fr-FR","potentialAction":[{"@type":"ReadAction","target":["https:\/\/www.iutcolmar.uha.fr\/index.php\/formations\/diplomes\/double-diplome-lp-technico-commercial-b-u-t-mt2e\/"]}]},{"@type":"ImageObject","inLanguage":"fr-FR","@id":"https:\/\/www.iutcolmar.uha.fr\/index.php\/formations\/diplomes\/double-diplome-lp-technico-commercial-b-u-t-mt2e\/#primaryimage","url":"https:\/\/www.iutcolmar.uha.fr\/wp-content\/uploads\/2023\/04\/photo-web-double-diplome-scaled.jpg","contentUrl":"https:\/\/www.iutcolmar.uha.fr\/wp-content\/uploads\/2023\/04\/photo-web-double-diplome-scaled.jpg","width":2560,"height":708},{"@type":"BreadcrumbList","@id":"https:\/\/www.iutcolmar.uha.fr\/index.php\/formations\/diplomes\/double-diplome-lp-technico-commercial-b-u-t-mt2e\/#breadcrumb","itemListElement":[{"@type":"ListItem","position":1,"name":"Accueil","item":"https:\/\/www.iutcolmar.uha.fr\/"},{"@type":"ListItem","position":2,"name":"Formations","item":"https:\/\/www.iutcolmar.uha.fr\/index.php\/formations\/"},{"@type":"ListItem","position":3,"name":"Dipl\u00f4mes","item":"https:\/\/www.iutcolmar.uha.fr\/index.php\/formations\/diplomes\/"},{"@type":"ListItem","position":4,"name":"Double dipl\u00f4me : LP Technico-commercial &#038; B.U.T. MT2E"}]},{"@type":"WebSite","@id":"https:\/\/www.iutcolmar.uha.fr\/#website","url":"https:\/\/www.iutcolmar.uha.fr\/","name":"IUT de Colmar","description":"Universit\u00e9 de Haute-Alsace","potentialAction":[{"@type":"SearchAction","target":{"@type":"EntryPoint","urlTemplate":"https:\/\/www.iutcolmar.uha.fr\/?s={search_term_string}"},"query-input":{"@type":"PropertyValueSpecification","valueRequired":true,"valueName":"search_term_string"}}],"inLanguage":"fr-FR"}]}},"_links":{"self":[{"href":"https:\/\/www.iutcolmar.uha.fr\/index.php\/wp-json\/wp\/v2\/pages\/6035","targetHints":{"allow":["GET"]}}],"collection":[{"href":"https:\/\/www.iutcolmar.uha.fr\/index.php\/wp-json\/wp\/v2\/pages"}],"about":[{"href":"https:\/\/www.iutcolmar.uha.fr\/index.php\/wp-json\/wp\/v2\/types\/page"}],"author":[{"embeddable":true,"href":"https:\/\/www.iutcolmar.uha.fr\/index.php\/wp-json\/wp\/v2\/users\/1"}],"replies":[{"embeddable":true,"href":"https:\/\/www.iutcolmar.uha.fr\/index.php\/wp-json\/wp\/v2\/comments?post=6035"}],"version-history":[{"count":25,"href":"https:\/\/www.iutcolmar.uha.fr\/index.php\/wp-json\/wp\/v2\/pages\/6035\/revisions"}],"predecessor-version":[{"id":7944,"href":"https:\/\/www.iutcolmar.uha.fr\/index.php\/wp-json\/wp\/v2\/pages\/6035\/revisions\/7944"}],"up":[{"embeddable":true,"href":"https:\/\/www.iutcolmar.uha.fr\/index.php\/wp-json\/wp\/v2\/pages\/66"}],"wp:attachment":[{"href":"https:\/\/www.iutcolmar.uha.fr\/index.php\/wp-json\/wp\/v2\/media?parent=6035"}],"curies":[{"name":"wp","href":"https:\/\/api.w.org\/{rel}","templated":true}]}}