{"id":66,"date":"2018-04-05T08:31:01","date_gmt":"2018-04-05T06:31:01","guid":{"rendered":"https:\/\/www.iutcolmar.uha.fr\/?page_id=66"},"modified":"2025-12-16T16:40:16","modified_gmt":"2025-12-16T15:40:16","slug":"diplomes","status":"publish","type":"page","link":"https:\/\/www.iutcolmar.uha.fr\/index.php\/formations\/diplomes\/","title":{"rendered":"Dipl\u00f4mes"},"content":{"rendered":"<h1><span style=\"color: #333333;\">Dipl\u00f4mes<\/span><\/h1>\n<p><strong>L&rsquo;IUT de Colmar <\/strong><strong>propose des formations universitaires professionnalisantes, reconnues par l\u2019\u00c9tat et pr\u00e9pare \u00e0 plusieurs dipl\u00f4mes de niveau Bac + 3 : <\/strong><\/p>\n<div class=\"su-row\">\n<div class=\"su-column su-column-size-1-2\"><div class=\"su-column-inner su-u-clearfix su-u-trim\">\n<h2>B.U.T. &#8211; Bac + 3<\/h2>\n<p>Le Bachelor Universitaire de Technologie (B.U.T.), ce sont trois ann\u00e9es de formation pour une professionnalisation efficace. C\u2019est une licence professionnelle qui apporte avant tout \u00e0 chaque dipl\u00f4m\u00e9 les comp\u00e9tences techniques et pratiques, n\u00e9cessaires \u00e0 une insertion r\u00e9ussie dans la vie active.<\/p>\n<p>Apr\u00e8s le bac, vous avez la possibilit\u00e9 de suivre cette formation en initiale (temps plein) ou en alternance.<\/p>\n<div class=\"su-button-center\"><a href=\"https:\/\/www.iutcolmar.uha.fr\/index.php\/formations\/diplomes\/bachelor-universitaire-de-technologie-b-u-t-bac-3\" class=\"su-button su-button-style-flat su-button-wide\" style=\"color:#FFFFFF;background-color:#004996;border-color:#003b78;border-radius:0px\" target=\"_self\"><span style=\"color:#FFFFFF;padding:6px 18px;font-size:14px;line-height:21px;border-color:#4d80b6;border-radius:0px;text-shadow:none\"><i class=\"sui sui-link\" style=\"font-size:14px;color:#FFFFFF\"><\/i> D\u00e9couvrir les B.U.T. propos\u00e9s \u00e0 l&rsquo;IUT de Colmar<\/span><\/a><\/div>\n<h2>Licence Professionnelle &#8211; Bac + 3<\/h2>\n<p>La licence professionnelle, c\u2019est un dipl\u00f4me national de niveau bac +3 qui dure un an. On y acc\u00e8de apr\u00e8s un bac+2, comme un BTS ou un DUT.<\/p>\n<p>Envie de rentrer dans la vie professionnelle rapidement\u00a0? Cette formation est faite pour vous\u00a0! Elle r\u00e9pond aux besoins des entreprises en Europe et vise des m\u00e9tiers de technicien sup\u00e9rieur \u00e0 ing\u00e9nieur.<\/p>\n<p>La licence professionnelle permet d\u2019apprendre un m\u00e9tier pr\u00e9cis, de d\u00e9velopper des comp\u00e9tences recherch\u00e9es par les entreprises, et d\u2019\u00eatre pr\u00eat \u00e0 travailler rapidement dans un domaine qui recrute.<\/p>\n<div class=\"su-button-center\"><a href=\"https:\/\/www.iutcolmar.uha.fr\/index.php\/formations\/diplomes\/bac-3-licences-professionnelles\/\" class=\"su-button su-button-style-flat su-button-wide\" style=\"color:#FFFFFF;background-color:#004996;border-color:#003b78;border-radius:0px\" target=\"_self\"><span style=\"color:#FFFFFF;padding:6px 18px;font-size:14px;line-height:21px;border-color:#4d80b6;border-radius:0px;text-shadow:none\"><i class=\"sui sui-link\" style=\"font-size:14px;color:#FFFFFF\"><\/i> D\u00e9couvrir les Licences professionnelles propos\u00e9es \u00e0 l&rsquo;IUT de Colmar<\/span><\/a><\/div>\n<\/div><\/div>\n<div class=\"su-column su-column-size-1-2\"><div class=\"su-column-inner su-u-clearfix su-u-trim\">\n<img loading=\"lazy\" decoding=\"async\" class=\"aligncenter wp-image-2800 size-large\" src=\"https:\/\/www.iutcolmar.uha.fr\/wp-content\/uploads\/2018\/09\/graduation-1477769_1920-1024x682.jpg\" alt=\"Etudiants\" width=\"750\" height=\"500\" srcset=\"https:\/\/www.iutcolmar.uha.fr\/wp-content\/uploads\/2018\/09\/graduation-1477769_1920-1024x682.jpg 1024w, https:\/\/www.iutcolmar.uha.fr\/wp-content\/uploads\/2018\/09\/graduation-1477769_1920-300x200.jpg 300w, https:\/\/www.iutcolmar.uha.fr\/wp-content\/uploads\/2018\/09\/graduation-1477769_1920-768x511.jpg 768w, https:\/\/www.iutcolmar.uha.fr\/wp-content\/uploads\/2018\/09\/graduation-1477769_1920.jpg 1920w\" sizes=\"auto, (max-width: 750px) 100vw, 750px\" \/><\/p>\n<h2>Formations transfrontali\u00e8res<\/h2>\n<p>Vous avez envie de faire une partie de vos \u00e9tudes \u00e0 l\u2019\u00e9tranger ? \u00c0 l\u2019IUT de Colmar, vous pouvez suivre des formations transfrontali\u00e8res qui vous permettent d\u2019\u00e9tudier en France, en Allemagne et en Suisse.<\/p>\n<p>Gr\u00e2ce \u00e0 ces parcours internationaux, vous obtiendrez plusieurs dipl\u00f4mes, parfois de niveaux diff\u00e9rents selon les pays.<\/p>\n<div class=\"su-button-center\"><a href=\"https:\/\/www.iutcolmar.uha.fr\/index.php\/formations-transfrontalieres\/\" class=\"su-button su-button-style-flat su-button-wide\" style=\"color:#FFFFFF;background-color:#004996;border-color:#003b78;border-radius:0px\" target=\"_self\"><span style=\"color:#FFFFFF;padding:6px 18px;font-size:14px;line-height:21px;border-color:#4d80b6;border-radius:0px;text-shadow:none\"><i class=\"sui sui-link\" style=\"font-size:14px;color:#FFFFFF\"><\/i> D\u00e9couvrir les formations transfrontali\u00e8res propos\u00e9es \u00e0 l&rsquo;IUT de Colmar<\/span><\/a><\/div>\n<\/div><\/div>\n<\/div>\n","protected":false},"excerpt":{"rendered":"<p>Dipl\u00f4mes L&rsquo;IUT de Colmar propose des formations universitaires professionnalisantes, reconnues par l\u2019\u00c9tat et pr\u00e9pare \u00e0 plusieurs dipl\u00f4mes de niveau Bac + 3 :<\/p>\n","protected":false},"author":1,"featured_media":0,"parent":7,"menu_order":1,"comment_status":"closed","ping_status":"closed","template":"","meta":{"footnotes":""},"class_list":["post-66","page","type-page","status-publish","hentry"],"yoast_head":"<!-- This site is optimized with the Yoast SEO plugin v27.1.1 - https:\/\/yoast.com\/product\/yoast-seo-wordpress\/ -->\n<title>Dipl\u00f4mes - IUT de Colmar<\/title>\n<meta name=\"description\" content=\"L&#039;IUT de Colmar pr\u00e9pare \u00e0 plusieurs dipl\u00f4mes : \u00e0 Bac + 2 - DUT, \u00e0 Bac + 3 - Licence Professionnelle et aux formations transfrontali\u00e8res.\" \/>\n<meta name=\"robots\" content=\"index, follow, max-snippet:-1, max-image-preview:large, max-video-preview:-1\" \/>\n<link rel=\"canonical\" href=\"https:\/\/www.iutcolmar.uha.fr\/index.php\/formations\/diplomes\/\" \/>\n<meta property=\"og:locale\" content=\"fr_FR\" \/>\n<meta property=\"og:type\" content=\"article\" \/>\n<meta property=\"og:title\" content=\"Dipl\u00f4mes - IUT de Colmar\" \/>\n<meta property=\"og:description\" content=\"L&#039;IUT de Colmar pr\u00e9pare \u00e0 plusieurs dipl\u00f4mes : \u00e0 Bac + 2 - DUT, \u00e0 Bac + 3 - Licence Professionnelle et aux formations transfrontali\u00e8res.\" \/>\n<meta property=\"og:url\" content=\"https:\/\/www.iutcolmar.uha.fr\/index.php\/formations\/diplomes\/\" \/>\n<meta property=\"og:site_name\" content=\"IUT de Colmar\" \/>\n<meta property=\"article:modified_time\" content=\"2025-12-16T15:40:16+00:00\" \/>\n<meta property=\"og:image\" content=\"https:\/\/www.iutcolmar.uha.fr\/wp-content\/uploads\/2018\/09\/graduation-1477769_1920.jpg\" \/>\n\t<meta property=\"og:image:width\" content=\"1920\" \/>\n\t<meta property=\"og:image:height\" content=\"1278\" \/>\n\t<meta property=\"og:image:type\" content=\"image\/jpeg\" \/>\n<meta name=\"twitter:card\" content=\"summary_large_image\" \/>\n<meta name=\"twitter:label1\" content=\"Dur\u00e9e de lecture estim\u00e9e\" \/>\n\t<meta name=\"twitter:data1\" content=\"2 minutes\" \/>\n<script type=\"application\/ld+json\" class=\"yoast-schema-graph\">{\"@context\":\"https:\/\/schema.org\",\"@graph\":[{\"@type\":\"WebPage\",\"@id\":\"https:\/\/www.iutcolmar.uha.fr\/index.php\/formations\/diplomes\/\",\"url\":\"https:\/\/www.iutcolmar.uha.fr\/index.php\/formations\/diplomes\/\",\"name\":\"Dipl\u00f4mes - IUT de Colmar\",\"isPartOf\":{\"@id\":\"https:\/\/www.iutcolmar.uha.fr\/#website\"},\"primaryImageOfPage\":{\"@id\":\"https:\/\/www.iutcolmar.uha.fr\/index.php\/formations\/diplomes\/#primaryimage\"},\"image\":{\"@id\":\"https:\/\/www.iutcolmar.uha.fr\/index.php\/formations\/diplomes\/#primaryimage\"},\"thumbnailUrl\":\"https:\/\/www.iutcolmar.uha.fr\/wp-content\/uploads\/2018\/09\/graduation-1477769_1920-1024x682.jpg\",\"datePublished\":\"2018-04-05T06:31:01+00:00\",\"dateModified\":\"2025-12-16T15:40:16+00:00\",\"description\":\"L'IUT de Colmar pr\u00e9pare \u00e0 plusieurs dipl\u00f4mes : \u00e0 Bac + 2 - DUT, \u00e0 Bac + 3 - Licence Professionnelle et aux formations transfrontali\u00e8res.\",\"breadcrumb\":{\"@id\":\"https:\/\/www.iutcolmar.uha.fr\/index.php\/formations\/diplomes\/#breadcrumb\"},\"inLanguage\":\"fr-FR\",\"potentialAction\":[{\"@type\":\"ReadAction\",\"target\":[\"https:\/\/www.iutcolmar.uha.fr\/index.php\/formations\/diplomes\/\"]}]},{\"@type\":\"ImageObject\",\"inLanguage\":\"fr-FR\",\"@id\":\"https:\/\/www.iutcolmar.uha.fr\/index.php\/formations\/diplomes\/#primaryimage\",\"url\":\"https:\/\/www.iutcolmar.uha.fr\/wp-content\/uploads\/2018\/09\/graduation-1477769_1920-1024x682.jpg\",\"contentUrl\":\"https:\/\/www.iutcolmar.uha.fr\/wp-content\/uploads\/2018\/09\/graduation-1477769_1920-1024x682.jpg\"},{\"@type\":\"BreadcrumbList\",\"@id\":\"https:\/\/www.iutcolmar.uha.fr\/index.php\/formations\/diplomes\/#breadcrumb\",\"itemListElement\":[{\"@type\":\"ListItem\",\"position\":1,\"name\":\"Accueil\",\"item\":\"https:\/\/www.iutcolmar.uha.fr\/\"},{\"@type\":\"ListItem\",\"position\":2,\"name\":\"Formations\",\"item\":\"https:\/\/www.iutcolmar.uha.fr\/index.php\/formations\/\"},{\"@type\":\"ListItem\",\"position\":3,\"name\":\"Dipl\u00f4mes\"}]},{\"@type\":\"WebSite\",\"@id\":\"https:\/\/www.iutcolmar.uha.fr\/#website\",\"url\":\"https:\/\/www.iutcolmar.uha.fr\/\",\"name\":\"IUT de Colmar\",\"description\":\"Universit\u00e9 de Haute-Alsace\",\"potentialAction\":[{\"@type\":\"SearchAction\",\"target\":{\"@type\":\"EntryPoint\",\"urlTemplate\":\"https:\/\/www.iutcolmar.uha.fr\/?s={search_term_string}\"},\"query-input\":{\"@type\":\"PropertyValueSpecification\",\"valueRequired\":true,\"valueName\":\"search_term_string\"}}],\"inLanguage\":\"fr-FR\"}]}<\/script>\n<!-- \/ Yoast SEO plugin. -->","yoast_head_json":{"title":"Dipl\u00f4mes - IUT de Colmar","description":"L'IUT de Colmar pr\u00e9pare \u00e0 plusieurs dipl\u00f4mes : \u00e0 Bac + 2 - DUT, \u00e0 Bac + 3 - Licence Professionnelle et aux formations transfrontali\u00e8res.","robots":{"index":"index","follow":"follow","max-snippet":"max-snippet:-1","max-image-preview":"max-image-preview:large","max-video-preview":"max-video-preview:-1"},"canonical":"https:\/\/www.iutcolmar.uha.fr\/index.php\/formations\/diplomes\/","og_locale":"fr_FR","og_type":"article","og_title":"Dipl\u00f4mes - IUT de Colmar","og_description":"L'IUT de Colmar pr\u00e9pare \u00e0 plusieurs dipl\u00f4mes : \u00e0 Bac + 2 - DUT, \u00e0 Bac + 3 - Licence Professionnelle et aux formations transfrontali\u00e8res.","og_url":"https:\/\/www.iutcolmar.uha.fr\/index.php\/formations\/diplomes\/","og_site_name":"IUT de Colmar","article_modified_time":"2025-12-16T15:40:16+00:00","og_image":[{"width":1920,"height":1278,"url":"https:\/\/www.iutcolmar.uha.fr\/wp-content\/uploads\/2018\/09\/graduation-1477769_1920.jpg","type":"image\/jpeg"}],"twitter_card":"summary_large_image","twitter_misc":{"Dur\u00e9e de lecture estim\u00e9e":"2 minutes"},"schema":{"@context":"https:\/\/schema.org","@graph":[{"@type":"WebPage","@id":"https:\/\/www.iutcolmar.uha.fr\/index.php\/formations\/diplomes\/","url":"https:\/\/www.iutcolmar.uha.fr\/index.php\/formations\/diplomes\/","name":"Dipl\u00f4mes - IUT de Colmar","isPartOf":{"@id":"https:\/\/www.iutcolmar.uha.fr\/#website"},"primaryImageOfPage":{"@id":"https:\/\/www.iutcolmar.uha.fr\/index.php\/formations\/diplomes\/#primaryimage"},"image":{"@id":"https:\/\/www.iutcolmar.uha.fr\/index.php\/formations\/diplomes\/#primaryimage"},"thumbnailUrl":"https:\/\/www.iutcolmar.uha.fr\/wp-content\/uploads\/2018\/09\/graduation-1477769_1920-1024x682.jpg","datePublished":"2018-04-05T06:31:01+00:00","dateModified":"2025-12-16T15:40:16+00:00","description":"L'IUT de Colmar pr\u00e9pare \u00e0 plusieurs dipl\u00f4mes : \u00e0 Bac + 2 - DUT, \u00e0 Bac + 3 - Licence Professionnelle et aux formations transfrontali\u00e8res.","breadcrumb":{"@id":"https:\/\/www.iutcolmar.uha.fr\/index.php\/formations\/diplomes\/#breadcrumb"},"inLanguage":"fr-FR","potentialAction":[{"@type":"ReadAction","target":["https:\/\/www.iutcolmar.uha.fr\/index.php\/formations\/diplomes\/"]}]},{"@type":"ImageObject","inLanguage":"fr-FR","@id":"https:\/\/www.iutcolmar.uha.fr\/index.php\/formations\/diplomes\/#primaryimage","url":"https:\/\/www.iutcolmar.uha.fr\/wp-content\/uploads\/2018\/09\/graduation-1477769_1920-1024x682.jpg","contentUrl":"https:\/\/www.iutcolmar.uha.fr\/wp-content\/uploads\/2018\/09\/graduation-1477769_1920-1024x682.jpg"},{"@type":"BreadcrumbList","@id":"https:\/\/www.iutcolmar.uha.fr\/index.php\/formations\/diplomes\/#breadcrumb","itemListElement":[{"@type":"ListItem","position":1,"name":"Accueil","item":"https:\/\/www.iutcolmar.uha.fr\/"},{"@type":"ListItem","position":2,"name":"Formations","item":"https:\/\/www.iutcolmar.uha.fr\/index.php\/formations\/"},{"@type":"ListItem","position":3,"name":"Dipl\u00f4mes"}]},{"@type":"WebSite","@id":"https:\/\/www.iutcolmar.uha.fr\/#website","url":"https:\/\/www.iutcolmar.uha.fr\/","name":"IUT de Colmar","description":"Universit\u00e9 de Haute-Alsace","potentialAction":[{"@type":"SearchAction","target":{"@type":"EntryPoint","urlTemplate":"https:\/\/www.iutcolmar.uha.fr\/?s={search_term_string}"},"query-input":{"@type":"PropertyValueSpecification","valueRequired":true,"valueName":"search_term_string"}}],"inLanguage":"fr-FR"}]}},"_links":{"self":[{"href":"https:\/\/www.iutcolmar.uha.fr\/index.php\/wp-json\/wp\/v2\/pages\/66","targetHints":{"allow":["GET"]}}],"collection":[{"href":"https:\/\/www.iutcolmar.uha.fr\/index.php\/wp-json\/wp\/v2\/pages"}],"about":[{"href":"https:\/\/www.iutcolmar.uha.fr\/index.php\/wp-json\/wp\/v2\/types\/page"}],"author":[{"embeddable":true,"href":"https:\/\/www.iutcolmar.uha.fr\/index.php\/wp-json\/wp\/v2\/users\/1"}],"replies":[{"embeddable":true,"href":"https:\/\/www.iutcolmar.uha.fr\/index.php\/wp-json\/wp\/v2\/comments?post=66"}],"version-history":[{"count":24,"href":"https:\/\/www.iutcolmar.uha.fr\/index.php\/wp-json\/wp\/v2\/pages\/66\/revisions"}],"predecessor-version":[{"id":7962,"href":"https:\/\/www.iutcolmar.uha.fr\/index.php\/wp-json\/wp\/v2\/pages\/66\/revisions\/7962"}],"up":[{"embeddable":true,"href":"https:\/\/www.iutcolmar.uha.fr\/index.php\/wp-json\/wp\/v2\/pages\/7"}],"wp:attachment":[{"href":"https:\/\/www.iutcolmar.uha.fr\/index.php\/wp-json\/wp\/v2\/media?parent=66"}],"curies":[{"name":"wp","href":"https:\/\/api.w.org\/{rel}","templated":true}]}}