{"id":661,"date":"2018-04-25T11:05:05","date_gmt":"2018-04-25T09:05:05","guid":{"rendered":"https:\/\/www.iutcolmar.uha.fr\/?page_id=661"},"modified":"2025-02-27T16:46:51","modified_gmt":"2025-02-27T15:46:51","slug":"international","status":"publish","type":"page","link":"https:\/\/www.iutcolmar.uha.fr\/index.php\/international\/","title":{"rendered":"International"},"content":{"rendered":"<h1><span style=\"color: #333333;\">International<\/span><\/h1>\n<p><img loading=\"lazy\" decoding=\"async\" class=\" wp-image-3354 alignleft\" src=\"https:\/\/www.iutcolmar.uha.fr\/wp-content\/uploads\/2018\/11\/INTERNATIONAL-300x83.jpg\" alt=\"INTERNATIONAL\" width=\"1178\" height=\"326\" srcset=\"https:\/\/www.iutcolmar.uha.fr\/wp-content\/uploads\/2018\/11\/INTERNATIONAL-300x83.jpg 300w, https:\/\/www.iutcolmar.uha.fr\/wp-content\/uploads\/2018\/11\/INTERNATIONAL-768x212.jpg 768w, https:\/\/www.iutcolmar.uha.fr\/wp-content\/uploads\/2018\/11\/INTERNATIONAL-1024x283.jpg 1024w\" sizes=\"auto, (max-width: 1178px) 100vw, 1178px\" \/><\/p>\n<p>L&rsquo;IUT s&rsquo;ouvre \u00e0 l&rsquo;international au travers de nombreux \u00e9changes internationaux, aussi bien avec des entreprises que des universit\u00e9s.<\/p>\n<p>L&rsquo;action de l&rsquo;\u00e9tablissement s&rsquo;exerce principalement dans les domaines suivants :<\/p>\n<ul>\n<li>poursuites d&rsquo;\u00e9tudes \u00e0 l&rsquo;\u00e9tranger,<\/li>\n<li>stages \u00e0 l&rsquo;\u00e9tranger,<\/li>\n<li>examens de langues facultatifs,<\/li>\n<li>formations bi nationale et tri nationale,<\/li>\n<li>accueil d&rsquo;\u00e9tudiants \u00e9trangers,<\/li>\n<li>formations d\u00e9localis\u00e9es \u00e0 l&rsquo;\u00e9tranger.<\/li>\n<\/ul>\n<div class=\"su-box su-box-style-default\" id=\"\" style=\"border-color:#000000;border-radius:3px;\"><div class=\"su-box-title\" style=\"background-color:#333333;color:#FFFFFF;border-top-left-radius:1px;border-top-right-radius:1px\">L'international \u00e0 l'IUT<\/div><div class=\"su-box-content su-u-clearfix su-u-trim\" style=\"border-bottom-left-radius:1px;border-bottom-right-radius:1px\">\n<ul>\n<li><a href=\"https:\/\/www.iutcolmar.uha.fr\/index.php\/international\/venir-a-liut\/\">Venir \u00e0 l&rsquo;IUT<\/a><\/li>\n<li><a href=\"https:\/\/www.iutcolmar.uha.fr\/index.php\/international\/partir-a-letranger\/\">Partir \u00e0 l&rsquo;\u00e9tranger<\/a><\/li>\n<li><a href=\"https:\/\/www.iutcolmar.uha.fr\/index.php\/international\/formations-transfrontalieres-et-a-linternational\/\">Formations transfrontali\u00e8res et \u00e0 l&rsquo;international<\/a><\/li>\n<li><a href=\"https:\/\/www.iutcolmar.uha.fr\/index.php\/certifications-en-langues\/\">Certifications en langues<\/a><\/li>\n<\/ul>\n<\/div><\/div>\n<div class=\"su-service\"><div class=\"su-service-title\" style=\"padding-left:38px;min-height:24px;line-height:24px\"><i class=\"sui sui-envelope-open\" style=\"font-size:24px;color:#009ee3\"><\/i> Contact<\/div><div class=\"su-service-content su-u-clearfix su-u-trim\" style=\"padding-left:38px\">\n<p><a href=\"mailto:ri.iutcolmar@uha.fr\">ri.iutcolmar@uha.fr<\/a><\/p>\n<p>B\u00e2timent C<br \/>\n34 rue du Grillenbreit<br \/>\nBP 50568 &#8211; 68008 Colmar cedex<\/div><\/div>\n<div class=\"su-service\"><div class=\"su-service-title\" style=\"padding-left:38px;min-height:24px;line-height:24px\"><i class=\"sui sui-phone\" style=\"font-size:24px;color:#009ee3\"><\/i> Pour nous joindre<\/div><div class=\"su-service-content su-u-clearfix su-u-trim\" style=\"padding-left:38px\">\u00a0<a href=\"tel:+33389202386\">+33 (0)3 89 20 23 86<\/a> <\/div><\/div>\n","protected":false},"excerpt":{"rendered":"<p>International L&rsquo;IUT s&rsquo;ouvre \u00e0 l&rsquo;international au travers de nombreux \u00e9changes internationaux, aussi bien avec des entreprises que des universit\u00e9s. L&rsquo;action de l&rsquo;\u00e9tablissement s&rsquo;exerce principalement dans les domaines suivants : poursuites d&rsquo;\u00e9tudes \u00e0 l&rsquo;\u00e9tranger, stages \u00e0 l&rsquo;\u00e9tranger, examens de langues facultatifs, formations bi nationale et tri nationale, accueil d&rsquo;\u00e9tudiants \u00e9trangers, formations d\u00e9localis\u00e9es \u00e0 l&rsquo;\u00e9tranger.<\/p>\n","protected":false},"author":1,"featured_media":0,"parent":0,"menu_order":0,"comment_status":"closed","ping_status":"closed","template":"","meta":{"footnotes":""},"class_list":["post-661","page","type-page","status-publish","hentry"],"yoast_head":"<!-- This site is optimized with the Yoast SEO plugin v27.1.1 - https:\/\/yoast.com\/product\/yoast-seo-wordpress\/ -->\n<title>International - IUT de Colmar<\/title>\n<meta name=\"description\" content=\"L&#039;IUT s&#039;ouvre \u00e0 l&#039;international avec ses \u00e9changes internationaux : poursuites d&#039;\u00e9tudes, stages, examens de langues, formations, accueil d&#039;\u00e9tudiants.\" \/>\n<meta name=\"robots\" content=\"index, follow, max-snippet:-1, max-image-preview:large, max-video-preview:-1\" \/>\n<link rel=\"canonical\" href=\"https:\/\/www.iutcolmar.uha.fr\/index.php\/international\/\" \/>\n<meta property=\"og:locale\" content=\"fr_FR\" \/>\n<meta property=\"og:type\" content=\"article\" \/>\n<meta property=\"og:title\" content=\"International - IUT de Colmar\" \/>\n<meta property=\"og:description\" content=\"L&#039;IUT s&#039;ouvre \u00e0 l&#039;international avec ses \u00e9changes internationaux : poursuites d&#039;\u00e9tudes, stages, examens de langues, formations, accueil d&#039;\u00e9tudiants.\" \/>\n<meta property=\"og:url\" content=\"https:\/\/www.iutcolmar.uha.fr\/index.php\/international\/\" \/>\n<meta property=\"og:site_name\" content=\"IUT de Colmar\" \/>\n<meta property=\"article:modified_time\" content=\"2025-02-27T15:46:51+00:00\" \/>\n<meta property=\"og:image\" content=\"https:\/\/www.iutcolmar.uha.fr\/wp-content\/uploads\/2018\/11\/INTERNATIONAL.jpg\" \/>\n\t<meta property=\"og:image:width\" content=\"5386\" \/>\n\t<meta property=\"og:image:height\" content=\"1488\" \/>\n\t<meta property=\"og:image:type\" content=\"image\/jpeg\" \/>\n<meta name=\"twitter:card\" content=\"summary_large_image\" \/>\n<meta name=\"twitter:label1\" content=\"Dur\u00e9e de lecture estim\u00e9e\" \/>\n\t<meta name=\"twitter:data1\" content=\"1 minute\" \/>\n<script type=\"application\/ld+json\" class=\"yoast-schema-graph\">{\"@context\":\"https:\/\/schema.org\",\"@graph\":[{\"@type\":\"WebPage\",\"@id\":\"https:\/\/www.iutcolmar.uha.fr\/index.php\/international\/\",\"url\":\"https:\/\/www.iutcolmar.uha.fr\/index.php\/international\/\",\"name\":\"International - IUT de Colmar\",\"isPartOf\":{\"@id\":\"https:\/\/www.iutcolmar.uha.fr\/#website\"},\"primaryImageOfPage\":{\"@id\":\"https:\/\/www.iutcolmar.uha.fr\/index.php\/international\/#primaryimage\"},\"image\":{\"@id\":\"https:\/\/www.iutcolmar.uha.fr\/index.php\/international\/#primaryimage\"},\"thumbnailUrl\":\"https:\/\/www.iutcolmar.uha.fr\/wp-content\/uploads\/2018\/11\/INTERNATIONAL-300x83.jpg\",\"datePublished\":\"2018-04-25T09:05:05+00:00\",\"dateModified\":\"2025-02-27T15:46:51+00:00\",\"description\":\"L'IUT s'ouvre \u00e0 l'international avec ses \u00e9changes internationaux : poursuites d'\u00e9tudes, stages, examens de langues, formations, accueil d'\u00e9tudiants.\",\"breadcrumb\":{\"@id\":\"https:\/\/www.iutcolmar.uha.fr\/index.php\/international\/#breadcrumb\"},\"inLanguage\":\"fr-FR\",\"potentialAction\":[{\"@type\":\"ReadAction\",\"target\":[\"https:\/\/www.iutcolmar.uha.fr\/index.php\/international\/\"]}]},{\"@type\":\"ImageObject\",\"inLanguage\":\"fr-FR\",\"@id\":\"https:\/\/www.iutcolmar.uha.fr\/index.php\/international\/#primaryimage\",\"url\":\"https:\/\/www.iutcolmar.uha.fr\/wp-content\/uploads\/2018\/11\/INTERNATIONAL.jpg\",\"contentUrl\":\"https:\/\/www.iutcolmar.uha.fr\/wp-content\/uploads\/2018\/11\/INTERNATIONAL.jpg\",\"width\":5386,\"height\":1488,\"caption\":\"INTERNATIONAL\"},{\"@type\":\"BreadcrumbList\",\"@id\":\"https:\/\/www.iutcolmar.uha.fr\/index.php\/international\/#breadcrumb\",\"itemListElement\":[{\"@type\":\"ListItem\",\"position\":1,\"name\":\"Accueil\",\"item\":\"https:\/\/www.iutcolmar.uha.fr\/\"},{\"@type\":\"ListItem\",\"position\":2,\"name\":\"International\"}]},{\"@type\":\"WebSite\",\"@id\":\"https:\/\/www.iutcolmar.uha.fr\/#website\",\"url\":\"https:\/\/www.iutcolmar.uha.fr\/\",\"name\":\"IUT de Colmar\",\"description\":\"Universit\u00e9 de Haute-Alsace\",\"potentialAction\":[{\"@type\":\"SearchAction\",\"target\":{\"@type\":\"EntryPoint\",\"urlTemplate\":\"https:\/\/www.iutcolmar.uha.fr\/?s={search_term_string}\"},\"query-input\":{\"@type\":\"PropertyValueSpecification\",\"valueRequired\":true,\"valueName\":\"search_term_string\"}}],\"inLanguage\":\"fr-FR\"}]}<\/script>\n<!-- \/ Yoast SEO plugin. -->","yoast_head_json":{"title":"International - IUT de Colmar","description":"L'IUT s'ouvre \u00e0 l'international avec ses \u00e9changes internationaux : poursuites d'\u00e9tudes, stages, examens de langues, formations, accueil d'\u00e9tudiants.","robots":{"index":"index","follow":"follow","max-snippet":"max-snippet:-1","max-image-preview":"max-image-preview:large","max-video-preview":"max-video-preview:-1"},"canonical":"https:\/\/www.iutcolmar.uha.fr\/index.php\/international\/","og_locale":"fr_FR","og_type":"article","og_title":"International - IUT de Colmar","og_description":"L'IUT s'ouvre \u00e0 l'international avec ses \u00e9changes internationaux : poursuites d'\u00e9tudes, stages, examens de langues, formations, accueil d'\u00e9tudiants.","og_url":"https:\/\/www.iutcolmar.uha.fr\/index.php\/international\/","og_site_name":"IUT de Colmar","article_modified_time":"2025-02-27T15:46:51+00:00","og_image":[{"width":5386,"height":1488,"url":"https:\/\/www.iutcolmar.uha.fr\/wp-content\/uploads\/2018\/11\/INTERNATIONAL.jpg","type":"image\/jpeg"}],"twitter_card":"summary_large_image","twitter_misc":{"Dur\u00e9e de lecture estim\u00e9e":"1 minute"},"schema":{"@context":"https:\/\/schema.org","@graph":[{"@type":"WebPage","@id":"https:\/\/www.iutcolmar.uha.fr\/index.php\/international\/","url":"https:\/\/www.iutcolmar.uha.fr\/index.php\/international\/","name":"International - IUT de Colmar","isPartOf":{"@id":"https:\/\/www.iutcolmar.uha.fr\/#website"},"primaryImageOfPage":{"@id":"https:\/\/www.iutcolmar.uha.fr\/index.php\/international\/#primaryimage"},"image":{"@id":"https:\/\/www.iutcolmar.uha.fr\/index.php\/international\/#primaryimage"},"thumbnailUrl":"https:\/\/www.iutcolmar.uha.fr\/wp-content\/uploads\/2018\/11\/INTERNATIONAL-300x83.jpg","datePublished":"2018-04-25T09:05:05+00:00","dateModified":"2025-02-27T15:46:51+00:00","description":"L'IUT s'ouvre \u00e0 l'international avec ses \u00e9changes internationaux : poursuites d'\u00e9tudes, stages, examens de langues, formations, accueil d'\u00e9tudiants.","breadcrumb":{"@id":"https:\/\/www.iutcolmar.uha.fr\/index.php\/international\/#breadcrumb"},"inLanguage":"fr-FR","potentialAction":[{"@type":"ReadAction","target":["https:\/\/www.iutcolmar.uha.fr\/index.php\/international\/"]}]},{"@type":"ImageObject","inLanguage":"fr-FR","@id":"https:\/\/www.iutcolmar.uha.fr\/index.php\/international\/#primaryimage","url":"https:\/\/www.iutcolmar.uha.fr\/wp-content\/uploads\/2018\/11\/INTERNATIONAL.jpg","contentUrl":"https:\/\/www.iutcolmar.uha.fr\/wp-content\/uploads\/2018\/11\/INTERNATIONAL.jpg","width":5386,"height":1488,"caption":"INTERNATIONAL"},{"@type":"BreadcrumbList","@id":"https:\/\/www.iutcolmar.uha.fr\/index.php\/international\/#breadcrumb","itemListElement":[{"@type":"ListItem","position":1,"name":"Accueil","item":"https:\/\/www.iutcolmar.uha.fr\/"},{"@type":"ListItem","position":2,"name":"International"}]},{"@type":"WebSite","@id":"https:\/\/www.iutcolmar.uha.fr\/#website","url":"https:\/\/www.iutcolmar.uha.fr\/","name":"IUT de Colmar","description":"Universit\u00e9 de Haute-Alsace","potentialAction":[{"@type":"SearchAction","target":{"@type":"EntryPoint","urlTemplate":"https:\/\/www.iutcolmar.uha.fr\/?s={search_term_string}"},"query-input":{"@type":"PropertyValueSpecification","valueRequired":true,"valueName":"search_term_string"}}],"inLanguage":"fr-FR"}]}},"_links":{"self":[{"href":"https:\/\/www.iutcolmar.uha.fr\/index.php\/wp-json\/wp\/v2\/pages\/661","targetHints":{"allow":["GET"]}}],"collection":[{"href":"https:\/\/www.iutcolmar.uha.fr\/index.php\/wp-json\/wp\/v2\/pages"}],"about":[{"href":"https:\/\/www.iutcolmar.uha.fr\/index.php\/wp-json\/wp\/v2\/types\/page"}],"author":[{"embeddable":true,"href":"https:\/\/www.iutcolmar.uha.fr\/index.php\/wp-json\/wp\/v2\/users\/1"}],"replies":[{"embeddable":true,"href":"https:\/\/www.iutcolmar.uha.fr\/index.php\/wp-json\/wp\/v2\/comments?post=661"}],"version-history":[{"count":17,"href":"https:\/\/www.iutcolmar.uha.fr\/index.php\/wp-json\/wp\/v2\/pages\/661\/revisions"}],"predecessor-version":[{"id":7105,"href":"https:\/\/www.iutcolmar.uha.fr\/index.php\/wp-json\/wp\/v2\/pages\/661\/revisions\/7105"}],"wp:attachment":[{"href":"https:\/\/www.iutcolmar.uha.fr\/index.php\/wp-json\/wp\/v2\/media?parent=661"}],"curies":[{"name":"wp","href":"https:\/\/api.w.org\/{rel}","templated":true}]}}