{"id":68,"date":"2018-04-05T08:31:13","date_gmt":"2018-04-05T06:31:13","guid":{"rendered":"https:\/\/www.iutcolmar.uha.fr\/?page_id=68"},"modified":"2024-02-07T11:57:41","modified_gmt":"2024-02-07T10:57:41","slug":"domaines","status":"publish","type":"page","link":"https:\/\/www.iutcolmar.uha.fr\/index.php\/formations\/domaines\/","title":{"rendered":"Domaines"},"content":{"rendered":"<h1><span style=\"color: #333333;\">Domaines<\/span><\/h1>\n<p>L&rsquo;IUT de Colmar offre la possibilit\u00e9 de se former en B.U.T. et Licences Professionnelles dans diff\u00e9rents domaines.<\/p>\n<div class=\"su-row\"><div class=\"su-column su-column-size-1-2\"><div class=\"su-column-inner su-u-clearfix su-u-trim\">\n<div class=\"su-box su-box-style-default\" id=\"\" style=\"border-color:#000000;border-radius:3px;\"><div class=\"su-box-title\" style=\"background-color:#333333;color:#FFFFFF;border-top-left-radius:1px;border-top-right-radius:1px\">Les diff\u00e9rents domaines<\/div><div class=\"su-box-content su-u-clearfix su-u-trim\" style=\"border-bottom-left-radius:1px;border-bottom-right-radius:1px\">\n<ul>\n<li><a href=\"https:\/\/www.iutcolmar.uha.fr\/index.php\/formations\/domaines\/biologie-agronomie-biotechnologies\/\">Biologie, agronomie, biotechnologies<\/a><\/li>\n<li><a href=\"https:\/\/www.iutcolmar.uha.fr\/index.php\/formations\/diplomes\/bachelor-universitaire-de-technologie-b-u-t-bac-3\/b-u-t-techniques-de-commercialisation\/\" target=\"_blank\" rel=\"noopener\">Commerce, marketing, relation client, business international<\/a><\/li>\n<li><a href=\"https:\/\/www.iutcolmar.uha.fr\/index.php\/formations\/domaines\/droit\/\" target=\"_blank\" rel=\"noopener\">Droit<\/a><\/li>\n<li><a href=\"https:\/\/www.iutcolmar.uha.fr\/index.php\/formations\/domaines\/energies-thermique\/\">\u00c9nergie, thermique<\/a><\/li>\n<li><a href=\"https:\/\/www.iutcolmar.uha.fr\/index.php\/formations\/domaines\/informatique-reseaux-et-telecommunications\/\">Informatique, r\u00e9seaux et t\u00e9l\u00e9communications<\/a><\/li>\n<li><a href=\"https:\/\/www.iutcolmar.uha.fr\/index.php\/formations\/domaines\/securite-environnement-prevention\/\" target=\"_blank\" rel=\"noopener\">S\u00e9curit\u00e9, environnement, pr\u00e9vention<\/a><\/li>\n<\/ul>\n<\/div><\/div>\n<\/div><\/div> <div class=\"su-column su-column-size-1-2\"><div class=\"su-column-inner su-u-clearfix su-u-trim\">\n<p><img loading=\"lazy\" decoding=\"async\" class=\"aligncenter wp-image-3267\" src=\"https:\/\/www.iutcolmar.uha.fr\/wp-content\/uploads\/2018\/11\/industry-3087393-300x125.jpg\" alt=\"Domaines\" width=\"602\" height=\"251\" srcset=\"https:\/\/www.iutcolmar.uha.fr\/wp-content\/uploads\/2018\/11\/industry-3087393-300x125.jpg 300w, https:\/\/www.iutcolmar.uha.fr\/wp-content\/uploads\/2018\/11\/industry-3087393-768x320.jpg 768w, https:\/\/www.iutcolmar.uha.fr\/wp-content\/uploads\/2018\/11\/industry-3087393-1024x427.jpg 1024w\" sizes=\"auto, (max-width: 602px) 100vw, 602px\" \/><\/p>\n<\/div><\/div><\/div>\n<p>&nbsp;<\/p>\n","protected":false},"excerpt":{"rendered":"<p>Domaines L&rsquo;IUT de Colmar offre la possibilit\u00e9 de se former en B.U.T. et Licences Professionnelles dans diff\u00e9rents domaines. &nbsp;<\/p>\n","protected":false},"author":1,"featured_media":0,"parent":7,"menu_order":0,"comment_status":"closed","ping_status":"closed","template":"","meta":{"footnotes":""},"class_list":["post-68","page","type-page","status-publish","hentry"],"yoast_head":"<!-- This site is optimized with the Yoast SEO plugin v27.1.1 - https:\/\/yoast.com\/product\/yoast-seo-wordpress\/ -->\n<title>Domaines - IUT de Colmar<\/title>\n<meta name=\"description\" content=\"L&#039;IUT de Colmar offre la possibilit\u00e9 de se former \u00e0 six DUT dans diff\u00e9rents domaines : Biologie, commerce, droit, \u00e9nergie, informatique, pr\u00e9vention...\" \/>\n<meta name=\"robots\" content=\"index, follow, max-snippet:-1, max-image-preview:large, max-video-preview:-1\" \/>\n<link rel=\"canonical\" href=\"https:\/\/www.iutcolmar.uha.fr\/index.php\/formations\/domaines\/\" \/>\n<meta property=\"og:locale\" content=\"fr_FR\" \/>\n<meta property=\"og:type\" content=\"article\" \/>\n<meta property=\"og:title\" content=\"Domaines - IUT de Colmar\" \/>\n<meta property=\"og:description\" content=\"L&#039;IUT de Colmar offre la possibilit\u00e9 de se former \u00e0 six DUT dans diff\u00e9rents domaines : Biologie, commerce, droit, \u00e9nergie, informatique, pr\u00e9vention...\" \/>\n<meta property=\"og:url\" content=\"https:\/\/www.iutcolmar.uha.fr\/index.php\/formations\/domaines\/\" \/>\n<meta property=\"og:site_name\" content=\"IUT de Colmar\" \/>\n<meta property=\"article:modified_time\" content=\"2024-02-07T10:57:41+00:00\" \/>\n<meta property=\"og:image\" content=\"https:\/\/www.iutcolmar.uha.fr\/wp-content\/uploads\/2018\/11\/industry-3087393-300x125.jpg\" \/>\n<meta name=\"twitter:card\" content=\"summary_large_image\" \/>\n<meta name=\"twitter:label1\" content=\"Dur\u00e9e de lecture estim\u00e9e\" \/>\n\t<meta name=\"twitter:data1\" content=\"1 minute\" \/>\n<script type=\"application\/ld+json\" class=\"yoast-schema-graph\">{\"@context\":\"https:\/\/schema.org\",\"@graph\":[{\"@type\":\"WebPage\",\"@id\":\"https:\/\/www.iutcolmar.uha.fr\/index.php\/formations\/domaines\/\",\"url\":\"https:\/\/www.iutcolmar.uha.fr\/index.php\/formations\/domaines\/\",\"name\":\"Domaines - IUT de Colmar\",\"isPartOf\":{\"@id\":\"https:\/\/www.iutcolmar.uha.fr\/#website\"},\"primaryImageOfPage\":{\"@id\":\"https:\/\/www.iutcolmar.uha.fr\/index.php\/formations\/domaines\/#primaryimage\"},\"image\":{\"@id\":\"https:\/\/www.iutcolmar.uha.fr\/index.php\/formations\/domaines\/#primaryimage\"},\"thumbnailUrl\":\"https:\/\/www.iutcolmar.uha.fr\/wp-content\/uploads\/2018\/11\/industry-3087393-300x125.jpg\",\"datePublished\":\"2018-04-05T06:31:13+00:00\",\"dateModified\":\"2024-02-07T10:57:41+00:00\",\"description\":\"L'IUT de Colmar offre la possibilit\u00e9 de se former \u00e0 six DUT dans diff\u00e9rents domaines : Biologie, commerce, droit, \u00e9nergie, informatique, pr\u00e9vention...\",\"breadcrumb\":{\"@id\":\"https:\/\/www.iutcolmar.uha.fr\/index.php\/formations\/domaines\/#breadcrumb\"},\"inLanguage\":\"fr-FR\",\"potentialAction\":[{\"@type\":\"ReadAction\",\"target\":[\"https:\/\/www.iutcolmar.uha.fr\/index.php\/formations\/domaines\/\"]}]},{\"@type\":\"ImageObject\",\"inLanguage\":\"fr-FR\",\"@id\":\"https:\/\/www.iutcolmar.uha.fr\/index.php\/formations\/domaines\/#primaryimage\",\"url\":\"https:\/\/www.iutcolmar.uha.fr\/wp-content\/uploads\/2018\/11\/industry-3087393-300x125.jpg\",\"contentUrl\":\"https:\/\/www.iutcolmar.uha.fr\/wp-content\/uploads\/2018\/11\/industry-3087393-300x125.jpg\"},{\"@type\":\"BreadcrumbList\",\"@id\":\"https:\/\/www.iutcolmar.uha.fr\/index.php\/formations\/domaines\/#breadcrumb\",\"itemListElement\":[{\"@type\":\"ListItem\",\"position\":1,\"name\":\"Accueil\",\"item\":\"https:\/\/www.iutcolmar.uha.fr\/\"},{\"@type\":\"ListItem\",\"position\":2,\"name\":\"Formations\",\"item\":\"https:\/\/www.iutcolmar.uha.fr\/index.php\/formations\/\"},{\"@type\":\"ListItem\",\"position\":3,\"name\":\"Domaines\"}]},{\"@type\":\"WebSite\",\"@id\":\"https:\/\/www.iutcolmar.uha.fr\/#website\",\"url\":\"https:\/\/www.iutcolmar.uha.fr\/\",\"name\":\"IUT de Colmar\",\"description\":\"Universit\u00e9 de Haute-Alsace\",\"potentialAction\":[{\"@type\":\"SearchAction\",\"target\":{\"@type\":\"EntryPoint\",\"urlTemplate\":\"https:\/\/www.iutcolmar.uha.fr\/?s={search_term_string}\"},\"query-input\":{\"@type\":\"PropertyValueSpecification\",\"valueRequired\":true,\"valueName\":\"search_term_string\"}}],\"inLanguage\":\"fr-FR\"}]}<\/script>\n<!-- \/ Yoast SEO plugin. -->","yoast_head_json":{"title":"Domaines - IUT de Colmar","description":"L'IUT de Colmar offre la possibilit\u00e9 de se former \u00e0 six DUT dans diff\u00e9rents domaines : Biologie, commerce, droit, \u00e9nergie, informatique, pr\u00e9vention...","robots":{"index":"index","follow":"follow","max-snippet":"max-snippet:-1","max-image-preview":"max-image-preview:large","max-video-preview":"max-video-preview:-1"},"canonical":"https:\/\/www.iutcolmar.uha.fr\/index.php\/formations\/domaines\/","og_locale":"fr_FR","og_type":"article","og_title":"Domaines - IUT de Colmar","og_description":"L'IUT de Colmar offre la possibilit\u00e9 de se former \u00e0 six DUT dans diff\u00e9rents domaines : Biologie, commerce, droit, \u00e9nergie, informatique, pr\u00e9vention...","og_url":"https:\/\/www.iutcolmar.uha.fr\/index.php\/formations\/domaines\/","og_site_name":"IUT de Colmar","article_modified_time":"2024-02-07T10:57:41+00:00","og_image":[{"url":"https:\/\/www.iutcolmar.uha.fr\/wp-content\/uploads\/2018\/11\/industry-3087393-300x125.jpg","type":"","width":"","height":""}],"twitter_card":"summary_large_image","twitter_misc":{"Dur\u00e9e de lecture estim\u00e9e":"1 minute"},"schema":{"@context":"https:\/\/schema.org","@graph":[{"@type":"WebPage","@id":"https:\/\/www.iutcolmar.uha.fr\/index.php\/formations\/domaines\/","url":"https:\/\/www.iutcolmar.uha.fr\/index.php\/formations\/domaines\/","name":"Domaines - IUT de Colmar","isPartOf":{"@id":"https:\/\/www.iutcolmar.uha.fr\/#website"},"primaryImageOfPage":{"@id":"https:\/\/www.iutcolmar.uha.fr\/index.php\/formations\/domaines\/#primaryimage"},"image":{"@id":"https:\/\/www.iutcolmar.uha.fr\/index.php\/formations\/domaines\/#primaryimage"},"thumbnailUrl":"https:\/\/www.iutcolmar.uha.fr\/wp-content\/uploads\/2018\/11\/industry-3087393-300x125.jpg","datePublished":"2018-04-05T06:31:13+00:00","dateModified":"2024-02-07T10:57:41+00:00","description":"L'IUT de Colmar offre la possibilit\u00e9 de se former \u00e0 six DUT dans diff\u00e9rents domaines : Biologie, commerce, droit, \u00e9nergie, informatique, pr\u00e9vention...","breadcrumb":{"@id":"https:\/\/www.iutcolmar.uha.fr\/index.php\/formations\/domaines\/#breadcrumb"},"inLanguage":"fr-FR","potentialAction":[{"@type":"ReadAction","target":["https:\/\/www.iutcolmar.uha.fr\/index.php\/formations\/domaines\/"]}]},{"@type":"ImageObject","inLanguage":"fr-FR","@id":"https:\/\/www.iutcolmar.uha.fr\/index.php\/formations\/domaines\/#primaryimage","url":"https:\/\/www.iutcolmar.uha.fr\/wp-content\/uploads\/2018\/11\/industry-3087393-300x125.jpg","contentUrl":"https:\/\/www.iutcolmar.uha.fr\/wp-content\/uploads\/2018\/11\/industry-3087393-300x125.jpg"},{"@type":"BreadcrumbList","@id":"https:\/\/www.iutcolmar.uha.fr\/index.php\/formations\/domaines\/#breadcrumb","itemListElement":[{"@type":"ListItem","position":1,"name":"Accueil","item":"https:\/\/www.iutcolmar.uha.fr\/"},{"@type":"ListItem","position":2,"name":"Formations","item":"https:\/\/www.iutcolmar.uha.fr\/index.php\/formations\/"},{"@type":"ListItem","position":3,"name":"Domaines"}]},{"@type":"WebSite","@id":"https:\/\/www.iutcolmar.uha.fr\/#website","url":"https:\/\/www.iutcolmar.uha.fr\/","name":"IUT de Colmar","description":"Universit\u00e9 de Haute-Alsace","potentialAction":[{"@type":"SearchAction","target":{"@type":"EntryPoint","urlTemplate":"https:\/\/www.iutcolmar.uha.fr\/?s={search_term_string}"},"query-input":{"@type":"PropertyValueSpecification","valueRequired":true,"valueName":"search_term_string"}}],"inLanguage":"fr-FR"}]}},"_links":{"self":[{"href":"https:\/\/www.iutcolmar.uha.fr\/index.php\/wp-json\/wp\/v2\/pages\/68","targetHints":{"allow":["GET"]}}],"collection":[{"href":"https:\/\/www.iutcolmar.uha.fr\/index.php\/wp-json\/wp\/v2\/pages"}],"about":[{"href":"https:\/\/www.iutcolmar.uha.fr\/index.php\/wp-json\/wp\/v2\/types\/page"}],"author":[{"embeddable":true,"href":"https:\/\/www.iutcolmar.uha.fr\/index.php\/wp-json\/wp\/v2\/users\/1"}],"replies":[{"embeddable":true,"href":"https:\/\/www.iutcolmar.uha.fr\/index.php\/wp-json\/wp\/v2\/comments?post=68"}],"version-history":[{"count":22,"href":"https:\/\/www.iutcolmar.uha.fr\/index.php\/wp-json\/wp\/v2\/pages\/68\/revisions"}],"predecessor-version":[{"id":5821,"href":"https:\/\/www.iutcolmar.uha.fr\/index.php\/wp-json\/wp\/v2\/pages\/68\/revisions\/5821"}],"up":[{"embeddable":true,"href":"https:\/\/www.iutcolmar.uha.fr\/index.php\/wp-json\/wp\/v2\/pages\/7"}],"wp:attachment":[{"href":"https:\/\/www.iutcolmar.uha.fr\/index.php\/wp-json\/wp\/v2\/media?parent=68"}],"curies":[{"name":"wp","href":"https:\/\/api.w.org\/{rel}","templated":true}]}}