{"id":7,"date":"2018-04-04T13:46:29","date_gmt":"2018-04-04T11:46:29","guid":{"rendered":"https:\/\/www.iutcolmar.uha.fr\/?page_id=7"},"modified":"2023-12-20T11:56:13","modified_gmt":"2023-12-20T10:56:13","slug":"formations","status":"publish","type":"page","link":"https:\/\/www.iutcolmar.uha.fr\/index.php\/formations\/","title":{"rendered":"Formations"},"content":{"rendered":"<h1><span style=\"color: #000000;\">Formations<\/span><\/h1>\n<div class=\"su-row\"><div class=\"su-column su-column-size-1-2\"><div class=\"su-column-inner su-u-clearfix su-u-trim\">\nL&rsquo;IUT de Colmar, c&rsquo;est <strong>1 350 \u00e9tudiants<\/strong> accueillis au sein de :<\/p>\n<ul>\n<li>6 B.U.T. en formation \u00e0 temps plein ou en alternance<\/li>\n<li>2 Licences Professionnelles en alternance<\/li>\n<\/ul>\n<p>&nbsp;<\/p>\n<div class=\"su-box su-box-style-default\" id=\"\" style=\"border-color:#000000;border-radius:3px;max-width:none\"><div class=\"su-box-title\" style=\"background-color:#333333;color:#FFFFFF;border-top-left-radius:1px;border-top-right-radius:1px\">\u00c0 d\u00e9couvrir<\/div><div class=\"su-box-content su-u-clearfix su-u-trim\" style=\"border-bottom-left-radius:1px;border-bottom-right-radius:1px\">\n<ul>\n<li><a href=\"https:\/\/www.iutcolmar.uha.fr\/index.php\/formations\/diplomes\/\">Dipl\u00f4mes<\/a><\/li>\n<li><a href=\"https:\/\/www.iutcolmar.uha.fr\/index.php\/formations\/domaines\/\" rel=\"noopener\">Domaines<\/a><\/li>\n<li><a href=\"https:\/\/www.iutcolmar.uha.fr\/index.php\/formations\/alternance\/\" rel=\"noopener\">Alternance<\/a><\/li>\n<li><a href=\"https:\/\/www.iutcolmar.uha.fr\/index.php\/formations\/bac-2-3-parcours-technologique\/\" rel=\"noopener\">Parcours technologique<\/a><\/li>\n<li><a href=\"https:\/\/www.iutcolmar.uha.fr\/index.php\/formations\/formations-transfrontalieres\/\">Formations transfrontali\u00e8res<\/a><\/li>\n<li><a href=\"https:\/\/www.iutcolmar.uha.fr\/index.php\/formations\/formations-delocalisees-a-letranger\/\" rel=\"noopener\">Formations d\u00e9localis\u00e9es \u00e0 l&rsquo;\u00e9tranger<\/a><\/li>\n<\/ul>\n<\/div><\/div>\n<\/div><\/div><div class=\"su-column su-column-size-1-2\"><div class=\"su-column-inner su-u-clearfix su-u-trim\">\n<p><span style=\"color: #00ccff;\"><strong>Visite virtuelle : l&rsquo;IUT et ses \u00e9quipements, les services aux \u00e9tudiants<\/strong><\/span><\/p>\n<p><iframe loading=\"lazy\" src=\"https:\/\/my.web-visite.com\/F1wZsyd4fe\" width=\"100%\" height=\"450\" allowfullscreen=\"allowfullscreen\"><\/iframe><\/p>\n<\/div><\/div>\n<\/div>\n","protected":false},"excerpt":{"rendered":"<p>Formations<\/p>\n","protected":false},"author":1,"featured_media":0,"parent":0,"menu_order":0,"comment_status":"closed","ping_status":"closed","template":"","meta":{"footnotes":""},"class_list":["post-7","page","type-page","status-publish","hentry"],"yoast_head":"<!-- This site is optimized with the Yoast SEO plugin v27.4 - https:\/\/yoast.com\/product\/yoast-seo-wordpress\/ -->\n<title>Formations - IUT de Colmar<\/title>\n<meta name=\"description\" content=\"L&#039;IUT de Colmar propose au total 22 formations : 6 DUT \u00e0 temps plein, 5 DUT en alternance et 11 Licences Professionnelles en alternance.\" \/>\n<meta name=\"robots\" content=\"index, follow, max-snippet:-1, max-image-preview:large, max-video-preview:-1\" \/>\n<link rel=\"canonical\" href=\"https:\/\/www.iutcolmar.uha.fr\/index.php\/formations\/\" \/>\n<meta property=\"og:locale\" content=\"fr_FR\" \/>\n<meta property=\"og:type\" content=\"article\" \/>\n<meta property=\"og:title\" content=\"Formations - IUT de Colmar\" \/>\n<meta property=\"og:description\" content=\"L&#039;IUT de Colmar propose au total 22 formations : 6 DUT \u00e0 temps plein, 5 DUT en alternance et 11 Licences Professionnelles en alternance.\" \/>\n<meta property=\"og:url\" content=\"https:\/\/www.iutcolmar.uha.fr\/index.php\/formations\/\" \/>\n<meta property=\"og:site_name\" content=\"IUT de Colmar\" \/>\n<meta property=\"article:modified_time\" content=\"2023-12-20T10:56:13+00:00\" \/>\n<meta name=\"twitter:card\" content=\"summary_large_image\" \/>\n<meta name=\"twitter:label1\" content=\"Dur\u00e9e de lecture estim\u00e9e\" \/>\n\t<meta name=\"twitter:data1\" content=\"1 minute\" \/>\n<script type=\"application\/ld+json\" class=\"yoast-schema-graph\">{\"@context\":\"https:\\\/\\\/schema.org\",\"@graph\":[{\"@type\":\"WebPage\",\"@id\":\"https:\\\/\\\/www.iutcolmar.uha.fr\\\/index.php\\\/formations\\\/\",\"url\":\"https:\\\/\\\/www.iutcolmar.uha.fr\\\/index.php\\\/formations\\\/\",\"name\":\"Formations - IUT de Colmar\",\"isPartOf\":{\"@id\":\"https:\\\/\\\/www.iutcolmar.uha.fr\\\/#website\"},\"datePublished\":\"2018-04-04T11:46:29+00:00\",\"dateModified\":\"2023-12-20T10:56:13+00:00\",\"description\":\"L'IUT de Colmar propose au total 22 formations : 6 DUT \u00e0 temps plein, 5 DUT en alternance et 11 Licences Professionnelles en alternance.\",\"breadcrumb\":{\"@id\":\"https:\\\/\\\/www.iutcolmar.uha.fr\\\/index.php\\\/formations\\\/#breadcrumb\"},\"inLanguage\":\"fr-FR\",\"potentialAction\":[{\"@type\":\"ReadAction\",\"target\":[\"https:\\\/\\\/www.iutcolmar.uha.fr\\\/index.php\\\/formations\\\/\"]}]},{\"@type\":\"BreadcrumbList\",\"@id\":\"https:\\\/\\\/www.iutcolmar.uha.fr\\\/index.php\\\/formations\\\/#breadcrumb\",\"itemListElement\":[{\"@type\":\"ListItem\",\"position\":1,\"name\":\"Accueil\",\"item\":\"https:\\\/\\\/www.iutcolmar.uha.fr\\\/\"},{\"@type\":\"ListItem\",\"position\":2,\"name\":\"Formations\"}]},{\"@type\":\"WebSite\",\"@id\":\"https:\\\/\\\/www.iutcolmar.uha.fr\\\/#website\",\"url\":\"https:\\\/\\\/www.iutcolmar.uha.fr\\\/\",\"name\":\"IUT de Colmar\",\"description\":\"Universit\u00e9 de Haute-Alsace\",\"potentialAction\":[{\"@type\":\"SearchAction\",\"target\":{\"@type\":\"EntryPoint\",\"urlTemplate\":\"https:\\\/\\\/www.iutcolmar.uha.fr\\\/?s={search_term_string}\"},\"query-input\":{\"@type\":\"PropertyValueSpecification\",\"valueRequired\":true,\"valueName\":\"search_term_string\"}}],\"inLanguage\":\"fr-FR\"}]}<\/script>\n<!-- \/ Yoast SEO plugin. -->","yoast_head_json":{"title":"Formations - IUT de Colmar","description":"L'IUT de Colmar propose au total 22 formations : 6 DUT \u00e0 temps plein, 5 DUT en alternance et 11 Licences Professionnelles en alternance.","robots":{"index":"index","follow":"follow","max-snippet":"max-snippet:-1","max-image-preview":"max-image-preview:large","max-video-preview":"max-video-preview:-1"},"canonical":"https:\/\/www.iutcolmar.uha.fr\/index.php\/formations\/","og_locale":"fr_FR","og_type":"article","og_title":"Formations - IUT de Colmar","og_description":"L'IUT de Colmar propose au total 22 formations : 6 DUT \u00e0 temps plein, 5 DUT en alternance et 11 Licences Professionnelles en alternance.","og_url":"https:\/\/www.iutcolmar.uha.fr\/index.php\/formations\/","og_site_name":"IUT de Colmar","article_modified_time":"2023-12-20T10:56:13+00:00","twitter_card":"summary_large_image","twitter_misc":{"Dur\u00e9e de lecture estim\u00e9e":"1 minute"},"schema":{"@context":"https:\/\/schema.org","@graph":[{"@type":"WebPage","@id":"https:\/\/www.iutcolmar.uha.fr\/index.php\/formations\/","url":"https:\/\/www.iutcolmar.uha.fr\/index.php\/formations\/","name":"Formations - IUT de Colmar","isPartOf":{"@id":"https:\/\/www.iutcolmar.uha.fr\/#website"},"datePublished":"2018-04-04T11:46:29+00:00","dateModified":"2023-12-20T10:56:13+00:00","description":"L'IUT de Colmar propose au total 22 formations : 6 DUT \u00e0 temps plein, 5 DUT en alternance et 11 Licences Professionnelles en alternance.","breadcrumb":{"@id":"https:\/\/www.iutcolmar.uha.fr\/index.php\/formations\/#breadcrumb"},"inLanguage":"fr-FR","potentialAction":[{"@type":"ReadAction","target":["https:\/\/www.iutcolmar.uha.fr\/index.php\/formations\/"]}]},{"@type":"BreadcrumbList","@id":"https:\/\/www.iutcolmar.uha.fr\/index.php\/formations\/#breadcrumb","itemListElement":[{"@type":"ListItem","position":1,"name":"Accueil","item":"https:\/\/www.iutcolmar.uha.fr\/"},{"@type":"ListItem","position":2,"name":"Formations"}]},{"@type":"WebSite","@id":"https:\/\/www.iutcolmar.uha.fr\/#website","url":"https:\/\/www.iutcolmar.uha.fr\/","name":"IUT de Colmar","description":"Universit\u00e9 de Haute-Alsace","potentialAction":[{"@type":"SearchAction","target":{"@type":"EntryPoint","urlTemplate":"https:\/\/www.iutcolmar.uha.fr\/?s={search_term_string}"},"query-input":{"@type":"PropertyValueSpecification","valueRequired":true,"valueName":"search_term_string"}}],"inLanguage":"fr-FR"}]}},"_links":{"self":[{"href":"https:\/\/www.iutcolmar.uha.fr\/index.php\/wp-json\/wp\/v2\/pages\/7","targetHints":{"allow":["GET"]}}],"collection":[{"href":"https:\/\/www.iutcolmar.uha.fr\/index.php\/wp-json\/wp\/v2\/pages"}],"about":[{"href":"https:\/\/www.iutcolmar.uha.fr\/index.php\/wp-json\/wp\/v2\/types\/page"}],"author":[{"embeddable":true,"href":"https:\/\/www.iutcolmar.uha.fr\/index.php\/wp-json\/wp\/v2\/users\/1"}],"replies":[{"embeddable":true,"href":"https:\/\/www.iutcolmar.uha.fr\/index.php\/wp-json\/wp\/v2\/comments?post=7"}],"version-history":[{"count":24,"href":"https:\/\/www.iutcolmar.uha.fr\/index.php\/wp-json\/wp\/v2\/pages\/7\/revisions"}],"predecessor-version":[{"id":6404,"href":"https:\/\/www.iutcolmar.uha.fr\/index.php\/wp-json\/wp\/v2\/pages\/7\/revisions\/6404"}],"wp:attachment":[{"href":"https:\/\/www.iutcolmar.uha.fr\/index.php\/wp-json\/wp\/v2\/media?parent=7"}],"curies":[{"name":"wp","href":"https:\/\/api.w.org\/{rel}","templated":true}]}}