{"id":70,"date":"2018-04-05T08:31:22","date_gmt":"2018-04-05T06:31:22","guid":{"rendered":"https:\/\/www.iutcolmar.uha.fr\/?page_id=70"},"modified":"2021-03-11T08:50:38","modified_gmt":"2021-03-11T07:50:38","slug":"alternance","status":"publish","type":"page","link":"https:\/\/www.iutcolmar.uha.fr\/index.php\/formations\/alternance\/","title":{"rendered":"Alternance"},"content":{"rendered":"<h1><span style=\"color: #333333;\">Alternance<\/span><\/h1>\n<p><img loading=\"lazy\" decoding=\"async\" class=\" wp-image-3268 alignleft\" src=\"https:\/\/www.iutcolmar.uha.fr\/wp-content\/uploads\/2018\/11\/laptop-3196481web-300x83.jpg\" alt=\"Apprentissage\" width=\"1395\" height=\"386\" srcset=\"https:\/\/www.iutcolmar.uha.fr\/wp-content\/uploads\/2018\/11\/laptop-3196481web-300x83.jpg 300w, https:\/\/www.iutcolmar.uha.fr\/wp-content\/uploads\/2018\/11\/laptop-3196481web-768x212.jpg 768w, https:\/\/www.iutcolmar.uha.fr\/wp-content\/uploads\/2018\/11\/laptop-3196481web-1024x283.jpg 1024w\" sizes=\"auto, (max-width: 1395px) 100vw, 1395px\" \/><\/p>\n<p>&nbsp;<\/p>\n<p>L&rsquo;IUT de Colmar propose tous les B.U.T. et toutes les licences professionnelles en alternance.<\/p>\n<p>Une formation en alternance allie les enseignements th\u00e9oriques en cours et l&rsquo;exp\u00e9rience professionnelle au sein d&rsquo;une entreprise.<br \/>\nL&rsquo;apprenti est \u00e0 la fois \u00e9tudiant et salari\u00e9. Il b\u00e9n\u00e9ficie d&rsquo;une formation th\u00e9orique et pratique. La formation lui conf\u00e8re non seulement un dipl\u00f4me mais \u00e9galement une insertion professionnelle facilit\u00e9e.<\/p>\n<div class=\"su-box su-box-style-default\" id=\"\" style=\"border-color:#000000;border-radius:3px;\"><div class=\"su-box-title\" style=\"background-color:#333333;color:#FFFFFF;border-top-left-radius:1px;border-top-right-radius:1px\">Pour en savoir plus<\/div><div class=\"su-box-content su-u-clearfix su-u-trim\" style=\"border-bottom-left-radius:1px;border-bottom-right-radius:1px\">\n<div class=\"su-row\"><div class=\"su-column su-column-size-1-2\"><div class=\"su-column-inner su-u-clearfix su-u-trim\">\n<div class=\"su-service\"><div class=\"su-service-title\" style=\"padding-left:38px;min-height:24px;line-height:24px\"><i class=\"sui sui-industry\" style=\"font-size:24px;color:#009ee3\"><\/i> Devenir alternant<\/div><div class=\"su-service-content su-u-clearfix su-u-trim\" style=\"padding-left:38px\"><a href=\"https:\/\/www.iutcolmar.uha.fr\/index.php\/devenir-apprenti\/\">Devenir alternant<\/a><\/div><\/div>\n<\/div><\/div> <div class=\"su-column su-column-size-1-2\"><div class=\"su-column-inner su-u-clearfix su-u-trim\">\n<div class=\"su-service\"><div class=\"su-service-title\" style=\"padding-left:38px;min-height:24px;line-height:24px\"><i class=\"sui sui-graduation-cap\" style=\"font-size:24px;color:#009ee3\"><\/i> Dipl\u00f4mes en alternance<\/div><div class=\"su-service-content su-u-clearfix su-u-trim\" style=\"padding-left:38px\"><a href=\"https:\/\/www.iutcolmar.uha.fr\/index.php\/diplomes-en-alternance\/\">Dipl\u00f4mes en alternance<\/a><\/div><\/div>\n<\/div><\/div><\/div>\n<\/div><\/div>\n<p>La formation en apprentissage dans l&rsquo;enseignement sup\u00e9rieur, c&rsquo;est <a href=\"https:\/\/www.fun-mooc.fr\/courses\/course-v1:umontpellier+08013+session02\/about\">ici<\/a><\/p>\n","protected":false},"excerpt":{"rendered":"<p>Alternance &nbsp; L&rsquo;IUT de Colmar propose tous les B.U.T. et toutes les licences professionnelles en alternance. Une formation en alternance allie les enseignements th\u00e9oriques en cours et l&rsquo;exp\u00e9rience professionnelle au sein d&rsquo;une entreprise. L&rsquo;apprenti est \u00e0 la fois \u00e9tudiant et salari\u00e9. Il b\u00e9n\u00e9ficie d&rsquo;une formation th\u00e9orique et pratique. La formation lui conf\u00e8re non seulement un [&hellip;]<\/p>\n","protected":false},"author":1,"featured_media":0,"parent":7,"menu_order":3,"comment_status":"closed","ping_status":"closed","template":"","meta":{"footnotes":""},"class_list":["post-70","page","type-page","status-publish","hentry"],"yoast_head":"<!-- This site is optimized with the Yoast SEO plugin v27.1.1 - https:\/\/yoast.com\/product\/yoast-seo-wordpress\/ -->\n<title>Alternance - IUT de Colmar<\/title>\n<meta name=\"description\" content=\"L&#039;IUT de Colmar propose tous les DUT en alternance, \u00e0 l&#039;exception du DUT G\u00e9nie Biologique, et toutes les licences professionnelles.\" \/>\n<meta name=\"robots\" content=\"index, follow, max-snippet:-1, max-image-preview:large, max-video-preview:-1\" \/>\n<link rel=\"canonical\" href=\"https:\/\/www.iutcolmar.uha.fr\/index.php\/formations\/alternance\/\" \/>\n<meta property=\"og:locale\" content=\"fr_FR\" \/>\n<meta property=\"og:type\" content=\"article\" \/>\n<meta property=\"og:title\" content=\"Alternance - IUT de Colmar\" \/>\n<meta property=\"og:description\" content=\"L&#039;IUT de Colmar propose tous les DUT en alternance, \u00e0 l&#039;exception du DUT G\u00e9nie Biologique, et toutes les licences professionnelles.\" \/>\n<meta property=\"og:url\" content=\"https:\/\/www.iutcolmar.uha.fr\/index.php\/formations\/alternance\/\" \/>\n<meta property=\"og:site_name\" content=\"IUT de Colmar\" \/>\n<meta property=\"article:modified_time\" content=\"2021-03-11T07:50:38+00:00\" \/>\n<meta property=\"og:image\" content=\"https:\/\/www.iutcolmar.uha.fr\/wp-content\/uploads\/2018\/11\/laptop-3196481web-300x83.jpg\" \/>\n<meta name=\"twitter:card\" content=\"summary_large_image\" \/>\n<meta name=\"twitter:label1\" content=\"Dur\u00e9e de lecture estim\u00e9e\" \/>\n\t<meta name=\"twitter:data1\" content=\"1 minute\" \/>\n<script type=\"application\/ld+json\" class=\"yoast-schema-graph\">{\"@context\":\"https:\/\/schema.org\",\"@graph\":[{\"@type\":\"WebPage\",\"@id\":\"https:\/\/www.iutcolmar.uha.fr\/index.php\/formations\/alternance\/\",\"url\":\"https:\/\/www.iutcolmar.uha.fr\/index.php\/formations\/alternance\/\",\"name\":\"Alternance - IUT de Colmar\",\"isPartOf\":{\"@id\":\"https:\/\/www.iutcolmar.uha.fr\/#website\"},\"primaryImageOfPage\":{\"@id\":\"https:\/\/www.iutcolmar.uha.fr\/index.php\/formations\/alternance\/#primaryimage\"},\"image\":{\"@id\":\"https:\/\/www.iutcolmar.uha.fr\/index.php\/formations\/alternance\/#primaryimage\"},\"thumbnailUrl\":\"https:\/\/www.iutcolmar.uha.fr\/wp-content\/uploads\/2018\/11\/laptop-3196481web-300x83.jpg\",\"datePublished\":\"2018-04-05T06:31:22+00:00\",\"dateModified\":\"2021-03-11T07:50:38+00:00\",\"description\":\"L'IUT de Colmar propose tous les DUT en alternance, \u00e0 l'exception du DUT G\u00e9nie Biologique, et toutes les licences professionnelles.\",\"breadcrumb\":{\"@id\":\"https:\/\/www.iutcolmar.uha.fr\/index.php\/formations\/alternance\/#breadcrumb\"},\"inLanguage\":\"fr-FR\",\"potentialAction\":[{\"@type\":\"ReadAction\",\"target\":[\"https:\/\/www.iutcolmar.uha.fr\/index.php\/formations\/alternance\/\"]}]},{\"@type\":\"ImageObject\",\"inLanguage\":\"fr-FR\",\"@id\":\"https:\/\/www.iutcolmar.uha.fr\/index.php\/formations\/alternance\/#primaryimage\",\"url\":\"https:\/\/www.iutcolmar.uha.fr\/wp-content\/uploads\/2018\/11\/laptop-3196481web-300x83.jpg\",\"contentUrl\":\"https:\/\/www.iutcolmar.uha.fr\/wp-content\/uploads\/2018\/11\/laptop-3196481web-300x83.jpg\"},{\"@type\":\"BreadcrumbList\",\"@id\":\"https:\/\/www.iutcolmar.uha.fr\/index.php\/formations\/alternance\/#breadcrumb\",\"itemListElement\":[{\"@type\":\"ListItem\",\"position\":1,\"name\":\"Accueil\",\"item\":\"https:\/\/www.iutcolmar.uha.fr\/\"},{\"@type\":\"ListItem\",\"position\":2,\"name\":\"Formations\",\"item\":\"https:\/\/www.iutcolmar.uha.fr\/index.php\/formations\/\"},{\"@type\":\"ListItem\",\"position\":3,\"name\":\"Alternance\"}]},{\"@type\":\"WebSite\",\"@id\":\"https:\/\/www.iutcolmar.uha.fr\/#website\",\"url\":\"https:\/\/www.iutcolmar.uha.fr\/\",\"name\":\"IUT de Colmar\",\"description\":\"Universit\u00e9 de Haute-Alsace\",\"potentialAction\":[{\"@type\":\"SearchAction\",\"target\":{\"@type\":\"EntryPoint\",\"urlTemplate\":\"https:\/\/www.iutcolmar.uha.fr\/?s={search_term_string}\"},\"query-input\":{\"@type\":\"PropertyValueSpecification\",\"valueRequired\":true,\"valueName\":\"search_term_string\"}}],\"inLanguage\":\"fr-FR\"}]}<\/script>\n<!-- \/ Yoast SEO plugin. -->","yoast_head_json":{"title":"Alternance - IUT de Colmar","description":"L'IUT de Colmar propose tous les DUT en alternance, \u00e0 l'exception du DUT G\u00e9nie Biologique, et toutes les licences professionnelles.","robots":{"index":"index","follow":"follow","max-snippet":"max-snippet:-1","max-image-preview":"max-image-preview:large","max-video-preview":"max-video-preview:-1"},"canonical":"https:\/\/www.iutcolmar.uha.fr\/index.php\/formations\/alternance\/","og_locale":"fr_FR","og_type":"article","og_title":"Alternance - IUT de Colmar","og_description":"L'IUT de Colmar propose tous les DUT en alternance, \u00e0 l'exception du DUT G\u00e9nie Biologique, et toutes les licences professionnelles.","og_url":"https:\/\/www.iutcolmar.uha.fr\/index.php\/formations\/alternance\/","og_site_name":"IUT de Colmar","article_modified_time":"2021-03-11T07:50:38+00:00","og_image":[{"url":"https:\/\/www.iutcolmar.uha.fr\/wp-content\/uploads\/2018\/11\/laptop-3196481web-300x83.jpg","type":"","width":"","height":""}],"twitter_card":"summary_large_image","twitter_misc":{"Dur\u00e9e de lecture estim\u00e9e":"1 minute"},"schema":{"@context":"https:\/\/schema.org","@graph":[{"@type":"WebPage","@id":"https:\/\/www.iutcolmar.uha.fr\/index.php\/formations\/alternance\/","url":"https:\/\/www.iutcolmar.uha.fr\/index.php\/formations\/alternance\/","name":"Alternance - IUT de Colmar","isPartOf":{"@id":"https:\/\/www.iutcolmar.uha.fr\/#website"},"primaryImageOfPage":{"@id":"https:\/\/www.iutcolmar.uha.fr\/index.php\/formations\/alternance\/#primaryimage"},"image":{"@id":"https:\/\/www.iutcolmar.uha.fr\/index.php\/formations\/alternance\/#primaryimage"},"thumbnailUrl":"https:\/\/www.iutcolmar.uha.fr\/wp-content\/uploads\/2018\/11\/laptop-3196481web-300x83.jpg","datePublished":"2018-04-05T06:31:22+00:00","dateModified":"2021-03-11T07:50:38+00:00","description":"L'IUT de Colmar propose tous les DUT en alternance, \u00e0 l'exception du DUT G\u00e9nie Biologique, et toutes les licences professionnelles.","breadcrumb":{"@id":"https:\/\/www.iutcolmar.uha.fr\/index.php\/formations\/alternance\/#breadcrumb"},"inLanguage":"fr-FR","potentialAction":[{"@type":"ReadAction","target":["https:\/\/www.iutcolmar.uha.fr\/index.php\/formations\/alternance\/"]}]},{"@type":"ImageObject","inLanguage":"fr-FR","@id":"https:\/\/www.iutcolmar.uha.fr\/index.php\/formations\/alternance\/#primaryimage","url":"https:\/\/www.iutcolmar.uha.fr\/wp-content\/uploads\/2018\/11\/laptop-3196481web-300x83.jpg","contentUrl":"https:\/\/www.iutcolmar.uha.fr\/wp-content\/uploads\/2018\/11\/laptop-3196481web-300x83.jpg"},{"@type":"BreadcrumbList","@id":"https:\/\/www.iutcolmar.uha.fr\/index.php\/formations\/alternance\/#breadcrumb","itemListElement":[{"@type":"ListItem","position":1,"name":"Accueil","item":"https:\/\/www.iutcolmar.uha.fr\/"},{"@type":"ListItem","position":2,"name":"Formations","item":"https:\/\/www.iutcolmar.uha.fr\/index.php\/formations\/"},{"@type":"ListItem","position":3,"name":"Alternance"}]},{"@type":"WebSite","@id":"https:\/\/www.iutcolmar.uha.fr\/#website","url":"https:\/\/www.iutcolmar.uha.fr\/","name":"IUT de Colmar","description":"Universit\u00e9 de Haute-Alsace","potentialAction":[{"@type":"SearchAction","target":{"@type":"EntryPoint","urlTemplate":"https:\/\/www.iutcolmar.uha.fr\/?s={search_term_string}"},"query-input":{"@type":"PropertyValueSpecification","valueRequired":true,"valueName":"search_term_string"}}],"inLanguage":"fr-FR"}]}},"_links":{"self":[{"href":"https:\/\/www.iutcolmar.uha.fr\/index.php\/wp-json\/wp\/v2\/pages\/70","targetHints":{"allow":["GET"]}}],"collection":[{"href":"https:\/\/www.iutcolmar.uha.fr\/index.php\/wp-json\/wp\/v2\/pages"}],"about":[{"href":"https:\/\/www.iutcolmar.uha.fr\/index.php\/wp-json\/wp\/v2\/types\/page"}],"author":[{"embeddable":true,"href":"https:\/\/www.iutcolmar.uha.fr\/index.php\/wp-json\/wp\/v2\/users\/1"}],"replies":[{"embeddable":true,"href":"https:\/\/www.iutcolmar.uha.fr\/index.php\/wp-json\/wp\/v2\/comments?post=70"}],"version-history":[{"count":22,"href":"https:\/\/www.iutcolmar.uha.fr\/index.php\/wp-json\/wp\/v2\/pages\/70\/revisions"}],"predecessor-version":[{"id":4883,"href":"https:\/\/www.iutcolmar.uha.fr\/index.php\/wp-json\/wp\/v2\/pages\/70\/revisions\/4883"}],"up":[{"embeddable":true,"href":"https:\/\/www.iutcolmar.uha.fr\/index.php\/wp-json\/wp\/v2\/pages\/7"}],"wp:attachment":[{"href":"https:\/\/www.iutcolmar.uha.fr\/index.php\/wp-json\/wp\/v2\/media?parent=70"}],"curies":[{"name":"wp","href":"https:\/\/api.w.org\/{rel}","templated":true}]}}