{"id":7078,"date":"2025-02-27T16:46:08","date_gmt":"2025-02-27T15:46:08","guid":{"rendered":"https:\/\/www.iutcolmar.uha.fr\/?page_id=7078"},"modified":"2025-02-27T16:46:08","modified_gmt":"2025-02-27T15:46:08","slug":"certifications-en-langues","status":"publish","type":"page","link":"https:\/\/www.iutcolmar.uha.fr\/index.php\/certifications-en-langues\/","title":{"rendered":"Certifications en langues"},"content":{"rendered":"<h1><strong>Certifications en langues\u00a0<\/strong><\/h1>\n<p><img loading=\"lazy\" decoding=\"async\" class=\"alignnone wp-image-1776\" src=\"https:\/\/www.iutcolmar.uha.fr\/wp-content\/uploads\/2018\/06\/Partir-\u00e0-l\u00e9tranger-1900x525-300x83.png\" alt=\"Partir \u00e0 l'\u00e9tranger\" width=\"1370\" height=\"379\" srcset=\"https:\/\/www.iutcolmar.uha.fr\/wp-content\/uploads\/2018\/06\/Partir-\u00e0-l\u00e9tranger-1900x525-300x83.png 300w, https:\/\/www.iutcolmar.uha.fr\/wp-content\/uploads\/2018\/06\/Partir-\u00e0-l\u00e9tranger-1900x525-768x212.png 768w, https:\/\/www.iutcolmar.uha.fr\/wp-content\/uploads\/2018\/06\/Partir-\u00e0-l\u00e9tranger-1900x525-1024x283.png 1024w, https:\/\/www.iutcolmar.uha.fr\/wp-content\/uploads\/2018\/06\/Partir-\u00e0-l\u00e9tranger-1900x525.png 1900w\" sizes=\"auto, (max-width: 1370px) 100vw, 1370px\" \/><\/p>\n<p>&nbsp;<\/p>\n<p>Chaque ann\u00e9e, l\u2019IUT et l\u2019UHA organisent des sessions de certifications en langues, qui sont reconnues par les entreprises et \u00e0 l\u2019international. Attester de son niveau de langue permet une ouverture suppl\u00e9mentaire soit dans la poursuite des \u00e9tudes, soit dans la recherche d\u2019un emploi.<\/p>\n<p>L\u2019IUT est habilit\u00e9 \u00e0 faire passer le <strong>TOEIC<\/strong> (Test of English for International Communication). Les sessions sont organis\u00e9es uniquement pour les \u00e9tudiants de l\u2019IUT, principalement sur la base du volontariat.<\/p>\n<p>Les inscriptions se font aux alentours de novembre-d\u00e9cembre (aupr\u00e8s de l\u2019enseignant r\u00e9f\u00e9rent relations internationales au sein de chaque d\u00e9partement) pour des sessions en fin janvier-f\u00e9vrier. Le tarif d\u2019un test est d\u2019environ 50-60\u20ac par \u00e9tudiant (tarif pr\u00e9f\u00e9rentiel).<\/p>\n<p>D\u2019autres certifications sont propos\u00e9es par l\u2019UHA (sur le site de Mulhouse, par le P\u00f4le Force \u2013 il faut alors pr\u00e9voir le d\u00e9placement).<\/p>\n<ul>\n<li>Goethe Zertifikat<\/li>\n<li>CLES<\/li>\n<li>TCF<\/li>\n<li>Test Bright Language<\/li>\n<\/ul>\n<p>Vous retrouverez toutes les informations sur le site du <a href=\"https:\/\/www.learning-center.uha.fr\/opac\/article\/certifications-en-langues\/uha_certification_langue\">Learning Center<\/a> ou en contactant le P\u00f4le Force \u00e0 <a href=\"mailto:force.lc@uha.fr\">force.lc@uha.fr<\/a><\/p>\n","protected":false},"excerpt":{"rendered":"<p>Certifications en langues\u00a0 &nbsp; Chaque ann\u00e9e, l\u2019IUT et l\u2019UHA organisent des sessions de certifications en langues, qui sont reconnues par les entreprises et \u00e0 l\u2019international. Attester de son niveau de langue permet une ouverture suppl\u00e9mentaire soit dans la poursuite des \u00e9tudes, soit dans la recherche d\u2019un emploi. L\u2019IUT est habilit\u00e9 \u00e0 faire passer le TOEIC [&hellip;]<\/p>\n","protected":false},"author":24,"featured_media":0,"parent":0,"menu_order":0,"comment_status":"closed","ping_status":"closed","template":"","meta":{"footnotes":""},"class_list":["post-7078","page","type-page","status-publish","hentry"],"yoast_head":"<!-- This site is optimized with the Yoast SEO plugin v27.1.1 - https:\/\/yoast.com\/product\/yoast-seo-wordpress\/ -->\n<title>Certifications en langues - IUT de Colmar<\/title>\n<meta name=\"robots\" content=\"index, follow, max-snippet:-1, max-image-preview:large, max-video-preview:-1\" \/>\n<link rel=\"canonical\" href=\"https:\/\/www.iutcolmar.uha.fr\/index.php\/certifications-en-langues\/\" \/>\n<meta property=\"og:locale\" content=\"fr_FR\" \/>\n<meta property=\"og:type\" content=\"article\" \/>\n<meta property=\"og:title\" content=\"Certifications en langues - IUT de Colmar\" \/>\n<meta property=\"og:description\" content=\"Certifications en langues\u00a0 &nbsp; Chaque ann\u00e9e, l\u2019IUT et l\u2019UHA organisent des sessions de certifications en langues, qui sont reconnues par les entreprises et \u00e0 l\u2019international. Attester de son niveau de langue permet une ouverture suppl\u00e9mentaire soit dans la poursuite des \u00e9tudes, soit dans la recherche d\u2019un emploi. L\u2019IUT est habilit\u00e9 \u00e0 faire passer le TOEIC [&hellip;]\" \/>\n<meta property=\"og:url\" content=\"https:\/\/www.iutcolmar.uha.fr\/index.php\/certifications-en-langues\/\" \/>\n<meta property=\"og:site_name\" content=\"IUT de Colmar\" \/>\n<meta name=\"twitter:card\" content=\"summary_large_image\" \/>\n<meta name=\"twitter:label1\" content=\"Dur\u00e9e de lecture estim\u00e9e\" \/>\n\t<meta name=\"twitter:data1\" content=\"2 minutes\" \/>\n<script type=\"application\/ld+json\" class=\"yoast-schema-graph\">{\"@context\":\"https:\/\/schema.org\",\"@graph\":[{\"@type\":\"WebPage\",\"@id\":\"https:\/\/www.iutcolmar.uha.fr\/index.php\/certifications-en-langues\/\",\"url\":\"https:\/\/www.iutcolmar.uha.fr\/index.php\/certifications-en-langues\/\",\"name\":\"Certifications en langues - IUT de Colmar\",\"isPartOf\":{\"@id\":\"https:\/\/www.iutcolmar.uha.fr\/#website\"},\"datePublished\":\"2025-02-27T15:46:08+00:00\",\"breadcrumb\":{\"@id\":\"https:\/\/www.iutcolmar.uha.fr\/index.php\/certifications-en-langues\/#breadcrumb\"},\"inLanguage\":\"fr-FR\",\"potentialAction\":[{\"@type\":\"ReadAction\",\"target\":[\"https:\/\/www.iutcolmar.uha.fr\/index.php\/certifications-en-langues\/\"]}]},{\"@type\":\"BreadcrumbList\",\"@id\":\"https:\/\/www.iutcolmar.uha.fr\/index.php\/certifications-en-langues\/#breadcrumb\",\"itemListElement\":[{\"@type\":\"ListItem\",\"position\":1,\"name\":\"Accueil\",\"item\":\"https:\/\/www.iutcolmar.uha.fr\/\"},{\"@type\":\"ListItem\",\"position\":2,\"name\":\"Certifications en langues\"}]},{\"@type\":\"WebSite\",\"@id\":\"https:\/\/www.iutcolmar.uha.fr\/#website\",\"url\":\"https:\/\/www.iutcolmar.uha.fr\/\",\"name\":\"IUT de Colmar\",\"description\":\"Universit\u00e9 de Haute-Alsace\",\"potentialAction\":[{\"@type\":\"SearchAction\",\"target\":{\"@type\":\"EntryPoint\",\"urlTemplate\":\"https:\/\/www.iutcolmar.uha.fr\/?s={search_term_string}\"},\"query-input\":{\"@type\":\"PropertyValueSpecification\",\"valueRequired\":true,\"valueName\":\"search_term_string\"}}],\"inLanguage\":\"fr-FR\"}]}<\/script>\n<!-- \/ Yoast SEO plugin. -->","yoast_head_json":{"title":"Certifications en langues - IUT de Colmar","robots":{"index":"index","follow":"follow","max-snippet":"max-snippet:-1","max-image-preview":"max-image-preview:large","max-video-preview":"max-video-preview:-1"},"canonical":"https:\/\/www.iutcolmar.uha.fr\/index.php\/certifications-en-langues\/","og_locale":"fr_FR","og_type":"article","og_title":"Certifications en langues - IUT de Colmar","og_description":"Certifications en langues\u00a0 &nbsp; Chaque ann\u00e9e, l\u2019IUT et l\u2019UHA organisent des sessions de certifications en langues, qui sont reconnues par les entreprises et \u00e0 l\u2019international. Attester de son niveau de langue permet une ouverture suppl\u00e9mentaire soit dans la poursuite des \u00e9tudes, soit dans la recherche d\u2019un emploi. L\u2019IUT est habilit\u00e9 \u00e0 faire passer le TOEIC [&hellip;]","og_url":"https:\/\/www.iutcolmar.uha.fr\/index.php\/certifications-en-langues\/","og_site_name":"IUT de Colmar","twitter_card":"summary_large_image","twitter_misc":{"Dur\u00e9e de lecture estim\u00e9e":"2 minutes"},"schema":{"@context":"https:\/\/schema.org","@graph":[{"@type":"WebPage","@id":"https:\/\/www.iutcolmar.uha.fr\/index.php\/certifications-en-langues\/","url":"https:\/\/www.iutcolmar.uha.fr\/index.php\/certifications-en-langues\/","name":"Certifications en langues - IUT de Colmar","isPartOf":{"@id":"https:\/\/www.iutcolmar.uha.fr\/#website"},"datePublished":"2025-02-27T15:46:08+00:00","breadcrumb":{"@id":"https:\/\/www.iutcolmar.uha.fr\/index.php\/certifications-en-langues\/#breadcrumb"},"inLanguage":"fr-FR","potentialAction":[{"@type":"ReadAction","target":["https:\/\/www.iutcolmar.uha.fr\/index.php\/certifications-en-langues\/"]}]},{"@type":"BreadcrumbList","@id":"https:\/\/www.iutcolmar.uha.fr\/index.php\/certifications-en-langues\/#breadcrumb","itemListElement":[{"@type":"ListItem","position":1,"name":"Accueil","item":"https:\/\/www.iutcolmar.uha.fr\/"},{"@type":"ListItem","position":2,"name":"Certifications en langues"}]},{"@type":"WebSite","@id":"https:\/\/www.iutcolmar.uha.fr\/#website","url":"https:\/\/www.iutcolmar.uha.fr\/","name":"IUT de Colmar","description":"Universit\u00e9 de Haute-Alsace","potentialAction":[{"@type":"SearchAction","target":{"@type":"EntryPoint","urlTemplate":"https:\/\/www.iutcolmar.uha.fr\/?s={search_term_string}"},"query-input":{"@type":"PropertyValueSpecification","valueRequired":true,"valueName":"search_term_string"}}],"inLanguage":"fr-FR"}]}},"_links":{"self":[{"href":"https:\/\/www.iutcolmar.uha.fr\/index.php\/wp-json\/wp\/v2\/pages\/7078","targetHints":{"allow":["GET"]}}],"collection":[{"href":"https:\/\/www.iutcolmar.uha.fr\/index.php\/wp-json\/wp\/v2\/pages"}],"about":[{"href":"https:\/\/www.iutcolmar.uha.fr\/index.php\/wp-json\/wp\/v2\/types\/page"}],"author":[{"embeddable":true,"href":"https:\/\/www.iutcolmar.uha.fr\/index.php\/wp-json\/wp\/v2\/users\/24"}],"replies":[{"embeddable":true,"href":"https:\/\/www.iutcolmar.uha.fr\/index.php\/wp-json\/wp\/v2\/comments?post=7078"}],"version-history":[{"count":7,"href":"https:\/\/www.iutcolmar.uha.fr\/index.php\/wp-json\/wp\/v2\/pages\/7078\/revisions"}],"predecessor-version":[{"id":7103,"href":"https:\/\/www.iutcolmar.uha.fr\/index.php\/wp-json\/wp\/v2\/pages\/7078\/revisions\/7103"}],"wp:attachment":[{"href":"https:\/\/www.iutcolmar.uha.fr\/index.php\/wp-json\/wp\/v2\/media?parent=7078"}],"curies":[{"name":"wp","href":"https:\/\/api.w.org\/{rel}","templated":true}]}}