{"id":78,"date":"2018-04-05T08:35:06","date_gmt":"2018-04-05T06:35:06","guid":{"rendered":"https:\/\/www.iutcolmar.uha.fr\/?page_id=78"},"modified":"2025-12-16T15:32:48","modified_gmt":"2025-12-16T14:32:48","slug":"bachelor-universitaire-de-technologie-b-u-t-bac-3","status":"publish","type":"page","link":"https:\/\/www.iutcolmar.uha.fr\/index.php\/formations\/diplomes\/bachelor-universitaire-de-technologie-b-u-t-bac-3\/","title":{"rendered":"Bachelor Universitaire de Technologie (B.U.T.) &#8211; Bac+3"},"content":{"rendered":"<h1><span style=\"color: #333333;\">Bachelor Universitaire de Technologie (B.U.T.) &#8211; Bac + 3<br \/>\n<\/span><\/h1>\n<p style=\"text-align: left;\"><div class=\"su-note\"  style=\"border-color:#002f7c;border-radius:3px;-moz-border-radius:3px;-webkit-border-radius:3px;\"><div class=\"su-note-inner su-u-clearfix su-u-trim\" style=\"background-color:#004996;border-color:#ccffff;color:#FFFFFF;border-radius:3px;-moz-border-radius:3px;-webkit-border-radius:3px;\"><strong>Vous \u00eates \u00e0 la recherche d\u2019un dipl\u00f4me professionnalisant vous permettant d\u2019atteindre le grade licence (Bac +3) ?<br \/>\n<\/strong><strong>Ne cherchez plus, le B.U.T. est fait pour vous !<\/strong> <\/div><\/div>\n<p><strong>Qu\u2019est-ce que le B.U.T.?<\/strong><\/p>\n<ul>\n<li>Un parcours de 3 ans, <strong>sans s\u00e9lection interm\u00e9diaire<\/strong>, pour atteindre le <strong>grade de licence <\/strong>(BAC +3)<\/li>\n<li>Un dipl\u00f4me qui s\u2019aligne sur les standards internationaux et facilite les <strong>\u00e9changes avec les universit\u00e9s \u00e9trang\u00e8res<\/strong> ou la recherche d\u2019emploi \u00e0 l\u2019international<\/li>\n<li>Une formation fortement ax\u00e9e sur l\u2019aspect professionnel et construite avec les acteurs du monde socio-\u00e9conomique<\/li>\n<li>Une <strong>p\u00e9dagogie adapt\u00e9e<\/strong>, travaux dirig\u00e9s et pratiques en petits groupes, soit\u00a0 50% des enseignements pratiques et des mises en situations professionnelles, selon les sp\u00e9cialit\u00e9s (600h de projet, 22 \u00e0 26 semaines de stage en entreprise).<\/li>\n<li>Une formation en <strong>alternance<\/strong> qui pourra se faire d\u00e8s la 1<sup>re<\/sup> ann\u00e9e, plus g\u00e9n\u00e9ralement sur les deux derni\u00e8res ann\u00e9es, voire uniquement la 3<sup>e<\/sup> ann\u00e9e du cursus<\/li>\n<li>Droits d&rsquo;inscription universitaire (&lt; \u00e0 200 \u20ac) &#8211; Exon\u00e9ration pour les \u00e9tudiants boursiers et les apprentis.<\/li>\n<\/ul>\n<p><b>Postulez-en B.U.T. sur Parcoursup !\u00a0<\/b><\/p>\n<p><img loading=\"lazy\" decoding=\"async\" class=\"wp-image-7707 size-large alignleft\" src=\"https:\/\/www.iutcolmar.uha.fr\/wp-content\/uploads\/2025\/11\/schema-BUT-1024x566.png\" alt=\"\" width=\"750\" height=\"415\" srcset=\"https:\/\/www.iutcolmar.uha.fr\/wp-content\/uploads\/2025\/11\/schema-BUT-1024x566.png 1024w, https:\/\/www.iutcolmar.uha.fr\/wp-content\/uploads\/2025\/11\/schema-BUT-300x166.png 300w, https:\/\/www.iutcolmar.uha.fr\/wp-content\/uploads\/2025\/11\/schema-BUT-768x425.png 768w, https:\/\/www.iutcolmar.uha.fr\/wp-content\/uploads\/2025\/11\/schema-BUT.png 1241w\" sizes=\"auto, (max-width: 750px) 100vw, 750px\" \/><\/p>\n<p>&nbsp;<\/p>\n<p>&nbsp;<\/p>\n<p>&nbsp;<\/p>\n<p>&nbsp;<\/p>\n<p>&nbsp;<\/p>\n<p>&nbsp;<\/p>\n<p>&nbsp;<\/p>\n<p>&nbsp;<\/p>\n<p>&nbsp;<\/p>\n<p>&nbsp;<\/p>\n<p>&nbsp;<\/p>\n<p>L&rsquo;IUT propose 6 sp\u00e9cialit\u00e9s dans des domaines vari\u00e9s : Biologie, agronomie, biotechnologies, \u00e9nergie, thermique des b\u00e2timents, pr\u00e9vention, environnement, informatique, r\u00e9seaux et t\u00e9l\u00e9communications, droit, banque, assurance, commerce, gestion des entreprises,&#8230;<\/p>\n<div class=\"su-service\"><div class=\"su-service-title\" style=\"padding-left:38px;min-height:24px;line-height:24px\"><i class=\"sui sui-download\" style=\"font-size:24px;color:#009ee3\"><\/i> Plaquette B.U.T.<\/div><div class=\"su-service-content su-u-clearfix su-u-trim\" style=\"padding-left:38px\">\n<p>T\u00e9l\u00e9charger <a href=\"https:\/\/www.iutcolmar.uha.fr\/wp-content\/uploads\/2020\/11\/BUT-PLAQUETTE-SEPT-2020-V-DEF.pdf\">Plaquette B.U.T.<\/a><\/p>\n<\/div><\/div>\n<div class=\"su-box su-box-style-default\" id=\"\" style=\"border-color:#000000;border-radius:3px;max-width:none\"><div class=\"su-box-title\" style=\"background-color:#333333;color:#FFFFFF;border-top-left-radius:1px;border-top-right-radius:1px\">Bachelor Universitaire de Technologie (B.U.T.) - Bac + 3<\/div><div class=\"su-box-content su-u-clearfix su-u-trim\" style=\"border-bottom-left-radius:1px;border-bottom-right-radius:1px\">\n<ul>\n<li><a href=\"https:\/\/www.iutcolmar.uha.fr\/index.php\/formations\/diplomes\/bachelor-universitaire-de-technologie-b-u-t-bac-3\/b-u-t-carrieres-juridiques\/\">B.U.T. Carri\u00e8res Juridiques<\/a><\/li>\n<li><a href=\"https:\/\/www.iutcolmar.uha.fr\/index.php\/formations\/diplomes\/bachelor-universitaire-de-technologie-b-u-t-bac-3\/b-u-t-genie-biologique-parcours-agronomie\/\">B.U.T. G\u00e9nie Biologique parcours agronomie<\/a><\/li>\n<li><a href=\"https:\/\/www.iutcolmar.uha.fr\/index.php\/formations\/diplomes\/bachelor-universitaire-de-technologie-b-u-t-bac-3\/b-u-t-hygiene-securite-environnement\/\">B.U.T. Hygi\u00e8ne, S\u00e9curit\u00e9, Environnement<\/a><\/li>\n<li><a href=\"https:\/\/www.iutcolmar.uha.fr\/index.php\/formations\/diplomes\/bachelor-universitaire-de-technologie-b-u-t-bac-3\/b-u-t-metiers-de-la-transition-et-de-lefficacite-energetiques\/\">B.U.T. M\u00e9tiers de la Transition et de l&rsquo;Efficacit\u00e9 \u00c9nerg\u00e9tiques<\/a><\/li>\n<li><a href=\"https:\/\/www.iutcolmar.uha.fr\/index.php\/formations\/diplomes\/bachelor-universitaire-de-technologie-b-u-t-bac-3\/b-u-t-reseaux-et-telecommunications\/\">B.U.T. R\u00e9seaux et T\u00e9l\u00e9communications<\/a><\/li>\n<li><a href=\"https:\/\/www.iutcolmar.uha.fr\/index.php\/formations\/diplomes\/bachelor-universitaire-de-technologie-b-u-t-bac-3\/b-u-t-techniques-de-commercialisation\/\">B.U.T. Techniques de Commercialisation<\/a><\/li>\n<\/ul>\n<\/div><\/div>\n<div class=\"su-service\"><div class=\"su-service-title\" style=\"padding-left:38px;min-height:24px;line-height:24px\"><i class=\"sui sui-info\" style=\"font-size:24px;color:#009ee3\"><\/i> Les IUT d'Alsace<\/div><div class=\"su-service-content su-u-clearfix su-u-trim\" style=\"padding-left:38px\">\n<p>Retrouvez plus d\u2019informations sur les<a href=\"https:\/\/iut-alsace.iut.fr\/\"> IUT d\u2019Alsace.<\/a><\/p>\n<\/div><\/div>\n<div class=\"su-youtube su-u-responsive-media-yes\"><iframe loading=\"lazy\" width=\"100\" height=\"100\" src=\"https:\/\/www.youtube.com\/embed\/vW20iUwIIlQ?\" frameborder=\"0\" allowfullscreen allow=\"autoplay; encrypted-media; picture-in-picture\" title=\"D\u00e9couvrez les IUT d&#039;Alsace\"><\/iframe><\/div>\n","protected":false},"excerpt":{"rendered":"<p>Bachelor Universitaire de Technologie (B.U.T.) &#8211; Bac + 3 Qu\u2019est-ce que le B.U.T.? Un parcours de 3 ans, sans s\u00e9lection interm\u00e9diaire, pour atteindre le grade de licence (BAC +3) Un dipl\u00f4me qui s\u2019aligne sur les standards internationaux et facilite les \u00e9changes avec les universit\u00e9s \u00e9trang\u00e8res ou la recherche d\u2019emploi \u00e0 l\u2019international Une formation fortement ax\u00e9e [&hellip;]<\/p>\n","protected":false},"author":1,"featured_media":4408,"parent":66,"menu_order":1,"comment_status":"closed","ping_status":"closed","template":"","meta":{"footnotes":""},"class_list":["post-78","page","type-page","status-publish","has-post-thumbnail","hentry"],"yoast_head":"<!-- This site is optimized with the Yoast SEO plugin v27.4 - https:\/\/yoast.com\/product\/yoast-seo-wordpress\/ -->\n<title>Bachelor Universitaire de Technologie (B.U.T.) - Bac+3 - IUT de Colmar<\/title>\n<meta name=\"description\" content=\"L&#039;IUT de Colmar propose au total 6 Dipl\u00f4me Universitaire de Technologie (DUT) qui forment des \u00e9tudiants \u00e0 Bac + 2 dans divers domaines.\" \/>\n<meta name=\"robots\" content=\"index, follow, max-snippet:-1, max-image-preview:large, max-video-preview:-1\" \/>\n<link rel=\"canonical\" href=\"https:\/\/www.iutcolmar.uha.fr\/index.php\/formations\/diplomes\/bachelor-universitaire-de-technologie-b-u-t-bac-3\/\" \/>\n<meta property=\"og:locale\" content=\"fr_FR\" \/>\n<meta property=\"og:type\" content=\"article\" \/>\n<meta property=\"og:title\" content=\"Bachelor Universitaire de Technologie (B.U.T.) - Bac+3 - IUT de Colmar\" \/>\n<meta property=\"og:description\" content=\"L&#039;IUT de Colmar propose au total 6 Dipl\u00f4me Universitaire de Technologie (DUT) qui forment des \u00e9tudiants \u00e0 Bac + 2 dans divers domaines.\" \/>\n<meta property=\"og:url\" content=\"https:\/\/www.iutcolmar.uha.fr\/index.php\/formations\/diplomes\/bachelor-universitaire-de-technologie-b-u-t-bac-3\/\" \/>\n<meta property=\"og:site_name\" content=\"IUT de Colmar\" \/>\n<meta property=\"article:modified_time\" content=\"2025-12-16T14:32:48+00:00\" \/>\n<meta property=\"og:image\" content=\"https:\/\/www.iutcolmar.uha.fr\/wp-content\/uploads\/2020\/10\/VISUEL-BUT.jpg\" \/>\n\t<meta property=\"og:image:width\" content=\"625\" \/>\n\t<meta property=\"og:image:height\" content=\"625\" \/>\n\t<meta property=\"og:image:type\" content=\"image\/jpeg\" \/>\n<meta name=\"twitter:card\" content=\"summary_large_image\" \/>\n<meta name=\"twitter:label1\" content=\"Dur\u00e9e de lecture estim\u00e9e\" \/>\n\t<meta name=\"twitter:data1\" content=\"2 minutes\" \/>\n<script type=\"application\/ld+json\" class=\"yoast-schema-graph\">{\"@context\":\"https:\\\/\\\/schema.org\",\"@graph\":[{\"@type\":\"WebPage\",\"@id\":\"https:\\\/\\\/www.iutcolmar.uha.fr\\\/index.php\\\/formations\\\/diplomes\\\/bachelor-universitaire-de-technologie-b-u-t-bac-3\\\/\",\"url\":\"https:\\\/\\\/www.iutcolmar.uha.fr\\\/index.php\\\/formations\\\/diplomes\\\/bachelor-universitaire-de-technologie-b-u-t-bac-3\\\/\",\"name\":\"Bachelor Universitaire de Technologie (B.U.T.) - Bac+3 - IUT de Colmar\",\"isPartOf\":{\"@id\":\"https:\\\/\\\/www.iutcolmar.uha.fr\\\/#website\"},\"primaryImageOfPage\":{\"@id\":\"https:\\\/\\\/www.iutcolmar.uha.fr\\\/index.php\\\/formations\\\/diplomes\\\/bachelor-universitaire-de-technologie-b-u-t-bac-3\\\/#primaryimage\"},\"image\":{\"@id\":\"https:\\\/\\\/www.iutcolmar.uha.fr\\\/index.php\\\/formations\\\/diplomes\\\/bachelor-universitaire-de-technologie-b-u-t-bac-3\\\/#primaryimage\"},\"thumbnailUrl\":\"https:\\\/\\\/www.iutcolmar.uha.fr\\\/wp-content\\\/uploads\\\/2020\\\/10\\\/VISUEL-BUT.jpg\",\"datePublished\":\"2018-04-05T06:35:06+00:00\",\"dateModified\":\"2025-12-16T14:32:48+00:00\",\"description\":\"L'IUT de Colmar propose au total 6 Dipl\u00f4me Universitaire de Technologie (DUT) qui forment des \u00e9tudiants \u00e0 Bac + 2 dans divers domaines.\",\"breadcrumb\":{\"@id\":\"https:\\\/\\\/www.iutcolmar.uha.fr\\\/index.php\\\/formations\\\/diplomes\\\/bachelor-universitaire-de-technologie-b-u-t-bac-3\\\/#breadcrumb\"},\"inLanguage\":\"fr-FR\",\"potentialAction\":[{\"@type\":\"ReadAction\",\"target\":[\"https:\\\/\\\/www.iutcolmar.uha.fr\\\/index.php\\\/formations\\\/diplomes\\\/bachelor-universitaire-de-technologie-b-u-t-bac-3\\\/\"]}]},{\"@type\":\"ImageObject\",\"inLanguage\":\"fr-FR\",\"@id\":\"https:\\\/\\\/www.iutcolmar.uha.fr\\\/index.php\\\/formations\\\/diplomes\\\/bachelor-universitaire-de-technologie-b-u-t-bac-3\\\/#primaryimage\",\"url\":\"https:\\\/\\\/www.iutcolmar.uha.fr\\\/wp-content\\\/uploads\\\/2020\\\/10\\\/VISUEL-BUT.jpg\",\"contentUrl\":\"https:\\\/\\\/www.iutcolmar.uha.fr\\\/wp-content\\\/uploads\\\/2020\\\/10\\\/VISUEL-BUT.jpg\",\"width\":625,\"height\":625},{\"@type\":\"BreadcrumbList\",\"@id\":\"https:\\\/\\\/www.iutcolmar.uha.fr\\\/index.php\\\/formations\\\/diplomes\\\/bachelor-universitaire-de-technologie-b-u-t-bac-3\\\/#breadcrumb\",\"itemListElement\":[{\"@type\":\"ListItem\",\"position\":1,\"name\":\"Accueil\",\"item\":\"https:\\\/\\\/www.iutcolmar.uha.fr\\\/\"},{\"@type\":\"ListItem\",\"position\":2,\"name\":\"Formations\",\"item\":\"https:\\\/\\\/www.iutcolmar.uha.fr\\\/index.php\\\/formations\\\/\"},{\"@type\":\"ListItem\",\"position\":3,\"name\":\"Dipl\u00f4mes\",\"item\":\"https:\\\/\\\/www.iutcolmar.uha.fr\\\/index.php\\\/formations\\\/diplomes\\\/\"},{\"@type\":\"ListItem\",\"position\":4,\"name\":\"Bachelor Universitaire de Technologie (B.U.T.) &#8211; Bac+3\"}]},{\"@type\":\"WebSite\",\"@id\":\"https:\\\/\\\/www.iutcolmar.uha.fr\\\/#website\",\"url\":\"https:\\\/\\\/www.iutcolmar.uha.fr\\\/\",\"name\":\"IUT de Colmar\",\"description\":\"Universit\u00e9 de Haute-Alsace\",\"potentialAction\":[{\"@type\":\"SearchAction\",\"target\":{\"@type\":\"EntryPoint\",\"urlTemplate\":\"https:\\\/\\\/www.iutcolmar.uha.fr\\\/?s={search_term_string}\"},\"query-input\":{\"@type\":\"PropertyValueSpecification\",\"valueRequired\":true,\"valueName\":\"search_term_string\"}}],\"inLanguage\":\"fr-FR\"}]}<\/script>\n<!-- \/ Yoast SEO plugin. -->","yoast_head_json":{"title":"Bachelor Universitaire de Technologie (B.U.T.) - Bac+3 - IUT de Colmar","description":"L'IUT de Colmar propose au total 6 Dipl\u00f4me Universitaire de Technologie (DUT) qui forment des \u00e9tudiants \u00e0 Bac + 2 dans divers domaines.","robots":{"index":"index","follow":"follow","max-snippet":"max-snippet:-1","max-image-preview":"max-image-preview:large","max-video-preview":"max-video-preview:-1"},"canonical":"https:\/\/www.iutcolmar.uha.fr\/index.php\/formations\/diplomes\/bachelor-universitaire-de-technologie-b-u-t-bac-3\/","og_locale":"fr_FR","og_type":"article","og_title":"Bachelor Universitaire de Technologie (B.U.T.) - Bac+3 - IUT de Colmar","og_description":"L'IUT de Colmar propose au total 6 Dipl\u00f4me Universitaire de Technologie (DUT) qui forment des \u00e9tudiants \u00e0 Bac + 2 dans divers domaines.","og_url":"https:\/\/www.iutcolmar.uha.fr\/index.php\/formations\/diplomes\/bachelor-universitaire-de-technologie-b-u-t-bac-3\/","og_site_name":"IUT de Colmar","article_modified_time":"2025-12-16T14:32:48+00:00","og_image":[{"width":625,"height":625,"url":"https:\/\/www.iutcolmar.uha.fr\/wp-content\/uploads\/2020\/10\/VISUEL-BUT.jpg","type":"image\/jpeg"}],"twitter_card":"summary_large_image","twitter_misc":{"Dur\u00e9e de lecture estim\u00e9e":"2 minutes"},"schema":{"@context":"https:\/\/schema.org","@graph":[{"@type":"WebPage","@id":"https:\/\/www.iutcolmar.uha.fr\/index.php\/formations\/diplomes\/bachelor-universitaire-de-technologie-b-u-t-bac-3\/","url":"https:\/\/www.iutcolmar.uha.fr\/index.php\/formations\/diplomes\/bachelor-universitaire-de-technologie-b-u-t-bac-3\/","name":"Bachelor Universitaire de Technologie (B.U.T.) - Bac+3 - IUT de Colmar","isPartOf":{"@id":"https:\/\/www.iutcolmar.uha.fr\/#website"},"primaryImageOfPage":{"@id":"https:\/\/www.iutcolmar.uha.fr\/index.php\/formations\/diplomes\/bachelor-universitaire-de-technologie-b-u-t-bac-3\/#primaryimage"},"image":{"@id":"https:\/\/www.iutcolmar.uha.fr\/index.php\/formations\/diplomes\/bachelor-universitaire-de-technologie-b-u-t-bac-3\/#primaryimage"},"thumbnailUrl":"https:\/\/www.iutcolmar.uha.fr\/wp-content\/uploads\/2020\/10\/VISUEL-BUT.jpg","datePublished":"2018-04-05T06:35:06+00:00","dateModified":"2025-12-16T14:32:48+00:00","description":"L'IUT de Colmar propose au total 6 Dipl\u00f4me Universitaire de Technologie (DUT) qui forment des \u00e9tudiants \u00e0 Bac + 2 dans divers domaines.","breadcrumb":{"@id":"https:\/\/www.iutcolmar.uha.fr\/index.php\/formations\/diplomes\/bachelor-universitaire-de-technologie-b-u-t-bac-3\/#breadcrumb"},"inLanguage":"fr-FR","potentialAction":[{"@type":"ReadAction","target":["https:\/\/www.iutcolmar.uha.fr\/index.php\/formations\/diplomes\/bachelor-universitaire-de-technologie-b-u-t-bac-3\/"]}]},{"@type":"ImageObject","inLanguage":"fr-FR","@id":"https:\/\/www.iutcolmar.uha.fr\/index.php\/formations\/diplomes\/bachelor-universitaire-de-technologie-b-u-t-bac-3\/#primaryimage","url":"https:\/\/www.iutcolmar.uha.fr\/wp-content\/uploads\/2020\/10\/VISUEL-BUT.jpg","contentUrl":"https:\/\/www.iutcolmar.uha.fr\/wp-content\/uploads\/2020\/10\/VISUEL-BUT.jpg","width":625,"height":625},{"@type":"BreadcrumbList","@id":"https:\/\/www.iutcolmar.uha.fr\/index.php\/formations\/diplomes\/bachelor-universitaire-de-technologie-b-u-t-bac-3\/#breadcrumb","itemListElement":[{"@type":"ListItem","position":1,"name":"Accueil","item":"https:\/\/www.iutcolmar.uha.fr\/"},{"@type":"ListItem","position":2,"name":"Formations","item":"https:\/\/www.iutcolmar.uha.fr\/index.php\/formations\/"},{"@type":"ListItem","position":3,"name":"Dipl\u00f4mes","item":"https:\/\/www.iutcolmar.uha.fr\/index.php\/formations\/diplomes\/"},{"@type":"ListItem","position":4,"name":"Bachelor Universitaire de Technologie (B.U.T.) &#8211; Bac+3"}]},{"@type":"WebSite","@id":"https:\/\/www.iutcolmar.uha.fr\/#website","url":"https:\/\/www.iutcolmar.uha.fr\/","name":"IUT de Colmar","description":"Universit\u00e9 de Haute-Alsace","potentialAction":[{"@type":"SearchAction","target":{"@type":"EntryPoint","urlTemplate":"https:\/\/www.iutcolmar.uha.fr\/?s={search_term_string}"},"query-input":{"@type":"PropertyValueSpecification","valueRequired":true,"valueName":"search_term_string"}}],"inLanguage":"fr-FR"}]}},"_links":{"self":[{"href":"https:\/\/www.iutcolmar.uha.fr\/index.php\/wp-json\/wp\/v2\/pages\/78","targetHints":{"allow":["GET"]}}],"collection":[{"href":"https:\/\/www.iutcolmar.uha.fr\/index.php\/wp-json\/wp\/v2\/pages"}],"about":[{"href":"https:\/\/www.iutcolmar.uha.fr\/index.php\/wp-json\/wp\/v2\/types\/page"}],"author":[{"embeddable":true,"href":"https:\/\/www.iutcolmar.uha.fr\/index.php\/wp-json\/wp\/v2\/users\/1"}],"replies":[{"embeddable":true,"href":"https:\/\/www.iutcolmar.uha.fr\/index.php\/wp-json\/wp\/v2\/comments?post=78"}],"version-history":[{"count":45,"href":"https:\/\/www.iutcolmar.uha.fr\/index.php\/wp-json\/wp\/v2\/pages\/78\/revisions"}],"predecessor-version":[{"id":7939,"href":"https:\/\/www.iutcolmar.uha.fr\/index.php\/wp-json\/wp\/v2\/pages\/78\/revisions\/7939"}],"up":[{"embeddable":true,"href":"https:\/\/www.iutcolmar.uha.fr\/index.php\/wp-json\/wp\/v2\/pages\/66"}],"wp:featuredmedia":[{"embeddable":true,"href":"https:\/\/www.iutcolmar.uha.fr\/index.php\/wp-json\/wp\/v2\/media\/4408"}],"wp:attachment":[{"href":"https:\/\/www.iutcolmar.uha.fr\/index.php\/wp-json\/wp\/v2\/media?parent=78"}],"curies":[{"name":"wp","href":"https:\/\/api.w.org\/{rel}","templated":true}]}}