{"id":82,"date":"2018-04-05T08:39:17","date_gmt":"2018-04-05T06:39:17","guid":{"rendered":"https:\/\/www.iutcolmar.uha.fr\/?page_id=82"},"modified":"2025-12-16T16:07:14","modified_gmt":"2025-12-16T15:07:14","slug":"bac-3-licences-professionnelles","status":"publish","type":"page","link":"https:\/\/www.iutcolmar.uha.fr\/index.php\/formations\/diplomes\/bac-3-licences-professionnelles\/","title":{"rendered":"Licences professionnelles &#8211; Bac + 3"},"content":{"rendered":"<h1><span style=\"color: #333333;\">Licences professionnelles &#8211; Bac + 3<br \/>\n<\/span><\/h1>\n<p><img loading=\"lazy\" decoding=\"async\" class=\" wp-image-3309 alignleft\" src=\"https:\/\/www.iutcolmar.uha.fr\/wp-content\/uploads\/2018\/11\/LAURIERS-300x83.jpg\" alt=\"LAURIERS\" width=\"1357\" height=\"375\" srcset=\"https:\/\/www.iutcolmar.uha.fr\/wp-content\/uploads\/2018\/11\/LAURIERS-300x83.jpg 300w, https:\/\/www.iutcolmar.uha.fr\/wp-content\/uploads\/2018\/11\/LAURIERS-768x212.jpg 768w, https:\/\/www.iutcolmar.uha.fr\/wp-content\/uploads\/2018\/11\/LAURIERS-1024x283.jpg 1024w\" sizes=\"auto, (max-width: 1357px) 100vw, 1357px\" \/><\/p>\n<p>&nbsp;<\/p>\n<p>La licence professionnelle est un dipl\u00f4me de niveau bac + 3\u00a0qui dure un an. On y acc\u00e8de apr\u00e8s un bac+2, comme un BTS ou un DUT.<\/p>\n<p>Envie de rentrer dans la vie professionnelle rapidement\u00a0? Cette formation est faite pour vous\u00a0! Elle r\u00e9pond aux besoins des entreprises en Europe et vise des m\u00e9tiers de technicien sup\u00e9rieur \u00e0 ing\u00e9nieur.<\/p>\n<p>La licence professionnelle permet d\u2019apprendre un m\u00e9tier pr\u00e9cis, de d\u00e9velopper des comp\u00e9tences recherch\u00e9es par les entreprises, et d\u2019\u00eatre pr\u00eat \u00e0 travailler rapidement dans un domaine qui recrute.<\/p>\n<p>D\u00e9couvrez notre offre de formation en Licences Professionnelles propos\u00e9e principalement en alternance.<\/p>\n<div class=\"su-box su-box-style-default\" id=\"\" style=\"border-color:#000000;border-radius:3px;max-width:none\"><div class=\"su-box-title\" style=\"background-color:#333333;color:#FFFFFF;border-top-left-radius:1px;border-top-right-radius:1px\">Licences Professionnelles (Bac + 3)<\/div><div class=\"su-box-content su-u-clearfix su-u-trim\" style=\"border-bottom-left-radius:1px;border-bottom-right-radius:1px\">\n<ul>\n<li><a href=\"https:\/\/www.iutcolmar.uha.fr\/index.php\/formations\/diplomes\/bac-3-licences-professionnelles\/lp-bio-industries-et-biotechnologies\/\" rel=\"noopener\">LP Bio-industries et bio-technologies<\/a><\/li>\n<li><a href=\"https:\/\/www.iutcolmar.uha.fr\/index.php\/formations\/diplomes\/bac-3-licences-professionnelles\/lp-technico-commercial\/\" rel=\"noopener\">LP Technico-commercial<\/a><\/div><\/div><\/li>\n<\/ul>\n<p>&nbsp;<\/p>\n","protected":false},"excerpt":{"rendered":"<p>Licences professionnelles &#8211; Bac + 3 &nbsp; La licence professionnelle est un dipl\u00f4me de niveau bac + 3\u00a0qui dure un an. On y acc\u00e8de apr\u00e8s un bac+2, comme un BTS ou un DUT. Envie de rentrer dans la vie professionnelle rapidement\u00a0? Cette formation est faite pour vous\u00a0! Elle r\u00e9pond aux besoins des entreprises en Europe [&hellip;]<\/p>\n","protected":false},"author":1,"featured_media":0,"parent":66,"menu_order":2,"comment_status":"closed","ping_status":"closed","template":"","meta":{"footnotes":""},"class_list":["post-82","page","type-page","status-publish","hentry"],"yoast_head":"<!-- This site is optimized with the Yoast SEO plugin v27.4 - https:\/\/yoast.com\/product\/yoast-seo-wordpress\/ -->\n<title>Bac + 3 | Licences professionnelles - IUT de Colmar<\/title>\n<meta name=\"description\" content=\"L&#039;IUT de Colmar propose au total 11 licences professionnelles qui forment des \u00e9tudiants \u00e0 Bac + 3 dans diff\u00e9rents domaines.\" \/>\n<meta name=\"robots\" content=\"index, follow, max-snippet:-1, max-image-preview:large, max-video-preview:-1\" \/>\n<link rel=\"canonical\" href=\"https:\/\/www.iutcolmar.uha.fr\/index.php\/formations\/diplomes\/bac-3-licences-professionnelles\/\" \/>\n<meta property=\"og:locale\" content=\"fr_FR\" \/>\n<meta property=\"og:type\" content=\"article\" \/>\n<meta property=\"og:title\" content=\"Bac + 3 | Licences professionnelles - IUT de Colmar\" \/>\n<meta property=\"og:description\" content=\"L&#039;IUT de Colmar propose au total 11 licences professionnelles qui forment des \u00e9tudiants \u00e0 Bac + 3 dans diff\u00e9rents domaines.\" \/>\n<meta property=\"og:url\" content=\"https:\/\/www.iutcolmar.uha.fr\/index.php\/formations\/diplomes\/bac-3-licences-professionnelles\/\" \/>\n<meta property=\"og:site_name\" content=\"IUT de Colmar\" \/>\n<meta property=\"article:modified_time\" content=\"2025-12-16T15:07:14+00:00\" \/>\n<meta property=\"og:image\" content=\"https:\/\/www.iutcolmar.uha.fr\/wp-content\/uploads\/2018\/11\/LAURIERS.jpg\" \/>\n\t<meta property=\"og:image:width\" content=\"5386\" \/>\n\t<meta property=\"og:image:height\" content=\"1488\" \/>\n\t<meta property=\"og:image:type\" content=\"image\/jpeg\" \/>\n<meta name=\"twitter:card\" content=\"summary_large_image\" \/>\n<meta name=\"twitter:label1\" content=\"Dur\u00e9e de lecture estim\u00e9e\" \/>\n\t<meta name=\"twitter:data1\" content=\"1 minute\" \/>\n<script type=\"application\/ld+json\" class=\"yoast-schema-graph\">{\"@context\":\"https:\\\/\\\/schema.org\",\"@graph\":[{\"@type\":\"WebPage\",\"@id\":\"https:\\\/\\\/www.iutcolmar.uha.fr\\\/index.php\\\/formations\\\/diplomes\\\/bac-3-licences-professionnelles\\\/\",\"url\":\"https:\\\/\\\/www.iutcolmar.uha.fr\\\/index.php\\\/formations\\\/diplomes\\\/bac-3-licences-professionnelles\\\/\",\"name\":\"Bac + 3 | Licences professionnelles - IUT de Colmar\",\"isPartOf\":{\"@id\":\"https:\\\/\\\/www.iutcolmar.uha.fr\\\/#website\"},\"primaryImageOfPage\":{\"@id\":\"https:\\\/\\\/www.iutcolmar.uha.fr\\\/index.php\\\/formations\\\/diplomes\\\/bac-3-licences-professionnelles\\\/#primaryimage\"},\"image\":{\"@id\":\"https:\\\/\\\/www.iutcolmar.uha.fr\\\/index.php\\\/formations\\\/diplomes\\\/bac-3-licences-professionnelles\\\/#primaryimage\"},\"thumbnailUrl\":\"https:\\\/\\\/www.iutcolmar.uha.fr\\\/wp-content\\\/uploads\\\/2018\\\/11\\\/LAURIERS-300x83.jpg\",\"datePublished\":\"2018-04-05T06:39:17+00:00\",\"dateModified\":\"2025-12-16T15:07:14+00:00\",\"description\":\"L'IUT de Colmar propose au total 11 licences professionnelles qui forment des \u00e9tudiants \u00e0 Bac + 3 dans diff\u00e9rents domaines.\",\"breadcrumb\":{\"@id\":\"https:\\\/\\\/www.iutcolmar.uha.fr\\\/index.php\\\/formations\\\/diplomes\\\/bac-3-licences-professionnelles\\\/#breadcrumb\"},\"inLanguage\":\"fr-FR\",\"potentialAction\":[{\"@type\":\"ReadAction\",\"target\":[\"https:\\\/\\\/www.iutcolmar.uha.fr\\\/index.php\\\/formations\\\/diplomes\\\/bac-3-licences-professionnelles\\\/\"]}]},{\"@type\":\"ImageObject\",\"inLanguage\":\"fr-FR\",\"@id\":\"https:\\\/\\\/www.iutcolmar.uha.fr\\\/index.php\\\/formations\\\/diplomes\\\/bac-3-licences-professionnelles\\\/#primaryimage\",\"url\":\"https:\\\/\\\/www.iutcolmar.uha.fr\\\/wp-content\\\/uploads\\\/2018\\\/11\\\/LAURIERS-300x83.jpg\",\"contentUrl\":\"https:\\\/\\\/www.iutcolmar.uha.fr\\\/wp-content\\\/uploads\\\/2018\\\/11\\\/LAURIERS-300x83.jpg\"},{\"@type\":\"BreadcrumbList\",\"@id\":\"https:\\\/\\\/www.iutcolmar.uha.fr\\\/index.php\\\/formations\\\/diplomes\\\/bac-3-licences-professionnelles\\\/#breadcrumb\",\"itemListElement\":[{\"@type\":\"ListItem\",\"position\":1,\"name\":\"Accueil\",\"item\":\"https:\\\/\\\/www.iutcolmar.uha.fr\\\/\"},{\"@type\":\"ListItem\",\"position\":2,\"name\":\"Formations\",\"item\":\"https:\\\/\\\/www.iutcolmar.uha.fr\\\/index.php\\\/formations\\\/\"},{\"@type\":\"ListItem\",\"position\":3,\"name\":\"Dipl\u00f4mes\",\"item\":\"https:\\\/\\\/www.iutcolmar.uha.fr\\\/index.php\\\/formations\\\/diplomes\\\/\"},{\"@type\":\"ListItem\",\"position\":4,\"name\":\"Licences professionnelles &#8211; Bac + 3\"}]},{\"@type\":\"WebSite\",\"@id\":\"https:\\\/\\\/www.iutcolmar.uha.fr\\\/#website\",\"url\":\"https:\\\/\\\/www.iutcolmar.uha.fr\\\/\",\"name\":\"IUT de Colmar\",\"description\":\"Universit\u00e9 de Haute-Alsace\",\"potentialAction\":[{\"@type\":\"SearchAction\",\"target\":{\"@type\":\"EntryPoint\",\"urlTemplate\":\"https:\\\/\\\/www.iutcolmar.uha.fr\\\/?s={search_term_string}\"},\"query-input\":{\"@type\":\"PropertyValueSpecification\",\"valueRequired\":true,\"valueName\":\"search_term_string\"}}],\"inLanguage\":\"fr-FR\"}]}<\/script>\n<!-- \/ Yoast SEO plugin. -->","yoast_head_json":{"title":"Bac + 3 | Licences professionnelles - IUT de Colmar","description":"L'IUT de Colmar propose au total 11 licences professionnelles qui forment des \u00e9tudiants \u00e0 Bac + 3 dans diff\u00e9rents domaines.","robots":{"index":"index","follow":"follow","max-snippet":"max-snippet:-1","max-image-preview":"max-image-preview:large","max-video-preview":"max-video-preview:-1"},"canonical":"https:\/\/www.iutcolmar.uha.fr\/index.php\/formations\/diplomes\/bac-3-licences-professionnelles\/","og_locale":"fr_FR","og_type":"article","og_title":"Bac + 3 | Licences professionnelles - IUT de Colmar","og_description":"L'IUT de Colmar propose au total 11 licences professionnelles qui forment des \u00e9tudiants \u00e0 Bac + 3 dans diff\u00e9rents domaines.","og_url":"https:\/\/www.iutcolmar.uha.fr\/index.php\/formations\/diplomes\/bac-3-licences-professionnelles\/","og_site_name":"IUT de Colmar","article_modified_time":"2025-12-16T15:07:14+00:00","og_image":[{"width":5386,"height":1488,"url":"https:\/\/www.iutcolmar.uha.fr\/wp-content\/uploads\/2018\/11\/LAURIERS.jpg","type":"image\/jpeg"}],"twitter_card":"summary_large_image","twitter_misc":{"Dur\u00e9e de lecture estim\u00e9e":"1 minute"},"schema":{"@context":"https:\/\/schema.org","@graph":[{"@type":"WebPage","@id":"https:\/\/www.iutcolmar.uha.fr\/index.php\/formations\/diplomes\/bac-3-licences-professionnelles\/","url":"https:\/\/www.iutcolmar.uha.fr\/index.php\/formations\/diplomes\/bac-3-licences-professionnelles\/","name":"Bac + 3 | Licences professionnelles - IUT de Colmar","isPartOf":{"@id":"https:\/\/www.iutcolmar.uha.fr\/#website"},"primaryImageOfPage":{"@id":"https:\/\/www.iutcolmar.uha.fr\/index.php\/formations\/diplomes\/bac-3-licences-professionnelles\/#primaryimage"},"image":{"@id":"https:\/\/www.iutcolmar.uha.fr\/index.php\/formations\/diplomes\/bac-3-licences-professionnelles\/#primaryimage"},"thumbnailUrl":"https:\/\/www.iutcolmar.uha.fr\/wp-content\/uploads\/2018\/11\/LAURIERS-300x83.jpg","datePublished":"2018-04-05T06:39:17+00:00","dateModified":"2025-12-16T15:07:14+00:00","description":"L'IUT de Colmar propose au total 11 licences professionnelles qui forment des \u00e9tudiants \u00e0 Bac + 3 dans diff\u00e9rents domaines.","breadcrumb":{"@id":"https:\/\/www.iutcolmar.uha.fr\/index.php\/formations\/diplomes\/bac-3-licences-professionnelles\/#breadcrumb"},"inLanguage":"fr-FR","potentialAction":[{"@type":"ReadAction","target":["https:\/\/www.iutcolmar.uha.fr\/index.php\/formations\/diplomes\/bac-3-licences-professionnelles\/"]}]},{"@type":"ImageObject","inLanguage":"fr-FR","@id":"https:\/\/www.iutcolmar.uha.fr\/index.php\/formations\/diplomes\/bac-3-licences-professionnelles\/#primaryimage","url":"https:\/\/www.iutcolmar.uha.fr\/wp-content\/uploads\/2018\/11\/LAURIERS-300x83.jpg","contentUrl":"https:\/\/www.iutcolmar.uha.fr\/wp-content\/uploads\/2018\/11\/LAURIERS-300x83.jpg"},{"@type":"BreadcrumbList","@id":"https:\/\/www.iutcolmar.uha.fr\/index.php\/formations\/diplomes\/bac-3-licences-professionnelles\/#breadcrumb","itemListElement":[{"@type":"ListItem","position":1,"name":"Accueil","item":"https:\/\/www.iutcolmar.uha.fr\/"},{"@type":"ListItem","position":2,"name":"Formations","item":"https:\/\/www.iutcolmar.uha.fr\/index.php\/formations\/"},{"@type":"ListItem","position":3,"name":"Dipl\u00f4mes","item":"https:\/\/www.iutcolmar.uha.fr\/index.php\/formations\/diplomes\/"},{"@type":"ListItem","position":4,"name":"Licences professionnelles &#8211; Bac + 3"}]},{"@type":"WebSite","@id":"https:\/\/www.iutcolmar.uha.fr\/#website","url":"https:\/\/www.iutcolmar.uha.fr\/","name":"IUT de Colmar","description":"Universit\u00e9 de Haute-Alsace","potentialAction":[{"@type":"SearchAction","target":{"@type":"EntryPoint","urlTemplate":"https:\/\/www.iutcolmar.uha.fr\/?s={search_term_string}"},"query-input":{"@type":"PropertyValueSpecification","valueRequired":true,"valueName":"search_term_string"}}],"inLanguage":"fr-FR"}]}},"_links":{"self":[{"href":"https:\/\/www.iutcolmar.uha.fr\/index.php\/wp-json\/wp\/v2\/pages\/82","targetHints":{"allow":["GET"]}}],"collection":[{"href":"https:\/\/www.iutcolmar.uha.fr\/index.php\/wp-json\/wp\/v2\/pages"}],"about":[{"href":"https:\/\/www.iutcolmar.uha.fr\/index.php\/wp-json\/wp\/v2\/types\/page"}],"author":[{"embeddable":true,"href":"https:\/\/www.iutcolmar.uha.fr\/index.php\/wp-json\/wp\/v2\/users\/1"}],"replies":[{"embeddable":true,"href":"https:\/\/www.iutcolmar.uha.fr\/index.php\/wp-json\/wp\/v2\/comments?post=82"}],"version-history":[{"count":23,"href":"https:\/\/www.iutcolmar.uha.fr\/index.php\/wp-json\/wp\/v2\/pages\/82\/revisions"}],"predecessor-version":[{"id":7947,"href":"https:\/\/www.iutcolmar.uha.fr\/index.php\/wp-json\/wp\/v2\/pages\/82\/revisions\/7947"}],"up":[{"embeddable":true,"href":"https:\/\/www.iutcolmar.uha.fr\/index.php\/wp-json\/wp\/v2\/pages\/66"}],"wp:attachment":[{"href":"https:\/\/www.iutcolmar.uha.fr\/index.php\/wp-json\/wp\/v2\/media?parent=82"}],"curies":[{"name":"wp","href":"https:\/\/api.w.org\/{rel}","templated":true}]}}