{"id":84,"date":"2018-04-05T08:40:29","date_gmt":"2018-04-05T06:40:29","guid":{"rendered":"https:\/\/www.iutcolmar.uha.fr\/?page_id=84"},"modified":"2025-12-16T16:38:03","modified_gmt":"2025-12-16T15:38:03","slug":"diplomes-multiples-formations-transfrontalieres","status":"publish","type":"page","link":"https:\/\/www.iutcolmar.uha.fr\/index.php\/formations\/diplomes\/diplomes-multiples-formations-transfrontalieres\/","title":{"rendered":"Dipl\u00f4mes multiples &#8211; Formations transfrontali\u00e8res"},"content":{"rendered":"<h1><span style=\"color: #333333;\">Dipl\u00f4mes multiples &#8211; Formations transfrontali\u00e8res<\/span><\/h1>\n<h1><img loading=\"lazy\" decoding=\"async\" class=\" wp-image-3281 alignleft\" src=\"https:\/\/www.iutcolmar.uha.fr\/wp-content\/uploads\/2018\/11\/europe-web-300x83.jpg\" alt=\"Europe\" width=\"1186\" height=\"328\" srcset=\"https:\/\/www.iutcolmar.uha.fr\/wp-content\/uploads\/2018\/11\/europe-web-300x83.jpg 300w, https:\/\/www.iutcolmar.uha.fr\/wp-content\/uploads\/2018\/11\/europe-web-768x212.jpg 768w, https:\/\/www.iutcolmar.uha.fr\/wp-content\/uploads\/2018\/11\/europe-web-1024x283.jpg 1024w\" sizes=\"auto, (max-width: 1186px) 100vw, 1186px\" \/><\/h1>\n<p>&nbsp;<\/p>\n<p>Une <strong>formation transfrontali\u00e8re<\/strong> est un cursus universitaire con\u00e7u et reconnu <strong>par plusieurs pays frontaliers<\/strong>, permettant \u00e0 l\u2019\u00e9tudiant de suivre une partie de sa formation dans chaque pays partenaire.<\/p>\n<p>Ces formations d\u00e9bouchent sur un <strong>dipl\u00f4me conjoint<\/strong> (double ou triple reconnaissance), une <strong>ma\u00eetrise renforc\u00e9e des langues \u00e9trang\u00e8res<\/strong>, et une <strong>forte employabilit\u00e9<\/strong> sur le march\u00e9 europ\u00e9en.<\/p>\n<p>L\u2019IUT de Colmar propose plusieurs cursus transfrontaliers permettant aux \u00e9tudiants d\u2019obtenir des <strong>dipl\u00f4mes reconnus en France, en Allemagne et en Suisse<\/strong>.<\/p>\n<div class=\"su-box su-box-style-default\" id=\"\" style=\"border-color:#000000;border-radius:3px;max-width:none\"><div class=\"su-box-title\" style=\"background-color:#333333;color:#FFFFFF;border-top-left-radius:1px;border-top-right-radius:1px\">Formations transfrontali\u00e8res - Dipl\u00f4mes multiples<\/div><div class=\"su-box-content su-u-clearfix su-u-trim\" style=\"border-bottom-left-radius:1px;border-bottom-right-radius:1px\">\n<ul>\n<li><a href=\"https:\/\/www.iutcolmar.uha.fr\/index.php\/formations\/diplomes\/bachelor-universitaire-de-technologie-b-u-t-bac-3\/b-u-t-reseaux-et-telecommunications\/\">Formation Trinationale \u2013 Information Communication Systems \/ R\u00e9seaux et T\u00e9l\u00e9communications<\/a><\/li>\n<li><a href=\"https:\/\/www.iutcolmar.uha.fr\/index.php\/formations\/formations-transfrontalieres\/international-business-management\/\">Formation Trinationale \u2013 International Business Management<\/a><\/li>\n<\/ul>\n<\/div><\/div>\n","protected":false},"excerpt":{"rendered":"<p>Dipl\u00f4mes multiples &#8211; Formations transfrontali\u00e8res &nbsp; Une formation transfrontali\u00e8re est un cursus universitaire con\u00e7u et reconnu par plusieurs pays frontaliers, permettant \u00e0 l\u2019\u00e9tudiant de suivre une partie de sa formation dans chaque pays partenaire. Ces formations d\u00e9bouchent sur un dipl\u00f4me conjoint (double ou triple reconnaissance), une ma\u00eetrise renforc\u00e9e des langues \u00e9trang\u00e8res, et une forte employabilit\u00e9 [&hellip;]<\/p>\n","protected":false},"author":1,"featured_media":0,"parent":66,"menu_order":3,"comment_status":"closed","ping_status":"closed","template":"","meta":{"footnotes":""},"class_list":["post-84","page","type-page","status-publish","hentry"],"yoast_head":"<!-- This site is optimized with the Yoast SEO plugin v27.4 - https:\/\/yoast.com\/product\/yoast-seo-wordpress\/ -->\n<title>Dipl\u00f4mes Multiples - Formations Transfrontali\u00e8res | IUT de Colmar<\/title>\n<meta name=\"description\" content=\"L&#039;IUT de Colmar propose des dipl\u00f4mes multiples. Nous retrouvons quatre formations transfrontali\u00e8res : un DUT, une LP et deux formations \u00e0 l&#039;international.\" \/>\n<meta name=\"robots\" content=\"index, follow, max-snippet:-1, max-image-preview:large, max-video-preview:-1\" \/>\n<link rel=\"canonical\" href=\"https:\/\/www.iutcolmar.uha.fr\/index.php\/formations\/diplomes\/diplomes-multiples-formations-transfrontalieres\/\" \/>\n<meta property=\"og:locale\" content=\"fr_FR\" \/>\n<meta property=\"og:type\" content=\"article\" \/>\n<meta property=\"og:title\" content=\"Dipl\u00f4mes Multiples - Formations Transfrontali\u00e8res | IUT de Colmar\" \/>\n<meta property=\"og:description\" content=\"L&#039;IUT de Colmar propose des dipl\u00f4mes multiples. Nous retrouvons quatre formations transfrontali\u00e8res : un DUT, une LP et deux formations \u00e0 l&#039;international.\" \/>\n<meta property=\"og:url\" content=\"https:\/\/www.iutcolmar.uha.fr\/index.php\/formations\/diplomes\/diplomes-multiples-formations-transfrontalieres\/\" \/>\n<meta property=\"og:site_name\" content=\"IUT de Colmar\" \/>\n<meta property=\"article:modified_time\" content=\"2025-12-16T15:38:03+00:00\" \/>\n<meta property=\"og:image\" content=\"https:\/\/www.iutcolmar.uha.fr\/wp-content\/uploads\/2018\/11\/europe-web.jpg\" \/>\n\t<meta property=\"og:image:width\" content=\"5386\" \/>\n\t<meta property=\"og:image:height\" content=\"1488\" \/>\n\t<meta property=\"og:image:type\" content=\"image\/jpeg\" \/>\n<meta name=\"twitter:card\" content=\"summary_large_image\" \/>\n<meta name=\"twitter:label1\" content=\"Dur\u00e9e de lecture estim\u00e9e\" \/>\n\t<meta name=\"twitter:data1\" content=\"1 minute\" \/>\n<script type=\"application\/ld+json\" class=\"yoast-schema-graph\">{\"@context\":\"https:\\\/\\\/schema.org\",\"@graph\":[{\"@type\":\"WebPage\",\"@id\":\"https:\\\/\\\/www.iutcolmar.uha.fr\\\/index.php\\\/formations\\\/diplomes\\\/diplomes-multiples-formations-transfrontalieres\\\/\",\"url\":\"https:\\\/\\\/www.iutcolmar.uha.fr\\\/index.php\\\/formations\\\/diplomes\\\/diplomes-multiples-formations-transfrontalieres\\\/\",\"name\":\"Dipl\u00f4mes Multiples - Formations Transfrontali\u00e8res | IUT de Colmar\",\"isPartOf\":{\"@id\":\"https:\\\/\\\/www.iutcolmar.uha.fr\\\/#website\"},\"primaryImageOfPage\":{\"@id\":\"https:\\\/\\\/www.iutcolmar.uha.fr\\\/index.php\\\/formations\\\/diplomes\\\/diplomes-multiples-formations-transfrontalieres\\\/#primaryimage\"},\"image\":{\"@id\":\"https:\\\/\\\/www.iutcolmar.uha.fr\\\/index.php\\\/formations\\\/diplomes\\\/diplomes-multiples-formations-transfrontalieres\\\/#primaryimage\"},\"thumbnailUrl\":\"https:\\\/\\\/www.iutcolmar.uha.fr\\\/wp-content\\\/uploads\\\/2018\\\/11\\\/europe-web-300x83.jpg\",\"datePublished\":\"2018-04-05T06:40:29+00:00\",\"dateModified\":\"2025-12-16T15:38:03+00:00\",\"description\":\"L'IUT de Colmar propose des dipl\u00f4mes multiples. Nous retrouvons quatre formations transfrontali\u00e8res : un DUT, une LP et deux formations \u00e0 l'international.\",\"breadcrumb\":{\"@id\":\"https:\\\/\\\/www.iutcolmar.uha.fr\\\/index.php\\\/formations\\\/diplomes\\\/diplomes-multiples-formations-transfrontalieres\\\/#breadcrumb\"},\"inLanguage\":\"fr-FR\",\"potentialAction\":[{\"@type\":\"ReadAction\",\"target\":[\"https:\\\/\\\/www.iutcolmar.uha.fr\\\/index.php\\\/formations\\\/diplomes\\\/diplomes-multiples-formations-transfrontalieres\\\/\"]}]},{\"@type\":\"ImageObject\",\"inLanguage\":\"fr-FR\",\"@id\":\"https:\\\/\\\/www.iutcolmar.uha.fr\\\/index.php\\\/formations\\\/diplomes\\\/diplomes-multiples-formations-transfrontalieres\\\/#primaryimage\",\"url\":\"https:\\\/\\\/www.iutcolmar.uha.fr\\\/wp-content\\\/uploads\\\/2018\\\/11\\\/europe-web-300x83.jpg\",\"contentUrl\":\"https:\\\/\\\/www.iutcolmar.uha.fr\\\/wp-content\\\/uploads\\\/2018\\\/11\\\/europe-web-300x83.jpg\"},{\"@type\":\"BreadcrumbList\",\"@id\":\"https:\\\/\\\/www.iutcolmar.uha.fr\\\/index.php\\\/formations\\\/diplomes\\\/diplomes-multiples-formations-transfrontalieres\\\/#breadcrumb\",\"itemListElement\":[{\"@type\":\"ListItem\",\"position\":1,\"name\":\"Accueil\",\"item\":\"https:\\\/\\\/www.iutcolmar.uha.fr\\\/\"},{\"@type\":\"ListItem\",\"position\":2,\"name\":\"Formations\",\"item\":\"https:\\\/\\\/www.iutcolmar.uha.fr\\\/index.php\\\/formations\\\/\"},{\"@type\":\"ListItem\",\"position\":3,\"name\":\"Dipl\u00f4mes\",\"item\":\"https:\\\/\\\/www.iutcolmar.uha.fr\\\/index.php\\\/formations\\\/diplomes\\\/\"},{\"@type\":\"ListItem\",\"position\":4,\"name\":\"Dipl\u00f4mes multiples &#8211; Formations transfrontali\u00e8res\"}]},{\"@type\":\"WebSite\",\"@id\":\"https:\\\/\\\/www.iutcolmar.uha.fr\\\/#website\",\"url\":\"https:\\\/\\\/www.iutcolmar.uha.fr\\\/\",\"name\":\"IUT de Colmar\",\"description\":\"Universit\u00e9 de Haute-Alsace\",\"potentialAction\":[{\"@type\":\"SearchAction\",\"target\":{\"@type\":\"EntryPoint\",\"urlTemplate\":\"https:\\\/\\\/www.iutcolmar.uha.fr\\\/?s={search_term_string}\"},\"query-input\":{\"@type\":\"PropertyValueSpecification\",\"valueRequired\":true,\"valueName\":\"search_term_string\"}}],\"inLanguage\":\"fr-FR\"}]}<\/script>\n<!-- \/ Yoast SEO plugin. -->","yoast_head_json":{"title":"Dipl\u00f4mes Multiples - Formations Transfrontali\u00e8res | IUT de Colmar","description":"L'IUT de Colmar propose des dipl\u00f4mes multiples. Nous retrouvons quatre formations transfrontali\u00e8res : un DUT, une LP et deux formations \u00e0 l'international.","robots":{"index":"index","follow":"follow","max-snippet":"max-snippet:-1","max-image-preview":"max-image-preview:large","max-video-preview":"max-video-preview:-1"},"canonical":"https:\/\/www.iutcolmar.uha.fr\/index.php\/formations\/diplomes\/diplomes-multiples-formations-transfrontalieres\/","og_locale":"fr_FR","og_type":"article","og_title":"Dipl\u00f4mes Multiples - Formations Transfrontali\u00e8res | IUT de Colmar","og_description":"L'IUT de Colmar propose des dipl\u00f4mes multiples. Nous retrouvons quatre formations transfrontali\u00e8res : un DUT, une LP et deux formations \u00e0 l'international.","og_url":"https:\/\/www.iutcolmar.uha.fr\/index.php\/formations\/diplomes\/diplomes-multiples-formations-transfrontalieres\/","og_site_name":"IUT de Colmar","article_modified_time":"2025-12-16T15:38:03+00:00","og_image":[{"width":5386,"height":1488,"url":"https:\/\/www.iutcolmar.uha.fr\/wp-content\/uploads\/2018\/11\/europe-web.jpg","type":"image\/jpeg"}],"twitter_card":"summary_large_image","twitter_misc":{"Dur\u00e9e de lecture estim\u00e9e":"1 minute"},"schema":{"@context":"https:\/\/schema.org","@graph":[{"@type":"WebPage","@id":"https:\/\/www.iutcolmar.uha.fr\/index.php\/formations\/diplomes\/diplomes-multiples-formations-transfrontalieres\/","url":"https:\/\/www.iutcolmar.uha.fr\/index.php\/formations\/diplomes\/diplomes-multiples-formations-transfrontalieres\/","name":"Dipl\u00f4mes Multiples - Formations Transfrontali\u00e8res | IUT de Colmar","isPartOf":{"@id":"https:\/\/www.iutcolmar.uha.fr\/#website"},"primaryImageOfPage":{"@id":"https:\/\/www.iutcolmar.uha.fr\/index.php\/formations\/diplomes\/diplomes-multiples-formations-transfrontalieres\/#primaryimage"},"image":{"@id":"https:\/\/www.iutcolmar.uha.fr\/index.php\/formations\/diplomes\/diplomes-multiples-formations-transfrontalieres\/#primaryimage"},"thumbnailUrl":"https:\/\/www.iutcolmar.uha.fr\/wp-content\/uploads\/2018\/11\/europe-web-300x83.jpg","datePublished":"2018-04-05T06:40:29+00:00","dateModified":"2025-12-16T15:38:03+00:00","description":"L'IUT de Colmar propose des dipl\u00f4mes multiples. Nous retrouvons quatre formations transfrontali\u00e8res : un DUT, une LP et deux formations \u00e0 l'international.","breadcrumb":{"@id":"https:\/\/www.iutcolmar.uha.fr\/index.php\/formations\/diplomes\/diplomes-multiples-formations-transfrontalieres\/#breadcrumb"},"inLanguage":"fr-FR","potentialAction":[{"@type":"ReadAction","target":["https:\/\/www.iutcolmar.uha.fr\/index.php\/formations\/diplomes\/diplomes-multiples-formations-transfrontalieres\/"]}]},{"@type":"ImageObject","inLanguage":"fr-FR","@id":"https:\/\/www.iutcolmar.uha.fr\/index.php\/formations\/diplomes\/diplomes-multiples-formations-transfrontalieres\/#primaryimage","url":"https:\/\/www.iutcolmar.uha.fr\/wp-content\/uploads\/2018\/11\/europe-web-300x83.jpg","contentUrl":"https:\/\/www.iutcolmar.uha.fr\/wp-content\/uploads\/2018\/11\/europe-web-300x83.jpg"},{"@type":"BreadcrumbList","@id":"https:\/\/www.iutcolmar.uha.fr\/index.php\/formations\/diplomes\/diplomes-multiples-formations-transfrontalieres\/#breadcrumb","itemListElement":[{"@type":"ListItem","position":1,"name":"Accueil","item":"https:\/\/www.iutcolmar.uha.fr\/"},{"@type":"ListItem","position":2,"name":"Formations","item":"https:\/\/www.iutcolmar.uha.fr\/index.php\/formations\/"},{"@type":"ListItem","position":3,"name":"Dipl\u00f4mes","item":"https:\/\/www.iutcolmar.uha.fr\/index.php\/formations\/diplomes\/"},{"@type":"ListItem","position":4,"name":"Dipl\u00f4mes multiples &#8211; Formations transfrontali\u00e8res"}]},{"@type":"WebSite","@id":"https:\/\/www.iutcolmar.uha.fr\/#website","url":"https:\/\/www.iutcolmar.uha.fr\/","name":"IUT de Colmar","description":"Universit\u00e9 de Haute-Alsace","potentialAction":[{"@type":"SearchAction","target":{"@type":"EntryPoint","urlTemplate":"https:\/\/www.iutcolmar.uha.fr\/?s={search_term_string}"},"query-input":{"@type":"PropertyValueSpecification","valueRequired":true,"valueName":"search_term_string"}}],"inLanguage":"fr-FR"}]}},"_links":{"self":[{"href":"https:\/\/www.iutcolmar.uha.fr\/index.php\/wp-json\/wp\/v2\/pages\/84","targetHints":{"allow":["GET"]}}],"collection":[{"href":"https:\/\/www.iutcolmar.uha.fr\/index.php\/wp-json\/wp\/v2\/pages"}],"about":[{"href":"https:\/\/www.iutcolmar.uha.fr\/index.php\/wp-json\/wp\/v2\/types\/page"}],"author":[{"embeddable":true,"href":"https:\/\/www.iutcolmar.uha.fr\/index.php\/wp-json\/wp\/v2\/users\/1"}],"replies":[{"embeddable":true,"href":"https:\/\/www.iutcolmar.uha.fr\/index.php\/wp-json\/wp\/v2\/comments?post=84"}],"version-history":[{"count":22,"href":"https:\/\/www.iutcolmar.uha.fr\/index.php\/wp-json\/wp\/v2\/pages\/84\/revisions"}],"predecessor-version":[{"id":7961,"href":"https:\/\/www.iutcolmar.uha.fr\/index.php\/wp-json\/wp\/v2\/pages\/84\/revisions\/7961"}],"up":[{"embeddable":true,"href":"https:\/\/www.iutcolmar.uha.fr\/index.php\/wp-json\/wp\/v2\/pages\/66"}],"wp:attachment":[{"href":"https:\/\/www.iutcolmar.uha.fr\/index.php\/wp-json\/wp\/v2\/media?parent=84"}],"curies":[{"name":"wp","href":"https:\/\/api.w.org\/{rel}","templated":true}]}}