{"id":9,"date":"2018-04-04T13:46:46","date_gmt":"2018-04-04T11:46:46","guid":{"rendered":"https:\/\/www.iutcolmar.uha.fr\/?page_id=9"},"modified":"2026-02-16T15:46:08","modified_gmt":"2026-02-16T14:46:08","slug":"candidatures-inscriptions","status":"publish","type":"page","link":"https:\/\/www.iutcolmar.uha.fr\/index.php\/candidatures-inscriptions\/","title":{"rendered":"Candidatures, Inscriptions, Dates de rentr\u00e9e"},"content":{"rendered":"<p><img loading=\"lazy\" decoding=\"async\" class=\"alignnone wp-image-6799 size-full\" src=\"https:\/\/www.iutcolmar.uha.fr\/wp-content\/uploads\/2024\/10\/SCOLARITE.png\" alt=\"\" width=\"1688\" height=\"433\" srcset=\"https:\/\/www.iutcolmar.uha.fr\/wp-content\/uploads\/2024\/10\/SCOLARITE.png 1688w, https:\/\/www.iutcolmar.uha.fr\/wp-content\/uploads\/2024\/10\/SCOLARITE-300x77.png 300w, https:\/\/www.iutcolmar.uha.fr\/wp-content\/uploads\/2024\/10\/SCOLARITE-1024x263.png 1024w, https:\/\/www.iutcolmar.uha.fr\/wp-content\/uploads\/2024\/10\/SCOLARITE-768x197.png 768w, https:\/\/www.iutcolmar.uha.fr\/wp-content\/uploads\/2024\/10\/SCOLARITE-1536x394.png 1536w\" sizes=\"auto, (max-width: 1688px) 100vw, 1688px\" \/><\/p>\n<div class=\"su-row\"><div class=\"su-column su-column-size-3-4\"><div class=\"su-column-inner su-u-clearfix su-u-trim\">\n<p>La scolarit\u00e9 de l&rsquo;IUT de Colmar vous accueille au rez-de-chauss\u00e9e du b\u00e2timent C du Campus Grillenbreit :<\/p>\n<p>Le lundi de 7h45 \u00e0 11h30 et de 13h30 \u00e0 16h30<br \/>\nLes mardi-mercredi-jeudi de 7h45 \u00e0 11h30 et de 12h15 \u00e0 16h30<br \/>\nLe vendredi uniquement sur RDV<\/p>\n<div class=\"su-box su-box-style-default\" id=\"\" style=\"border-color:#000000;border-radius:3px;max-width:none\"><div class=\"su-box-title\" style=\"background-color:#333333;color:#FFFFFF;border-top-left-radius:1px;border-top-right-radius:1px\">Informations<\/div><div class=\"su-box-content su-u-clearfix su-u-trim\" style=\"border-bottom-left-radius:1px;border-bottom-right-radius:1px\">\n<ul>\n<li><a href=\"https:\/\/www.iutcolmar.uha.fr\/index.php\/candidatures-inscriptions\/candidatures\/\">Candidatures<\/a><\/li>\n<li><a href=\"https:\/\/www.iutcolmar.uha.fr\/index.php\/formations\/candidatures-inscriptions\/inscription\/\">Inscriptions<\/a><\/li>\n<li><a href=\"https:\/\/www.iutcolmar.uha.fr\/wp-content\/uploads\/2025\/06\/Demarches-inscriptions-administratives-et-informations-utiles-20251.pdf\">Dates des rentr\u00e9es universitaire<\/a><\/li>\n<\/ul>\n<\/div><\/div>\n<div class=\"su-service\"><div class=\"su-service-title\" style=\"padding-left:38px;min-height:24px;line-height:24px\"><i class=\"sui sui-envelope-open-o\" style=\"font-size:24px;color:#009ee3\"><\/i> Bo\u00eete aux lettres<\/div><div class=\"su-service-content su-u-clearfix su-u-trim\" style=\"padding-left:38px\">\n<p>En dehors des heures d&rsquo;ouverture et en cas d&rsquo;absence, d\u00e9posez vos documents dans la bo\u00eete aux lettres \u00e0 l&rsquo;entr\u00e9e du bureau et pr\u00e9venez-nous par mail <a href=\"mailto:scolarite.iutcolmar@uha.fr\">scolarite.iutcolmar@uha.fr<\/a><\/p>\n<\/div><\/div>\n<p class=\"titre\"><div class=\"su-service\"><div class=\"su-service-title\" style=\"padding-left:38px;min-height:24px;line-height:24px\"><i class=\"sui sui-envelope-open\" style=\"font-size:24px;color:#009ee3\"><\/i> Coordonn\u00e9es contacts<\/div><div class=\"su-service-content su-u-clearfix su-u-trim\" style=\"padding-left:38px\">\n<p>IUT de Colmar &#8211; Scolarit\u00e9<br \/>\n34 rue du Grillenbreit<br \/>\nBP 50568 &#8211; 68008 Colmar cedex<br \/>\n<a href=\"mailto:scolarite.iutcolmar@uha.fr\">scolarite.iutcolmar@uha.fr<\/a><\/p>\n<\/div><\/div>\n<div class=\"su-service\"><div class=\"su-service-title\" style=\"padding-left:38px;min-height:24px;line-height:24px\"><i class=\"sui sui-phone\" style=\"font-size:24px;color:#009ee3\"><\/i>  Pour nous joindre<\/div><div class=\"su-service-content su-u-clearfix su-u-trim\" style=\"padding-left:38px\">\n<p><a href=\"tel:+33389202382\">+33 (0)3 89 20 23 82<\/a><br \/>\nou<br \/>\n<a href=\"tel:+33389205485\">+33 (0)3 89 20 54 85<\/a><\/p>\n<\/div><\/div>\n<\/div><\/div> <div class=\"su-column su-column-size-1-4\"><div class=\"su-column-inner su-u-clearfix su-u-trim\">\n<div class=\"su-button-center\"><a href=\"https:\/\/my.web-visite.com\/F1wZsyd4fe\" class=\"su-button su-button-style-flat su-button-wide\" style=\"color:#FFFFFF;background-color:#004996;border-color:#003b78;border-radius:0px\" target=\"_self\"><span style=\"color:#FFFFFF;padding:6px 18px;font-size:14px;line-height:21px;border-color:#4d80b6;border-radius:0px;text-shadow:none\"><i class=\"sui sui-link\" style=\"font-size:14px;color:#FFFFFF\"><\/i> Visite virtuelle<\/span><\/a><\/div>\n<p><strong>Portes ouvertes :<br \/>\n<\/strong>Samedi 7 mars 2026<br \/>\nde 9h00 \u00e0 16h00<br \/>\n<a href=\"https:\/\/www.iutcolmar.uha.fr\/wp-content\/uploads\/2026\/02\/JPO-2026IUT-C-PROG_web.pdf\">Programme d\u00e9taill\u00e9<\/a><br \/>\nPour plus d&rsquo;informations : <a href=\"http:\/\/jpo.uha.fr\/\">www.jpo.uha.fr<\/a><\/p>\n<p><strong>Immersion<\/strong><br \/>\nLyc\u00e9ens ! Mettez-vous dans la peau d\u2019un \u00e9tudiant<br \/>\nPour plus d&rsquo;informations : <a href=\"https:\/\/immersion.projet-noria.fr\/procedure\">https:\/\/immersion.projet-noria.fr\/procedure<\/a><\/p>\n<\/div><\/div><\/div>\n","protected":false},"excerpt":{"rendered":"","protected":false},"author":1,"featured_media":0,"parent":0,"menu_order":7,"comment_status":"closed","ping_status":"closed","template":"","meta":{"footnotes":""},"class_list":["post-9","page","type-page","status-publish","hentry"],"yoast_head":"<!-- This site is optimized with the Yoast SEO plugin v27.4 - https:\/\/yoast.com\/product\/yoast-seo-wordpress\/ -->\n<title>Candidatures, Inscriptions, Dates de rentr\u00e9e - IUT de Colmar<\/title>\n<meta name=\"description\" content=\"Pour les candidatures la scolarit\u00e9 vous accueille au rez de chauss\u00e9e du B\u00e2timent C de 8H30 \u00e0 11H30 et de 13H00 \u00e0 16H00 les lundi, mardi, jeudi et vendredi.\" \/>\n<meta name=\"robots\" content=\"index, follow, max-snippet:-1, max-image-preview:large, max-video-preview:-1\" \/>\n<link rel=\"canonical\" href=\"https:\/\/www.iutcolmar.uha.fr\/index.php\/candidatures-inscriptions\/\" \/>\n<meta property=\"og:locale\" content=\"fr_FR\" \/>\n<meta property=\"og:type\" content=\"article\" \/>\n<meta property=\"og:title\" content=\"Candidatures, Inscriptions, Dates de rentr\u00e9e - IUT de Colmar\" \/>\n<meta property=\"og:description\" content=\"Pour les candidatures la scolarit\u00e9 vous accueille au rez de chauss\u00e9e du B\u00e2timent C de 8H30 \u00e0 11H30 et de 13H00 \u00e0 16H00 les lundi, mardi, jeudi et vendredi.\" \/>\n<meta property=\"og:url\" content=\"https:\/\/www.iutcolmar.uha.fr\/index.php\/candidatures-inscriptions\/\" \/>\n<meta property=\"og:site_name\" content=\"IUT de Colmar\" \/>\n<meta property=\"article:modified_time\" content=\"2026-02-16T14:46:08+00:00\" \/>\n<meta property=\"og:image\" content=\"https:\/\/www.iutcolmar.uha.fr\/wp-content\/uploads\/2024\/10\/SCOLARITE.png\" \/>\n\t<meta property=\"og:image:width\" content=\"1688\" \/>\n\t<meta property=\"og:image:height\" content=\"433\" \/>\n\t<meta property=\"og:image:type\" content=\"image\/png\" \/>\n<meta name=\"twitter:card\" content=\"summary_large_image\" \/>\n<meta name=\"twitter:label1\" content=\"Dur\u00e9e de lecture estim\u00e9e\" \/>\n\t<meta name=\"twitter:data1\" content=\"2 minutes\" \/>\n<script type=\"application\/ld+json\" class=\"yoast-schema-graph\">{\"@context\":\"https:\\\/\\\/schema.org\",\"@graph\":[{\"@type\":\"WebPage\",\"@id\":\"https:\\\/\\\/www.iutcolmar.uha.fr\\\/index.php\\\/candidatures-inscriptions\\\/\",\"url\":\"https:\\\/\\\/www.iutcolmar.uha.fr\\\/index.php\\\/candidatures-inscriptions\\\/\",\"name\":\"Candidatures, Inscriptions, Dates de rentr\u00e9e - IUT de Colmar\",\"isPartOf\":{\"@id\":\"https:\\\/\\\/www.iutcolmar.uha.fr\\\/#website\"},\"primaryImageOfPage\":{\"@id\":\"https:\\\/\\\/www.iutcolmar.uha.fr\\\/index.php\\\/candidatures-inscriptions\\\/#primaryimage\"},\"image\":{\"@id\":\"https:\\\/\\\/www.iutcolmar.uha.fr\\\/index.php\\\/candidatures-inscriptions\\\/#primaryimage\"},\"thumbnailUrl\":\"https:\\\/\\\/www.iutcolmar.uha.fr\\\/wp-content\\\/uploads\\\/2024\\\/10\\\/SCOLARITE.png\",\"datePublished\":\"2018-04-04T11:46:46+00:00\",\"dateModified\":\"2026-02-16T14:46:08+00:00\",\"description\":\"Pour les candidatures la scolarit\u00e9 vous accueille au rez de chauss\u00e9e du B\u00e2timent C de 8H30 \u00e0 11H30 et de 13H00 \u00e0 16H00 les lundi, mardi, jeudi et vendredi.\",\"breadcrumb\":{\"@id\":\"https:\\\/\\\/www.iutcolmar.uha.fr\\\/index.php\\\/candidatures-inscriptions\\\/#breadcrumb\"},\"inLanguage\":\"fr-FR\",\"potentialAction\":[{\"@type\":\"ReadAction\",\"target\":[\"https:\\\/\\\/www.iutcolmar.uha.fr\\\/index.php\\\/candidatures-inscriptions\\\/\"]}]},{\"@type\":\"ImageObject\",\"inLanguage\":\"fr-FR\",\"@id\":\"https:\\\/\\\/www.iutcolmar.uha.fr\\\/index.php\\\/candidatures-inscriptions\\\/#primaryimage\",\"url\":\"https:\\\/\\\/www.iutcolmar.uha.fr\\\/wp-content\\\/uploads\\\/2024\\\/10\\\/SCOLARITE.png\",\"contentUrl\":\"https:\\\/\\\/www.iutcolmar.uha.fr\\\/wp-content\\\/uploads\\\/2024\\\/10\\\/SCOLARITE.png\",\"width\":1688,\"height\":433},{\"@type\":\"BreadcrumbList\",\"@id\":\"https:\\\/\\\/www.iutcolmar.uha.fr\\\/index.php\\\/candidatures-inscriptions\\\/#breadcrumb\",\"itemListElement\":[{\"@type\":\"ListItem\",\"position\":1,\"name\":\"Accueil\",\"item\":\"https:\\\/\\\/www.iutcolmar.uha.fr\\\/\"},{\"@type\":\"ListItem\",\"position\":2,\"name\":\"Candidatures, Inscriptions, Dates de rentr\u00e9e\"}]},{\"@type\":\"WebSite\",\"@id\":\"https:\\\/\\\/www.iutcolmar.uha.fr\\\/#website\",\"url\":\"https:\\\/\\\/www.iutcolmar.uha.fr\\\/\",\"name\":\"IUT de Colmar\",\"description\":\"Universit\u00e9 de Haute-Alsace\",\"potentialAction\":[{\"@type\":\"SearchAction\",\"target\":{\"@type\":\"EntryPoint\",\"urlTemplate\":\"https:\\\/\\\/www.iutcolmar.uha.fr\\\/?s={search_term_string}\"},\"query-input\":{\"@type\":\"PropertyValueSpecification\",\"valueRequired\":true,\"valueName\":\"search_term_string\"}}],\"inLanguage\":\"fr-FR\"}]}<\/script>\n<!-- \/ Yoast SEO plugin. -->","yoast_head_json":{"title":"Candidatures, Inscriptions, Dates de rentr\u00e9e - IUT de Colmar","description":"Pour les candidatures la scolarit\u00e9 vous accueille au rez de chauss\u00e9e du B\u00e2timent C de 8H30 \u00e0 11H30 et de 13H00 \u00e0 16H00 les lundi, mardi, jeudi et vendredi.","robots":{"index":"index","follow":"follow","max-snippet":"max-snippet:-1","max-image-preview":"max-image-preview:large","max-video-preview":"max-video-preview:-1"},"canonical":"https:\/\/www.iutcolmar.uha.fr\/index.php\/candidatures-inscriptions\/","og_locale":"fr_FR","og_type":"article","og_title":"Candidatures, Inscriptions, Dates de rentr\u00e9e - IUT de Colmar","og_description":"Pour les candidatures la scolarit\u00e9 vous accueille au rez de chauss\u00e9e du B\u00e2timent C de 8H30 \u00e0 11H30 et de 13H00 \u00e0 16H00 les lundi, mardi, jeudi et vendredi.","og_url":"https:\/\/www.iutcolmar.uha.fr\/index.php\/candidatures-inscriptions\/","og_site_name":"IUT de Colmar","article_modified_time":"2026-02-16T14:46:08+00:00","og_image":[{"width":1688,"height":433,"url":"https:\/\/www.iutcolmar.uha.fr\/wp-content\/uploads\/2024\/10\/SCOLARITE.png","type":"image\/png"}],"twitter_card":"summary_large_image","twitter_misc":{"Dur\u00e9e de lecture estim\u00e9e":"2 minutes"},"schema":{"@context":"https:\/\/schema.org","@graph":[{"@type":"WebPage","@id":"https:\/\/www.iutcolmar.uha.fr\/index.php\/candidatures-inscriptions\/","url":"https:\/\/www.iutcolmar.uha.fr\/index.php\/candidatures-inscriptions\/","name":"Candidatures, Inscriptions, Dates de rentr\u00e9e - IUT de Colmar","isPartOf":{"@id":"https:\/\/www.iutcolmar.uha.fr\/#website"},"primaryImageOfPage":{"@id":"https:\/\/www.iutcolmar.uha.fr\/index.php\/candidatures-inscriptions\/#primaryimage"},"image":{"@id":"https:\/\/www.iutcolmar.uha.fr\/index.php\/candidatures-inscriptions\/#primaryimage"},"thumbnailUrl":"https:\/\/www.iutcolmar.uha.fr\/wp-content\/uploads\/2024\/10\/SCOLARITE.png","datePublished":"2018-04-04T11:46:46+00:00","dateModified":"2026-02-16T14:46:08+00:00","description":"Pour les candidatures la scolarit\u00e9 vous accueille au rez de chauss\u00e9e du B\u00e2timent C de 8H30 \u00e0 11H30 et de 13H00 \u00e0 16H00 les lundi, mardi, jeudi et vendredi.","breadcrumb":{"@id":"https:\/\/www.iutcolmar.uha.fr\/index.php\/candidatures-inscriptions\/#breadcrumb"},"inLanguage":"fr-FR","potentialAction":[{"@type":"ReadAction","target":["https:\/\/www.iutcolmar.uha.fr\/index.php\/candidatures-inscriptions\/"]}]},{"@type":"ImageObject","inLanguage":"fr-FR","@id":"https:\/\/www.iutcolmar.uha.fr\/index.php\/candidatures-inscriptions\/#primaryimage","url":"https:\/\/www.iutcolmar.uha.fr\/wp-content\/uploads\/2024\/10\/SCOLARITE.png","contentUrl":"https:\/\/www.iutcolmar.uha.fr\/wp-content\/uploads\/2024\/10\/SCOLARITE.png","width":1688,"height":433},{"@type":"BreadcrumbList","@id":"https:\/\/www.iutcolmar.uha.fr\/index.php\/candidatures-inscriptions\/#breadcrumb","itemListElement":[{"@type":"ListItem","position":1,"name":"Accueil","item":"https:\/\/www.iutcolmar.uha.fr\/"},{"@type":"ListItem","position":2,"name":"Candidatures, Inscriptions, Dates de rentr\u00e9e"}]},{"@type":"WebSite","@id":"https:\/\/www.iutcolmar.uha.fr\/#website","url":"https:\/\/www.iutcolmar.uha.fr\/","name":"IUT de Colmar","description":"Universit\u00e9 de Haute-Alsace","potentialAction":[{"@type":"SearchAction","target":{"@type":"EntryPoint","urlTemplate":"https:\/\/www.iutcolmar.uha.fr\/?s={search_term_string}"},"query-input":{"@type":"PropertyValueSpecification","valueRequired":true,"valueName":"search_term_string"}}],"inLanguage":"fr-FR"}]}},"_links":{"self":[{"href":"https:\/\/www.iutcolmar.uha.fr\/index.php\/wp-json\/wp\/v2\/pages\/9","targetHints":{"allow":["GET"]}}],"collection":[{"href":"https:\/\/www.iutcolmar.uha.fr\/index.php\/wp-json\/wp\/v2\/pages"}],"about":[{"href":"https:\/\/www.iutcolmar.uha.fr\/index.php\/wp-json\/wp\/v2\/types\/page"}],"author":[{"embeddable":true,"href":"https:\/\/www.iutcolmar.uha.fr\/index.php\/wp-json\/wp\/v2\/users\/1"}],"replies":[{"embeddable":true,"href":"https:\/\/www.iutcolmar.uha.fr\/index.php\/wp-json\/wp\/v2\/comments?post=9"}],"version-history":[{"count":50,"href":"https:\/\/www.iutcolmar.uha.fr\/index.php\/wp-json\/wp\/v2\/pages\/9\/revisions"}],"predecessor-version":[{"id":8303,"href":"https:\/\/www.iutcolmar.uha.fr\/index.php\/wp-json\/wp\/v2\/pages\/9\/revisions\/8303"}],"wp:attachment":[{"href":"https:\/\/www.iutcolmar.uha.fr\/index.php\/wp-json\/wp\/v2\/media?parent=9"}],"curies":[{"name":"wp","href":"https:\/\/api.w.org\/{rel}","templated":true}]}}