{"id":91,"date":"2018-04-05T08:46:00","date_gmt":"2018-04-05T06:46:00","guid":{"rendered":"https:\/\/www.iutcolmar.uha.fr\/?page_id=91"},"modified":"2025-12-16T15:25:45","modified_gmt":"2025-12-16T14:25:45","slug":"biologie-agronomie-biotechnologies","status":"publish","type":"page","link":"https:\/\/www.iutcolmar.uha.fr\/index.php\/formations\/domaines\/biologie-agronomie-biotechnologies\/","title":{"rendered":"Biologie, agronomie, biotechnologies"},"content":{"rendered":"<h1>Biologie, agronomie, biotechnologies<\/h1>\n<p><img loading=\"lazy\" decoding=\"async\" class=\" wp-image-3383 alignleft\" src=\"https:\/\/www.iutcolmar.uha.fr\/wp-content\/uploads\/2018\/12\/adn-300x83.jpg\" alt=\"adn\" width=\"1356\" height=\"375\" srcset=\"https:\/\/www.iutcolmar.uha.fr\/wp-content\/uploads\/2018\/12\/adn-300x83.jpg 300w, https:\/\/www.iutcolmar.uha.fr\/wp-content\/uploads\/2018\/12\/adn-768x212.jpg 768w, https:\/\/www.iutcolmar.uha.fr\/wp-content\/uploads\/2018\/12\/adn-1024x283.jpg 1024w\" sizes=\"auto, (max-width: 1356px) 100vw, 1356px\" \/><\/p>\n<p>&nbsp;<\/p>\n<p>Ce domaine allie \u00e0 la fois l&rsquo;acquisition des bases scientifiques et la sp\u00e9cialisation en agronomie pour le B.U.T. G\u00e9nie Biologique.<\/p>\n<p>La licence bio-industries et bio-technologies se situe \u00e0 l&rsquo;interface des biotechnologie et du domaine de la sant\u00e9, au plus proche de l&rsquo;innovation et de la recherche.<\/p>\n<p>Quant \u00e0 la licence technico-commercial, elle offre une double comp\u00e9tence \u00e0 la fois technique et commerciale.<\/p>\n<div class=\"su-box su-box-style-default\" id=\"\" style=\"border-color:#000000;border-radius:3px;max-width:none\"><div class=\"su-box-title\" style=\"background-color:#333333;color:#FFFFFF;border-top-left-radius:1px;border-top-right-radius:1px\">Biologie, agronomie, biotechnologies<\/div><div class=\"su-box-content su-u-clearfix su-u-trim\" style=\"border-bottom-left-radius:1px;border-bottom-right-radius:1px\">\n<ul>\n<li><a href=\"https:\/\/www.iutcolmar.uha.fr\/index.php\/formations\/diplomes\/bachelor-universitaire-de-technologie-b-u-t-bac-3\/b-u-t-genie-biologique-parcours-agronomie\/\">B.U.T. G\u00e9nie Biologique parcours agronomie<\/a><\/li>\n<li><a href=\"https:\/\/www.iutcolmar.uha.fr\/index.php\/formations\/diplomes\/bac-3-licences-professionnelles\/lp-bio-industries-et-biotechnologies\/\" target=\"_blank\" rel=\"noopener noreferrer\">LP Bio-industries et bio-technologies &#8211; Parcours Biologie cellulaire et mol\u00e9culaire<\/a><\/li>\n<li><a href=\"https:\/\/www.iutcolmar.uha.fr\/index.php\/formations\/diplomes\/bac-3-licences-professionnelles\/lp-technico-commercial\/\" target=\"_blank\" rel=\"noopener noreferrer\">LP Technico-commercial<\/a><\/li>\n<\/ul>\n<\/div><\/div>\n","protected":false},"excerpt":{"rendered":"<p>Biologie, agronomie, biotechnologies &nbsp; Ce domaine allie \u00e0 la fois l&rsquo;acquisition des bases scientifiques et la sp\u00e9cialisation en agronomie pour le B.U.T. G\u00e9nie Biologique. La licence bio-industries et bio-technologies se situe \u00e0 l&rsquo;interface des biotechnologie et du domaine de la sant\u00e9, au plus proche de l&rsquo;innovation et de la recherche. Quant \u00e0 la licence technico-commercial, [&hellip;]<\/p>\n","protected":false},"author":1,"featured_media":3383,"parent":68,"menu_order":0,"comment_status":"closed","ping_status":"closed","template":"","meta":{"footnotes":""},"class_list":["post-91","page","type-page","status-publish","has-post-thumbnail","hentry"],"yoast_head":"<!-- This site is optimized with the Yoast SEO plugin v27.4 - https:\/\/yoast.com\/product\/yoast-seo-wordpress\/ -->\n<title>Biologie, agronomie, biotechnologies - IUT de Colmar<\/title>\n<meta name=\"robots\" content=\"index, follow, max-snippet:-1, max-image-preview:large, max-video-preview:-1\" \/>\n<link rel=\"canonical\" href=\"https:\/\/www.iutcolmar.uha.fr\/index.php\/formations\/domaines\/biologie-agronomie-biotechnologies\/\" \/>\n<meta property=\"og:locale\" content=\"fr_FR\" \/>\n<meta property=\"og:type\" content=\"article\" \/>\n<meta property=\"og:title\" content=\"Biologie, agronomie, biotechnologies - IUT de Colmar\" \/>\n<meta property=\"og:description\" content=\"Biologie, agronomie, biotechnologies &nbsp; Ce domaine allie \u00e0 la fois l&rsquo;acquisition des bases scientifiques et la sp\u00e9cialisation en agronomie pour le B.U.T. G\u00e9nie Biologique. La licence bio-industries et bio-technologies se situe \u00e0 l&rsquo;interface des biotechnologie et du domaine de la sant\u00e9, au plus proche de l&rsquo;innovation et de la recherche. Quant \u00e0 la licence technico-commercial, [&hellip;]\" \/>\n<meta property=\"og:url\" content=\"https:\/\/www.iutcolmar.uha.fr\/index.php\/formations\/domaines\/biologie-agronomie-biotechnologies\/\" \/>\n<meta property=\"og:site_name\" content=\"IUT de Colmar\" \/>\n<meta property=\"article:modified_time\" content=\"2025-12-16T14:25:45+00:00\" \/>\n<meta property=\"og:image\" content=\"https:\/\/www.iutcolmar.uha.fr\/wp-content\/uploads\/2018\/12\/adn.jpg\" \/>\n\t<meta property=\"og:image:width\" content=\"5386\" \/>\n\t<meta property=\"og:image:height\" content=\"1488\" \/>\n\t<meta property=\"og:image:type\" content=\"image\/jpeg\" \/>\n<meta name=\"twitter:card\" content=\"summary_large_image\" \/>\n<meta name=\"twitter:label1\" content=\"Dur\u00e9e de lecture estim\u00e9e\" \/>\n\t<meta name=\"twitter:data1\" content=\"1 minute\" \/>\n<script type=\"application\/ld+json\" class=\"yoast-schema-graph\">{\"@context\":\"https:\\\/\\\/schema.org\",\"@graph\":[{\"@type\":\"WebPage\",\"@id\":\"https:\\\/\\\/www.iutcolmar.uha.fr\\\/index.php\\\/formations\\\/domaines\\\/biologie-agronomie-biotechnologies\\\/\",\"url\":\"https:\\\/\\\/www.iutcolmar.uha.fr\\\/index.php\\\/formations\\\/domaines\\\/biologie-agronomie-biotechnologies\\\/\",\"name\":\"Biologie, agronomie, biotechnologies - IUT de Colmar\",\"isPartOf\":{\"@id\":\"https:\\\/\\\/www.iutcolmar.uha.fr\\\/#website\"},\"primaryImageOfPage\":{\"@id\":\"https:\\\/\\\/www.iutcolmar.uha.fr\\\/index.php\\\/formations\\\/domaines\\\/biologie-agronomie-biotechnologies\\\/#primaryimage\"},\"image\":{\"@id\":\"https:\\\/\\\/www.iutcolmar.uha.fr\\\/index.php\\\/formations\\\/domaines\\\/biologie-agronomie-biotechnologies\\\/#primaryimage\"},\"thumbnailUrl\":\"https:\\\/\\\/www.iutcolmar.uha.fr\\\/wp-content\\\/uploads\\\/2018\\\/12\\\/adn.jpg\",\"datePublished\":\"2018-04-05T06:46:00+00:00\",\"dateModified\":\"2025-12-16T14:25:45+00:00\",\"breadcrumb\":{\"@id\":\"https:\\\/\\\/www.iutcolmar.uha.fr\\\/index.php\\\/formations\\\/domaines\\\/biologie-agronomie-biotechnologies\\\/#breadcrumb\"},\"inLanguage\":\"fr-FR\",\"potentialAction\":[{\"@type\":\"ReadAction\",\"target\":[\"https:\\\/\\\/www.iutcolmar.uha.fr\\\/index.php\\\/formations\\\/domaines\\\/biologie-agronomie-biotechnologies\\\/\"]}]},{\"@type\":\"ImageObject\",\"inLanguage\":\"fr-FR\",\"@id\":\"https:\\\/\\\/www.iutcolmar.uha.fr\\\/index.php\\\/formations\\\/domaines\\\/biologie-agronomie-biotechnologies\\\/#primaryimage\",\"url\":\"https:\\\/\\\/www.iutcolmar.uha.fr\\\/wp-content\\\/uploads\\\/2018\\\/12\\\/adn.jpg\",\"contentUrl\":\"https:\\\/\\\/www.iutcolmar.uha.fr\\\/wp-content\\\/uploads\\\/2018\\\/12\\\/adn.jpg\",\"width\":5386,\"height\":1488,\"caption\":\"adn\"},{\"@type\":\"BreadcrumbList\",\"@id\":\"https:\\\/\\\/www.iutcolmar.uha.fr\\\/index.php\\\/formations\\\/domaines\\\/biologie-agronomie-biotechnologies\\\/#breadcrumb\",\"itemListElement\":[{\"@type\":\"ListItem\",\"position\":1,\"name\":\"Accueil\",\"item\":\"https:\\\/\\\/www.iutcolmar.uha.fr\\\/\"},{\"@type\":\"ListItem\",\"position\":2,\"name\":\"Formations\",\"item\":\"https:\\\/\\\/www.iutcolmar.uha.fr\\\/index.php\\\/formations\\\/\"},{\"@type\":\"ListItem\",\"position\":3,\"name\":\"Domaines\",\"item\":\"https:\\\/\\\/www.iutcolmar.uha.fr\\\/index.php\\\/formations\\\/domaines\\\/\"},{\"@type\":\"ListItem\",\"position\":4,\"name\":\"Biologie, agronomie, biotechnologies\"}]},{\"@type\":\"WebSite\",\"@id\":\"https:\\\/\\\/www.iutcolmar.uha.fr\\\/#website\",\"url\":\"https:\\\/\\\/www.iutcolmar.uha.fr\\\/\",\"name\":\"IUT de Colmar\",\"description\":\"Universit\u00e9 de Haute-Alsace\",\"potentialAction\":[{\"@type\":\"SearchAction\",\"target\":{\"@type\":\"EntryPoint\",\"urlTemplate\":\"https:\\\/\\\/www.iutcolmar.uha.fr\\\/?s={search_term_string}\"},\"query-input\":{\"@type\":\"PropertyValueSpecification\",\"valueRequired\":true,\"valueName\":\"search_term_string\"}}],\"inLanguage\":\"fr-FR\"}]}<\/script>\n<!-- \/ Yoast SEO plugin. -->","yoast_head_json":{"title":"Biologie, agronomie, biotechnologies - IUT de Colmar","robots":{"index":"index","follow":"follow","max-snippet":"max-snippet:-1","max-image-preview":"max-image-preview:large","max-video-preview":"max-video-preview:-1"},"canonical":"https:\/\/www.iutcolmar.uha.fr\/index.php\/formations\/domaines\/biologie-agronomie-biotechnologies\/","og_locale":"fr_FR","og_type":"article","og_title":"Biologie, agronomie, biotechnologies - IUT de Colmar","og_description":"Biologie, agronomie, biotechnologies &nbsp; Ce domaine allie \u00e0 la fois l&rsquo;acquisition des bases scientifiques et la sp\u00e9cialisation en agronomie pour le B.U.T. G\u00e9nie Biologique. La licence bio-industries et bio-technologies se situe \u00e0 l&rsquo;interface des biotechnologie et du domaine de la sant\u00e9, au plus proche de l&rsquo;innovation et de la recherche. Quant \u00e0 la licence technico-commercial, [&hellip;]","og_url":"https:\/\/www.iutcolmar.uha.fr\/index.php\/formations\/domaines\/biologie-agronomie-biotechnologies\/","og_site_name":"IUT de Colmar","article_modified_time":"2025-12-16T14:25:45+00:00","og_image":[{"width":5386,"height":1488,"url":"https:\/\/www.iutcolmar.uha.fr\/wp-content\/uploads\/2018\/12\/adn.jpg","type":"image\/jpeg"}],"twitter_card":"summary_large_image","twitter_misc":{"Dur\u00e9e de lecture estim\u00e9e":"1 minute"},"schema":{"@context":"https:\/\/schema.org","@graph":[{"@type":"WebPage","@id":"https:\/\/www.iutcolmar.uha.fr\/index.php\/formations\/domaines\/biologie-agronomie-biotechnologies\/","url":"https:\/\/www.iutcolmar.uha.fr\/index.php\/formations\/domaines\/biologie-agronomie-biotechnologies\/","name":"Biologie, agronomie, biotechnologies - IUT de Colmar","isPartOf":{"@id":"https:\/\/www.iutcolmar.uha.fr\/#website"},"primaryImageOfPage":{"@id":"https:\/\/www.iutcolmar.uha.fr\/index.php\/formations\/domaines\/biologie-agronomie-biotechnologies\/#primaryimage"},"image":{"@id":"https:\/\/www.iutcolmar.uha.fr\/index.php\/formations\/domaines\/biologie-agronomie-biotechnologies\/#primaryimage"},"thumbnailUrl":"https:\/\/www.iutcolmar.uha.fr\/wp-content\/uploads\/2018\/12\/adn.jpg","datePublished":"2018-04-05T06:46:00+00:00","dateModified":"2025-12-16T14:25:45+00:00","breadcrumb":{"@id":"https:\/\/www.iutcolmar.uha.fr\/index.php\/formations\/domaines\/biologie-agronomie-biotechnologies\/#breadcrumb"},"inLanguage":"fr-FR","potentialAction":[{"@type":"ReadAction","target":["https:\/\/www.iutcolmar.uha.fr\/index.php\/formations\/domaines\/biologie-agronomie-biotechnologies\/"]}]},{"@type":"ImageObject","inLanguage":"fr-FR","@id":"https:\/\/www.iutcolmar.uha.fr\/index.php\/formations\/domaines\/biologie-agronomie-biotechnologies\/#primaryimage","url":"https:\/\/www.iutcolmar.uha.fr\/wp-content\/uploads\/2018\/12\/adn.jpg","contentUrl":"https:\/\/www.iutcolmar.uha.fr\/wp-content\/uploads\/2018\/12\/adn.jpg","width":5386,"height":1488,"caption":"adn"},{"@type":"BreadcrumbList","@id":"https:\/\/www.iutcolmar.uha.fr\/index.php\/formations\/domaines\/biologie-agronomie-biotechnologies\/#breadcrumb","itemListElement":[{"@type":"ListItem","position":1,"name":"Accueil","item":"https:\/\/www.iutcolmar.uha.fr\/"},{"@type":"ListItem","position":2,"name":"Formations","item":"https:\/\/www.iutcolmar.uha.fr\/index.php\/formations\/"},{"@type":"ListItem","position":3,"name":"Domaines","item":"https:\/\/www.iutcolmar.uha.fr\/index.php\/formations\/domaines\/"},{"@type":"ListItem","position":4,"name":"Biologie, agronomie, biotechnologies"}]},{"@type":"WebSite","@id":"https:\/\/www.iutcolmar.uha.fr\/#website","url":"https:\/\/www.iutcolmar.uha.fr\/","name":"IUT de Colmar","description":"Universit\u00e9 de Haute-Alsace","potentialAction":[{"@type":"SearchAction","target":{"@type":"EntryPoint","urlTemplate":"https:\/\/www.iutcolmar.uha.fr\/?s={search_term_string}"},"query-input":{"@type":"PropertyValueSpecification","valueRequired":true,"valueName":"search_term_string"}}],"inLanguage":"fr-FR"}]}},"_links":{"self":[{"href":"https:\/\/www.iutcolmar.uha.fr\/index.php\/wp-json\/wp\/v2\/pages\/91","targetHints":{"allow":["GET"]}}],"collection":[{"href":"https:\/\/www.iutcolmar.uha.fr\/index.php\/wp-json\/wp\/v2\/pages"}],"about":[{"href":"https:\/\/www.iutcolmar.uha.fr\/index.php\/wp-json\/wp\/v2\/types\/page"}],"author":[{"embeddable":true,"href":"https:\/\/www.iutcolmar.uha.fr\/index.php\/wp-json\/wp\/v2\/users\/1"}],"replies":[{"embeddable":true,"href":"https:\/\/www.iutcolmar.uha.fr\/index.php\/wp-json\/wp\/v2\/comments?post=91"}],"version-history":[{"count":13,"href":"https:\/\/www.iutcolmar.uha.fr\/index.php\/wp-json\/wp\/v2\/pages\/91\/revisions"}],"predecessor-version":[{"id":7934,"href":"https:\/\/www.iutcolmar.uha.fr\/index.php\/wp-json\/wp\/v2\/pages\/91\/revisions\/7934"}],"up":[{"embeddable":true,"href":"https:\/\/www.iutcolmar.uha.fr\/index.php\/wp-json\/wp\/v2\/pages\/68"}],"wp:featuredmedia":[{"embeddable":true,"href":"https:\/\/www.iutcolmar.uha.fr\/index.php\/wp-json\/wp\/v2\/media\/3383"}],"wp:attachment":[{"href":"https:\/\/www.iutcolmar.uha.fr\/index.php\/wp-json\/wp\/v2\/media?parent=91"}],"curies":[{"name":"wp","href":"https:\/\/api.w.org\/{rel}","templated":true}]}}