{"id":93,"date":"2018-04-05T08:46:34","date_gmt":"2018-04-05T06:46:34","guid":{"rendered":"https:\/\/www.iutcolmar.uha.fr\/?page_id=93"},"modified":"2025-12-16T15:27:38","modified_gmt":"2025-12-16T14:27:38","slug":"commerce-marketing-relation-client-business-international","status":"publish","type":"page","link":"https:\/\/www.iutcolmar.uha.fr\/index.php\/formations\/domaines\/commerce-marketing-relation-client-business-international\/","title":{"rendered":"Commerce, marketing, relation client, business international"},"content":{"rendered":"<h1>Commerce, marketing, relation client, business international<\/h1>\n<p><img loading=\"lazy\" decoding=\"async\" class=\" wp-image-3390 alignleft\" src=\"https:\/\/www.iutcolmar.uha.fr\/wp-content\/uploads\/2018\/12\/commerce-300x83.jpg\" alt=\"commerce\" width=\"1370\" height=\"379\" srcset=\"https:\/\/www.iutcolmar.uha.fr\/wp-content\/uploads\/2018\/12\/commerce-300x83.jpg 300w, https:\/\/www.iutcolmar.uha.fr\/wp-content\/uploads\/2018\/12\/commerce-768x212.jpg 768w, https:\/\/www.iutcolmar.uha.fr\/wp-content\/uploads\/2018\/12\/commerce-1024x283.jpg 1024w\" sizes=\"auto, (max-width: 1370px) 100vw, 1370px\" \/><\/p>\n<p>&nbsp;<\/p>\n<p>Ce domaine offre un grand champ de possible en mati\u00e8re commerciale. Tout d&rsquo;abord, vous opterez pour une formation polyvalente et un m\u00e9tier sur le terrain avec le B.U.T. Techniques de Commercialisation.<\/p>\n<p>Ensuite plusieurs sp\u00e9cialisations sont possibles en business d\u00e9veloppement et management de la relation client, business international et en marketing digital, e-business et entrepreneuriat.<\/p>\n<p>Enfin, la licence technico-commercial offre une double comp\u00e9tence \u00e0 la fois technique et commerciale.<\/p>\n<div class=\"su-box su-box-style-default\" id=\"\" style=\"border-color:#000000;border-radius:3px;max-width:none\"><div class=\"su-box-title\" style=\"background-color:#333333;color:#FFFFFF;border-top-left-radius:1px;border-top-right-radius:1px\">Commerce et gestion des entreprises<\/div><div class=\"su-box-content su-u-clearfix su-u-trim\" style=\"border-bottom-left-radius:1px;border-bottom-right-radius:1px\">\n<ul>\n<li><a href=\"https:\/\/www.iutcolmar.uha.fr\/index.php\/formations\/diplomes\/bachelor-universitaire-de-technologie-b-u-t-bac-3\/b-u-t-techniques-de-commercialisation\/\">B.U.T. Techniques de Commercialisation<\/a><\/li>\n<li><a href=\"https:\/\/www.iutcolmar.uha.fr\/index.php\/formations\/transfrontalieres\/international-business-management\/\" target=\"_blank\" rel=\"noopener noreferrer\">Formation Trinationale \u2013 International Business Management<\/a><\/li>\n<li><a href=\"https:\/\/www.iutcolmar.uha.fr\/index.php\/formations\/diplomes\/bac-3-licences-professionnelles\/lp-technico-commercial\/\">LP Technico-Commercial<\/a><\/li>\n<\/ul>\n<\/div><\/div>\n","protected":false},"excerpt":{"rendered":"<p>Commerce, marketing, relation client, business international &nbsp; Ce domaine offre un grand champ de possible en mati\u00e8re commerciale. Tout d&rsquo;abord, vous opterez pour une formation polyvalente et un m\u00e9tier sur le terrain avec le B.U.T. Techniques de Commercialisation. Ensuite plusieurs sp\u00e9cialisations sont possibles en business d\u00e9veloppement et management de la relation client, business international et [&hellip;]<\/p>\n","protected":false},"author":1,"featured_media":0,"parent":68,"menu_order":0,"comment_status":"closed","ping_status":"closed","template":"","meta":{"footnotes":""},"class_list":["post-93","page","type-page","status-publish","hentry"],"yoast_head":"<!-- This site is optimized with the Yoast SEO plugin v27.4 - https:\/\/yoast.com\/product\/yoast-seo-wordpress\/ -->\n<title>Commerce, marketing, relation client, business international - IUT de Colmar<\/title>\n<meta name=\"robots\" content=\"index, follow, max-snippet:-1, max-image-preview:large, max-video-preview:-1\" \/>\n<link rel=\"canonical\" href=\"https:\/\/www.iutcolmar.uha.fr\/index.php\/formations\/domaines\/commerce-marketing-relation-client-business-international\/\" \/>\n<meta property=\"og:locale\" content=\"fr_FR\" \/>\n<meta property=\"og:type\" content=\"article\" \/>\n<meta property=\"og:title\" content=\"Commerce, marketing, relation client, business international - IUT de Colmar\" \/>\n<meta property=\"og:description\" content=\"Commerce, marketing, relation client, business international &nbsp; Ce domaine offre un grand champ de possible en mati\u00e8re commerciale. Tout d&rsquo;abord, vous opterez pour une formation polyvalente et un m\u00e9tier sur le terrain avec le B.U.T. Techniques de Commercialisation. Ensuite plusieurs sp\u00e9cialisations sont possibles en business d\u00e9veloppement et management de la relation client, business international et [&hellip;]\" \/>\n<meta property=\"og:url\" content=\"https:\/\/www.iutcolmar.uha.fr\/index.php\/formations\/domaines\/commerce-marketing-relation-client-business-international\/\" \/>\n<meta property=\"og:site_name\" content=\"IUT de Colmar\" \/>\n<meta property=\"article:modified_time\" content=\"2025-12-16T14:27:38+00:00\" \/>\n<meta property=\"og:image\" content=\"https:\/\/www.iutcolmar.uha.fr\/wp-content\/uploads\/2018\/12\/commerce-1024x283.jpg\" \/>\n\t<meta property=\"og:image:width\" content=\"1024\" \/>\n\t<meta property=\"og:image:height\" content=\"283\" \/>\n\t<meta property=\"og:image:type\" content=\"image\/jpeg\" \/>\n<meta name=\"twitter:card\" content=\"summary_large_image\" \/>\n<meta name=\"twitter:label1\" content=\"Dur\u00e9e de lecture estim\u00e9e\" \/>\n\t<meta name=\"twitter:data1\" content=\"1 minute\" \/>\n<script type=\"application\/ld+json\" class=\"yoast-schema-graph\">{\"@context\":\"https:\\\/\\\/schema.org\",\"@graph\":[{\"@type\":\"WebPage\",\"@id\":\"https:\\\/\\\/www.iutcolmar.uha.fr\\\/index.php\\\/formations\\\/domaines\\\/commerce-marketing-relation-client-business-international\\\/\",\"url\":\"https:\\\/\\\/www.iutcolmar.uha.fr\\\/index.php\\\/formations\\\/domaines\\\/commerce-marketing-relation-client-business-international\\\/\",\"name\":\"Commerce, marketing, relation client, business international - IUT de Colmar\",\"isPartOf\":{\"@id\":\"https:\\\/\\\/www.iutcolmar.uha.fr\\\/#website\"},\"primaryImageOfPage\":{\"@id\":\"https:\\\/\\\/www.iutcolmar.uha.fr\\\/index.php\\\/formations\\\/domaines\\\/commerce-marketing-relation-client-business-international\\\/#primaryimage\"},\"image\":{\"@id\":\"https:\\\/\\\/www.iutcolmar.uha.fr\\\/index.php\\\/formations\\\/domaines\\\/commerce-marketing-relation-client-business-international\\\/#primaryimage\"},\"thumbnailUrl\":\"https:\\\/\\\/www.iutcolmar.uha.fr\\\/wp-content\\\/uploads\\\/2018\\\/12\\\/commerce-300x83.jpg\",\"datePublished\":\"2018-04-05T06:46:34+00:00\",\"dateModified\":\"2025-12-16T14:27:38+00:00\",\"breadcrumb\":{\"@id\":\"https:\\\/\\\/www.iutcolmar.uha.fr\\\/index.php\\\/formations\\\/domaines\\\/commerce-marketing-relation-client-business-international\\\/#breadcrumb\"},\"inLanguage\":\"fr-FR\",\"potentialAction\":[{\"@type\":\"ReadAction\",\"target\":[\"https:\\\/\\\/www.iutcolmar.uha.fr\\\/index.php\\\/formations\\\/domaines\\\/commerce-marketing-relation-client-business-international\\\/\"]}]},{\"@type\":\"ImageObject\",\"inLanguage\":\"fr-FR\",\"@id\":\"https:\\\/\\\/www.iutcolmar.uha.fr\\\/index.php\\\/formations\\\/domaines\\\/commerce-marketing-relation-client-business-international\\\/#primaryimage\",\"url\":\"https:\\\/\\\/www.iutcolmar.uha.fr\\\/wp-content\\\/uploads\\\/2018\\\/12\\\/commerce-300x83.jpg\",\"contentUrl\":\"https:\\\/\\\/www.iutcolmar.uha.fr\\\/wp-content\\\/uploads\\\/2018\\\/12\\\/commerce-300x83.jpg\"},{\"@type\":\"BreadcrumbList\",\"@id\":\"https:\\\/\\\/www.iutcolmar.uha.fr\\\/index.php\\\/formations\\\/domaines\\\/commerce-marketing-relation-client-business-international\\\/#breadcrumb\",\"itemListElement\":[{\"@type\":\"ListItem\",\"position\":1,\"name\":\"Accueil\",\"item\":\"https:\\\/\\\/www.iutcolmar.uha.fr\\\/\"},{\"@type\":\"ListItem\",\"position\":2,\"name\":\"Formations\",\"item\":\"https:\\\/\\\/www.iutcolmar.uha.fr\\\/index.php\\\/formations\\\/\"},{\"@type\":\"ListItem\",\"position\":3,\"name\":\"Domaines\",\"item\":\"https:\\\/\\\/www.iutcolmar.uha.fr\\\/index.php\\\/formations\\\/domaines\\\/\"},{\"@type\":\"ListItem\",\"position\":4,\"name\":\"Commerce, marketing, relation client, business international\"}]},{\"@type\":\"WebSite\",\"@id\":\"https:\\\/\\\/www.iutcolmar.uha.fr\\\/#website\",\"url\":\"https:\\\/\\\/www.iutcolmar.uha.fr\\\/\",\"name\":\"IUT de Colmar\",\"description\":\"Universit\u00e9 de Haute-Alsace\",\"potentialAction\":[{\"@type\":\"SearchAction\",\"target\":{\"@type\":\"EntryPoint\",\"urlTemplate\":\"https:\\\/\\\/www.iutcolmar.uha.fr\\\/?s={search_term_string}\"},\"query-input\":{\"@type\":\"PropertyValueSpecification\",\"valueRequired\":true,\"valueName\":\"search_term_string\"}}],\"inLanguage\":\"fr-FR\"}]}<\/script>\n<!-- \/ Yoast SEO plugin. -->","yoast_head_json":{"title":"Commerce, marketing, relation client, business international - IUT de Colmar","robots":{"index":"index","follow":"follow","max-snippet":"max-snippet:-1","max-image-preview":"max-image-preview:large","max-video-preview":"max-video-preview:-1"},"canonical":"https:\/\/www.iutcolmar.uha.fr\/index.php\/formations\/domaines\/commerce-marketing-relation-client-business-international\/","og_locale":"fr_FR","og_type":"article","og_title":"Commerce, marketing, relation client, business international - IUT de Colmar","og_description":"Commerce, marketing, relation client, business international &nbsp; Ce domaine offre un grand champ de possible en mati\u00e8re commerciale. Tout d&rsquo;abord, vous opterez pour une formation polyvalente et un m\u00e9tier sur le terrain avec le B.U.T. Techniques de Commercialisation. Ensuite plusieurs sp\u00e9cialisations sont possibles en business d\u00e9veloppement et management de la relation client, business international et [&hellip;]","og_url":"https:\/\/www.iutcolmar.uha.fr\/index.php\/formations\/domaines\/commerce-marketing-relation-client-business-international\/","og_site_name":"IUT de Colmar","article_modified_time":"2025-12-16T14:27:38+00:00","og_image":[{"width":1024,"height":283,"url":"https:\/\/www.iutcolmar.uha.fr\/wp-content\/uploads\/2018\/12\/commerce-1024x283.jpg","type":"image\/jpeg"}],"twitter_card":"summary_large_image","twitter_misc":{"Dur\u00e9e de lecture estim\u00e9e":"1 minute"},"schema":{"@context":"https:\/\/schema.org","@graph":[{"@type":"WebPage","@id":"https:\/\/www.iutcolmar.uha.fr\/index.php\/formations\/domaines\/commerce-marketing-relation-client-business-international\/","url":"https:\/\/www.iutcolmar.uha.fr\/index.php\/formations\/domaines\/commerce-marketing-relation-client-business-international\/","name":"Commerce, marketing, relation client, business international - IUT de Colmar","isPartOf":{"@id":"https:\/\/www.iutcolmar.uha.fr\/#website"},"primaryImageOfPage":{"@id":"https:\/\/www.iutcolmar.uha.fr\/index.php\/formations\/domaines\/commerce-marketing-relation-client-business-international\/#primaryimage"},"image":{"@id":"https:\/\/www.iutcolmar.uha.fr\/index.php\/formations\/domaines\/commerce-marketing-relation-client-business-international\/#primaryimage"},"thumbnailUrl":"https:\/\/www.iutcolmar.uha.fr\/wp-content\/uploads\/2018\/12\/commerce-300x83.jpg","datePublished":"2018-04-05T06:46:34+00:00","dateModified":"2025-12-16T14:27:38+00:00","breadcrumb":{"@id":"https:\/\/www.iutcolmar.uha.fr\/index.php\/formations\/domaines\/commerce-marketing-relation-client-business-international\/#breadcrumb"},"inLanguage":"fr-FR","potentialAction":[{"@type":"ReadAction","target":["https:\/\/www.iutcolmar.uha.fr\/index.php\/formations\/domaines\/commerce-marketing-relation-client-business-international\/"]}]},{"@type":"ImageObject","inLanguage":"fr-FR","@id":"https:\/\/www.iutcolmar.uha.fr\/index.php\/formations\/domaines\/commerce-marketing-relation-client-business-international\/#primaryimage","url":"https:\/\/www.iutcolmar.uha.fr\/wp-content\/uploads\/2018\/12\/commerce-300x83.jpg","contentUrl":"https:\/\/www.iutcolmar.uha.fr\/wp-content\/uploads\/2018\/12\/commerce-300x83.jpg"},{"@type":"BreadcrumbList","@id":"https:\/\/www.iutcolmar.uha.fr\/index.php\/formations\/domaines\/commerce-marketing-relation-client-business-international\/#breadcrumb","itemListElement":[{"@type":"ListItem","position":1,"name":"Accueil","item":"https:\/\/www.iutcolmar.uha.fr\/"},{"@type":"ListItem","position":2,"name":"Formations","item":"https:\/\/www.iutcolmar.uha.fr\/index.php\/formations\/"},{"@type":"ListItem","position":3,"name":"Domaines","item":"https:\/\/www.iutcolmar.uha.fr\/index.php\/formations\/domaines\/"},{"@type":"ListItem","position":4,"name":"Commerce, marketing, relation client, business international"}]},{"@type":"WebSite","@id":"https:\/\/www.iutcolmar.uha.fr\/#website","url":"https:\/\/www.iutcolmar.uha.fr\/","name":"IUT de Colmar","description":"Universit\u00e9 de Haute-Alsace","potentialAction":[{"@type":"SearchAction","target":{"@type":"EntryPoint","urlTemplate":"https:\/\/www.iutcolmar.uha.fr\/?s={search_term_string}"},"query-input":{"@type":"PropertyValueSpecification","valueRequired":true,"valueName":"search_term_string"}}],"inLanguage":"fr-FR"}]}},"_links":{"self":[{"href":"https:\/\/www.iutcolmar.uha.fr\/index.php\/wp-json\/wp\/v2\/pages\/93","targetHints":{"allow":["GET"]}}],"collection":[{"href":"https:\/\/www.iutcolmar.uha.fr\/index.php\/wp-json\/wp\/v2\/pages"}],"about":[{"href":"https:\/\/www.iutcolmar.uha.fr\/index.php\/wp-json\/wp\/v2\/types\/page"}],"author":[{"embeddable":true,"href":"https:\/\/www.iutcolmar.uha.fr\/index.php\/wp-json\/wp\/v2\/users\/1"}],"replies":[{"embeddable":true,"href":"https:\/\/www.iutcolmar.uha.fr\/index.php\/wp-json\/wp\/v2\/comments?post=93"}],"version-history":[{"count":18,"href":"https:\/\/www.iutcolmar.uha.fr\/index.php\/wp-json\/wp\/v2\/pages\/93\/revisions"}],"predecessor-version":[{"id":7935,"href":"https:\/\/www.iutcolmar.uha.fr\/index.php\/wp-json\/wp\/v2\/pages\/93\/revisions\/7935"}],"up":[{"embeddable":true,"href":"https:\/\/www.iutcolmar.uha.fr\/index.php\/wp-json\/wp\/v2\/pages\/68"}],"wp:attachment":[{"href":"https:\/\/www.iutcolmar.uha.fr\/index.php\/wp-json\/wp\/v2\/media?parent=93"}],"curies":[{"name":"wp","href":"https:\/\/api.w.org\/{rel}","templated":true}]}}