{"id":97,"date":"2018-04-05T08:47:41","date_gmt":"2018-04-05T06:47:41","guid":{"rendered":"https:\/\/www.iutcolmar.uha.fr\/?page_id=97"},"modified":"2023-01-18T14:49:55","modified_gmt":"2023-01-18T13:49:55","slug":"energies-thermique","status":"publish","type":"page","link":"https:\/\/www.iutcolmar.uha.fr\/index.php\/formations\/domaines\/energies-thermique\/","title":{"rendered":"\u00c9nergies, thermique"},"content":{"rendered":"<h1>\u00c9nergies, thermique<\/h1>\n<p><img loading=\"lazy\" decoding=\"async\" class=\" wp-image-3397 alignleft\" src=\"https:\/\/www.iutcolmar.uha.fr\/wp-content\/uploads\/2018\/12\/energie-renouvelable-300x83.jpg\" alt=\"energie renouvelable\" width=\"1370\" height=\"379\" srcset=\"https:\/\/www.iutcolmar.uha.fr\/wp-content\/uploads\/2018\/12\/energie-renouvelable-300x83.jpg 300w, https:\/\/www.iutcolmar.uha.fr\/wp-content\/uploads\/2018\/12\/energie-renouvelable-768x212.jpg 768w, https:\/\/www.iutcolmar.uha.fr\/wp-content\/uploads\/2018\/12\/energie-renouvelable-1024x283.jpg 1024w\" sizes=\"auto, (max-width: 1370px) 100vw, 1370px\" \/><\/p>\n<p>&nbsp;<\/p>\n<p>Les formations en \u00e9nerg\u00e9tiques, du B.U.T. \u00e0 la Licence Professionnelle, visent \u00e0 former des techniciens sup\u00e9rieurs \u00e0 l&rsquo;ensemble des activit\u00e9s relatives \u00e0 la production, \u00e0 l&rsquo;utilisation et \u00e0 la gestion de l&rsquo;\u00e9nergie.<\/p>\n<p>Ces formations b\u00e9n\u00e9ficient d&rsquo;une plateforme thermique de tout premier plan offrant des technologies innovantes en termes de production d&rsquo;\u00e9nergies.<\/p>\n<p>L&rsquo;efficacit\u00e9 \u00e9nerg\u00e9tique et l&rsquo;expertise thermique sont au c\u0153ur de nos pr\u00e9occupations.<\/p>\n<div class=\"su-box su-box-style-default\" id=\"\" style=\"border-color:#000000;border-radius:3px;\"><div class=\"su-box-title\" style=\"background-color:#333333;color:#FFFFFF;border-top-left-radius:1px;border-top-right-radius:1px\">\u00c9nergies, thermique<\/div><div class=\"su-box-content su-u-clearfix su-u-trim\" style=\"border-bottom-left-radius:1px;border-bottom-right-radius:1px\">\n<ul>\n<li><a href=\"https:\/\/www.iutcolmar.uha.fr\/index.php\/formations\/diplomes\/bachelor-universitaire-de-technologie-b-u-t-bac-3\/b-u-t-metiers-de-la-transition-et-de-lefficacite-energetiques\/\">B.U.T. M\u00e9tiers de la Transition et de l&rsquo;Efficacit\u00e9 \u00c9nerg\u00e9tiques<\/a><\/li>\n<li><a href=\"https:\/\/www.iutcolmar.uha.fr\/index.php\/formations\/diplomes\/bac-3-licences-professionnelles\/lp-technico-commercial\/\">LP Technico-commercial<\/a><\/li>\n<\/ul>\n<\/div><\/div>\n","protected":false},"excerpt":{"rendered":"<p>\u00c9nergies, thermique &nbsp; Les formations en \u00e9nerg\u00e9tiques, du B.U.T. \u00e0 la Licence Professionnelle, visent \u00e0 former des techniciens sup\u00e9rieurs \u00e0 l&rsquo;ensemble des activit\u00e9s relatives \u00e0 la production, \u00e0 l&rsquo;utilisation et \u00e0 la gestion de l&rsquo;\u00e9nergie. Ces formations b\u00e9n\u00e9ficient d&rsquo;une plateforme thermique de tout premier plan offrant des technologies innovantes en termes de production d&rsquo;\u00e9nergies. L&rsquo;efficacit\u00e9 [&hellip;]<\/p>\n","protected":false},"author":1,"featured_media":0,"parent":68,"menu_order":0,"comment_status":"closed","ping_status":"closed","template":"","meta":{"footnotes":""},"class_list":["post-97","page","type-page","status-publish","hentry"],"yoast_head":"<!-- This site is optimized with the Yoast SEO plugin v27.1.1 - https:\/\/yoast.com\/product\/yoast-seo-wordpress\/ -->\n<title>\u00c9nergies, thermique - IUT de Colmar<\/title>\n<meta name=\"robots\" content=\"index, follow, max-snippet:-1, max-image-preview:large, max-video-preview:-1\" \/>\n<link rel=\"canonical\" href=\"https:\/\/www.iutcolmar.uha.fr\/index.php\/formations\/domaines\/energies-thermique\/\" \/>\n<meta property=\"og:locale\" content=\"fr_FR\" \/>\n<meta property=\"og:type\" content=\"article\" \/>\n<meta property=\"og:title\" content=\"\u00c9nergies, thermique - IUT de Colmar\" \/>\n<meta property=\"og:description\" content=\"\u00c9nergies, thermique &nbsp; Les formations en \u00e9nerg\u00e9tiques, du B.U.T. \u00e0 la Licence Professionnelle, visent \u00e0 former des techniciens sup\u00e9rieurs \u00e0 l&rsquo;ensemble des activit\u00e9s relatives \u00e0 la production, \u00e0 l&rsquo;utilisation et \u00e0 la gestion de l&rsquo;\u00e9nergie. Ces formations b\u00e9n\u00e9ficient d&rsquo;une plateforme thermique de tout premier plan offrant des technologies innovantes en termes de production d&rsquo;\u00e9nergies. L&rsquo;efficacit\u00e9 [&hellip;]\" \/>\n<meta property=\"og:url\" content=\"https:\/\/www.iutcolmar.uha.fr\/index.php\/formations\/domaines\/energies-thermique\/\" \/>\n<meta property=\"og:site_name\" content=\"IUT de Colmar\" \/>\n<meta property=\"article:modified_time\" content=\"2023-01-18T13:49:55+00:00\" \/>\n<meta property=\"og:image\" content=\"https:\/\/www.iutcolmar.uha.fr\/wp-content\/uploads\/2018\/12\/energie-renouvelable-300x83.jpg\" \/>\n<meta name=\"twitter:card\" content=\"summary_large_image\" \/>\n<meta name=\"twitter:label1\" content=\"Dur\u00e9e de lecture estim\u00e9e\" \/>\n\t<meta name=\"twitter:data1\" content=\"1 minute\" \/>\n<script type=\"application\/ld+json\" class=\"yoast-schema-graph\">{\"@context\":\"https:\/\/schema.org\",\"@graph\":[{\"@type\":\"WebPage\",\"@id\":\"https:\/\/www.iutcolmar.uha.fr\/index.php\/formations\/domaines\/energies-thermique\/\",\"url\":\"https:\/\/www.iutcolmar.uha.fr\/index.php\/formations\/domaines\/energies-thermique\/\",\"name\":\"\u00c9nergies, thermique - IUT de Colmar\",\"isPartOf\":{\"@id\":\"https:\/\/www.iutcolmar.uha.fr\/#website\"},\"primaryImageOfPage\":{\"@id\":\"https:\/\/www.iutcolmar.uha.fr\/index.php\/formations\/domaines\/energies-thermique\/#primaryimage\"},\"image\":{\"@id\":\"https:\/\/www.iutcolmar.uha.fr\/index.php\/formations\/domaines\/energies-thermique\/#primaryimage\"},\"thumbnailUrl\":\"https:\/\/www.iutcolmar.uha.fr\/wp-content\/uploads\/2018\/12\/energie-renouvelable-300x83.jpg\",\"datePublished\":\"2018-04-05T06:47:41+00:00\",\"dateModified\":\"2023-01-18T13:49:55+00:00\",\"breadcrumb\":{\"@id\":\"https:\/\/www.iutcolmar.uha.fr\/index.php\/formations\/domaines\/energies-thermique\/#breadcrumb\"},\"inLanguage\":\"fr-FR\",\"potentialAction\":[{\"@type\":\"ReadAction\",\"target\":[\"https:\/\/www.iutcolmar.uha.fr\/index.php\/formations\/domaines\/energies-thermique\/\"]}]},{\"@type\":\"ImageObject\",\"inLanguage\":\"fr-FR\",\"@id\":\"https:\/\/www.iutcolmar.uha.fr\/index.php\/formations\/domaines\/energies-thermique\/#primaryimage\",\"url\":\"https:\/\/www.iutcolmar.uha.fr\/wp-content\/uploads\/2018\/12\/energie-renouvelable-300x83.jpg\",\"contentUrl\":\"https:\/\/www.iutcolmar.uha.fr\/wp-content\/uploads\/2018\/12\/energie-renouvelable-300x83.jpg\"},{\"@type\":\"BreadcrumbList\",\"@id\":\"https:\/\/www.iutcolmar.uha.fr\/index.php\/formations\/domaines\/energies-thermique\/#breadcrumb\",\"itemListElement\":[{\"@type\":\"ListItem\",\"position\":1,\"name\":\"Accueil\",\"item\":\"https:\/\/www.iutcolmar.uha.fr\/\"},{\"@type\":\"ListItem\",\"position\":2,\"name\":\"Formations\",\"item\":\"https:\/\/www.iutcolmar.uha.fr\/index.php\/formations\/\"},{\"@type\":\"ListItem\",\"position\":3,\"name\":\"Domaines\",\"item\":\"https:\/\/www.iutcolmar.uha.fr\/index.php\/formations\/domaines\/\"},{\"@type\":\"ListItem\",\"position\":4,\"name\":\"\u00c9nergies, thermique\"}]},{\"@type\":\"WebSite\",\"@id\":\"https:\/\/www.iutcolmar.uha.fr\/#website\",\"url\":\"https:\/\/www.iutcolmar.uha.fr\/\",\"name\":\"IUT de Colmar\",\"description\":\"Universit\u00e9 de Haute-Alsace\",\"potentialAction\":[{\"@type\":\"SearchAction\",\"target\":{\"@type\":\"EntryPoint\",\"urlTemplate\":\"https:\/\/www.iutcolmar.uha.fr\/?s={search_term_string}\"},\"query-input\":{\"@type\":\"PropertyValueSpecification\",\"valueRequired\":true,\"valueName\":\"search_term_string\"}}],\"inLanguage\":\"fr-FR\"}]}<\/script>\n<!-- \/ Yoast SEO plugin. -->","yoast_head_json":{"title":"\u00c9nergies, thermique - IUT de Colmar","robots":{"index":"index","follow":"follow","max-snippet":"max-snippet:-1","max-image-preview":"max-image-preview:large","max-video-preview":"max-video-preview:-1"},"canonical":"https:\/\/www.iutcolmar.uha.fr\/index.php\/formations\/domaines\/energies-thermique\/","og_locale":"fr_FR","og_type":"article","og_title":"\u00c9nergies, thermique - IUT de Colmar","og_description":"\u00c9nergies, thermique &nbsp; Les formations en \u00e9nerg\u00e9tiques, du B.U.T. \u00e0 la Licence Professionnelle, visent \u00e0 former des techniciens sup\u00e9rieurs \u00e0 l&rsquo;ensemble des activit\u00e9s relatives \u00e0 la production, \u00e0 l&rsquo;utilisation et \u00e0 la gestion de l&rsquo;\u00e9nergie. Ces formations b\u00e9n\u00e9ficient d&rsquo;une plateforme thermique de tout premier plan offrant des technologies innovantes en termes de production d&rsquo;\u00e9nergies. L&rsquo;efficacit\u00e9 [&hellip;]","og_url":"https:\/\/www.iutcolmar.uha.fr\/index.php\/formations\/domaines\/energies-thermique\/","og_site_name":"IUT de Colmar","article_modified_time":"2023-01-18T13:49:55+00:00","og_image":[{"url":"https:\/\/www.iutcolmar.uha.fr\/wp-content\/uploads\/2018\/12\/energie-renouvelable-300x83.jpg","type":"","width":"","height":""}],"twitter_card":"summary_large_image","twitter_misc":{"Dur\u00e9e de lecture estim\u00e9e":"1 minute"},"schema":{"@context":"https:\/\/schema.org","@graph":[{"@type":"WebPage","@id":"https:\/\/www.iutcolmar.uha.fr\/index.php\/formations\/domaines\/energies-thermique\/","url":"https:\/\/www.iutcolmar.uha.fr\/index.php\/formations\/domaines\/energies-thermique\/","name":"\u00c9nergies, thermique - IUT de Colmar","isPartOf":{"@id":"https:\/\/www.iutcolmar.uha.fr\/#website"},"primaryImageOfPage":{"@id":"https:\/\/www.iutcolmar.uha.fr\/index.php\/formations\/domaines\/energies-thermique\/#primaryimage"},"image":{"@id":"https:\/\/www.iutcolmar.uha.fr\/index.php\/formations\/domaines\/energies-thermique\/#primaryimage"},"thumbnailUrl":"https:\/\/www.iutcolmar.uha.fr\/wp-content\/uploads\/2018\/12\/energie-renouvelable-300x83.jpg","datePublished":"2018-04-05T06:47:41+00:00","dateModified":"2023-01-18T13:49:55+00:00","breadcrumb":{"@id":"https:\/\/www.iutcolmar.uha.fr\/index.php\/formations\/domaines\/energies-thermique\/#breadcrumb"},"inLanguage":"fr-FR","potentialAction":[{"@type":"ReadAction","target":["https:\/\/www.iutcolmar.uha.fr\/index.php\/formations\/domaines\/energies-thermique\/"]}]},{"@type":"ImageObject","inLanguage":"fr-FR","@id":"https:\/\/www.iutcolmar.uha.fr\/index.php\/formations\/domaines\/energies-thermique\/#primaryimage","url":"https:\/\/www.iutcolmar.uha.fr\/wp-content\/uploads\/2018\/12\/energie-renouvelable-300x83.jpg","contentUrl":"https:\/\/www.iutcolmar.uha.fr\/wp-content\/uploads\/2018\/12\/energie-renouvelable-300x83.jpg"},{"@type":"BreadcrumbList","@id":"https:\/\/www.iutcolmar.uha.fr\/index.php\/formations\/domaines\/energies-thermique\/#breadcrumb","itemListElement":[{"@type":"ListItem","position":1,"name":"Accueil","item":"https:\/\/www.iutcolmar.uha.fr\/"},{"@type":"ListItem","position":2,"name":"Formations","item":"https:\/\/www.iutcolmar.uha.fr\/index.php\/formations\/"},{"@type":"ListItem","position":3,"name":"Domaines","item":"https:\/\/www.iutcolmar.uha.fr\/index.php\/formations\/domaines\/"},{"@type":"ListItem","position":4,"name":"\u00c9nergies, thermique"}]},{"@type":"WebSite","@id":"https:\/\/www.iutcolmar.uha.fr\/#website","url":"https:\/\/www.iutcolmar.uha.fr\/","name":"IUT de Colmar","description":"Universit\u00e9 de Haute-Alsace","potentialAction":[{"@type":"SearchAction","target":{"@type":"EntryPoint","urlTemplate":"https:\/\/www.iutcolmar.uha.fr\/?s={search_term_string}"},"query-input":{"@type":"PropertyValueSpecification","valueRequired":true,"valueName":"search_term_string"}}],"inLanguage":"fr-FR"}]}},"_links":{"self":[{"href":"https:\/\/www.iutcolmar.uha.fr\/index.php\/wp-json\/wp\/v2\/pages\/97","targetHints":{"allow":["GET"]}}],"collection":[{"href":"https:\/\/www.iutcolmar.uha.fr\/index.php\/wp-json\/wp\/v2\/pages"}],"about":[{"href":"https:\/\/www.iutcolmar.uha.fr\/index.php\/wp-json\/wp\/v2\/types\/page"}],"author":[{"embeddable":true,"href":"https:\/\/www.iutcolmar.uha.fr\/index.php\/wp-json\/wp\/v2\/users\/1"}],"replies":[{"embeddable":true,"href":"https:\/\/www.iutcolmar.uha.fr\/index.php\/wp-json\/wp\/v2\/comments?post=97"}],"version-history":[{"count":11,"href":"https:\/\/www.iutcolmar.uha.fr\/index.php\/wp-json\/wp\/v2\/pages\/97\/revisions"}],"predecessor-version":[{"id":5889,"href":"https:\/\/www.iutcolmar.uha.fr\/index.php\/wp-json\/wp\/v2\/pages\/97\/revisions\/5889"}],"up":[{"embeddable":true,"href":"https:\/\/www.iutcolmar.uha.fr\/index.php\/wp-json\/wp\/v2\/pages\/68"}],"wp:attachment":[{"href":"https:\/\/www.iutcolmar.uha.fr\/index.php\/wp-json\/wp\/v2\/media?parent=97"}],"curies":[{"name":"wp","href":"https:\/\/api.w.org\/{rel}","templated":true}]}}