{"id":973,"date":"2018-05-02T16:09:56","date_gmt":"2018-05-02T14:09:56","guid":{"rendered":"https:\/\/www.iutcolmar.uha.fr\/?page_id=973"},"modified":"2026-04-09T16:11:11","modified_gmt":"2026-04-09T14:11:11","slug":"candidatures","status":"publish","type":"page","link":"https:\/\/www.iutcolmar.uha.fr\/index.php\/candidatures\/","title":{"rendered":"Candidatures"},"content":{"rendered":"<p><img loading=\"lazy\" decoding=\"async\" class=\"alignnone wp-image-6797 size-full\" src=\"https:\/\/www.iutcolmar.uha.fr\/wp-content\/uploads\/2024\/10\/CANDIDATER_v3.png\" alt=\"Candidatures\" width=\"1687\" height=\"646\" srcset=\"https:\/\/www.iutcolmar.uha.fr\/wp-content\/uploads\/2024\/10\/CANDIDATER_v3.png 1687w, https:\/\/www.iutcolmar.uha.fr\/wp-content\/uploads\/2024\/10\/CANDIDATER_v3-300x115.png 300w, https:\/\/www.iutcolmar.uha.fr\/wp-content\/uploads\/2024\/10\/CANDIDATER_v3-1024x392.png 1024w, https:\/\/www.iutcolmar.uha.fr\/wp-content\/uploads\/2024\/10\/CANDIDATER_v3-768x294.png 768w, https:\/\/www.iutcolmar.uha.fr\/wp-content\/uploads\/2024\/10\/CANDIDATER_v3-1536x588.png 1536w\" sizes=\"auto, (max-width: 1687px) 100vw, 1687px\" \/><\/p>\n<h2>Avant de candidater, d\u00e9couvrez toutes nos <a href=\"https:\/\/www.iutcolmar.uha.fr\/index.php\/formations\/\">formations<\/a>.<\/h2>\n<div class=\"su-row\">\n<div class=\"su-column su-column-size-3-4\"><div class=\"su-column-inner su-u-clearfix su-u-trim\">\n<div class=\"su-tabs su-tabs-style-default su-tabs-mobile-stack su-tabs-vertical\" data-active=\"1\" data-scroll-offset=\"0\" data-anchor-in-url=\"no\"><div class=\"su-tabs-nav\"><span class=\"\" data-url=\"\" data-target=\"blank\" tabindex=\"0\" role=\"button\">Candidater en B.U.T. 1\u00e8re ann\u00e9e<\/span><span class=\"\" data-url=\"\" data-target=\"blank\" tabindex=\"0\" role=\"button\">Candidater en B.U.T. 2<sup>\u00e8me <\/sup>et\/ou 3<sup>\u00e8me<\/sup> ann\u00e9e<\/span><span class=\"\" data-url=\"\" data-target=\"blank\" tabindex=\"0\" role=\"button\">Candidater en Licence Professionnelle (LP)<\/span><span class=\"\" data-url=\"\" data-target=\"blank\" tabindex=\"0\" role=\"button\">Candidats r\u00e9sidant \u00e0 l'\u00e9tranger<\/span><\/div><div class=\"su-tabs-panes\"><div class=\"su-tabs-pane su-u-clearfix su-u-trim\" data-title=\"Candidater en B.U.T. 1\u00e8re ann\u00e9e\">\n<h2>Candidater en B.U.T. 1\u00e8re ann\u00e9e<\/h2>\n<p><a href=\"https:\/\/www.parcoursup.gouv.fr\/\"><div class=\"su-service\"><div class=\"su-service-title\" style=\"padding-left:38px;min-height:24px;line-height:24px\"><i class=\"sui sui-tv\" style=\"font-size:24px;color:#009ee3\"><\/i> Rendez-vous sur : Parcoursup.gouv.fr<\/div><div class=\"su-service-content su-u-clearfix su-u-trim\" style=\"padding-left:38px\"><\/div><\/div><\/a><\/p>\n<p>Avec Parcoursup : Suivez vos candidatures, consultez vos r\u00e9sultats d&rsquo;admission, r\u00e9pondez aux propositions d&rsquo;admission, et prenez vos rendez-vous pour les entretiens, le cas \u00e9ch\u00e9ant.<\/p>\n<h3>Les dates \u00e0 ne pas manquer &#8211; Candidatures 2026 :<\/h3>\n<p><a href=\"https:\/\/www.parcoursup.gouv.fr\/calendrier\/calendrier-4\"><div class=\"su-service\"><div class=\"su-service-title\" style=\"padding-left:38px;min-height:24px;line-height:24px\"><i class=\"sui sui-tv\" style=\"font-size:24px;color:#009ee3\"><\/i> Calendrier parcoursup : Cliquez ici<\/div><div class=\"su-service-content su-u-clearfix su-u-trim\" style=\"padding-left:38px\"><\/div><\/div><\/a><\/p>\n<table style=\"height: 352px;\" width=\"1018\">\n<tbody>\n<tr>\n<td width=\"179\"><strong>17 d\u00e9cembre 2025<\/strong><\/td>\n<td width=\"537\">Ouverture de Parcoursup.gouv.fr pour consulter les fiches formations<\/td>\n<\/tr>\n<tr>\n<td><strong>19 janvier 2026<\/strong><\/td>\n<td>D\u00e9but des inscriptions et de la formulation des v\u0153ux<\/td>\n<\/tr>\n<tr>\n<td><strong>12 mars 2026<\/strong><\/td>\n<td>Date limite pour formuler ses v\u0153ux en formation \u00e0 temps plein (initiale)<\/td>\n<\/tr>\n<tr>\n<td><strong>1er avril 2026<\/strong><\/td>\n<td>Date limite pour compl\u00e9ter son dossier et confirmer ses v\u0153ux<\/td>\n<\/tr>\n<tr>\n<td><strong>2 juin 2026<\/strong><\/td>\n<td>D\u00e9but de la phase d\u2019admission principale (r\u00e9ponses des formations)<\/td>\n<\/tr>\n<tr>\n<td><strong>11 juin 2026<\/strong><\/td>\n<td>Lancement de la phase compl\u00e9mentaire (possibilit\u00e9 de formuler de nouveaux v\u0153ux)<\/td>\n<\/tr>\n<tr>\n<td><strong>8 septembre 2026<\/strong><\/td>\n<td>Date limite pour formuler de nouveaux en phase compl\u00e9mentaire<\/td>\n<\/tr>\n<\/tbody>\n<\/table>\n<p><strong>A NOTER : V\u0153ux en apprentissage<\/strong> possible du 19 janvier<strong> jusqu&rsquo;au 8 septembre 2026<\/strong> pour les formations concern\u00e9es (HSE, MT2E et TC).<\/p>\n<\/div>\n<div class=\"su-tabs-pane su-u-clearfix su-u-trim\" data-title=\"Candidater en B.U.T. 2&lt;sup&gt;\u00e8me &lt;\/sup&gt;et\/ou 3&lt;sup&gt;\u00e8me&lt;\/sup&gt; ann\u00e9e\">\n<h2>Candidater en B.U.T 2<sup>\u00e8me<\/sup> et\/ou 3<sup>\u00e8me<\/sup>ann\u00e9e (en cours de mise \u00e0 jour)<\/h2>\n<p><a href=\"https:\/\/ecandidat.uha.fr\/ecandidat\/#!accueilView\"><div class=\"su-service\"><div class=\"su-service-title\" style=\"padding-left:38px;min-height:24px;line-height:24px\"><i class=\"sui sui-tv\" style=\"font-size:24px;color:#009ee3\"><\/i> Rendez-vous sur : ecandidat.uha.fr<\/div><div class=\"su-service-content su-u-clearfix su-u-trim\" style=\"padding-left:38px\"><\/a><\/div><\/div>\n<p>Avec <a href=\"https:\/\/ecandidat.uha.fr\/ecandidat\/#!accueilView\">eCandidat.uha.fr<\/a> : Suivez vos candidatures, consultez vos r\u00e9sultats d&rsquo;admission, confirmez le maintien de votre candidature.<\/p>\n<div class=\"su-service\"><div class=\"su-service-title\" style=\"padding-left:38px;min-height:24px;line-height:24px\"><i class=\"sui sui-download\" style=\"font-size:24px;color:#009ee3\"><\/i> Guide du candidat<\/div><div class=\"su-service-content su-u-clearfix su-u-trim\" style=\"padding-left:38px\"><a href=\"https:\/\/www.iutcolmar.uha.fr\/wp-content\/uploads\/2025\/03\/procedure-eCandidat-pour-etudiants.pdf\" target=\"_blank\" rel=\"noopener\">T\u00e9l\u00e9chargez le guide du candidat<\/a><\/div><\/div>\n<p>Il vous reste une question ? La r\u00e9ponse se trouve sans doute dans la <a href=\"https:\/\/ecandidat.uha.fr\/ecandidat\/#!assistanceView\" target=\"_blank\" rel=\"noopener noreferrer\">foire aux questions (FAQ)<\/a>.<\/p>\n<h3>Les dates \u00e0 ne pas manquer &#8211; Candidatures 2026 :<\/h3>\n<p><strong>1\u00e8re vague de recrutement :<\/strong><\/p>\n<table width=\"1030\">\n<tbody>\n<tr>\n<td width=\"179\"><strong>2 avril 2026<\/strong><\/td>\n<td width=\"749\"><strong>Selon les places disponibles,<\/strong> Ouverture des candidatures pour les formations B.U.T. 2\u00e8me\/3\u00e8me ann\u00e9e sur la plateforme <a href=\"https:\/\/ecandidat.uha.fr\/ecandidat\/#!accueilView\">eCandidat.uha.fr<\/a><\/td>\n<\/tr>\n<tr>\n<td><strong>2 mai 2026<\/strong><\/td>\n<td>Date limite des v\u0153ux et finalisation des dossiers de candidatures (Cliquez sur \u00ab\u00a0Transmettre ma candidature\u00a0\u00bb)<\/td>\n<\/tr>\n<tr>\n<td><strong>2 juin 2026<\/strong><\/td>\n<td>Publication des r\u00e9sultats pour les dossiers r\u00e9ceptionn\u00e9s au plus tard le 2 mai 2026<\/td>\n<\/tr>\n<\/tbody>\n<\/table>\n<p><strong>Si des places sont encore disponibles, <\/strong>2\u00e8me vague de recrutement :<\/p>\n<table width=\"1030\">\n<tbody>\n<tr>\n<td width=\"179\">15 juin 2026<\/td>\n<td width=\"749\"><strong>Si places encore disponibles<\/strong>, r\u00e9ouverture des candidatures pour les formations B.U.T. 2\u00e8me\/3\u00e8me sur la plateforme <a href=\"https:\/\/ecandidat.uha.fr\/ecandidat\/#!accueilView\">eCandidat.uha.fr<\/a><\/td>\n<\/tr>\n<tr>\n<td>30 juin 2026<\/td>\n<td>Date limite des v\u0153ux et finalisation des dossiers de candidatures (Cliquez sur \u00ab\u00a0Transmettre ma candidature\u00a0\u00bb)<\/td>\n<\/tr>\n<tr>\n<td>20 juillet 2026<\/td>\n<td>Publication des r\u00e9sultats pour les dossiers r\u00e9ceptionn\u00e9s au plus tard le 30 juin 2026<\/td>\n<\/tr>\n<\/tbody>\n<\/table>\n<\/div>\n<div class=\"su-tabs-pane su-u-clearfix su-u-trim\" data-title=\"Candidater en Licence Professionnelle (LP)\">\n<h2>Candidater en Licence Professionnelle (LP)<\/h2>\n<p>Depuis la cr\u00e9ation du Bachelor Universitaire de Technologie (B.U.T.), les licences professionnelles ont \u00e9t\u00e9 int\u00e9gr\u00e9es au B.U.T. \u00e0 l&rsquo;exception des deux licences suivantes :<\/p>\n<p>&#8211; <a href=\"https:\/\/www.iutcolmar.uha.fr\/index.php\/formations\/diplomes\/bac-3-licences-professionnelles\/lp-bio-industries-et-biotechnologies\/\">LP Bio-industries et bio-technologies Parcours biologie mol\u00e9culaire et cellulaire<\/a><br \/>\n&#8211; <a href=\"https:\/\/www.iutcolmar.uha.fr\/index.php\/formations\/diplomes\/bac-3-licences-professionnelles\/lp-technico-commercial\/\">LP Technico-commercial<\/a><\/p>\n<p><a href=\"https:\/\/ecandidat.uha.fr\/ecandidat\/#!accueilView\"><div class=\"su-service\"><div class=\"su-service-title\" style=\"padding-left:38px;min-height:24px;line-height:24px\"><i class=\"sui sui-tv\" style=\"font-size:24px;color:#009ee3\"><\/i> Rendez-vous sur : ecandidat.uha.fr<\/div><div class=\"su-service-content su-u-clearfix su-u-trim\" style=\"padding-left:38px\"><\/a><\/div><\/div>\n<p>Avec eCandidat.uha.fr : Suivez vos candidatures, consultez vos r\u00e9sultats d&rsquo;admission, confirmez le maintien de votre candidature.<\/p>\n<div class=\"su-service\"><div class=\"su-service-title\" style=\"padding-left:38px;min-height:24px;line-height:24px\"><i class=\"sui sui-download\" style=\"font-size:24px;color:#009ee3\"><\/i> Guide du candidat<\/div><div class=\"su-service-content su-u-clearfix su-u-trim\" style=\"padding-left:38px\"><a href=\"https:\/\/www.iutcolmar.uha.fr\/wp-content\/uploads\/2025\/03\/procedure-eCandidat-pour-etudiants.pdf\" target=\"_blank\" rel=\"noopener\">T\u00e9l\u00e9chargez le guide du candidat<\/a><\/div><\/div>\n<p>Il vous reste une question ? La r\u00e9ponse se trouve sans doute dans la <a href=\"https:\/\/ecandidat.uha.fr\/ecandidat\/#!assistanceView\" target=\"_blank\" rel=\"noopener noreferrer\">foire aux questions (FAQ)<\/a>.<\/p>\n<h3>Les dates \u00e0 ne pas manquer &#8211; Candidatures 2026 :<\/h3>\n<p><strong>1\u00e8re vague de recrutement :<\/strong><\/p>\n<table width=\"1030\">\n<tbody>\n<tr>\n<td width=\"179\"><strong>2 avril 2026<\/strong><\/td>\n<td width=\"749\">Ouverture des candidatures pour les formations Licences Professionnelles sur la plateforme <a href=\"https:\/\/ecandidat.uha.fr\/ecandidat\/#!accueilView\">eCandidat.uha.fr<\/a><\/td>\n<\/tr>\n<tr>\n<td><strong>2 mai 2026<\/strong><\/td>\n<td>Date limite des v\u0153ux et finalisation des dossiers de candidatures (Cliquez sur \u00ab\u00a0Transmettre ma candidature\u00a0\u00bb)<\/td>\n<\/tr>\n<tr>\n<td><strong>2 juin 2026<\/strong><\/td>\n<td>Publication des r\u00e9sultats pour les dossiers r\u00e9ceptionn\u00e9s au plus tard le 2 mai 2026<\/td>\n<\/tr>\n<\/tbody>\n<\/table>\n<p><strong>Si des places sont encore disponibles, <\/strong>2\u00e8me vague de recrutement :<\/p>\n<table style=\"height: 113px;\" width=\"1092\">\n<tbody>\n<tr>\n<td width=\"179\">2 juillet 2026<\/td>\n<td width=\"749\"><strong>Si places encore disponibles<\/strong>, r\u00e9ouverture des candidatures pour les formations Licences Professionnelles sur la plateforme <a href=\"https:\/\/ecandidat.uha.fr\/ecandidat\/#!accueilView\">eCandidat.uha.fr<\/a><\/td>\n<\/tr>\n<tr>\n<td>24 juillet 2026<\/td>\n<td>Date limite des v\u0153ux et finalisation des dossiers de candidatures (Cliquez sur \u00ab\u00a0Transmettre ma candidature\u00a0\u00bb)<\/td>\n<\/tr>\n<tr>\n<td>\u00a02 septembre 2026<\/td>\n<td>Publication des r\u00e9sultats pour les dossiers r\u00e9ceptionn\u00e9s au plus tard le 24 juillet 2026<\/td>\n<\/tr>\n<\/tbody>\n<\/table>\n<\/div>\n<div class=\"su-tabs-pane su-u-clearfix su-u-trim\" data-title=\"Candidats r\u00e9sidant \u00e0 l&#039;\u00e9tranger\">\n<h2>Candidats r\u00e9sidant \u00e0 l&rsquo;\u00e9tranger 2026 :<\/h2>\n<p><a href=\"https:\/\/www.iutcolmar.uha.fr\/wp-content\/uploads\/2025\/09\/Procedure-candidats-internationaux-2026.pdf\"><div class=\"su-service\"><div class=\"su-service-title\" style=\"padding-left:38px;min-height:24px;line-height:24px\"><i class=\"sui sui-download\" style=\"font-size:24px;color:#009ee3\"><\/i> T\u00e9l\u00e9chargez le tableau r\u00e9capitulatif des proc\u00e9dures selon votre pays de r\u00e9sidence et la formation souhait\u00e9e<\/div><div class=\"su-service-content su-u-clearfix su-u-trim\" style=\"padding-left:38px\"><\/div><\/div><\/a><\/p>\n<\/div><\/div><\/div>\n<\/div><\/div>\n<div class=\"su-column su-column-size-1-4\"><div class=\"su-column-inner su-u-clearfix su-u-trim\">\n<div class=\"su-service\"><div class=\"su-service-title\" style=\"padding-left:38px;min-height:24px;line-height:24px\"><i class=\"sui sui-envelope-open\" style=\"font-size:24px;color:#009ee3\"><\/i> Contact<\/div><div class=\"su-service-content su-u-clearfix su-u-trim\" style=\"padding-left:38px\">\n<a href=\"mailto:scolarite.iutcolmar@uha.fr\">scolarite.iutcolmar@uha.fr<\/a><\/p>\n<p>B\u00e2timent C<br \/>\n34 rue du Grillenbreit<br \/>\nBP 50568 &#8211; 68008 Colmar cedex<br \/>\n<\/div><\/div>\n<div class=\"su-service\"><div class=\"su-service-title\" style=\"padding-left:38px;min-height:24px;line-height:24px\"><i class=\"sui sui-phone\" style=\"font-size:24px;color:#009ee3\"><\/i> Pour nous joindre <\/div><div class=\"su-service-content su-u-clearfix su-u-trim\" style=\"padding-left:38px\">\n<a href=\"tel:+33389202382\">+33 (0)3 89 20 23 82<\/a><br \/>\nou<br \/>\n<a href=\"tel:+33389205485\">+33 (0)3 89 20 54 85<\/a><\/p>\n<div class=\"su-button-center\"><a href=\"https:\/\/my.web-visite.com\/F1wZsyd4fe\" class=\"su-button su-button-style-flat su-button-wide\" style=\"color:#FFFFFF;background-color:#004996;border-color:#003b78;border-radius:0px\" target=\"_self\"><span style=\"color:#FFFFFF;padding:6px 18px;font-size:14px;line-height:21px;border-color:#4d80b6;border-radius:0px;text-shadow:none\"><i class=\"sui sui-link\" style=\"font-size:14px;color:#FFFFFF\"><\/i> Visite virtuelle<\/span><\/a><\/div>\n<p><strong>Portes ouvertes :<br \/>\n<\/strong>Samedi 7 mars 2026<br \/>\nde 9h00 \u00e0 16h00<strong><br \/>\n<\/strong>Pour plus d&rsquo;informations : <a href=\"http:\/\/jpo.uha.fr\/\">www.jpo.uha.fr<\/a><\/p>\n<p><strong>Immersion<\/strong><br \/>\nLyc\u00e9ens ! Mettez-vous dans la peau d\u2019un \u00e9tudiant<br \/>\nPour plus d&rsquo;informations : <a href=\"https:\/\/immersion.projet-noria.fr\/procedure\">https:\/\/immersion.projet-noria.fr\/procedure<\/a><\/p>\n<\/div><\/div>\n<\/div><\/div>\n<\/div>\n<h2>Rapports publics Parcoursup 2025<\/h2>\n<div class=\"su-service\"><div class=\"su-service-title\" style=\"padding-left:38px;min-height:24px;line-height:24px\"><i class=\"sui sui-download\" style=\"font-size:24px;color:#009ee3\"><\/i> Cliquez sur le lien correspondant \u00e0 la formation souhait\u00e9e<\/div><div class=\"su-service-content su-u-clearfix su-u-trim\" style=\"padding-left:38px\"><\/div><\/div>\n<ul>\n<li><a href=\"https:\/\/www.iutcolmar.uha.fr\/wp-content\/uploads\/2025\/10\/BUT-CJ-FI_RAPPORT-PUBLIC-2025_PARCOURSUP.pdf\">Carri\u00e8res Juridiques (CJ)<\/a><\/li>\n<li><a href=\"https:\/\/www.iutcolmar.uha.fr\/wp-content\/uploads\/2025\/10\/BUT-GB-FI_RAPPORT-PUBLIC-2025_PARCOURSUP.pdf\">G\u00e9nie Biologique (GB)<\/a><\/li>\n<li><a href=\"https:\/\/www.iutcolmar.uha.fr\/wp-content\/uploads\/2025\/10\/BUT-HSE-FI_RAPPORT-PUBLIC-2025_PARCOURSUP.pdf\">Hygi\u00e8ne S\u00e9curit\u00e9 Environnement (HSE)<\/a><\/li>\n<li><a href=\"https:\/\/www.iutcolmar.uha.fr\/wp-content\/uploads\/2025\/10\/BUT-HSE-FA_RAPPORT-PUBLIC-2025_PARCOURSUP.pdf\">Hygi\u00e8ne S\u00e9curit\u00e9 Environnement (HSE) par apprentissage<\/a><\/li>\n<li><a href=\"https:\/\/www.iutcolmar.uha.fr\/wp-content\/uploads\/2025\/10\/BUT-MT2E-FI_RAPPORT-PUBLIC-2025_PARCOURSUP.pdf\">M\u00e9tiers de la Transition et de l&rsquo;Efficacit\u00e9 \u00c9nerg\u00e9tiques (MT2E)<\/a><\/li>\n<li><a href=\"https:\/\/www.iutcolmar.uha.fr\/wp-content\/uploads\/2025\/10\/BUT-MT2E-FA_RAPPORT-PUBLIC-2025_PARCOURSUP.pdf\">M\u00e9tiers de la Transition et de l&rsquo;Efficacit\u00e9 \u00c9nerg\u00e9tiques (MT2E) par apprentissage<\/a><\/li>\n<li><a href=\"https:\/\/www.iutcolmar.uha.fr\/wp-content\/uploads\/2025\/10\/BUT-RT-FI_RAPPORT-PUBLIC-2025_PARCOURSUP.pdf\">R\u00e9seaux et T\u00e9l\u00e9communications (RT)<\/a><\/li>\n<li><a href=\"https:\/\/www.iutcolmar.uha.fr\/wp-content\/uploads\/2025\/10\/BUT-TC-FI_RAPPORT-PUBLIC-2025_PARCOURSUP.pdf\">Techniques de Commercialisation (TC)<\/a><\/li>\n<li><a href=\"https:\/\/www.iutcolmar.uha.fr\/wp-content\/uploads\/2025\/10\/BUT-TC-FA_RAPPORT-PUBLIC-2025_PARCOURSUP.pdf\">Techniques de Commercialisation (TC) par apprentissage<\/a><\/li>\n<li><a href=\"https:\/\/www.iutcolmar.uha.fr\/wp-content\/uploads\/2025\/10\/BUT-TC-IBM-FI_RAPPORT-PUBLIC-2025_PARCOURSUP.pdf\">Techniques de Commercialisation &#8211; International Business Management (TC IBM) &#8211; Formation tri-nationale<\/a><\/li>\n<\/ul>\n<p>&nbsp;<\/p>\n","protected":false},"excerpt":{"rendered":"<p>Avant de candidater, d\u00e9couvrez toutes nos formations. Rapports publics Parcoursup 2025 Carri\u00e8res Juridiques (CJ) G\u00e9nie Biologique (GB) Hygi\u00e8ne S\u00e9curit\u00e9 Environnement (HSE) Hygi\u00e8ne S\u00e9curit\u00e9 Environnement (HSE) par apprentissage M\u00e9tiers de la Transition et de l&rsquo;Efficacit\u00e9 \u00c9nerg\u00e9tiques (MT2E) M\u00e9tiers de la Transition et de l&rsquo;Efficacit\u00e9 \u00c9nerg\u00e9tiques (MT2E) par apprentissage R\u00e9seaux et T\u00e9l\u00e9communications (RT) Techniques de Commercialisation (TC) [&hellip;]<\/p>\n","protected":false},"author":1,"featured_media":0,"parent":0,"menu_order":1,"comment_status":"closed","ping_status":"closed","template":"","meta":{"footnotes":""},"class_list":["post-973","page","type-page","status-publish","hentry"],"yoast_head":"<!-- This site is optimized with the Yoast SEO plugin v27.4 - https:\/\/yoast.com\/product\/yoast-seo-wordpress\/ -->\n<title>Candidatures - IUT de Colmar<\/title>\n<meta name=\"description\" content=\"A l&#039;IUT de Colmar les candidatures en DUT se font sur la plateforme Parcoursup et sur Ecandidat pour les licences professionnelles.\" \/>\n<meta name=\"robots\" content=\"index, follow, max-snippet:-1, max-image-preview:large, max-video-preview:-1\" \/>\n<link rel=\"canonical\" href=\"https:\/\/www.iutcolmar.uha.fr\/index.php\/candidatures\/\" \/>\n<meta property=\"og:locale\" content=\"fr_FR\" \/>\n<meta property=\"og:type\" content=\"article\" \/>\n<meta property=\"og:title\" content=\"Candidatures - IUT de Colmar\" \/>\n<meta property=\"og:description\" content=\"A l&#039;IUT de Colmar les candidatures en DUT se font sur la plateforme Parcoursup et sur Ecandidat pour les licences professionnelles.\" \/>\n<meta property=\"og:url\" content=\"https:\/\/www.iutcolmar.uha.fr\/index.php\/candidatures\/\" \/>\n<meta property=\"og:site_name\" content=\"IUT de Colmar\" \/>\n<meta property=\"article:modified_time\" content=\"2026-04-09T14:11:11+00:00\" \/>\n<meta property=\"og:image\" content=\"https:\/\/www.iutcolmar.uha.fr\/wp-content\/uploads\/2024\/10\/CANDIDATER_v3.png\" \/>\n\t<meta property=\"og:image:width\" content=\"1687\" \/>\n\t<meta property=\"og:image:height\" content=\"646\" \/>\n\t<meta property=\"og:image:type\" content=\"image\/png\" \/>\n<meta name=\"twitter:card\" content=\"summary_large_image\" \/>\n<meta name=\"twitter:label1\" content=\"Dur\u00e9e de lecture estim\u00e9e\" \/>\n\t<meta name=\"twitter:data1\" content=\"5 minutes\" \/>\n<script type=\"application\/ld+json\" class=\"yoast-schema-graph\">{\"@context\":\"https:\\\/\\\/schema.org\",\"@graph\":[{\"@type\":\"WebPage\",\"@id\":\"https:\\\/\\\/www.iutcolmar.uha.fr\\\/index.php\\\/candidatures\\\/\",\"url\":\"https:\\\/\\\/www.iutcolmar.uha.fr\\\/index.php\\\/candidatures\\\/\",\"name\":\"Candidatures - IUT de Colmar\",\"isPartOf\":{\"@id\":\"https:\\\/\\\/www.iutcolmar.uha.fr\\\/#website\"},\"primaryImageOfPage\":{\"@id\":\"https:\\\/\\\/www.iutcolmar.uha.fr\\\/index.php\\\/candidatures\\\/#primaryimage\"},\"image\":{\"@id\":\"https:\\\/\\\/www.iutcolmar.uha.fr\\\/index.php\\\/candidatures\\\/#primaryimage\"},\"thumbnailUrl\":\"https:\\\/\\\/www.iutcolmar.uha.fr\\\/wp-content\\\/uploads\\\/2024\\\/10\\\/CANDIDATER_v3.png\",\"datePublished\":\"2018-05-02T14:09:56+00:00\",\"dateModified\":\"2026-04-09T14:11:11+00:00\",\"description\":\"A l'IUT de Colmar les candidatures en DUT se font sur la plateforme Parcoursup et sur Ecandidat pour les licences professionnelles.\",\"breadcrumb\":{\"@id\":\"https:\\\/\\\/www.iutcolmar.uha.fr\\\/index.php\\\/candidatures\\\/#breadcrumb\"},\"inLanguage\":\"fr-FR\",\"potentialAction\":[{\"@type\":\"ReadAction\",\"target\":[\"https:\\\/\\\/www.iutcolmar.uha.fr\\\/index.php\\\/candidatures\\\/\"]}]},{\"@type\":\"ImageObject\",\"inLanguage\":\"fr-FR\",\"@id\":\"https:\\\/\\\/www.iutcolmar.uha.fr\\\/index.php\\\/candidatures\\\/#primaryimage\",\"url\":\"https:\\\/\\\/www.iutcolmar.uha.fr\\\/wp-content\\\/uploads\\\/2024\\\/10\\\/CANDIDATER_v3.png\",\"contentUrl\":\"https:\\\/\\\/www.iutcolmar.uha.fr\\\/wp-content\\\/uploads\\\/2024\\\/10\\\/CANDIDATER_v3.png\",\"width\":1687,\"height\":646,\"caption\":\"Candidatures\"},{\"@type\":\"BreadcrumbList\",\"@id\":\"https:\\\/\\\/www.iutcolmar.uha.fr\\\/index.php\\\/candidatures\\\/#breadcrumb\",\"itemListElement\":[{\"@type\":\"ListItem\",\"position\":1,\"name\":\"Accueil\",\"item\":\"https:\\\/\\\/www.iutcolmar.uha.fr\\\/\"},{\"@type\":\"ListItem\",\"position\":2,\"name\":\"Candidatures\"}]},{\"@type\":\"WebSite\",\"@id\":\"https:\\\/\\\/www.iutcolmar.uha.fr\\\/#website\",\"url\":\"https:\\\/\\\/www.iutcolmar.uha.fr\\\/\",\"name\":\"IUT de Colmar\",\"description\":\"Universit\u00e9 de Haute-Alsace\",\"potentialAction\":[{\"@type\":\"SearchAction\",\"target\":{\"@type\":\"EntryPoint\",\"urlTemplate\":\"https:\\\/\\\/www.iutcolmar.uha.fr\\\/?s={search_term_string}\"},\"query-input\":{\"@type\":\"PropertyValueSpecification\",\"valueRequired\":true,\"valueName\":\"search_term_string\"}}],\"inLanguage\":\"fr-FR\"}]}<\/script>\n<!-- \/ Yoast SEO plugin. -->","yoast_head_json":{"title":"Candidatures - IUT de Colmar","description":"A l'IUT de Colmar les candidatures en DUT se font sur la plateforme Parcoursup et sur Ecandidat pour les licences professionnelles.","robots":{"index":"index","follow":"follow","max-snippet":"max-snippet:-1","max-image-preview":"max-image-preview:large","max-video-preview":"max-video-preview:-1"},"canonical":"https:\/\/www.iutcolmar.uha.fr\/index.php\/candidatures\/","og_locale":"fr_FR","og_type":"article","og_title":"Candidatures - IUT de Colmar","og_description":"A l'IUT de Colmar les candidatures en DUT se font sur la plateforme Parcoursup et sur Ecandidat pour les licences professionnelles.","og_url":"https:\/\/www.iutcolmar.uha.fr\/index.php\/candidatures\/","og_site_name":"IUT de Colmar","article_modified_time":"2026-04-09T14:11:11+00:00","og_image":[{"width":1687,"height":646,"url":"https:\/\/www.iutcolmar.uha.fr\/wp-content\/uploads\/2024\/10\/CANDIDATER_v3.png","type":"image\/png"}],"twitter_card":"summary_large_image","twitter_misc":{"Dur\u00e9e de lecture estim\u00e9e":"5 minutes"},"schema":{"@context":"https:\/\/schema.org","@graph":[{"@type":"WebPage","@id":"https:\/\/www.iutcolmar.uha.fr\/index.php\/candidatures\/","url":"https:\/\/www.iutcolmar.uha.fr\/index.php\/candidatures\/","name":"Candidatures - IUT de Colmar","isPartOf":{"@id":"https:\/\/www.iutcolmar.uha.fr\/#website"},"primaryImageOfPage":{"@id":"https:\/\/www.iutcolmar.uha.fr\/index.php\/candidatures\/#primaryimage"},"image":{"@id":"https:\/\/www.iutcolmar.uha.fr\/index.php\/candidatures\/#primaryimage"},"thumbnailUrl":"https:\/\/www.iutcolmar.uha.fr\/wp-content\/uploads\/2024\/10\/CANDIDATER_v3.png","datePublished":"2018-05-02T14:09:56+00:00","dateModified":"2026-04-09T14:11:11+00:00","description":"A l'IUT de Colmar les candidatures en DUT se font sur la plateforme Parcoursup et sur Ecandidat pour les licences professionnelles.","breadcrumb":{"@id":"https:\/\/www.iutcolmar.uha.fr\/index.php\/candidatures\/#breadcrumb"},"inLanguage":"fr-FR","potentialAction":[{"@type":"ReadAction","target":["https:\/\/www.iutcolmar.uha.fr\/index.php\/candidatures\/"]}]},{"@type":"ImageObject","inLanguage":"fr-FR","@id":"https:\/\/www.iutcolmar.uha.fr\/index.php\/candidatures\/#primaryimage","url":"https:\/\/www.iutcolmar.uha.fr\/wp-content\/uploads\/2024\/10\/CANDIDATER_v3.png","contentUrl":"https:\/\/www.iutcolmar.uha.fr\/wp-content\/uploads\/2024\/10\/CANDIDATER_v3.png","width":1687,"height":646,"caption":"Candidatures"},{"@type":"BreadcrumbList","@id":"https:\/\/www.iutcolmar.uha.fr\/index.php\/candidatures\/#breadcrumb","itemListElement":[{"@type":"ListItem","position":1,"name":"Accueil","item":"https:\/\/www.iutcolmar.uha.fr\/"},{"@type":"ListItem","position":2,"name":"Candidatures"}]},{"@type":"WebSite","@id":"https:\/\/www.iutcolmar.uha.fr\/#website","url":"https:\/\/www.iutcolmar.uha.fr\/","name":"IUT de Colmar","description":"Universit\u00e9 de Haute-Alsace","potentialAction":[{"@type":"SearchAction","target":{"@type":"EntryPoint","urlTemplate":"https:\/\/www.iutcolmar.uha.fr\/?s={search_term_string}"},"query-input":{"@type":"PropertyValueSpecification","valueRequired":true,"valueName":"search_term_string"}}],"inLanguage":"fr-FR"}]}},"_links":{"self":[{"href":"https:\/\/www.iutcolmar.uha.fr\/index.php\/wp-json\/wp\/v2\/pages\/973","targetHints":{"allow":["GET"]}}],"collection":[{"href":"https:\/\/www.iutcolmar.uha.fr\/index.php\/wp-json\/wp\/v2\/pages"}],"about":[{"href":"https:\/\/www.iutcolmar.uha.fr\/index.php\/wp-json\/wp\/v2\/types\/page"}],"author":[{"embeddable":true,"href":"https:\/\/www.iutcolmar.uha.fr\/index.php\/wp-json\/wp\/v2\/users\/1"}],"replies":[{"embeddable":true,"href":"https:\/\/www.iutcolmar.uha.fr\/index.php\/wp-json\/wp\/v2\/comments?post=973"}],"version-history":[{"count":180,"href":"https:\/\/www.iutcolmar.uha.fr\/index.php\/wp-json\/wp\/v2\/pages\/973\/revisions"}],"predecessor-version":[{"id":8908,"href":"https:\/\/www.iutcolmar.uha.fr\/index.php\/wp-json\/wp\/v2\/pages\/973\/revisions\/8908"}],"wp:attachment":[{"href":"https:\/\/www.iutcolmar.uha.fr\/index.php\/wp-json\/wp\/v2\/media?parent=973"}],"curies":[{"name":"wp","href":"https:\/\/api.w.org\/{rel}","templated":true}]}}