{"id":99,"date":"2018-04-05T08:47:59","date_gmt":"2018-04-05T06:47:59","guid":{"rendered":"https:\/\/www.iutcolmar.uha.fr\/?page_id=99"},"modified":"2025-12-16T15:30:29","modified_gmt":"2025-12-16T14:30:29","slug":"informatique-reseaux-et-telecommunications","status":"publish","type":"page","link":"https:\/\/www.iutcolmar.uha.fr\/index.php\/formations\/domaines\/informatique-reseaux-et-telecommunications\/","title":{"rendered":"Informatique, r\u00e9seaux et t\u00e9l\u00e9communications"},"content":{"rendered":"<h1>Informatique, R\u00e9seaux et T\u00e9l\u00e9communications<\/h1>\n<p><img loading=\"lazy\" decoding=\"async\" class=\" wp-image-3400 alignleft\" src=\"https:\/\/www.iutcolmar.uha.fr\/wp-content\/uploads\/2018\/12\/reseau-informatique-300x83.jpg\" alt=\"reseau informatique\" width=\"1388\" height=\"384\" srcset=\"https:\/\/www.iutcolmar.uha.fr\/wp-content\/uploads\/2018\/12\/reseau-informatique-300x83.jpg 300w, https:\/\/www.iutcolmar.uha.fr\/wp-content\/uploads\/2018\/12\/reseau-informatique-768x212.jpg 768w, https:\/\/www.iutcolmar.uha.fr\/wp-content\/uploads\/2018\/12\/reseau-informatique-1024x283.jpg 1024w\" sizes=\"auto, (max-width: 1388px) 100vw, 1388px\" \/><\/p>\n<p>&nbsp;<\/p>\n<p>Les technologies de l&rsquo;information et de la communication sont un secteur de pointe qui recrute.<br \/>\nLe B.U.T. R\u00e9seaux et T\u00e9l\u00e9communications est une des sp\u00e9cialit\u00e9s de ce secteur. Il a pour objectif de former des professionnels des r\u00e9seaux informatiques offrant des opportunit\u00e9s de carri\u00e8res vari\u00e9es.<\/p>\n<p>Un parcours sp\u00e9cifique dans les r\u00e9seaux informatiques transfrontaliers est \u00e9galement propos\u00e9 avec la formation trinationale Information Communication System.<\/p>\n<div class=\"su-box su-box-style-default\" id=\"\" style=\"border-color:#000000;border-radius:3px;max-width:none\"><div class=\"su-box-title\" style=\"background-color:#333333;color:#FFFFFF;border-top-left-radius:1px;border-top-right-radius:1px\">Informatique, r\u00e9seaux et t\u00e9l\u00e9communications<\/div><div class=\"su-box-content su-u-clearfix su-u-trim\" style=\"border-bottom-left-radius:1px;border-bottom-right-radius:1px\">\n<ul>\n<li><a href=\"https:\/\/www.iutcolmar.uha.fr\/index.php\/formations\/diplomes\/bachelor-universitaire-de-technologie-b-u-t-bac-3\/b-u-t-reseaux-et-telecommunications\/\">B.U.T. R\u00e9seaux et T\u00e9l\u00e9communications<\/a><\/li>\n<li><a href=\"https:\/\/www.iutcolmar.uha.fr\/index.php\/formations\/diplomes\/bac-3-licences-professionnelles\/lp-technico-commercial\/\" target=\"_blank\" rel=\"noopener noreferrer\">LP Technico-commercial<\/a><\/li>\n<\/ul>\n<\/div><\/div>\n","protected":false},"excerpt":{"rendered":"<p>Informatique, R\u00e9seaux et T\u00e9l\u00e9communications &nbsp; Les technologies de l&rsquo;information et de la communication sont un secteur de pointe qui recrute. Le B.U.T. R\u00e9seaux et T\u00e9l\u00e9communications est une des sp\u00e9cialit\u00e9s de ce secteur. Il a pour objectif de former des professionnels des r\u00e9seaux informatiques offrant des opportunit\u00e9s de carri\u00e8res vari\u00e9es. Un parcours sp\u00e9cifique dans les r\u00e9seaux [&hellip;]<\/p>\n","protected":false},"author":1,"featured_media":0,"parent":68,"menu_order":0,"comment_status":"closed","ping_status":"closed","template":"","meta":{"footnotes":""},"class_list":["post-99","page","type-page","status-publish","hentry"],"yoast_head":"<!-- This site is optimized with the Yoast SEO plugin v27.4 - https:\/\/yoast.com\/product\/yoast-seo-wordpress\/ -->\n<title>Informatique, r\u00e9seaux et t\u00e9l\u00e9communications - IUT de Colmar<\/title>\n<meta name=\"robots\" content=\"index, follow, max-snippet:-1, max-image-preview:large, max-video-preview:-1\" \/>\n<link rel=\"canonical\" href=\"https:\/\/www.iutcolmar.uha.fr\/index.php\/formations\/domaines\/informatique-reseaux-et-telecommunications\/\" \/>\n<meta property=\"og:locale\" content=\"fr_FR\" \/>\n<meta property=\"og:type\" content=\"article\" \/>\n<meta property=\"og:title\" content=\"Informatique, r\u00e9seaux et t\u00e9l\u00e9communications - IUT de Colmar\" \/>\n<meta property=\"og:description\" content=\"Informatique, R\u00e9seaux et T\u00e9l\u00e9communications &nbsp; Les technologies de l&rsquo;information et de la communication sont un secteur de pointe qui recrute. Le B.U.T. R\u00e9seaux et T\u00e9l\u00e9communications est une des sp\u00e9cialit\u00e9s de ce secteur. Il a pour objectif de former des professionnels des r\u00e9seaux informatiques offrant des opportunit\u00e9s de carri\u00e8res vari\u00e9es. Un parcours sp\u00e9cifique dans les r\u00e9seaux [&hellip;]\" \/>\n<meta property=\"og:url\" content=\"https:\/\/www.iutcolmar.uha.fr\/index.php\/formations\/domaines\/informatique-reseaux-et-telecommunications\/\" \/>\n<meta property=\"og:site_name\" content=\"IUT de Colmar\" \/>\n<meta property=\"article:modified_time\" content=\"2025-12-16T14:30:29+00:00\" \/>\n<meta property=\"og:image\" content=\"https:\/\/www.iutcolmar.uha.fr\/wp-content\/uploads\/2018\/12\/reseau-informatique.jpg\" \/>\n\t<meta property=\"og:image:width\" content=\"5386\" \/>\n\t<meta property=\"og:image:height\" content=\"1488\" \/>\n\t<meta property=\"og:image:type\" content=\"image\/jpeg\" \/>\n<meta name=\"twitter:card\" content=\"summary_large_image\" \/>\n<meta name=\"twitter:label1\" content=\"Dur\u00e9e de lecture estim\u00e9e\" \/>\n\t<meta name=\"twitter:data1\" content=\"1 minute\" \/>\n<script type=\"application\/ld+json\" class=\"yoast-schema-graph\">{\"@context\":\"https:\\\/\\\/schema.org\",\"@graph\":[{\"@type\":\"WebPage\",\"@id\":\"https:\\\/\\\/www.iutcolmar.uha.fr\\\/index.php\\\/formations\\\/domaines\\\/informatique-reseaux-et-telecommunications\\\/\",\"url\":\"https:\\\/\\\/www.iutcolmar.uha.fr\\\/index.php\\\/formations\\\/domaines\\\/informatique-reseaux-et-telecommunications\\\/\",\"name\":\"Informatique, r\u00e9seaux et t\u00e9l\u00e9communications - IUT de Colmar\",\"isPartOf\":{\"@id\":\"https:\\\/\\\/www.iutcolmar.uha.fr\\\/#website\"},\"primaryImageOfPage\":{\"@id\":\"https:\\\/\\\/www.iutcolmar.uha.fr\\\/index.php\\\/formations\\\/domaines\\\/informatique-reseaux-et-telecommunications\\\/#primaryimage\"},\"image\":{\"@id\":\"https:\\\/\\\/www.iutcolmar.uha.fr\\\/index.php\\\/formations\\\/domaines\\\/informatique-reseaux-et-telecommunications\\\/#primaryimage\"},\"thumbnailUrl\":\"https:\\\/\\\/www.iutcolmar.uha.fr\\\/wp-content\\\/uploads\\\/2018\\\/12\\\/reseau-informatique-300x83.jpg\",\"datePublished\":\"2018-04-05T06:47:59+00:00\",\"dateModified\":\"2025-12-16T14:30:29+00:00\",\"breadcrumb\":{\"@id\":\"https:\\\/\\\/www.iutcolmar.uha.fr\\\/index.php\\\/formations\\\/domaines\\\/informatique-reseaux-et-telecommunications\\\/#breadcrumb\"},\"inLanguage\":\"fr-FR\",\"potentialAction\":[{\"@type\":\"ReadAction\",\"target\":[\"https:\\\/\\\/www.iutcolmar.uha.fr\\\/index.php\\\/formations\\\/domaines\\\/informatique-reseaux-et-telecommunications\\\/\"]}]},{\"@type\":\"ImageObject\",\"inLanguage\":\"fr-FR\",\"@id\":\"https:\\\/\\\/www.iutcolmar.uha.fr\\\/index.php\\\/formations\\\/domaines\\\/informatique-reseaux-et-telecommunications\\\/#primaryimage\",\"url\":\"https:\\\/\\\/www.iutcolmar.uha.fr\\\/wp-content\\\/uploads\\\/2018\\\/12\\\/reseau-informatique-300x83.jpg\",\"contentUrl\":\"https:\\\/\\\/www.iutcolmar.uha.fr\\\/wp-content\\\/uploads\\\/2018\\\/12\\\/reseau-informatique-300x83.jpg\"},{\"@type\":\"BreadcrumbList\",\"@id\":\"https:\\\/\\\/www.iutcolmar.uha.fr\\\/index.php\\\/formations\\\/domaines\\\/informatique-reseaux-et-telecommunications\\\/#breadcrumb\",\"itemListElement\":[{\"@type\":\"ListItem\",\"position\":1,\"name\":\"Accueil\",\"item\":\"https:\\\/\\\/www.iutcolmar.uha.fr\\\/\"},{\"@type\":\"ListItem\",\"position\":2,\"name\":\"Formations\",\"item\":\"https:\\\/\\\/www.iutcolmar.uha.fr\\\/index.php\\\/formations\\\/\"},{\"@type\":\"ListItem\",\"position\":3,\"name\":\"Domaines\",\"item\":\"https:\\\/\\\/www.iutcolmar.uha.fr\\\/index.php\\\/formations\\\/domaines\\\/\"},{\"@type\":\"ListItem\",\"position\":4,\"name\":\"Informatique, r\u00e9seaux et t\u00e9l\u00e9communications\"}]},{\"@type\":\"WebSite\",\"@id\":\"https:\\\/\\\/www.iutcolmar.uha.fr\\\/#website\",\"url\":\"https:\\\/\\\/www.iutcolmar.uha.fr\\\/\",\"name\":\"IUT de Colmar\",\"description\":\"Universit\u00e9 de Haute-Alsace\",\"potentialAction\":[{\"@type\":\"SearchAction\",\"target\":{\"@type\":\"EntryPoint\",\"urlTemplate\":\"https:\\\/\\\/www.iutcolmar.uha.fr\\\/?s={search_term_string}\"},\"query-input\":{\"@type\":\"PropertyValueSpecification\",\"valueRequired\":true,\"valueName\":\"search_term_string\"}}],\"inLanguage\":\"fr-FR\"}]}<\/script>\n<!-- \/ Yoast SEO plugin. -->","yoast_head_json":{"title":"Informatique, r\u00e9seaux et t\u00e9l\u00e9communications - IUT de Colmar","robots":{"index":"index","follow":"follow","max-snippet":"max-snippet:-1","max-image-preview":"max-image-preview:large","max-video-preview":"max-video-preview:-1"},"canonical":"https:\/\/www.iutcolmar.uha.fr\/index.php\/formations\/domaines\/informatique-reseaux-et-telecommunications\/","og_locale":"fr_FR","og_type":"article","og_title":"Informatique, r\u00e9seaux et t\u00e9l\u00e9communications - IUT de Colmar","og_description":"Informatique, R\u00e9seaux et T\u00e9l\u00e9communications &nbsp; Les technologies de l&rsquo;information et de la communication sont un secteur de pointe qui recrute. Le B.U.T. R\u00e9seaux et T\u00e9l\u00e9communications est une des sp\u00e9cialit\u00e9s de ce secteur. Il a pour objectif de former des professionnels des r\u00e9seaux informatiques offrant des opportunit\u00e9s de carri\u00e8res vari\u00e9es. Un parcours sp\u00e9cifique dans les r\u00e9seaux [&hellip;]","og_url":"https:\/\/www.iutcolmar.uha.fr\/index.php\/formations\/domaines\/informatique-reseaux-et-telecommunications\/","og_site_name":"IUT de Colmar","article_modified_time":"2025-12-16T14:30:29+00:00","og_image":[{"width":5386,"height":1488,"url":"https:\/\/www.iutcolmar.uha.fr\/wp-content\/uploads\/2018\/12\/reseau-informatique.jpg","type":"image\/jpeg"}],"twitter_card":"summary_large_image","twitter_misc":{"Dur\u00e9e de lecture estim\u00e9e":"1 minute"},"schema":{"@context":"https:\/\/schema.org","@graph":[{"@type":"WebPage","@id":"https:\/\/www.iutcolmar.uha.fr\/index.php\/formations\/domaines\/informatique-reseaux-et-telecommunications\/","url":"https:\/\/www.iutcolmar.uha.fr\/index.php\/formations\/domaines\/informatique-reseaux-et-telecommunications\/","name":"Informatique, r\u00e9seaux et t\u00e9l\u00e9communications - IUT de Colmar","isPartOf":{"@id":"https:\/\/www.iutcolmar.uha.fr\/#website"},"primaryImageOfPage":{"@id":"https:\/\/www.iutcolmar.uha.fr\/index.php\/formations\/domaines\/informatique-reseaux-et-telecommunications\/#primaryimage"},"image":{"@id":"https:\/\/www.iutcolmar.uha.fr\/index.php\/formations\/domaines\/informatique-reseaux-et-telecommunications\/#primaryimage"},"thumbnailUrl":"https:\/\/www.iutcolmar.uha.fr\/wp-content\/uploads\/2018\/12\/reseau-informatique-300x83.jpg","datePublished":"2018-04-05T06:47:59+00:00","dateModified":"2025-12-16T14:30:29+00:00","breadcrumb":{"@id":"https:\/\/www.iutcolmar.uha.fr\/index.php\/formations\/domaines\/informatique-reseaux-et-telecommunications\/#breadcrumb"},"inLanguage":"fr-FR","potentialAction":[{"@type":"ReadAction","target":["https:\/\/www.iutcolmar.uha.fr\/index.php\/formations\/domaines\/informatique-reseaux-et-telecommunications\/"]}]},{"@type":"ImageObject","inLanguage":"fr-FR","@id":"https:\/\/www.iutcolmar.uha.fr\/index.php\/formations\/domaines\/informatique-reseaux-et-telecommunications\/#primaryimage","url":"https:\/\/www.iutcolmar.uha.fr\/wp-content\/uploads\/2018\/12\/reseau-informatique-300x83.jpg","contentUrl":"https:\/\/www.iutcolmar.uha.fr\/wp-content\/uploads\/2018\/12\/reseau-informatique-300x83.jpg"},{"@type":"BreadcrumbList","@id":"https:\/\/www.iutcolmar.uha.fr\/index.php\/formations\/domaines\/informatique-reseaux-et-telecommunications\/#breadcrumb","itemListElement":[{"@type":"ListItem","position":1,"name":"Accueil","item":"https:\/\/www.iutcolmar.uha.fr\/"},{"@type":"ListItem","position":2,"name":"Formations","item":"https:\/\/www.iutcolmar.uha.fr\/index.php\/formations\/"},{"@type":"ListItem","position":3,"name":"Domaines","item":"https:\/\/www.iutcolmar.uha.fr\/index.php\/formations\/domaines\/"},{"@type":"ListItem","position":4,"name":"Informatique, r\u00e9seaux et t\u00e9l\u00e9communications"}]},{"@type":"WebSite","@id":"https:\/\/www.iutcolmar.uha.fr\/#website","url":"https:\/\/www.iutcolmar.uha.fr\/","name":"IUT de Colmar","description":"Universit\u00e9 de Haute-Alsace","potentialAction":[{"@type":"SearchAction","target":{"@type":"EntryPoint","urlTemplate":"https:\/\/www.iutcolmar.uha.fr\/?s={search_term_string}"},"query-input":{"@type":"PropertyValueSpecification","valueRequired":true,"valueName":"search_term_string"}}],"inLanguage":"fr-FR"}]}},"_links":{"self":[{"href":"https:\/\/www.iutcolmar.uha.fr\/index.php\/wp-json\/wp\/v2\/pages\/99","targetHints":{"allow":["GET"]}}],"collection":[{"href":"https:\/\/www.iutcolmar.uha.fr\/index.php\/wp-json\/wp\/v2\/pages"}],"about":[{"href":"https:\/\/www.iutcolmar.uha.fr\/index.php\/wp-json\/wp\/v2\/types\/page"}],"author":[{"embeddable":true,"href":"https:\/\/www.iutcolmar.uha.fr\/index.php\/wp-json\/wp\/v2\/users\/1"}],"replies":[{"embeddable":true,"href":"https:\/\/www.iutcolmar.uha.fr\/index.php\/wp-json\/wp\/v2\/comments?post=99"}],"version-history":[{"count":15,"href":"https:\/\/www.iutcolmar.uha.fr\/index.php\/wp-json\/wp\/v2\/pages\/99\/revisions"}],"predecessor-version":[{"id":7938,"href":"https:\/\/www.iutcolmar.uha.fr\/index.php\/wp-json\/wp\/v2\/pages\/99\/revisions\/7938"}],"up":[{"embeddable":true,"href":"https:\/\/www.iutcolmar.uha.fr\/index.php\/wp-json\/wp\/v2\/pages\/68"}],"wp:attachment":[{"href":"https:\/\/www.iutcolmar.uha.fr\/index.php\/wp-json\/wp\/v2\/media?parent=99"}],"curies":[{"name":"wp","href":"https:\/\/api.w.org\/{rel}","templated":true}]}}